{"id":86195,"date":"2002-07-01T10:00:00","date_gmt":"2002-07-01T08:00:00","guid":{"rendered":"https:\/\/develop.genium.click\/lynxeds\/?post_type=product&#038;p=86195"},"modified":"2024-07-16T16:01:44","modified_gmt":"2024-07-16T14:01:44","slug":"mamiferos-carnivoros-ibericos-zh-hans","status":"publish","type":"product","link":"https:\/\/lynxnaturebooks.com\/zh-hans\/product\/mamiferos-carnivoros-ibericos-zh-hans\/","title":{"rendered":"Mam\u00edferos Carn\u00edvoros Ib\u00e9ricos"},"content":{"rendered":"<p>\u4e86\u89e3\u4f0a\u6bd4\u5229\u4e9a\u98df\u8089\u54fa\u4e73\u52a8\u7269\u7684\u5b8c\u6574\u6307\u5357\u3002 \u5bf9\u4e8e\u4efb\u4f55\u5bf9\u54fa\u4e73\u52a8\u7269\u611f\u5174\u8da3\u7684\u535a\u7269\u5b66\u5bb6\u6765\u8bf4\uff0c\u8bc6\u522b\u54fa\u4e73\u52a8\u7269\u5728\u5730\u5f62\u4e0a\u7559\u4e0b\u7684\u75d5\u8ff9\u90fd\u662f\u81f3\u5173\u91cd\u8981\u7684\u3002 \u5b83\u4eec\u7684\u811a\u5370\u6574\u9f50\u5730\u5370\u5728\u5cb8\u8fb9\u5bc6\u5b9e\u7684\u6de4\u6ce5\u4e0a\uff0c\u4ed4\u7ec6\u89c2\u5bdf\u5b83\u4eec\u7684\u6392\u6cc4\u7269\uff0c\u53ef\u4ee5\u4e3a\u6211\u4eec\u63d0\u4f9b\u5f88\u591a\u4fe1\u606f\uff0c\u968f\u7740\u65f6\u95f4\u7684\u63a8\u79fb\uff0c\u6211\u4eec\u53ef\u4ee5\u5b66\u4f1a\u5904\u7406\u548c\u5438\u6536\u8fd9\u4e9b\u4fe1\u606f\u3002 \u8fd9\u5c31\u662f\u672c\u51fa\u7248\u7269\u7684\u4e3b\u8981\u76ee\u7684\uff1a\u4ee5\u5bd3\u6559\u4e8e\u4e50\u7684\u65b9\u5f0f\uff0c\u5168\u9762\u5524\u9192\u6211\u4eec\u4ecd\u7136\u6f5c\u85cf\u7740\u7684\u72e9\u730e\u548c\u8ffd\u8e2a\u7684\u54c1\u8d28\uff0c\u4ece\u800c\u4f7f\u6211\u4eec\u5bf9\u8eab\u8fb9\u8ff7\u4eba\u7684\u91ce\u751f\u52a8\u7269\u7684\u6001\u5ea6\u6709\u4e00\u4e2a\u5de8\u5927\u7684\u98de\u8dc3\u3002<\/p>\n<ul>\n<li>\u6bcf\u4e2a\u7269\u79cd\u90fd\u6709\u8be6\u7ec6\u7684\u6587\u5b57\u4ecb\u7ecd\uff0c\u5305\u62ec\u8bc6\u522b\u3001\u6816\u606f\u5730\u3001\u4e60\u6027\u3001\u6444\u98df\u3001\u7e41\u6b96\u548c\u4fdd\u62a4\u72b6\u51b5\u7b49\u4fe1\u606f\u3002<\/li>\n<li>\u4f0a\u6bd4\u5229\u4e9a\u534a\u5c9b\u5206\u5e03\u56fe\u3002 \u6240\u6709\u7269\u79cd\u7684\u7cbe\u7f8e\u5f69\u8272\u7167\u7247\u3002<\/li>\n<li>\u4e3b\u8981\u5b58\u5728\u8ff9\u8c61\u7684\u5b9e\u9645\u5c3a\u5bf8\u7167\u7247\u548c\u56fe\u7eb8\uff0c\u4ee5\u53ca\u5982\u4f55\u53d1\u73b0\u548c\u8bc6\u522b\u8fd9\u4e9b\u8ff9\u8c61\u7684\u8be6\u7ec6\u8bf4\u660e\u3002<\/li>\n<\/ul>\n","protected":false},"excerpt":{"rendered":"<p>\u4e86\u89e3\u4f0a\u6bd4\u5229\u4e9a\u98df\u8089\u54fa\u4e73\u52a8\u7269\u7684\u5b8c\u6574\u6307\u5357\u3002<\/p>\n","protected":false},"featured_media":86196,"comment_status":"open","ping_status":"closed","template":"","meta":[],"collection":[],"product_brand":[],"product_cat":[434,437,532],"product_tag":[],"class_list":{"0":"post-86195","1":"product","2":"type-product","3":"status-publish","4":"has-post-thumbnail","6":"product_cat-mammals-zh-hans","7":"product_cat-wildlife-monographs-zh-hans","8":"product_cat-532","10":"first","11":"discontinued","12":"shipping-taxable","13":"product-type-simple"},"_links":{"self":[{"href":"https:\/\/lynxnaturebooks.com\/zh-hans\/wp-json\/wp\/v2\/product\/86195","targetHints":{"allow":["GET"]}}],"collection":[{"href":"https:\/\/lynxnaturebooks.com\/zh-hans\/wp-json\/wp\/v2\/product"}],"about":[{"href":"https:\/\/lynxnaturebooks.com\/zh-hans\/wp-json\/wp\/v2\/types\/product"}],"replies":[{"embeddable":true,"href":"https:\/\/lynxnaturebooks.com\/zh-hans\/wp-json\/wp\/v2\/comments?post=86195"}],"wp:featuredmedia":[{"embeddable":true,"href":"https:\/\/lynxnaturebooks.com\/zh-hans\/wp-json\/wp\/v2\/media\/86196"}],"wp:attachment":[{"href":"https:\/\/lynxnaturebooks.com\/zh-hans\/wp-json\/wp\/v2\/media?parent=86195"}],"wp:term":[{"taxonomy":"collection","embeddable":true,"href":"https:\/\/lynxnaturebooks.com\/zh-hans\/wp-json\/wp\/v2\/collection?post=86195"},{"taxonomy":"product_brand","embeddable":true,"href":"https:\/\/lynxnaturebooks.com\/zh-hans\/wp-json\/wp\/v2\/product_brand?post=86195"},{"taxonomy":"product_cat","embeddable":true,"href":"https:\/\/lynxnaturebooks.com\/zh-hans\/wp-json\/wp\/v2\/product_cat?post=86195"},{"taxonomy":"product_tag","embeddable":true,"href":"https:\/\/lynxnaturebooks.com\/zh-hans\/wp-json\/wp\/v2\/product_tag?post=86195"}],"curies":[{"name":"wp","href":"https:\/\/api.w.org\/{rel}","templated":true}]}}