{"id":85280,"date":"2017-11-01T10:00:00","date_gmt":"2017-11-01T10:00:00","guid":{"rendered":"https:\/\/develop.genium.click\/lynxeds\/product\/%e4%b8%96%e7%95%8c%e5%93%ba%e4%b9%b3%e5%8a%a8%e7%89%a9%e6%89%8b%e5%86%8c%e3%80%8b-%e7%ac%ac-7-%e5%8d%b7\/"},"modified":"2026-03-05T14:34:43","modified_gmt":"2026-03-05T13:34:43","slug":"handbook-of-the-mammals-of-the-world-volume-7-zh-hans","status":"publish","type":"product","link":"https:\/\/lynxnaturebooks.com\/zh-hans\/product\/handbook-of-the-mammals-of-the-world-volume-7-zh-hans\/","title":{"rendered":"<span class=\"title\">Handbook of the Mammals of the World<\/span><span class=\"subtitle\">Volume 7: Rodents II<\/span>"},"content":{"rendered":"<div class=\"wp-block-columns attributes-columns\"><div class=\"wp-block-column\"><svg width=\"28px\" height=\"35px\" viewBox=\"0 0 28 35\" version=\"1.1\" xmlns=\"http:\/\/www.w3.org\/2000\/svg\" xmlns:xlink=\"http:\/\/www.w3.org\/1999\/xlink\">\n                            <g id=\"Page-1\" stroke=\"none\" stroke-width=\"1\" fill=\"none\" fill-rule=\"evenodd\" opacity=\"0.147770473\">\n                                <g id=\"24\" transform=\"translate(-287.000000, -1522.000000)\" fill=\"#000000\" fill-rule=\"nonzero\" stroke=\"#000000\" stroke-width=\"0.799586777\">\n                                    <g id=\"Group-3\" transform=\"translate(233.000000, 1504.000000)\">\n                                        <g id=\"Shape-3\" transform=\"translate(55.000000, 19.000000)\">\n                                            <path d=\"M13,0 C9.82319737,0 7.22466566,2.63962325 7.22466566,5.86666055 C7.22466566,8.71794192 9.25407358,11.1008511 11.9171246,11.6187379 L11.9171246,13.9333188 L6.8637075,13.9333188 C6.8261332,13.9313284 6.78848231,13.9313284 6.75090801,13.9333188 C6.331882,13.9764915 5.97550223,14.2625282 5.83723204,14.6666514 L0.0618978813,31.5333078 C-0.0555594524,31.8709186 -0.00391373208,32.2454751 0.200335189,32.5373134 C0.40458411,32.8291517 0.7358774,33.0017525 1.08837297,32.9999866 L13,32.9999866 L24.9116267,32.9999866 C25.2641223,33.0017526 25.5954157,32.8291519 25.7996647,32.5373136 C26.0039137,32.2454752 26.0555595,31.8709186 25.9381021,31.5333078 L20.162768,14.6666514 C20.0091004,14.2252213 19.5972147,13.9309628 19.1362925,13.9333188 L14.082875,13.9333188 L14.082875,11.6187379 C16.7459261,11.1008511 18.775334,8.71794192 18.775334,5.86666055 C18.775334,2.63962325 16.1768026,0 13,0 L13,0 Z M12.9999998,2.19999771 C15.0063443,2.19999771 16.6095839,3.82859001 16.6095839,5.86666055 C16.6095839,7.52644516 15.5508938,8.91385538 14.071595,9.3729069 C13.99526,8.77759028 13.4631728,8.35436769 12.8759203,8.42186622 C12.3828087,8.48076346 11.9922861,8.87273886 11.9284046,9.3729069 C10.4491059,8.91385538 9.39041606,7.52644516 9.39041606,5.86666055 C9.39041606,3.82859001 10.9936557,2.19999771 12.9999998,2.19999771 L12.9999998,2.19999771 Z M7.6307439,16.1333239 L12.9999998,16.1333239 L18.3692561,16.1333239 L23.3888335,30.7999752 L12.9999998,30.7999752 L2.61116648,30.7999752 L7.6307439,16.1333239 L7.6307439,16.1333239 Z\" id=\"Shape\"><\/path>\n                                        <\/g>\n                                    <\/g>\n                                <\/g>\n                            <\/g>\n                        <\/svg><p class=\"has-small-font-size\">\u91cd\u91cf<\/p><p class=\"attribute\">4.72 kg<\/p><\/div><div class=\"wp-block-column\"><svg width=\"34px\" height=\"35px\" viewBox=\"0 0 34 35\" version=\"1.1\" xmlns=\"http:\/\/www.w3.org\/2000\/svg\" xmlns:xlink=\"http:\/\/www.w3.org\/1999\/xlink\">\n                            <g id=\"Page-1\" stroke=\"none\" stroke-width=\"1\" fill=\"none\" fill-rule=\"evenodd\" opacity=\"0.147770473\">\n                                <g id=\"24\" transform=\"translate(-471.000000, -1523.000000)\" fill=\"#000000\" fill-rule=\"nonzero\">\n                                    <g id=\"Group-3\" transform=\"translate(233.000000, 1504.000000)\">\n                                        <g id=\"Group-10\" transform=\"translate(238.000000, 19.000000)\">\n                                            <polygon id=\"Path\" points=\"0 9.72222222 2 9.72222222 2 33.0555556 0 33.0555556 0 35 6 35 6 33.0555556 4 33.0555556 4 9.72222222 6 9.72222222 6 7.77777778 0 7.77777778\"><\/polygon>\n                                            <polygon id=\"Path\" points=\"32 1.94444444 10 1.94444444 10 0 8 0 8 5.83333333 10 5.83333333 10 3.88888889 32 3.88888889 32 5.83333333 34 5.83333333 34 0 32 0\"><\/polygon>\n                                            <path d=\"M8,7.77777778 L8,30.1388889 L13,35 L33,35 L33,12.6388889 L28,7.77777778 L8,7.77777778 Z M11,10.6944444 L26,10.6944444 L26,28.1944444 L11,28.1944444 L11,10.6944444 Z M30,32.0833333 L14.24,32.0833333 L12.24,30.1388889 L28,30.1388889 L28,11.9 L30,13.8444444 L30,32.0833333 Z\" id=\"Shape\"><\/path>\n                                            <rect id=\"Rectangle\" x=\"13\" y=\"15.5555556\" width=\"11\" height=\"1.94444444\"><\/rect>\n                                            <rect id=\"Rectangle\" x=\"15\" y=\"19.4444444\" width=\"7\" height=\"1.94444444\"><\/rect>\n                                        <\/g>\n                                    <\/g>\n                                <\/g>\n                            <\/g>\n                        <\/svg><p class=\"has-small-font-size\">\u5c3a\u5bf8<\/p><p class=\"attribute\">24 &times; 31 \u5398\u7c73<\/p><\/div><div class=\"wp-block-column\"><svg width=\"26px\" height=\"30px\" viewBox=\"0 0 26 30\" version=\"1.1\" xmlns=\"http:\/\/www.w3.org\/2000\/svg\" xmlns:xlink=\"http:\/\/www.w3.org\/1999\/xlink\">\n                            <g id=\"Page-1\" stroke=\"none\" stroke-width=\"1\" fill=\"none\" fill-rule=\"evenodd\" opacity=\"0.147770473\">\n                                <g id=\"24\" transform=\"translate(-661.000000, -1528.000000)\" fill=\"#000000\" fill-rule=\"nonzero\">\n                                    <g id=\"Group-3\" transform=\"translate(233.000000, 1504.000000)\">\n                                        <g id=\"Group-12\" transform=\"translate(428.000000, 24.000000)\">\n                                            <path d=\"M0,0 L0,25.8333333 L4.19354839,30 L26,30 L26,4.16666667 L21.8064516,0 M2.01290323,2.5 L20.1290323,2.5 L20.1290323,24.1666667 L2.01290323,24.1666667 L2.01290323,2.5 Z M23.483871,27.5 L5.23354839,27.5 L3.55612903,25.8333333 L21.8064516,25.8333333 L21.8064516,3.53333333 L23.483871,5.2 L23.483871,27.5 Z\" id=\"Shape\"><\/path>\n                                            <rect id=\"Rectangle\" x=\"7.5483871\" y=\"8.33333333\" width=\"10.9032258\" height=\"1.66666667\"><\/rect>\n                                            <rect id=\"Rectangle\" x=\"7.5483871\" y=\"11.6666667\" width=\"10.9032258\" height=\"1.66666667\"><\/rect>\n                                            <rect id=\"Rectangle\" x=\"7.5483871\" y=\"15\" width=\"10.9032258\" height=\"1.66666667\"><\/rect>\n                                            <rect id=\"Rectangle\" x=\"7.5483871\" y=\"18.3333333\" width=\"5.87096774\" height=\"1.66666667\"><\/rect>\n                                        <\/g>\n                                    <\/g>\n                                <\/g>\n                            <\/g>\n                        <\/svg><p class=\"has-small-font-size\">\u8bed\u8a00<\/p><p class=\"attribute\">English<\/p><\/div><div class=\"wp-block-column\"><svg width=\"26px\" height=\"30px\" viewBox=\"0 0 26 30\" version=\"1.1\" xmlns=\"http:\/\/www.w3.org\/2000\/svg\" xmlns:xlink=\"http:\/\/www.w3.org\/1999\/xlink\">\n                            <g id=\"Page-1\" stroke=\"none\" stroke-width=\"1\" fill=\"none\" fill-rule=\"evenodd\" opacity=\"0.147770473\">\n                                <g id=\"24\" transform=\"translate(-849.000000, -1528.000000)\" fill=\"#000000\" fill-rule=\"nonzero\">\n                                    <g id=\"Group-3\" transform=\"translate(233.000000, 1504.000000)\">\n                                        <g id=\"Group-11\" transform=\"translate(616.000000, 24.000000)\">\n                                            <path d=\"M0,0 L0,25.8333333 L4.19354839,30 L26,30 L26,4.16666667 L21.8064516,0 L0,0 Z M2.51612903,2.5 L20.1290323,2.5 L20.1290323,24.1666667 L2.51612903,24.1666667 L2.51612903,2.5 Z M23.483871,27.5 L5.23354839,27.5 L3.55612903,25.8333333 L21.8064516,25.8333333 L21.8064516,3.53333333 L23.483871,5.2 L23.483871,27.5 Z\" id=\"Shape\"><\/path>\n                                            <path d=\"M5.03225806,13.3333333 L17.6129032,13.3333333 L17.6129032,5 L5.03225806,5 L5.03225806,13.3333333 Z M6.70967742,6.66666667 L15.9354839,6.66666667 L15.9354839,11.6666667 L6.70967742,11.6666667 L6.70967742,6.66666667 Z\" id=\"Shape\"><\/path>\n                                        <\/g>\n                                    <\/g>\n                                <\/g>\n                            <\/g>\n                        <\/svg><p class=\"has-small-font-size\">\u683c\u5f0f<\/p><p class=\"attribute\">\u7cbe\u88c5<\/p><\/div><div class=\"wp-block-column\"><svg width=\"26px\" height=\"30px\" viewBox=\"0 0 26 30\" version=\"1.1\" xmlns=\"http:\/\/www.w3.org\/2000\/svg\" xmlns:xlink=\"http:\/\/www.w3.org\/1999\/xlink\">\n                            <g id=\"Page-1\" stroke=\"none\" stroke-width=\"1\" fill=\"none\" fill-rule=\"evenodd\" opacity=\"0.147770473\">\n                                <g id=\"24\" transform=\"translate(-661.000000, -1528.000000)\" fill=\"#000000\" fill-rule=\"nonzero\">\n                                    <g id=\"Group-3\" transform=\"translate(233.000000, 1504.000000)\">\n                                        <g id=\"Group-12\" transform=\"translate(428.000000, 24.000000)\">\n                                            <path d=\"M0,0 L0,25.8333333 L4.19354839,30 L26,30 L26,4.16666667 L21.8064516,0 M2.01290323,2.5 L20.1290323,2.5 L20.1290323,24.1666667 L2.01290323,24.1666667 L2.01290323,2.5 Z M23.483871,27.5 L5.23354839,27.5 L3.55612903,25.8333333 L21.8064516,25.8333333 L21.8064516,3.53333333 L23.483871,5.2 L23.483871,27.5 Z\" id=\"Shape\"><\/path>\n                                            <rect id=\"Rectangle\" x=\"7.5483871\" y=\"8.33333333\" width=\"10.9032258\" height=\"1.66666667\"><\/rect>\n                                            <rect id=\"Rectangle\" x=\"7.5483871\" y=\"11.6666667\" width=\"10.9032258\" height=\"1.66666667\"><\/rect>\n                                            <rect id=\"Rectangle\" x=\"7.5483871\" y=\"15\" width=\"10.9032258\" height=\"1.66666667\"><\/rect>\n                                            <rect id=\"Rectangle\" x=\"7.5483871\" y=\"18.3333333\" width=\"5.87096774\" height=\"1.66666667\"><\/rect>\n                                        <\/g>\n                                    <\/g>\n                                <\/g>\n                            <\/g>\n                        <\/svg><p class=\"has-small-font-size\">\u9875\u9762<\/p><p class=\"attribute\">1008<\/p><\/div><div class=\"wp-block-column\"><svg width=\"26px\" height=\"30px\" viewBox=\"0 0 26 30\" version=\"1.1\" xmlns=\"http:\/\/www.w3.org\/2000\/svg\" xmlns:xlink=\"http:\/\/www.w3.org\/1999\/xlink\">\n                            <g id=\"Page-1\" stroke=\"none\" stroke-width=\"1\" fill=\"none\" fill-rule=\"evenodd\" opacity=\"0.147770473\">\n                                <g id=\"24\" transform=\"translate(-849.000000, -1528.000000)\" fill=\"#000000\" fill-rule=\"nonzero\">\n                                    <g id=\"Group-3\" transform=\"translate(233.000000, 1504.000000)\">\n                                        <g id=\"Group-11\" transform=\"translate(616.000000, 24.000000)\">\n                                            <path d=\"M0,0 L0,25.8333333 L4.19354839,30 L26,30 L26,4.16666667 L21.8064516,0 L0,0 Z M2.51612903,2.5 L20.1290323,2.5 L20.1290323,24.1666667 L2.51612903,24.1666667 L2.51612903,2.5 Z M23.483871,27.5 L5.23354839,27.5 L3.55612903,25.8333333 L21.8064516,25.8333333 L21.8064516,3.53333333 L23.483871,5.2 L23.483871,27.5 Z\" id=\"Shape\"><\/path>\n                                            <path d=\"M5.03225806,13.3333333 L17.6129032,13.3333333 L17.6129032,5 L5.03225806,5 L5.03225806,13.3333333 Z M6.70967742,6.66666667 L15.9354839,6.66666667 L15.9354839,11.6666667 L6.70967742,11.6666667 L6.70967742,6.66666667 Z\" id=\"Shape\"><\/path>\n                                        <\/g>\n                                    <\/g>\n                                <\/g>\n                            <\/g>\n                        <\/svg><p class=\"has-small-font-size\">\u51fa\u7248\u65e5\u671f<\/p><p class=\"attribute\">November 2017<\/p><\/div><div class=\"wp-block-column\"><svg width=\"26px\" height=\"30px\" viewBox=\"0 0 26 30\" version=\"1.1\" xmlns=\"http:\/\/www.w3.org\/2000\/svg\" xmlns:xlink=\"http:\/\/www.w3.org\/1999\/xlink\">\n                            <g id=\"Page-1\" stroke=\"none\" stroke-width=\"1\" fill=\"none\" fill-rule=\"evenodd\" opacity=\"0.147770473\">\n                                <g id=\"24\" transform=\"translate(-1222.000000, -1528.000000)\" fill=\"#000000\" fill-rule=\"nonzero\">\n                                    <g id=\"Group-3\" transform=\"translate(233.000000, 1504.000000)\">\n                                        <g id=\"Shape-2\" transform=\"translate(989.000000, 24.000000)\">\n                                            <path d=\"M0,0 L0,25.8333333 L4.19354839,30 L26,30 L26,4.16666667 L21.8064516,0 L0,0 Z M6.70967742,2.5 L10.0645161,2.5 L10.0645161,10.1 L8.38709677,9 L6.70967742,10.1 L6.70967742,2.5 Z M2.51612903,2.5 L5.03225806,2.5 L5.03225806,13.2333333 L8.38709677,11 L11.7419355,13.2333333 L11.7419355,2.5 L20.1290323,2.5 L20.1290323,24.1666667 L2.51612903,24.1666667 L2.51612903,2.5 Z M23.483871,27.5 L5.23354839,27.5 L3.55612903,25.8333333 L21.8064516,25.8333333 L21.8064516,3.53333333 L23.483871,5.2 L23.483871,27.5 Z\" id=\"Shape\"><\/path>\n                                        <\/g>\n                                    <\/g>\n                                <\/g>\n                            <\/g>\n                        <\/svg><p class=\"has-small-font-size\">\u51fa\u7248\u5546<\/p><p class=\"attribute\">Lynx Edicions<\/p><\/div><\/div><div id=\"professionals\" class=\"max-width padding-sides\"><h2>Editors<\/h2><div class=\"professionals-wrapper\"><p class=\"professional\"><a href=\"https:\/\/lynxnaturebooks.com\/zh-hans\/professional\/don-e-wilson\/\">Don E. Wilson<\/a><\/p><p class=\"professional\"><a href=\"https:\/\/lynxnaturebooks.com\/zh-hans\/professional\/russell-a-mittermeier\/\">Russell A. Mittermeier<\/a><\/p><p class=\"professional\"><a href=\"https:\/\/lynxnaturebooks.com\/zh-hans\/professional\/thomas-e-lacher\/\">Thomas E. Lacher<\/a><\/p><p class=\"professional\"><a href=\"https:\/\/lynxnaturebooks.com\/zh-hans\/professional\/jr\/\">Jr<\/a><\/p><\/div><h2>Illustrator<\/h2><div class=\"professionals-wrapper\"><p class=\"professional\"><a href=\"https:\/\/lynxnaturebooks.com\/zh-hans\/professional\/toni-llobet\/\">Toni Llobet<\/a><\/p><\/div><\/div>        <!-- <h2 id=\"autors\" class=\"has-text-align-center\"><\/h2>\n        <div class=\"product-autors max-width-narrow\">\n                    <\/div> -->\n    \n\n<div class=\"wp-block-group max-width-narrow max-height\"><div class=\"wp-block-group__inner-container is-layout-constrained wp-block-group-is-layout-constrained\">\n<h2 class=\"wp-block-heading has-text-align-center\">\u8bf4\u660e<\/h2>\n\n\n\n<p>\u556e\u9f7f\u7c7b\u52a8\u7269\u4e2d\uff0c\u6709\u7684\u5df2\u7ecf\u5360\u636e\u4e86\u5730\u7403\u4e0a\u51e0\u4e4e\u6240\u6709\u7684\u6816\u606f\u5730\uff0c\u6709\u7684\u5219\u9002\u5e94\u4e86\u4eba\u7c7b\u7684\u751f\u6d3b\uff0c\u5e76\u968f\u7740\u4eba\u7c7b\u7684\u8db3\u8ff9\u904d\u5e03\u5168\u7403\u3002 \u7b2c 7 \u5377\u5b8c\u6210\u4e86\u556e\u9f7f\u76ee&#8211;\u65e0\u8bba\u4ece\u7269\u79cd\u6570\u91cf\u8fd8\u662f\u5730\u7406\u5206\u5e03\u6765\u770b\uff0c\u556e\u9f7f\u76ee\u90fd\u53ef\u4ee5\u8bf4\u662f\u6700\u91cd\u8981\u7684\u54fa\u4e73\u52a8\u7269\u76ee\uff0c\u6db5\u76d6\u4e86\u556e\u9f7f\u4e9a\u76ee\u6240\u5305\u542b\u7684\u79d1\uff0c\u5176\u4e2d\u5305\u62ec\u4e24\u4e2a\u6700\u5927\u7684\u79d1\uff0c\u5373\u84d6\u9ebb\u79d1\u548c\u9f2c\u79d1\u3002<\/p>\n\n\n\n<p><strong>\u7b2c 7 \u5377\u6d89\u53ca\u7684\u5bb6\u5ead\uff1a<\/strong><\/p>\n\n\n\n<p>\u556e\u9f7f\u76ee\uff08\u7eed\uff09<\/p>\n\n\n\n<ul class=\"wp-block-list\">\n<li>\u9f20\u4e9a\u76ee\uff08\u7c7b\u9f20\u556e\u9f7f\u52a8\u7269\uff09\uff1a9 \u79d1\uff0c345 \u5c5e\uff0c1 744 \u79cd<\/li>\n<\/ul>\n\n\n\n<p><strong>\u5185\u5bb9\u548c\u4f5c\u8005<\/strong><\/p>\n\n\n\n<figure class=\"wp-block-table\"><table><tbody><tr><td>\u6866\u6811\u9f20\u79d1<\/td><td>\u739b\u4e3d-\u57c3\u4f26-\u970d\u5c14\u767b\u3001\u5854\u9a6c\u65af-\u585e\u514b\u5179\u548c\u683c\u857e\u4e1d-\u7a46\u745f<\/td><\/tr><tr><td>\u8df3\u9f20\u79d1<\/td><td>\u7ea6\u7ff0-\u60e0\u7279\u514b<\/td><\/tr><tr><td>\u5544\u6728\u9e1f\u79d1<\/td><td>\u7ea6\u7ff0-\u7c73\u8096\u548c\u683c\u91cc\u9ad8\u5229-\u7533\u5e03\u7f57\u7279<\/td><\/tr><tr><td>\u6811\u9f20\u79d1<\/td><td>\u6258\u9a6c\u65af-\u8d3e\u62c9<\/td><\/tr><tr><td>\u9f39\u9f20\u79d1<\/td><td>\u745e\u5b89-\u8bfa\u91cc\u65af<\/td><\/tr><tr><td>\u5237\u5c3e\u9f20\u79d1<\/td><td>C.\u5a01\u5ec9-\u57fa\u5c14\u5e15\u7279\u91cc\u514b<\/td><\/tr><tr><td>\u9f20\u79d1\uff08\u888b\u9f20\u3001\u6500\u722c\u9f20\u548c\u80a5\u9f20\uff09<\/td><td>\u53f2\u8482\u592b-\u53e4\u5fb7\u66fc\u548c\u963f\u62c9-\u83ab\u7eb3\u8fea\u59c6<\/td><\/tr><tr><td>\u9f20\u79d1\uff08\u771f\u4ed3\u9f20\u3001\u7530\u9f20\u3001\u65c5\u9f20\u53ca\u65b0\u4e16\u754c\u9f20\u7c7b\u548c\u5c0f\u9f20\uff09<\/td><td>Ulyses Pardi\u00f1as\u3001Phil Myers\u3001Livia Le\u00f3n-Paniagua\u3001Nict\u00e9 Ord\u00f3\u00f1ez Garza\u3001Joseph Cook\u3001Boris Kry\u0161tufek\u3001Rudolf Haslauer\u3001Robert Bradley\u3001Gregory Shenbrot \u548c Jim Patton<strong>\u7684 Cricetidae \u7269\u79cd\u4ecb\u7ecd\uff1a<\/strong>Ulyses Pardi\u00f1as\u3001Dennisse Ruelas\u3001Jorge Brito\u3001Lisa Bradley\u3001Robert Bradley\u3001Nict\u00e9 Ord\u00f3\u00f1ez Garza\u3001Boris Kry\u0161tufek\u3001Joseph Cook\u3001Erika Cu\u00e9llar Soto\u3001Jorge Salazar-Bravo\u3001Gregory Shenbrot\u3001Elisandra Chiquito\u3001Alexandre Percequillo\u3001Joyce Prado\u3001Rudolf Haslauer\u3001Jim Patton \u548c Livia Le\u00f3n-Paniagua<\/td><\/tr><tr><td>\u9f20\u79d1\uff08\u771f\u9f20\u548c\u5927\u9f20\u3001\u6c99\u9f20\u53ca\u5176\u8fd1\u4eb2\uff09<\/td><td>\u514b\u91cc\u65af\u8482\u5b89-\u4e39\u5c3c\u65af\u3001\u5f7c\u5f97-\u6cf0\u52d2\u548c\u80af-\u963f\u666e\u6797<strong>Muridae \u7684\u7269\u79cd\u4ecb\u7ecd\uff1a<\/strong>\u514b\u91cc\u65af\u8482\u5b89-\u4e39\u5c3c\u65af\u3001\u5f7c\u5f97-\u6cf0\u52d2\u3001\u5eb7\u7eb3-\u4f2f\u91d1\u3001\u80af-\u963f\u666e\u6797\u3001\u76ae\u57c3\u5c14-\u4ea8\u5229-\u6cd5\u5e03\u5c14\u3001\u9c81\u9053\u592b-\u54c8\u65af\u52b3\u5c14\u3001\u7ea6\u7ff0-\u6c83\u4f0a\u7eb3\u5c14\u65af\u57fa\u3001\u6bd4\u5c14-\u5e03\u91cc\u5fb7\u548c\u8a79\u59c6\u65af-\u5b5f\u5e2d\u65af<\/td><\/tr><\/tbody><\/table><\/figure>\n\n\n\n<ul class=\"wp-block-list\">\n<li>58 \u5e45\u5f69\u56fe<\/li>\n\n\n\n<li>342 \u5e45\u5f69\u8272\u7167\u7247<\/li>\n\n\n\n<li>1 753 \u5e45\u5206\u5e03\u56fe<\/li>\n<\/ul>\n\n\n\n<p class=\"has-text-align-center button-link button-view-all\"><a href=\"#viewall\">\u67e5\u770b\u5168\u90e8<\/a><\/p>\n<\/div><\/div>\n\n<div style=\"height:20px\" aria-hidden=\"true\" class=\"wp-block-spacer\"><\/div>\n\n<div class=\"wp-block-group max-width-narrow max-height\"><div class=\"wp-block-group__inner-container is-layout-constrained wp-block-group-is-layout-constrained\"><div class=\"wp-block-group max-width-narrow\"><\/div>\n\n\n\n<p class=\"has-text-align-center button-link button-view-all\"><a href=\"#viewall\">\u67e5\u770b\u5168\u90e8<\/a><\/p>\n<\/div><\/div>\n","protected":false},"excerpt":{"rendered":"<p align=\"left\">\u7531<strong> Lynx Edicions \u4e0e\u4fdd\u62a4\u56fd\u9645\u548c\u4e16\u754c\u81ea\u7136\u4fdd\u62a4\u8054\u76df\u8054\u5408<\/strong>\u51fa\u7248<\/p>\n<p>\u672c\u5377\u8fd8\u5305\u62ec\u4e00\u4e2a\u7279\u522b\u7ae0\u8282\uff1a <strong><br \/>\n  <em>\u4fdd\u62a4\u4e16\u754c\u556e\u9f7f\u52a8\u7269\u7684\u4f18\u5148\u4e8b\u9879<\/em><br \/>\n<\/strong>\u4f5c\u8005\uff1a<em>\u5c0f\u6258\u9a6c\u65af-\u62c9\u5207\u5c14\u3001\u7406\u67e5\u5fb7-\u6768\u3001\u585e\u7f2a\u5c14-\u7279\u7ef4\u3001\u7f57\u838e\u7433\u5fb7-\u80af\u7eb3\u5229\u548c\u5c3c\u79d1\u83b1\u7279-\u7f57\u5947\u3002<\/em><\/p>\n","protected":false},"featured_media":87449,"comment_status":"open","ping_status":"closed","template":"","meta":[],"collection":[],"product_brand":[],"product_cat":[434,442,428],"product_tag":[],"class_list":{"0":"post-85280","1":"product","2":"type-product","3":"status-publish","4":"has-post-thumbnail","6":"product_cat-mammals-zh-hans","7":"product_cat-442","8":"product_cat-encyclopedias-zh-hans","10":"first","11":"instock","12":"shipping-taxable","13":"purchasable","14":"product-type-simple"},"_links":{"self":[{"href":"https:\/\/lynxnaturebooks.com\/zh-hans\/wp-json\/wp\/v2\/product\/85280","targetHints":{"allow":["GET"]}}],"collection":[{"href":"https:\/\/lynxnaturebooks.com\/zh-hans\/wp-json\/wp\/v2\/product"}],"about":[{"href":"https:\/\/lynxnaturebooks.com\/zh-hans\/wp-json\/wp\/v2\/types\/product"}],"replies":[{"embeddable":true,"href":"https:\/\/lynxnaturebooks.com\/zh-hans\/wp-json\/wp\/v2\/comments?post=85280"}],"wp:featuredmedia":[{"embeddable":true,"href":"https:\/\/lynxnaturebooks.com\/zh-hans\/wp-json\/wp\/v2\/media\/87449"}],"wp:attachment":[{"href":"https:\/\/lynxnaturebooks.com\/zh-hans\/wp-json\/wp\/v2\/media?parent=85280"}],"wp:term":[{"taxonomy":"collection","embeddable":true,"href":"https:\/\/lynxnaturebooks.com\/zh-hans\/wp-json\/wp\/v2\/collection?post=85280"},{"taxonomy":"product_brand","embeddable":true,"href":"https:\/\/lynxnaturebooks.com\/zh-hans\/wp-json\/wp\/v2\/product_brand?post=85280"},{"taxonomy":"product_cat","embeddable":true,"href":"https:\/\/lynxnaturebooks.com\/zh-hans\/wp-json\/wp\/v2\/product_cat?post=85280"},{"taxonomy":"product_tag","embeddable":true,"href":"https:\/\/lynxnaturebooks.com\/zh-hans\/wp-json\/wp\/v2\/product_tag?post=85280"}],"curies":[{"name":"wp","href":"https:\/\/api.w.org\/{rel}","templated":true}]}}