{"id":85205,"date":"2022-02-17T08:33:11","date_gmt":"2022-02-17T08:33:11","guid":{"rendered":"https:\/\/develop.genium.click\/lynxeds\/product\/%e8%a5%bf%e7%ba%b3%e6%88%88%e7%89%b9%ef%bc%8c%e4%b8%80%e4%b8%aa%e7%a9%ba%e9%97%b4%e7%9a%84%e4%bc%a0%e8%ae%b0\/"},"modified":"2026-04-14T02:14:03","modified_gmt":"2026-04-14T00:14:03","slug":"sinagote-fr-zh-hans","status":"publish","type":"product","link":"https:\/\/lynxnaturebooks.com\/zh-hans\/product\/sinagote-fr-zh-hans\/","title":{"rendered":"<span class=\"title\">Sinagote<\/span><span class=\"subtitle\">Biographie d\u2019une spatule<\/span>"},"content":{"rendered":"\n<figure class=\"wp-block-embed is-type-video is-provider-youtube wp-block-embed-youtube wp-embed-aspect-16-9 wp-has-aspect-ratio\"><div class=\"wp-block-embed__wrapper\">\n<iframe loading=\"lazy\" title=\"Sinagote. Het levensverhaal van een lepelaar.\" width=\"500\" height=\"281\" src=\"https:\/\/www.youtube.com\/embed\/LAcBS8OKXNY?feature=oembed\" frameborder=\"0\" allow=\"accelerometer; autoplay; clipboard-write; encrypted-media; gyroscope; picture-in-picture; web-share\" referrerpolicy=\"strict-origin-when-cross-origin\" allowfullscreen><\/iframe>\n<\/div><\/figure>\n\n<div style=\"height:65px\" aria-hidden=\"true\" class=\"wp-block-spacer\"><\/div>\n\n<div class=\"wp-block-group quote-group\"><div class=\"wp-block-group__inner-container is-layout-constrained wp-block-group-is-layout-constrained\">\n<p class=\"has-text-align-center has-medium-font-size\">&#8220;\u6587\u98ce\u7b80\u6d01\u3001\u76f4\u63a5\uff0c\u7528\u8bcd\u7b80\u6d01\uff0c\u5b57\u6570\u4e0d\u591a\uff0c\u6587\u4e2d\u6ca1\u6709\u4efb\u4f55\u53c2\u8003\u6587\u732e\uff1a\u4f5c\u8005\u5e0c\u671b\u9762\u5411\u5e7f\u5927\u8bfb\u8005&#8221;\u3002<\/p>\n\n\n\n<p class=\"has-text-align-center\">Pierre Y\u00e9sou\uff0c<em>Ornithos<\/em>29\uff084\uff09\uff0c2022 \u5e74<\/p>\n\n\n\n<p class=\"has-text-align-center has-medium-font-size\">&#8220;\u63a8\u8350\u7406\u7531\uff1a\u5bf9\u6b27\u4e9a\u7435\u9e6d\u611f\u5174\u8da3\u7684\u4eba\u5fc5\u5907\u4e4b\u4e66&#8221;\u3002<\/p>\n\n\n\n<p class=\"has-text-align-center\">\u4f0a\u6069-\u4fdd\u5c14\u68ee\uff08Ian Paulsen\uff09\uff0c\u300a<a href=\"https:\/\/birdbookerreport.blogspot.com\/2022\/06\/new-titles.html\" target=\"_blank\" rel=\"noopener\">\u9e1f\u4e66\u4eba\u62a5\u544a<\/a>\u300b\uff0c2022 \u5e74 6 \u6708 26 \u65e5<\/p>\n<\/div><\/div>\n\n<div style=\"height:55px\" aria-hidden=\"true\" class=\"wp-block-spacer\"><\/div>\n<div class=\"wp-block-columns attributes-columns\"><div class=\"wp-block-column\"><svg width=\"28px\" height=\"35px\" viewBox=\"0 0 28 35\" version=\"1.1\" xmlns=\"http:\/\/www.w3.org\/2000\/svg\" xmlns:xlink=\"http:\/\/www.w3.org\/1999\/xlink\">\n                            <g id=\"Page-1\" stroke=\"none\" stroke-width=\"1\" fill=\"none\" fill-rule=\"evenodd\" opacity=\"0.147770473\">\n                                <g id=\"24\" transform=\"translate(-287.000000, -1522.000000)\" fill=\"#000000\" fill-rule=\"nonzero\" stroke=\"#000000\" stroke-width=\"0.799586777\">\n                                    <g id=\"Group-3\" transform=\"translate(233.000000, 1504.000000)\">\n                                        <g id=\"Shape-3\" transform=\"translate(55.000000, 19.000000)\">\n                                            <path d=\"M13,0 C9.82319737,0 7.22466566,2.63962325 7.22466566,5.86666055 C7.22466566,8.71794192 9.25407358,11.1008511 11.9171246,11.6187379 L11.9171246,13.9333188 L6.8637075,13.9333188 C6.8261332,13.9313284 6.78848231,13.9313284 6.75090801,13.9333188 C6.331882,13.9764915 5.97550223,14.2625282 5.83723204,14.6666514 L0.0618978813,31.5333078 C-0.0555594524,31.8709186 -0.00391373208,32.2454751 0.200335189,32.5373134 C0.40458411,32.8291517 0.7358774,33.0017525 1.08837297,32.9999866 L13,32.9999866 L24.9116267,32.9999866 C25.2641223,33.0017526 25.5954157,32.8291519 25.7996647,32.5373136 C26.0039137,32.2454752 26.0555595,31.8709186 25.9381021,31.5333078 L20.162768,14.6666514 C20.0091004,14.2252213 19.5972147,13.9309628 19.1362925,13.9333188 L14.082875,13.9333188 L14.082875,11.6187379 C16.7459261,11.1008511 18.775334,8.71794192 18.775334,5.86666055 C18.775334,2.63962325 16.1768026,0 13,0 L13,0 Z M12.9999998,2.19999771 C15.0063443,2.19999771 16.6095839,3.82859001 16.6095839,5.86666055 C16.6095839,7.52644516 15.5508938,8.91385538 14.071595,9.3729069 C13.99526,8.77759028 13.4631728,8.35436769 12.8759203,8.42186622 C12.3828087,8.48076346 11.9922861,8.87273886 11.9284046,9.3729069 C10.4491059,8.91385538 9.39041606,7.52644516 9.39041606,5.86666055 C9.39041606,3.82859001 10.9936557,2.19999771 12.9999998,2.19999771 L12.9999998,2.19999771 Z M7.6307439,16.1333239 L12.9999998,16.1333239 L18.3692561,16.1333239 L23.3888335,30.7999752 L12.9999998,30.7999752 L2.61116648,30.7999752 L7.6307439,16.1333239 L7.6307439,16.1333239 Z\" id=\"Shape\"><\/path>\n                                        <\/g>\n                                    <\/g>\n                                <\/g>\n                            <\/g>\n                        <\/svg><p class=\"has-small-font-size\">\u91cd\u91cf<\/p><p class=\"attribute\">0.900 kg<\/p><\/div><div class=\"wp-block-column\"><svg width=\"34px\" height=\"35px\" viewBox=\"0 0 34 35\" version=\"1.1\" xmlns=\"http:\/\/www.w3.org\/2000\/svg\" xmlns:xlink=\"http:\/\/www.w3.org\/1999\/xlink\">\n                            <g id=\"Page-1\" stroke=\"none\" stroke-width=\"1\" fill=\"none\" fill-rule=\"evenodd\" opacity=\"0.147770473\">\n                                <g id=\"24\" transform=\"translate(-471.000000, -1523.000000)\" fill=\"#000000\" fill-rule=\"nonzero\">\n                                    <g id=\"Group-3\" transform=\"translate(233.000000, 1504.000000)\">\n                                        <g id=\"Group-10\" transform=\"translate(238.000000, 19.000000)\">\n                                            <polygon id=\"Path\" points=\"0 9.72222222 2 9.72222222 2 33.0555556 0 33.0555556 0 35 6 35 6 33.0555556 4 33.0555556 4 9.72222222 6 9.72222222 6 7.77777778 0 7.77777778\"><\/polygon>\n                                            <polygon id=\"Path\" points=\"32 1.94444444 10 1.94444444 10 0 8 0 8 5.83333333 10 5.83333333 10 3.88888889 32 3.88888889 32 5.83333333 34 5.83333333 34 0 32 0\"><\/polygon>\n                                            <path d=\"M8,7.77777778 L8,30.1388889 L13,35 L33,35 L33,12.6388889 L28,7.77777778 L8,7.77777778 Z M11,10.6944444 L26,10.6944444 L26,28.1944444 L11,28.1944444 L11,10.6944444 Z M30,32.0833333 L14.24,32.0833333 L12.24,30.1388889 L28,30.1388889 L28,11.9 L30,13.8444444 L30,32.0833333 Z\" id=\"Shape\"><\/path>\n                                            <rect id=\"Rectangle\" x=\"13\" y=\"15.5555556\" width=\"11\" height=\"1.94444444\"><\/rect>\n                                            <rect id=\"Rectangle\" x=\"15\" y=\"19.4444444\" width=\"7\" height=\"1.94444444\"><\/rect>\n                                        <\/g>\n                                    <\/g>\n                                <\/g>\n                            <\/g>\n                        <\/svg><p class=\"has-small-font-size\">\u5c3a\u5bf8<\/p><p class=\"attribute\">21 &times; 23 \u5398\u7c73<\/p><\/div><div class=\"wp-block-column\"><svg width=\"26px\" height=\"30px\" viewBox=\"0 0 26 30\" version=\"1.1\" xmlns=\"http:\/\/www.w3.org\/2000\/svg\" xmlns:xlink=\"http:\/\/www.w3.org\/1999\/xlink\">\n                            <g id=\"Page-1\" stroke=\"none\" stroke-width=\"1\" fill=\"none\" fill-rule=\"evenodd\" opacity=\"0.147770473\">\n                                <g id=\"24\" transform=\"translate(-661.000000, -1528.000000)\" fill=\"#000000\" fill-rule=\"nonzero\">\n                                    <g id=\"Group-3\" transform=\"translate(233.000000, 1504.000000)\">\n                                        <g id=\"Group-12\" transform=\"translate(428.000000, 24.000000)\">\n                                            <path d=\"M0,0 L0,25.8333333 L4.19354839,30 L26,30 L26,4.16666667 L21.8064516,0 M2.01290323,2.5 L20.1290323,2.5 L20.1290323,24.1666667 L2.01290323,24.1666667 L2.01290323,2.5 Z M23.483871,27.5 L5.23354839,27.5 L3.55612903,25.8333333 L21.8064516,25.8333333 L21.8064516,3.53333333 L23.483871,5.2 L23.483871,27.5 Z\" id=\"Shape\"><\/path>\n                                            <rect id=\"Rectangle\" x=\"7.5483871\" y=\"8.33333333\" width=\"10.9032258\" height=\"1.66666667\"><\/rect>\n                                            <rect id=\"Rectangle\" x=\"7.5483871\" y=\"11.6666667\" width=\"10.9032258\" height=\"1.66666667\"><\/rect>\n                                            <rect id=\"Rectangle\" x=\"7.5483871\" y=\"15\" width=\"10.9032258\" height=\"1.66666667\"><\/rect>\n                                            <rect id=\"Rectangle\" x=\"7.5483871\" y=\"18.3333333\" width=\"5.87096774\" height=\"1.66666667\"><\/rect>\n                                        <\/g>\n                                    <\/g>\n                                <\/g>\n                            <\/g>\n                        <\/svg><p class=\"has-small-font-size\">\u8bed\u8a00<\/p><p class=\"attribute\">\u6cd5\u8bed<\/p><\/div><div class=\"wp-block-column\"><svg width=\"26px\" height=\"30px\" viewBox=\"0 0 26 30\" version=\"1.1\" xmlns=\"http:\/\/www.w3.org\/2000\/svg\" xmlns:xlink=\"http:\/\/www.w3.org\/1999\/xlink\">\n                            <g id=\"Page-1\" stroke=\"none\" stroke-width=\"1\" fill=\"none\" fill-rule=\"evenodd\" opacity=\"0.147770473\">\n                                <g id=\"24\" transform=\"translate(-849.000000, -1528.000000)\" fill=\"#000000\" fill-rule=\"nonzero\">\n                                    <g id=\"Group-3\" transform=\"translate(233.000000, 1504.000000)\">\n                                        <g id=\"Group-11\" transform=\"translate(616.000000, 24.000000)\">\n                                            <path d=\"M0,0 L0,25.8333333 L4.19354839,30 L26,30 L26,4.16666667 L21.8064516,0 L0,0 Z M2.51612903,2.5 L20.1290323,2.5 L20.1290323,24.1666667 L2.51612903,24.1666667 L2.51612903,2.5 Z M23.483871,27.5 L5.23354839,27.5 L3.55612903,25.8333333 L21.8064516,25.8333333 L21.8064516,3.53333333 L23.483871,5.2 L23.483871,27.5 Z\" id=\"Shape\"><\/path>\n                                            <path d=\"M5.03225806,13.3333333 L17.6129032,13.3333333 L17.6129032,5 L5.03225806,5 L5.03225806,13.3333333 Z M6.70967742,6.66666667 L15.9354839,6.66666667 L15.9354839,11.6666667 L6.70967742,11.6666667 L6.70967742,6.66666667 Z\" id=\"Shape\"><\/path>\n                                        <\/g>\n                                    <\/g>\n                                <\/g>\n                            <\/g>\n                        <\/svg><p class=\"has-small-font-size\">\u683c\u5f0f<\/p><p class=\"attribute\">Paperback<\/p><\/div><div class=\"wp-block-column\"><svg width=\"26px\" height=\"30px\" viewBox=\"0 0 26 30\" version=\"1.1\" xmlns=\"http:\/\/www.w3.org\/2000\/svg\" xmlns:xlink=\"http:\/\/www.w3.org\/1999\/xlink\">\n                            <g id=\"Page-1\" stroke=\"none\" stroke-width=\"1\" fill=\"none\" fill-rule=\"evenodd\" opacity=\"0.147770473\">\n                                <g id=\"24\" transform=\"translate(-661.000000, -1528.000000)\" fill=\"#000000\" fill-rule=\"nonzero\">\n                                    <g id=\"Group-3\" transform=\"translate(233.000000, 1504.000000)\">\n                                        <g id=\"Group-12\" transform=\"translate(428.000000, 24.000000)\">\n                                            <path d=\"M0,0 L0,25.8333333 L4.19354839,30 L26,30 L26,4.16666667 L21.8064516,0 M2.01290323,2.5 L20.1290323,2.5 L20.1290323,24.1666667 L2.01290323,24.1666667 L2.01290323,2.5 Z M23.483871,27.5 L5.23354839,27.5 L3.55612903,25.8333333 L21.8064516,25.8333333 L21.8064516,3.53333333 L23.483871,5.2 L23.483871,27.5 Z\" id=\"Shape\"><\/path>\n                                            <rect id=\"Rectangle\" x=\"7.5483871\" y=\"8.33333333\" width=\"10.9032258\" height=\"1.66666667\"><\/rect>\n                                            <rect id=\"Rectangle\" x=\"7.5483871\" y=\"11.6666667\" width=\"10.9032258\" height=\"1.66666667\"><\/rect>\n                                            <rect id=\"Rectangle\" x=\"7.5483871\" y=\"15\" width=\"10.9032258\" height=\"1.66666667\"><\/rect>\n                                            <rect id=\"Rectangle\" x=\"7.5483871\" y=\"18.3333333\" width=\"5.87096774\" height=\"1.66666667\"><\/rect>\n                                        <\/g>\n                                    <\/g>\n                                <\/g>\n                            <\/g>\n                        <\/svg><p class=\"has-small-font-size\">\u9875\u9762<\/p><p class=\"attribute\">224<\/p><\/div><div class=\"wp-block-column\"><svg width=\"26px\" height=\"30px\" viewBox=\"0 0 26 30\" version=\"1.1\" xmlns=\"http:\/\/www.w3.org\/2000\/svg\" xmlns:xlink=\"http:\/\/www.w3.org\/1999\/xlink\">\n                            <g id=\"Page-1\" stroke=\"none\" stroke-width=\"1\" fill=\"none\" fill-rule=\"evenodd\" opacity=\"0.147770473\">\n                                <g id=\"24\" transform=\"translate(-849.000000, -1528.000000)\" fill=\"#000000\" fill-rule=\"nonzero\">\n                                    <g id=\"Group-3\" transform=\"translate(233.000000, 1504.000000)\">\n                                        <g id=\"Group-11\" transform=\"translate(616.000000, 24.000000)\">\n                                            <path d=\"M0,0 L0,25.8333333 L4.19354839,30 L26,30 L26,4.16666667 L21.8064516,0 L0,0 Z M2.51612903,2.5 L20.1290323,2.5 L20.1290323,24.1666667 L2.51612903,24.1666667 L2.51612903,2.5 Z M23.483871,27.5 L5.23354839,27.5 L3.55612903,25.8333333 L21.8064516,25.8333333 L21.8064516,3.53333333 L23.483871,5.2 L23.483871,27.5 Z\" id=\"Shape\"><\/path>\n                                            <path d=\"M5.03225806,13.3333333 L17.6129032,13.3333333 L17.6129032,5 L5.03225806,5 L5.03225806,13.3333333 Z M6.70967742,6.66666667 L15.9354839,6.66666667 L15.9354839,11.6666667 L6.70967742,11.6666667 L6.70967742,6.66666667 Z\" id=\"Shape\"><\/path>\n                                        <\/g>\n                                    <\/g>\n                                <\/g>\n                            <\/g>\n                        <\/svg><p class=\"has-small-font-size\">\u51fa\u7248\u65e5\u671f<\/p><p class=\"attribute\">2 \u6708 2022<\/p><\/div><div class=\"wp-block-column\"><svg width=\"26px\" height=\"30px\" viewBox=\"0 0 26 30\" version=\"1.1\" xmlns=\"http:\/\/www.w3.org\/2000\/svg\" xmlns:xlink=\"http:\/\/www.w3.org\/1999\/xlink\">\n                            <g id=\"Page-1\" stroke=\"none\" stroke-width=\"1\" fill=\"none\" fill-rule=\"evenodd\" opacity=\"0.147770473\">\n                                <g id=\"24\" transform=\"translate(-1222.000000, -1528.000000)\" fill=\"#000000\" fill-rule=\"nonzero\">\n                                    <g id=\"Group-3\" transform=\"translate(233.000000, 1504.000000)\">\n                                        <g id=\"Shape-2\" transform=\"translate(989.000000, 24.000000)\">\n                                            <path d=\"M0,0 L0,25.8333333 L4.19354839,30 L26,30 L26,4.16666667 L21.8064516,0 L0,0 Z M6.70967742,2.5 L10.0645161,2.5 L10.0645161,10.1 L8.38709677,9 L6.70967742,10.1 L6.70967742,2.5 Z M2.51612903,2.5 L5.03225806,2.5 L5.03225806,13.2333333 L8.38709677,11 L11.7419355,13.2333333 L11.7419355,2.5 L20.1290323,2.5 L20.1290323,24.1666667 L2.51612903,24.1666667 L2.51612903,2.5 Z M23.483871,27.5 L5.23354839,27.5 L3.55612903,25.8333333 L21.8064516,25.8333333 L21.8064516,3.53333333 L23.483871,5.2 L23.483871,27.5 Z\" id=\"Shape\"><\/path>\n                                        <\/g>\n                                    <\/g>\n                                <\/g>\n                            <\/g>\n                        <\/svg><p class=\"has-small-font-size\">\u51fa\u7248\u5546<\/p><p class=\"attribute\">Lynx Edicions<\/p><\/div><\/div><div id=\"professionals\" class=\"max-width padding-sides\"><h2>\u4f5c\u8005<\/h2><div class=\"professionals-wrapper\"><p class=\"professional\"><a href=\"https:\/\/lynxnaturebooks.com\/zh-hans\/professional\/theunis-piersma\/\">Theunis Piersma<\/a><\/p><p class=\"professional\"><a href=\"https:\/\/lynxnaturebooks.com\/zh-hans\/professional\/petra-de-goeij\/\">Petra de Goeij<\/a><\/p><p class=\"professional\"><a href=\"https:\/\/lynxnaturebooks.com\/zh-hans\/professional\/willem-bouten\/\">Willem Bouten<\/a><\/p><p class=\"professional\"><a href=\"https:\/\/lynxnaturebooks.com\/zh-hans\/professional\/carl-zuhorn\/\">Carl Zuhorn<\/a><\/p><\/div><\/div>        <!-- <h2 id=\"autors\" class=\"has-text-align-center\"><\/h2>\n        <div class=\"product-autors max-width-narrow\">\n                    <\/div> -->\n    \n\n<div class=\"wp-block-group max-width-narrow max-height\"><div class=\"wp-block-group__inner-container is-layout-constrained wp-block-group-is-layout-constrained\">\n<h2 class=\"wp-block-heading has-text-align-center\">\u8bf4\u660e<\/h2>\n\n\n\n<p>\u8fd9\u672c\u4e66\u8bb2\u8ff0\u4e86\u6211\u4eec\u79f0\u4e4b\u4e3a &#8220;Sinagote &#8220;\u7684\u7435\u9e6d\u7684\u6545\u4e8b\uff0c\u8fd9\u662f\u4e00\u53ea\u51fa\u751f\u5728\u8377\u5170\u5f17\u5229\u5170\u5fb7\u5c9b\u4e0a\u7684\u96cc\u9e1f\u3002 \u5979\u7684\u540d\u5b57\u4e2d\u5305\u542b &#8220;Sina &#8220;\u548c &#8220;gote &#8220;\u4e24\u4e2a\u8bcd\uff0c&#8221;Sina &#8220;\u662f\u5979\u6bcf\u5e74\u79cb\u5929\u8fd4\u56de\u4e0d\u5217\u98a0\u5c3c\u4e9a\u6751\u5e84\u7684\u5e03\u5217\u5854\u5c3c\u8bed\u540d\u79f0\uff0c&#8221;gote &#8220;\u7684\u610f\u601d\u662f &#8220;\u6765\u81ea\u7684\u5973\u5b69&#8221;\u3002<\/p>\n\n\n\n<p>\u8fd9\u4e2a\u6545\u4e8b\u8bb2\u8ff0\u7684\u4e0d\u4ec5\u4ec5\u662f\u897f\u7eb3\u6208\u7279\uff0c\u8fd8\u6709\u66f4\u591a\u7684\u7435\u9e6d\u3002 \u5b83\u7684\u610f\u4e49\u751a\u81f3\u8fdc\u8fdc\u8d85\u8fc7\u7435\u9e6d\u548c\u5b83\u4eec\u4e4b\u95f4\u7684\u8054\u7cfb\u3002 \u5b83\u8fd8\u8bb2\u8ff0\u4e86\u6b27\u6d32\u548c\u975e\u6d32\u56fd\u5bb6\u4e4b\u95f4\u7684\u8054\u7cfb\uff0c\u4ee5\u53ca\u5728\u90a3\u91cc\u751f\u6d3b\u548c\u5de5\u4f5c\u7684\u4eba\u4eec\u4e4b\u95f4\u7684\u8054\u7cfb\uff0c\u4ed6\u4eec\u5bf9\u7435\u9e6d\u5145\u6ee1\u611f\u60c5\uff0c\u5e76\u4e3a\u5b83\u4eec\u7684\u798f\u7949\u800c\u52aa\u529b\u3002 \u4e00\u90e8\u5206\u662f\u7231\u60c5\u6545\u4e8b\uff0c\u4e00\u90e8\u5206\u662f\u6210\u529f\u6545\u4e8b\uff0c\u300a<em>Sinagote, biographie d&#8217;une spatule<\/em>\u300b\u63cf\u8ff0\u4e86\u8d85\u8d8a\u56fd\u754c\u4fdd\u62a4\u5019\u9e1f\u7684\u91cd\u8981\u6027\u3002<\/p>\n\n\n\n<p>\u5728 9000 \u591a\u540d\u516c\u6c11\u79d1\u5b66\u5bb6\u548c\u7435\u9e6d\u5de5\u4f5c\u7ec4\u5fd7\u613f\u8005\u7684\u53c2\u4e0e\u4e0b\uff0c\u8377\u5170\u5bf9\u4e1c\u5927\u897f\u6d0b\u8fc1\u5f99\u8def\u7ebf\u6cbf\u7ebf\u7435\u9e6d\u7684\u7814\u7a76\u88ab\u8ba4\u4e3a\u5177\u6709\u6743\u5a01\u6027\u3002 \u5728\u683c\u7f57\u5b81\u6839\u5927\u5b66\u3001\u8377\u5170\u7687\u5bb6\u6d77\u6d0b\u7814\u7a76\u6240\uff08NIOZ\uff09\u3001\u963f\u59c6\u65af\u7279\u4e39\u5927\u5b66\u548c\u8377\u5170\u56fd\u5bb6\u6797\u4e1a\u5c40\u7684\u5de5\u4f5c\u57fa\u7840\u4e0a\uff0c\u4e0e\u4e1a\u4f59\u6444\u5f71\u5e08\u7c73\u5e0c\u5c14-\u7a46\u52d2\uff08Michiel Muller\uff09\u5408\u4f5c\uff0c\u8bb2\u8ff0\u4e86\u4e00\u4e2a\u5145\u6ee1\u6fc0\u60c5\u7684\u6545\u4e8b\u3002<\/p>\n\n\n\n<p><span data-text-color=\"secondary\"><em>\u5728\u8fd9\u672c\u4e66\u4e2d\uff0c\u6211\u4eec\u8bb2\u8ff0\u4e86\u4e00\u4e2a\u6211\u4eec\u79f0\u4e4b\u4e3a &#8220;\u897f\u7eb3\u6208\u7279 &#8220;\u7684\u7a7a\u95f4\u7684\u5386\u53f2\u3002 \u5979\u51fa\u751f\u5728\u6cd5\u56fd\u5df4\u9ece\u7684\u7ef4\u5170\u5fb7\u5c9b\u3002 \u5728\u5e03\u5217\u5854\u5c3c\u8bed\u4e2d\uff0c\u4ed6\u7684\u540d\u5b57\u610f\u4e3a &#8220;\u585e\u5185\u7684\u5c45\u6c11&#8221;\uff0c\u5373\u5979\u6bcf\u5e74\u79cb\u5929\u90fd\u4f1a\u56de\u5230\u8fd9\u4e2a\u6751\u5e84\u5ea6\u8fc7\u51ac\u5929\u3002<\/em><\/span><\/p>\n\n\n\n<p><span data-text-color=\"secondary\"><em>\u8fd9\u6bb5\u5386\u53f2\u662f\u897f\u7eb3\u6208\u7279\u7684\u5386\u53f2\uff0c\u4e5f\u662f\u603b\u7684\u7a7a\u95f4\u7ed3\u6784\u548c\u5b83\u4eec\u4e4b\u95f4\u7684\u8054\u7cfb\u7684\u5386\u53f2\u3002 \u6b64\u5916\uff0c\u5b83\u8fd8\u63d0\u5230\u4e86\u6b27\u6d32\u548c\u975e\u6d32\u56fd\u5bb6\u4e4b\u95f4\u7684\u8054\u7cfb\uff0c\u4ee5\u53ca\u751f\u6d3b\u548c\u5de5\u4f5c\u5728\u4e00\u8d77\u7684\u4eba\u4e4b\u95f4\u7684\u8054\u7cfb\uff0c\u4ed6\u4eec\u5173\u6ce8\u7a7a\u95f4\uff0c\u5e76\u4e3a\u4fdd\u62a4\u7a7a\u95f4\u800c\u52aa\u529b\u3002 \u4e00\u90e8\u5206\u662f\u7231\u60c5\u53f2\uff0c\u4e00\u90e8\u5206\u662f\u6210\u529f\u53f2\u3001  <\/em>Sinagote, biographie d&#8217;une spatule<em> nous dit combien il est important d&#8217;observer, de penser et d&#8217;agir au-del\u00e0 de nos fronti\u00e8res nationales pour prot\u00e9ger les oiseaux migrateurs.<\/em><\/span><\/p>\n\n\n\n<p><span data-text-color=\"secondary\"><em>\u5f97\u76ca\u4e8e 9000 \u591a\u540d &#8220;\u516c\u6c11\u548c\u79d1\u5b66\u5bb6 &#8220;\u7684\u53c2\u4e0e\uff0c\u4ee5\u53ca <\/em>\u52fa\u5634\u7435\u9e6d\u5de5\u4f5c\u7ec4<em>\u6210\u5458\u7684\u52aa\u529b <\/em><em> &#8211; les recherches n\u00e9erlandaises sur les spatules le long de la voie de migration de l&#8217;Atlantique Est font autorit\u00e9. \u4f5c\u8005\u6ee1\u6000\u6fc0\u60c5\u5730\u8bb2\u8ff0\u4e86\u8fd9\u90e8\u57fa\u4e8e\u683c\u7f57\u5b81\u6839\u5927\u5b66\u3001\u8377\u5170\u7687\u5bb6\u6d77\u6d0b\u7814\u7a76\u6240\uff08NIOZ\uff09\u3001\u963f\u59c6\u65af\u7279\u4e39\u5927\u5b66\u3001\u8377\u5170\u68ee\u6797\u670d\u52a1\u5c40\u4ee5\u53ca\u4e1a\u4f59\u6444\u5f71\u5e08\u7c73\u6b47\u5c14-\u7a46\u52d2\uff08Michiel Muller\uff09\u7684\u7814\u7a76\u6210\u679c\u7684\u5386\u53f2\u3002<\/em><\/span><\/p>\n\n\n\n<p class=\"has-text-align-center button-link button-view-all\"><a href=\"#viewall\">\u67e5\u770b\u5168\u90e8<\/a><\/p>\n<\/div><\/div>\n\n<div style=\"height:20px\" aria-hidden=\"true\" class=\"wp-block-spacer\"><\/div>\n\n<div class=\"wp-block-group max-width-narrow max-height\"><div class=\"wp-block-group__inner-container is-layout-constrained wp-block-group-is-layout-constrained\"><div class=\"wp-block-group max-width-narrow\"><\/div>\n\n\n\n<p class=\"has-text-align-center button-link button-view-all\"><a href=\"#viewall\">\u67e5\u770b\u5168\u90e8<\/a><\/p>\n<\/div><\/div>\n","protected":false},"excerpt":{"rendered":"<p>\u8fd9\u672c\u4e66\u8bb2\u8ff0\u4e86\u6211\u4eec\u79f0\u4e4b\u4e3a &#8220;Sinagote &#8220;\u7684\u7435\u9e6d\u7684\u6545\u4e8b\uff0c\u8fd9\u662f\u4e00\u53ea\u51fa\u751f\u5728\u8377\u5170\u5f17\u5229\u5170\u5fb7\u5c9b\u4e0a\u7684\u96cc\u9e1f\u3002 \u5979\u7684\u540d\u5b57\u4e2d\u5305\u542b &#8220;Sina &#8220;\u548c &#8220;gote &#8220;\u4e24\u4e2a\u8bcd\uff0c&#8221;Sina &#8220;\u662f\u5979\u6bcf\u5e74\u79cb\u5929\u8fd4\u56de\u4e0d\u5217\u98a0\u5c3c\u4e9a\u6751\u5e84\u7684\u5e03\u5217\u5854\u5c3c\u8bed\u540d\u79f0\uff0c&#8221;gote &#8220;\u7684\u610f\u601d\u662f &#8220;\u6765\u81ea\u7684\u5973\u5b69&#8221;\u3002  <em><strong>\u6cd5\u6587\u6587\u672c\u3002<\/strong><\/em> <span data-text-color=\"alert\"><strong>\u4e5f\u6709\u897f\u73ed\u7259\u8bed\u548c\u82f1\u8bed\u7248\u672c\uff1a<\/strong><\/span><\/p>\n","protected":false},"featured_media":84574,"comment_status":"open","ping_status":"closed","template":"","meta":[],"collection":[],"product_brand":[],"product_cat":[608,532,427],"product_tag":[],"class_list":{"0":"post-85205","1":"product","2":"type-product","3":"status-publish","4":"has-post-thumbnail","6":"product_cat-608","7":"product_cat-532","8":"product_cat-birds-zh-hans","10":"first","11":"instock","12":"shipping-taxable","13":"purchasable","14":"product-type-simple"},"_links":{"self":[{"href":"https:\/\/lynxnaturebooks.com\/zh-hans\/wp-json\/wp\/v2\/product\/85205","targetHints":{"allow":["GET"]}}],"collection":[{"href":"https:\/\/lynxnaturebooks.com\/zh-hans\/wp-json\/wp\/v2\/product"}],"about":[{"href":"https:\/\/lynxnaturebooks.com\/zh-hans\/wp-json\/wp\/v2\/types\/product"}],"replies":[{"embeddable":true,"href":"https:\/\/lynxnaturebooks.com\/zh-hans\/wp-json\/wp\/v2\/comments?post=85205"}],"wp:featuredmedia":[{"embeddable":true,"href":"https:\/\/lynxnaturebooks.com\/zh-hans\/wp-json\/wp\/v2\/media\/84574"}],"wp:attachment":[{"href":"https:\/\/lynxnaturebooks.com\/zh-hans\/wp-json\/wp\/v2\/media?parent=85205"}],"wp:term":[{"taxonomy":"collection","embeddable":true,"href":"https:\/\/lynxnaturebooks.com\/zh-hans\/wp-json\/wp\/v2\/collection?post=85205"},{"taxonomy":"product_brand","embeddable":true,"href":"https:\/\/lynxnaturebooks.com\/zh-hans\/wp-json\/wp\/v2\/product_brand?post=85205"},{"taxonomy":"product_cat","embeddable":true,"href":"https:\/\/lynxnaturebooks.com\/zh-hans\/wp-json\/wp\/v2\/product_cat?post=85205"},{"taxonomy":"product_tag","embeddable":true,"href":"https:\/\/lynxnaturebooks.com\/zh-hans\/wp-json\/wp\/v2\/product_tag?post=85205"}],"curies":[{"name":"wp","href":"https:\/\/api.w.org\/{rel}","templated":true}]}}