{"id":100633,"date":"2025-09-12T11:23:00","date_gmt":"2025-09-12T09:23:00","guid":{"rendered":"https:\/\/lynxnaturebooks.com\/?post_type=product&#038;p=100633"},"modified":"2026-04-07T02:04:54","modified_gmt":"2026-04-07T00:04:54","slug":"ocells-de-catalunya-pais-valencia-i-balears-4","status":"publish","type":"product","link":"https:\/\/lynxnaturebooks.com\/zh-hans\/product\/ocells-de-catalunya-pais-valencia-i-balears-4\/","title":{"rendered":"<span class=\"title\">Ocells de Catalunya, Pa\u00eds Valenci\u00e0 i Balears - 4a edici\u00f3<\/span><span class=\"subtitle\">Inclou tamb\u00e9 la Catalunya del Nord, la Franja de Ponent i Andorra<\/span>"},"content":{"rendered":"<div class=\"wp-block-columns attributes-columns\"><div class=\"wp-block-column\"><svg width=\"28px\" height=\"35px\" viewBox=\"0 0 28 35\" version=\"1.1\" xmlns=\"http:\/\/www.w3.org\/2000\/svg\" xmlns:xlink=\"http:\/\/www.w3.org\/1999\/xlink\">\n                            <g id=\"Page-1\" stroke=\"none\" stroke-width=\"1\" fill=\"none\" fill-rule=\"evenodd\" opacity=\"0.147770473\">\n                                <g id=\"24\" transform=\"translate(-287.000000, -1522.000000)\" fill=\"#000000\" fill-rule=\"nonzero\" stroke=\"#000000\" stroke-width=\"0.799586777\">\n                                    <g id=\"Group-3\" transform=\"translate(233.000000, 1504.000000)\">\n                                        <g id=\"Shape-3\" transform=\"translate(55.000000, 19.000000)\">\n                                            <path d=\"M13,0 C9.82319737,0 7.22466566,2.63962325 7.22466566,5.86666055 C7.22466566,8.71794192 9.25407358,11.1008511 11.9171246,11.6187379 L11.9171246,13.9333188 L6.8637075,13.9333188 C6.8261332,13.9313284 6.78848231,13.9313284 6.75090801,13.9333188 C6.331882,13.9764915 5.97550223,14.2625282 5.83723204,14.6666514 L0.0618978813,31.5333078 C-0.0555594524,31.8709186 -0.00391373208,32.2454751 0.200335189,32.5373134 C0.40458411,32.8291517 0.7358774,33.0017525 1.08837297,32.9999866 L13,32.9999866 L24.9116267,32.9999866 C25.2641223,33.0017526 25.5954157,32.8291519 25.7996647,32.5373136 C26.0039137,32.2454752 26.0555595,31.8709186 25.9381021,31.5333078 L20.162768,14.6666514 C20.0091004,14.2252213 19.5972147,13.9309628 19.1362925,13.9333188 L14.082875,13.9333188 L14.082875,11.6187379 C16.7459261,11.1008511 18.775334,8.71794192 18.775334,5.86666055 C18.775334,2.63962325 16.1768026,0 13,0 L13,0 Z M12.9999998,2.19999771 C15.0063443,2.19999771 16.6095839,3.82859001 16.6095839,5.86666055 C16.6095839,7.52644516 15.5508938,8.91385538 14.071595,9.3729069 C13.99526,8.77759028 13.4631728,8.35436769 12.8759203,8.42186622 C12.3828087,8.48076346 11.9922861,8.87273886 11.9284046,9.3729069 C10.4491059,8.91385538 9.39041606,7.52644516 9.39041606,5.86666055 C9.39041606,3.82859001 10.9936557,2.19999771 12.9999998,2.19999771 L12.9999998,2.19999771 Z M7.6307439,16.1333239 L12.9999998,16.1333239 L18.3692561,16.1333239 L23.3888335,30.7999752 L12.9999998,30.7999752 L2.61116648,30.7999752 L7.6307439,16.1333239 L7.6307439,16.1333239 Z\" id=\"Shape\"><\/path>\n                                        <\/g>\n                                    <\/g>\n                                <\/g>\n                            <\/g>\n                        <\/svg><p class=\"has-small-font-size\">\u91cd\u91cf<\/p><p class=\"attribute\">0.7 kg<\/p><\/div><div class=\"wp-block-column\"><svg width=\"34px\" height=\"35px\" viewBox=\"0 0 34 35\" version=\"1.1\" xmlns=\"http:\/\/www.w3.org\/2000\/svg\" xmlns:xlink=\"http:\/\/www.w3.org\/1999\/xlink\">\n                            <g id=\"Page-1\" stroke=\"none\" stroke-width=\"1\" fill=\"none\" fill-rule=\"evenodd\" opacity=\"0.147770473\">\n                                <g id=\"24\" transform=\"translate(-471.000000, -1523.000000)\" fill=\"#000000\" fill-rule=\"nonzero\">\n                                    <g id=\"Group-3\" transform=\"translate(233.000000, 1504.000000)\">\n                                        <g id=\"Group-10\" transform=\"translate(238.000000, 19.000000)\">\n                                            <polygon id=\"Path\" points=\"0 9.72222222 2 9.72222222 2 33.0555556 0 33.0555556 0 35 6 35 6 33.0555556 4 33.0555556 4 9.72222222 6 9.72222222 6 7.77777778 0 7.77777778\"><\/polygon>\n                                            <polygon id=\"Path\" points=\"32 1.94444444 10 1.94444444 10 0 8 0 8 5.83333333 10 5.83333333 10 3.88888889 32 3.88888889 32 5.83333333 34 5.83333333 34 0 32 0\"><\/polygon>\n                                            <path d=\"M8,7.77777778 L8,30.1388889 L13,35 L33,35 L33,12.6388889 L28,7.77777778 L8,7.77777778 Z M11,10.6944444 L26,10.6944444 L26,28.1944444 L11,28.1944444 L11,10.6944444 Z M30,32.0833333 L14.24,32.0833333 L12.24,30.1388889 L28,30.1388889 L28,11.9 L30,13.8444444 L30,32.0833333 Z\" id=\"Shape\"><\/path>\n                                            <rect id=\"Rectangle\" x=\"13\" y=\"15.5555556\" width=\"11\" height=\"1.94444444\"><\/rect>\n                                            <rect id=\"Rectangle\" x=\"15\" y=\"19.4444444\" width=\"7\" height=\"1.94444444\"><\/rect>\n                                        <\/g>\n                                    <\/g>\n                                <\/g>\n                            <\/g>\n                        <\/svg><p class=\"has-small-font-size\">\u5c3a\u5bf8<\/p><p class=\"attribute\">13 &times; 21 \u5398\u7c73<\/p><\/div><div class=\"wp-block-column\"><svg width=\"26px\" height=\"30px\" viewBox=\"0 0 26 30\" version=\"1.1\" xmlns=\"http:\/\/www.w3.org\/2000\/svg\" xmlns:xlink=\"http:\/\/www.w3.org\/1999\/xlink\">\n                            <g id=\"Page-1\" stroke=\"none\" stroke-width=\"1\" fill=\"none\" fill-rule=\"evenodd\" opacity=\"0.147770473\">\n                                <g id=\"24\" transform=\"translate(-661.000000, -1528.000000)\" fill=\"#000000\" fill-rule=\"nonzero\">\n                                    <g id=\"Group-3\" transform=\"translate(233.000000, 1504.000000)\">\n                                        <g id=\"Group-12\" transform=\"translate(428.000000, 24.000000)\">\n                                            <path d=\"M0,0 L0,25.8333333 L4.19354839,30 L26,30 L26,4.16666667 L21.8064516,0 M2.01290323,2.5 L20.1290323,2.5 L20.1290323,24.1666667 L2.01290323,24.1666667 L2.01290323,2.5 Z M23.483871,27.5 L5.23354839,27.5 L3.55612903,25.8333333 L21.8064516,25.8333333 L21.8064516,3.53333333 L23.483871,5.2 L23.483871,27.5 Z\" id=\"Shape\"><\/path>\n                                            <rect id=\"Rectangle\" x=\"7.5483871\" y=\"8.33333333\" width=\"10.9032258\" height=\"1.66666667\"><\/rect>\n                                            <rect id=\"Rectangle\" x=\"7.5483871\" y=\"11.6666667\" width=\"10.9032258\" height=\"1.66666667\"><\/rect>\n                                            <rect id=\"Rectangle\" x=\"7.5483871\" y=\"15\" width=\"10.9032258\" height=\"1.66666667\"><\/rect>\n                                            <rect id=\"Rectangle\" x=\"7.5483871\" y=\"18.3333333\" width=\"5.87096774\" height=\"1.66666667\"><\/rect>\n                                        <\/g>\n                                    <\/g>\n                                <\/g>\n                            <\/g>\n                        <\/svg><p class=\"has-small-font-size\">\u8bed\u8a00<\/p><p class=\"attribute\">\u52a0\u6cf0\u7f57\u5c3c\u4e9a\u8bed<\/p><\/div><div class=\"wp-block-column\"><svg width=\"26px\" height=\"30px\" viewBox=\"0 0 26 30\" version=\"1.1\" xmlns=\"http:\/\/www.w3.org\/2000\/svg\" xmlns:xlink=\"http:\/\/www.w3.org\/1999\/xlink\">\n                            <g id=\"Page-1\" stroke=\"none\" stroke-width=\"1\" fill=\"none\" fill-rule=\"evenodd\" opacity=\"0.147770473\">\n                                <g id=\"24\" transform=\"translate(-849.000000, -1528.000000)\" fill=\"#000000\" fill-rule=\"nonzero\">\n                                    <g id=\"Group-3\" transform=\"translate(233.000000, 1504.000000)\">\n                                        <g id=\"Group-11\" transform=\"translate(616.000000, 24.000000)\">\n                                            <path d=\"M0,0 L0,25.8333333 L4.19354839,30 L26,30 L26,4.16666667 L21.8064516,0 L0,0 Z M2.51612903,2.5 L20.1290323,2.5 L20.1290323,24.1666667 L2.51612903,24.1666667 L2.51612903,2.5 Z M23.483871,27.5 L5.23354839,27.5 L3.55612903,25.8333333 L21.8064516,25.8333333 L21.8064516,3.53333333 L23.483871,5.2 L23.483871,27.5 Z\" id=\"Shape\"><\/path>\n                                            <path d=\"M5.03225806,13.3333333 L17.6129032,13.3333333 L17.6129032,5 L5.03225806,5 L5.03225806,13.3333333 Z M6.70967742,6.66666667 L15.9354839,6.66666667 L15.9354839,11.6666667 L6.70967742,11.6666667 L6.70967742,6.66666667 Z\" id=\"Shape\"><\/path>\n                                        <\/g>\n                                    <\/g>\n                                <\/g>\n                            <\/g>\n                        <\/svg><p class=\"has-small-font-size\">\u683c\u5f0f<\/p><p class=\"attribute\">Paperback<\/p><\/div><div class=\"wp-block-column\"><svg width=\"26px\" height=\"30px\" viewBox=\"0 0 26 30\" version=\"1.1\" xmlns=\"http:\/\/www.w3.org\/2000\/svg\" xmlns:xlink=\"http:\/\/www.w3.org\/1999\/xlink\">\n                            <g id=\"Page-1\" stroke=\"none\" stroke-width=\"1\" fill=\"none\" fill-rule=\"evenodd\" opacity=\"0.147770473\">\n                                <g id=\"24\" transform=\"translate(-661.000000, -1528.000000)\" fill=\"#000000\" fill-rule=\"nonzero\">\n                                    <g id=\"Group-3\" transform=\"translate(233.000000, 1504.000000)\">\n                                        <g id=\"Group-12\" transform=\"translate(428.000000, 24.000000)\">\n                                            <path d=\"M0,0 L0,25.8333333 L4.19354839,30 L26,30 L26,4.16666667 L21.8064516,0 M2.01290323,2.5 L20.1290323,2.5 L20.1290323,24.1666667 L2.01290323,24.1666667 L2.01290323,2.5 Z M23.483871,27.5 L5.23354839,27.5 L3.55612903,25.8333333 L21.8064516,25.8333333 L21.8064516,3.53333333 L23.483871,5.2 L23.483871,27.5 Z\" id=\"Shape\"><\/path>\n                                            <rect id=\"Rectangle\" x=\"7.5483871\" y=\"8.33333333\" width=\"10.9032258\" height=\"1.66666667\"><\/rect>\n                                            <rect id=\"Rectangle\" x=\"7.5483871\" y=\"11.6666667\" width=\"10.9032258\" height=\"1.66666667\"><\/rect>\n                                            <rect id=\"Rectangle\" x=\"7.5483871\" y=\"15\" width=\"10.9032258\" height=\"1.66666667\"><\/rect>\n                                            <rect id=\"Rectangle\" x=\"7.5483871\" y=\"18.3333333\" width=\"5.87096774\" height=\"1.66666667\"><\/rect>\n                                        <\/g>\n                                    <\/g>\n                                <\/g>\n                            <\/g>\n                        <\/svg><p class=\"has-small-font-size\">\u9875\u9762<\/p><p class=\"attribute\">308<\/p><\/div><div class=\"wp-block-column\"><svg width=\"26px\" height=\"30px\" viewBox=\"0 0 26 30\" version=\"1.1\" xmlns=\"http:\/\/www.w3.org\/2000\/svg\" xmlns:xlink=\"http:\/\/www.w3.org\/1999\/xlink\">\n                            <g id=\"Page-1\" stroke=\"none\" stroke-width=\"1\" fill=\"none\" fill-rule=\"evenodd\" opacity=\"0.147770473\">\n                                <g id=\"24\" transform=\"translate(-849.000000, -1528.000000)\" fill=\"#000000\" fill-rule=\"nonzero\">\n                                    <g id=\"Group-3\" transform=\"translate(233.000000, 1504.000000)\">\n                                        <g id=\"Group-11\" transform=\"translate(616.000000, 24.000000)\">\n                                            <path d=\"M0,0 L0,25.8333333 L4.19354839,30 L26,30 L26,4.16666667 L21.8064516,0 L0,0 Z M2.51612903,2.5 L20.1290323,2.5 L20.1290323,24.1666667 L2.51612903,24.1666667 L2.51612903,2.5 Z M23.483871,27.5 L5.23354839,27.5 L3.55612903,25.8333333 L21.8064516,25.8333333 L21.8064516,3.53333333 L23.483871,5.2 L23.483871,27.5 Z\" id=\"Shape\"><\/path>\n                                            <path d=\"M5.03225806,13.3333333 L17.6129032,13.3333333 L17.6129032,5 L5.03225806,5 L5.03225806,13.3333333 Z M6.70967742,6.66666667 L15.9354839,6.66666667 L15.9354839,11.6666667 L6.70967742,11.6666667 L6.70967742,6.66666667 Z\" id=\"Shape\"><\/path>\n                                        <\/g>\n                                    <\/g>\n                                <\/g>\n                            <\/g>\n                        <\/svg><p class=\"has-small-font-size\">\u51fa\u7248\u65e5\u671f<\/p><p class=\"attribute\">2026\u5e742\u6708<\/p><\/div><div class=\"wp-block-column\"><svg width=\"26px\" height=\"30px\" viewBox=\"0 0 26 30\" version=\"1.1\" xmlns=\"http:\/\/www.w3.org\/2000\/svg\" xmlns:xlink=\"http:\/\/www.w3.org\/1999\/xlink\">\n                            <g id=\"Page-1\" stroke=\"none\" stroke-width=\"1\" fill=\"none\" fill-rule=\"evenodd\" opacity=\"0.147770473\">\n                                <g id=\"24\" transform=\"translate(-1222.000000, -1528.000000)\" fill=\"#000000\" fill-rule=\"nonzero\">\n                                    <g id=\"Group-3\" transform=\"translate(233.000000, 1504.000000)\">\n                                        <g id=\"Shape-2\" transform=\"translate(989.000000, 24.000000)\">\n                                            <path d=\"M0,0 L0,25.8333333 L4.19354839,30 L26,30 L26,4.16666667 L21.8064516,0 L0,0 Z M6.70967742,2.5 L10.0645161,2.5 L10.0645161,10.1 L8.38709677,9 L6.70967742,10.1 L6.70967742,2.5 Z M2.51612903,2.5 L5.03225806,2.5 L5.03225806,13.2333333 L8.38709677,11 L11.7419355,13.2333333 L11.7419355,2.5 L20.1290323,2.5 L20.1290323,24.1666667 L2.51612903,24.1666667 L2.51612903,2.5 Z M23.483871,27.5 L5.23354839,27.5 L3.55612903,25.8333333 L21.8064516,25.8333333 L21.8064516,3.53333333 L23.483871,5.2 L23.483871,27.5 Z\" id=\"Shape\"><\/path>\n                                        <\/g>\n                                    <\/g>\n                                <\/g>\n                            <\/g>\n                        <\/svg><p class=\"has-small-font-size\">\u51fa\u7248\u5546<\/p><p class=\"attribute\">Lynx Nature Books<\/p><\/div><\/div><div id=\"professionals\" class=\"max-width padding-sides\"><h2>\u4f5c\u8005<\/h2><div class=\"professionals-wrapper\"><p class=\"professional\"><a href=\"https:\/\/lynxnaturebooks.com\/zh-hans\/professional\/joan-estrada\/\">Joan Estrada<\/a><\/p><\/div><h2>\u63d2\u753b\u5e08<\/h2><div class=\"professionals-wrapper\"><p class=\"professional\"><a href=\"https:\/\/lynxnaturebooks.com\/zh-hans\/professional\/francesc-jutglar\/\">Francesc Jutglar<\/a><\/p><p class=\"professional\"><a href=\"https:\/\/lynxnaturebooks.com\/zh-hans\/professional\/marti-franch\/\">Mart\u00ed Franch<\/a><\/p><p class=\"professional\"><a href=\"https:\/\/lynxnaturebooks.com\/zh-hans\/professional\/toni-llobet\/\">Toni Llobet<\/a><\/p><p class=\"professional\"><a href=\"https:\/\/lynxnaturebooks.com\/zh-hans\/professional\/ilian-velikov\/\">Ilian Velikov<\/a><\/p><\/div><\/div>        <!-- <h2 id=\"autors\" class=\"has-text-align-center\"><\/h2>\n        <div class=\"product-autors max-width-narrow\">\n                    <\/div> -->\n    \n\n\n\n<div class=\"wp-block-group max-width-narrow max-height\"><div class=\"wp-block-group__inner-container is-layout-constrained wp-block-group-is-layout-constrained\">\n<h2 class=\"wp-block-heading has-text-align-center\">\u5185\u5bb9\u8bf4\u660e<\/h2>\n\n\n\n<p>\u672c\u4e66\u4e3a\u52a0\u6cf0\u7f57\u5c3c\u4e9a\u3001\u74e6\u4f26\u897f\u4e9a\u81ea\u6cbb\u533a\u3001\u5df4\u5229\u963f\u91cc\u7fa4\u5c9b\u3001\u9c81\u897f\u6c38\u3001\u5b89\u9053\u5c14\u548c\u62c9\u5f17\u5170\u54c8\u5730\u533a\u9e1f\u7c7b\u7684\u9996\u90e8\u7efc\u5408\u91ce\u5916\u6307\u5357\u7b2c\u56db\u7248\u3002\u56ca\u62ec\u6240\u6709\u5728\u8be5\u533a\u57df\u5185\u5e38\u89c1\u6216\u5076\u89c1\u7684\u9e1f\u7c7b\uff0c\u5e76\u4ee5 1,000 \u4f59\u5e45\u7cbe\u786e\u7ec6\u81f4\u7684\u56fe\u7ed8\u5c55\u793a\u5404\u7269\u79cd\u4e0d\u540c\u6027\u522b\u548c\u5e74\u9f84\u9636\u6bb5\u7684\u7fbd\u8863\u7279\u5f81\uff0c\u540c\u65f6\u6536\u5f55\u8fd1\u5e74\u6765\u5728\u5f53\u5730\u5efa\u7acb\u79cd\u7fa4\u7684\u5916\u6765\u9e1f\u7c7b\u3002\u672c\u4e66\u7684\u6587\u5b57\u4e0e\u5730\u56fe\u5747\u4e3a\u672c\u7248\u7279\u522b\u7f16\u5199\uff0c\u5305\u542b\u5927\u91cf\u6700\u65b0\u8d44\u6599\uff0c\u5305\u62ec\u90e8\u5206\u4ece\u672a\u53d1\u8868\u7684\u6570\u636e\u3002<\/p>\n\n\n\n<p>\u6bcf\u4e2a\u7269\u79cd\u5747\u5448\u73b0\u4e94\u7c7b\u4fe1\u606f\uff1a\u63d2\u56fe\u3001\u6587\u5b57\u8bf4\u660e\u3001\u5206\u5e03\u56fe\u3001\u4e8c\u7ef4\u7801\uff0c\u4ee5\u53ca\u672c\u7248\u65b0\u589e\u7684\u7269\u5019\u56fe\u8868\u3002\u8fd9\u4e94\u7c7b\u5185\u5bb9\u5747\u6392\u5e03\u5728\u540c\u4e00\u8de8\u9875\uff0c\u65b9\u4fbf\u8bfb\u8005\u7efc\u5408\u67e5\u9605\u3002<\/p>\n\n\n\n<p>\u6587\u5b57\u4ecb\u7ecd\u5185\u5bb9\u5305\u62ec\uff1a\u52a0\u6cf0\u7f57\u5c3c\u4e9a\u8bed\u540d\u79f0\u4e0e\u79d1\u5b66\u540d\u79f0\uff08\u82e5\u74e6\u4f26\u897f\u4e9a\u81ea\u6cbb\u533a\u6216\u5df4\u5229\u963f\u91cc\u7fa4\u5c9b\u4f7f\u7528\u7684\u540d\u79f0\u4e0d\u540c\uff0c\u4ea6\u4e88\u4ee5\u6807\u6ce8\uff09\u3001\u4f53\u578b\u5927\u5c0f\u3001\u4e0e\u76f8\u4f3c\u7269\u79cd\u7fbd\u8863\u7684\u533a\u522b\u3001\u9e23\u58f0\u3001\u751f\u6001\u9700\u6c42\u3001\u884c\u4e3a\u7279\u5f81\u3001\u5728\u897f\u90e8\u53e4\u5317\u754c\u53ca\u672c\u4e66\u8986\u76d6\u533a\u57df\u5185\u7684\u5206\u5e03\u60c5\u51b5\uff0c\u4ee5\u53ca\u79cd\u7fa4\u89c4\u6a21\u4e0e\u8d8b\u52bf\u3002<\/p>\n\n\n\n<p>\u4e8c\u7ef4\u7801\u53ef\u76f4\u63a5\u94fe\u63a5\u81f3\u52a0\u6cf0\u7f57\u5c3c\u4e9a\u9e1f\u7c7b\u4fe1\u606f\u670d\u52a1\u5668\uff08SIOC\uff09\uff0c\u8bfb\u8005\u53ef\u5728\u5176\u4e2d\u67e5\u9605\u8be5\u7269\u79cd\u5728\u52a0\u6cf0\u7f57\u5c3c\u4e9a\u7684\u6700\u65b0\u5206\u5e03\u4e0e\u72b6\u6001\u4fe1\u606f\uff0c\u5e76\u6d4f\u89c8\u7167\u7247\u4e0e\u58f0\u97f3\u8bb0\u5f55\uff0c\u4ee5\u8865\u5145\u672c\u6307\u5357\u6240\u63d0\u4f9b\u7684\u5185\u5bb9\u3002<\/p>\n\n\n\n<h3 class=\"wp-block-heading\"><strong>\u7b2c\u56db\u7248\u4eae\u70b9<\/strong><\/h3>\n\n\n\n<ul class=\"wp-block-list\">\n<li>\u6839\u636e\u6700\u65b0\u8d44\u6599\u5168\u9762\u4fee\u8ba2\u5404\u7269\u79cd\u7684\u72b6\u6001\u3001\u5206\u5e03\u4e0e\u79cd\u7fa4\u6570\u91cf\u3002<\/li>\n\n\n\n<li>\u66f4\u65b0 340 \u4f59\u5e45\u5206\u5e03\u56fe\uff0c\u51e0\u4e4e\u5168\u90e8\u91cd\u7ed8\u3002<\/li>\n\n\n\n<li>\u589e\u52a0\u8fd1\u5e74\u5165\u4fb5\u6216\u867d\u7a00\u5c11\u4f46\u8f83\u4e3a\u89c4\u5f8b\u51fa\u73b0\u7684 25 \u79cd\u65b0\u9e1f\u7c7b\uff0c\u4f8b\u5982\u73af\u9888\u9e2d\u3001\u7ec6\u5634\u7ea2\u9888\u74e3\u9e6c\u3001\u6b27\u4e9a\u9886\u89d2\u9e2e\u3001\u970d\u5947\u68ee\u9e68\u6216\u84dd\u77f6\u9e2b\uff1b\u65b0\u589e 70 \u5e45\u63d2\u56fe\u4ee5\u63cf\u7ed8\u65b0\u7269\u79cd\u3001\u91cd\u7ed8\u90e8\u5206\u73b0\u6709\u7269\u79cd\u6216\u8865\u5145\u66f4\u591a\u7fbd\u8863\u9636\u6bb5\u3002<\/li>\n\n\n\n<li>\u6839\u636e\u6700\u65b0\u7814\u7a76\u4fee\u8ba2\u5206\u7c7b\u4f53\u7cfb\uff0c\u5305\u62ec\u65b0\u589e\u79d1\u7ea7\u5206\u7c7b\u4e0e\u4f17\u591a\u7269\u79cd\u7684\u91cd\u65b0\u5f52\u7c7b\u3002<\/li>\n\n\n\n<li>\u79d1\u5b66\u540d\u79f0\u4e0e\u52a0\u6cf0\u7f57\u5c3c\u4e9a\u4fd7\u540d\u4f9d 2024 \u5e74\u51fa\u7248\u7684\u300a\u52a0\u6cf0\u7f57\u5c3c\u4e9a\u9e1f\u7c7b\u540d\u5f55\u300b\u5168\u9762\u66f4\u65b0\u3002<\/li>\n\n\n\n<li>\u74e6\u4f26\u897f\u4e9a\u5730\u533a\u9e1f\u540d\u4f9d\u636e 2021 \u5e74\u51fa\u7248\u7684\u300a\u74e6\u4f26\u897f\u4e9a\u9e1f\u7c7b\u5fd7\u300b\u66f4\u65b0\u3002<\/li>\n\n\n\n<li>\u6bcf\u4e2a\u7269\u79cd\u6587\u5b57\u65c1\u5747\u8bbe\u4e8c\u7ef4\u7801\uff0c\u53ef\u76f4\u63a5\u8bbf\u95ee SIOC \u7684\u7269\u79cd\u8d44\u6599\u3001\u7167\u7247\u5e93\u4e0e\u58f0\u97f3\u8bb0\u5f55\u3002<\/li>\n\n\n\n<li>\u5927\u591a\u6570\u7269\u79cd\u5305\u542b\u57fa\u4e8e 2015\u20132025 \u5e74\u6570\u636e\u7ed8\u5236\u7684\u7269\u5019\u56fe\u8868\uff0c\u5c55\u793a\u5168\u5e74\u5404\u6708\u7684\u76f8\u5bf9\u4e30\u5ea6\u3002<\/li>\n<\/ul>\n\n\n\n<p class=\"has-text-align-center button-link button-view-all\"><a href=\"#viewall\">\u67e5\u770b\u5168\u90e8<\/a><\/p>\n<\/div><\/div>\n\n\n\n<div style=\"height:20px\" aria-hidden=\"true\" class=\"wp-block-spacer\"><\/div>\n\n\n\n<div class=\"wp-block-group max-width-narrow max-height\"><div class=\"wp-block-group__inner-container is-layout-constrained wp-block-group-is-layout-constrained\"><div class=\"wp-block-group max-width-narrow\"><\/div>\n\n\n\n<p class=\"has-text-align-center button-link button-view-all\"><a href=\"#viewall\">\u67e5\u770b\u5168\u90e8<\/a><\/p>\n<\/div><\/div>\n","protected":false},"excerpt":{"rendered":"<p>\u672c\u4e66\u4e3a\u52a0\u6cf0\u7f57\u5c3c\u4e9a\u3001\u74e6\u4f26\u897f\u4e9a\u81ea\u6cbb\u533a\u3001\u5df4\u5229\u963f\u91cc\u7fa4\u5c9b\u3001\u9c81\u897f\u6c38\u3001\u5b89\u9053\u5c14\u548c\u62c9\u5f17\u5170\u54c8\u5730\u533a 409 \u79cd\u5e38\u89c1\u53ca\u5076\u89c1\u9e1f\u7c7b\u7684\u9996\u90e8\u91ce\u5916\u6307\u5357\u7b2c\u56db\u7248\u3002 \u5168\u4e66\u5305\u542b\u903e 1,080 \u5e45\u63d2\u56fe\uff0c\u53ef\u6839\u636e\u6027\u522b\u548c\u5e74\u9f84\u8bc6\u522b\u7fbd\u8863\uff0c\u5176\u4e2d\u4e5f\u5305\u62ec\u8fd1\u5e74\u6765\u5728\u5f53\u5730\u5b9a\u5c45\u7684\u5916\u6765\u7269\u79cd\u3002\u672c\u7248\u6587\u5b57\u4e0e 348 \u5e45\u5206\u5e03\u56fe\u5747\u63d0\u4f9b\u76ee\u524d\u6700\u4e3a\u8be6\u5b9e\u3001\u6700\u65b0\u7684\u6570\u636e\u3002<\/p>\n<p><strong><em>\u52a0\u6cf0\u7f57\u5c3c\u4e9a\u8bed\u6587\u672c<\/em><\/strong><\/p>\n","protected":false},"featured_media":101917,"comment_status":"open","ping_status":"closed","template":"","meta":[],"collection":[],"product_brand":[],"product_cat":[532,438,534,427],"product_tag":[542,535,545],"class_list":{"0":"post-100633","1":"product","2":"type-product","3":"status-publish","4":"has-post-thumbnail","6":"product_cat-532","7":"product_cat-new-releases-zh-hans","8":"product_cat-534","9":"product_cat-birds-zh-hans","10":"product_tag-542","11":"product_tag-535","12":"product_tag-545","14":"first","15":"instock","16":"shipping-taxable","17":"purchasable","18":"product-type-simple"},"_links":{"self":[{"href":"https:\/\/lynxnaturebooks.com\/zh-hans\/wp-json\/wp\/v2\/product\/100633","targetHints":{"allow":["GET"]}}],"collection":[{"href":"https:\/\/lynxnaturebooks.com\/zh-hans\/wp-json\/wp\/v2\/product"}],"about":[{"href":"https:\/\/lynxnaturebooks.com\/zh-hans\/wp-json\/wp\/v2\/types\/product"}],"replies":[{"embeddable":true,"href":"https:\/\/lynxnaturebooks.com\/zh-hans\/wp-json\/wp\/v2\/comments?post=100633"}],"wp:featuredmedia":[{"embeddable":true,"href":"https:\/\/lynxnaturebooks.com\/zh-hans\/wp-json\/wp\/v2\/media\/101917"}],"wp:attachment":[{"href":"https:\/\/lynxnaturebooks.com\/zh-hans\/wp-json\/wp\/v2\/media?parent=100633"}],"wp:term":[{"taxonomy":"collection","embeddable":true,"href":"https:\/\/lynxnaturebooks.com\/zh-hans\/wp-json\/wp\/v2\/collection?post=100633"},{"taxonomy":"product_brand","embeddable":true,"href":"https:\/\/lynxnaturebooks.com\/zh-hans\/wp-json\/wp\/v2\/product_brand?post=100633"},{"taxonomy":"product_cat","embeddable":true,"href":"https:\/\/lynxnaturebooks.com\/zh-hans\/wp-json\/wp\/v2\/product_cat?post=100633"},{"taxonomy":"product_tag","embeddable":true,"href":"https:\/\/lynxnaturebooks.com\/zh-hans\/wp-json\/wp\/v2\/product_tag?post=100633"}],"curies":[{"name":"wp","href":"https:\/\/api.w.org\/{rel}","templated":true}]}}