{"id":94125,"date":"2025-07-01T09:41:28","date_gmt":"2025-07-01T07:41:28","guid":{"rendered":"https:\/\/lynxnaturebooks.com\/?post_type=product&#038;p=94125"},"modified":"2026-04-19T02:18:55","modified_gmt":"2026-04-19T00:18:55","slug":"birds-of-new-guinea-2","status":"publish","type":"product","link":"https:\/\/lynxnaturebooks.com\/es\/producto\/birds-of-new-guinea-2\/","title":{"rendered":"<span class=\"title\">Birds of New Guinea<\/span><span class=\"subtitle\">2nd Edition - Including Bismarck Archipelago and Bouganville<\/span>"},"content":{"rendered":"\n<div class=\"wp-block-group frases-slide\"><div class=\"wp-block-group__inner-container is-layout-constrained wp-block-group-is-layout-constrained\">\n<div class=\"wp-block-group quote-group slide\"><div class=\"wp-block-group__inner-container is-layout-constrained wp-block-group-is-layout-constrained\">\n<p class=\"has-text-align-center has-medium-font-size\">&#8220;Este volumen, bien editado y atractivo, es fruto de un gran esfuerzo,<br>dedicaci\u00f3n y trabajo meticuloso, y constituye una importante contribuci\u00f3n<br>a la ornitolog\u00eda de una avifauna apasionante y poco conocida&#8221;.<\/p>\n\n\n\n<p class=\"has-text-align-center\">Clifford B. Frith, <strong><em><a href=\"https:\/\/afo.birdlife.org.au\/afo\/index.php\/afo\/article\/view\/2376\/2409\" target=\"_blank\" rel=\"noopener\">Australian Field Ornithology<\/a><\/em><\/strong>, 2025<\/p>\n<\/div><\/div>\n\n\n\n<div class=\"wp-block-group quote-group slide\"><div class=\"wp-block-group__inner-container is-layout-constrained wp-block-group-is-layout-constrained\">\n<p class=\"has-text-align-center has-medium-font-size\">&#8220;Una gu\u00eda de campo incre\u00edblemente buena para quienes las coleccionan,<br>para quienes ya han estado all\u00ed y para todos los que simplemente sue\u00f1an<br>con viajar alg\u00fan d\u00eda a este fant\u00e1stico lugar de la Tierra&#8221;.<\/p>\n\n\n\n<p class=\"has-text-align-center\">Eric Schaumburg, <em><strong><a href=\"https:\/\/pub.dof.dk\/publikationer\/495\" target=\"_blank\" rel=\"noopener\">DOFT<\/a><\/strong><\/em>, 2025<\/p>\n<\/div><\/div>\n\n\n\n<div class=\"wp-block-group quote-group slide\"><div class=\"wp-block-group__inner-container is-layout-constrained wp-block-group-is-layout-constrained\">\n<p class=\"has-text-align-center has-medium-font-size\">&#8220;Era dif\u00edcil publicar una gu\u00eda de campo para una zona ya cubierta<br>por una buena obra de referencia, pero Gregory lo ha conseguido&#8221;.<\/p>\n\n\n\n<p class=\"has-text-align-center\">Walter Belis, <strong><em><a href=\"https:\/\/www.natuurpunt.be\/dit-is-natuurpunt\/natuurstudie\/natuuroriolus\/boekbesprekingen-uit-natuuroriolus\" target=\"_blank\" rel=\"noopener\">Natuur.oriolus<\/a><\/em><\/strong>, 2025<\/p>\n<\/div><\/div>\n\n\n\n<div class=\"wp-block-group quote-group slide\"><div class=\"wp-block-group__inner-container is-layout-constrained wp-block-group-is-layout-constrained\">\n<p class=\"has-text-align-center has-medium-font-size\">&#8220;Recomendamos encarecidamente que quienes se unan a nuestro viaje<br>a Pap\u00faa Occidental obtengan un ejemplar de esta gu\u00eda de campo. (\u2026)<br>Nuestros gu\u00edas la utilizar\u00e1n durante la conducci\u00f3n del viaje&#8221;.<\/p>\n\n\n\n<p class=\"has-text-align-center\"><strong><a href=\"https:\/\/calidrisbirdingtours.com\/birds-of-new-guinea-field-guide\/\" target=\"_blank\" rel=\"noopener\">Calidris Birding Tours<\/a><\/strong>, 2025<\/p>\n<\/div><\/div>\n<\/div><\/div>\n\n\n\n<div style=\"height:39px\" aria-hidden=\"true\" class=\"wp-block-spacer\"><\/div>\n\n\n<div class=\"wp-block-columns attributes-columns\"><div class=\"wp-block-column\"><svg width=\"28px\" height=\"35px\" viewBox=\"0 0 28 35\" version=\"1.1\" xmlns=\"http:\/\/www.w3.org\/2000\/svg\" xmlns:xlink=\"http:\/\/www.w3.org\/1999\/xlink\">\n                            <g id=\"Page-1\" stroke=\"none\" stroke-width=\"1\" fill=\"none\" fill-rule=\"evenodd\" opacity=\"0.147770473\">\n                                <g id=\"24\" transform=\"translate(-287.000000, -1522.000000)\" fill=\"#000000\" fill-rule=\"nonzero\" stroke=\"#000000\" stroke-width=\"0.799586777\">\n                                    <g id=\"Group-3\" transform=\"translate(233.000000, 1504.000000)\">\n                                        <g id=\"Shape-3\" transform=\"translate(55.000000, 19.000000)\">\n                                            <path d=\"M13,0 C9.82319737,0 7.22466566,2.63962325 7.22466566,5.86666055 C7.22466566,8.71794192 9.25407358,11.1008511 11.9171246,11.6187379 L11.9171246,13.9333188 L6.8637075,13.9333188 C6.8261332,13.9313284 6.78848231,13.9313284 6.75090801,13.9333188 C6.331882,13.9764915 5.97550223,14.2625282 5.83723204,14.6666514 L0.0618978813,31.5333078 C-0.0555594524,31.8709186 -0.00391373208,32.2454751 0.200335189,32.5373134 C0.40458411,32.8291517 0.7358774,33.0017525 1.08837297,32.9999866 L13,32.9999866 L24.9116267,32.9999866 C25.2641223,33.0017526 25.5954157,32.8291519 25.7996647,32.5373136 C26.0039137,32.2454752 26.0555595,31.8709186 25.9381021,31.5333078 L20.162768,14.6666514 C20.0091004,14.2252213 19.5972147,13.9309628 19.1362925,13.9333188 L14.082875,13.9333188 L14.082875,11.6187379 C16.7459261,11.1008511 18.775334,8.71794192 18.775334,5.86666055 C18.775334,2.63962325 16.1768026,0 13,0 L13,0 Z M12.9999998,2.19999771 C15.0063443,2.19999771 16.6095839,3.82859001 16.6095839,5.86666055 C16.6095839,7.52644516 15.5508938,8.91385538 14.071595,9.3729069 C13.99526,8.77759028 13.4631728,8.35436769 12.8759203,8.42186622 C12.3828087,8.48076346 11.9922861,8.87273886 11.9284046,9.3729069 C10.4491059,8.91385538 9.39041606,7.52644516 9.39041606,5.86666055 C9.39041606,3.82859001 10.9936557,2.19999771 12.9999998,2.19999771 L12.9999998,2.19999771 Z M7.6307439,16.1333239 L12.9999998,16.1333239 L18.3692561,16.1333239 L23.3888335,30.7999752 L12.9999998,30.7999752 L2.61116648,30.7999752 L7.6307439,16.1333239 L7.6307439,16.1333239 Z\" id=\"Shape\"><\/path>\n                                        <\/g>\n                                    <\/g>\n                                <\/g>\n                            <\/g>\n                        <\/svg><p class=\"has-small-font-size\">Peso<\/p><p class=\"attribute\">1.2 kg<\/p><\/div><div class=\"wp-block-column\"><svg width=\"34px\" height=\"35px\" viewBox=\"0 0 34 35\" version=\"1.1\" xmlns=\"http:\/\/www.w3.org\/2000\/svg\" xmlns:xlink=\"http:\/\/www.w3.org\/1999\/xlink\">\n                            <g id=\"Page-1\" stroke=\"none\" stroke-width=\"1\" fill=\"none\" fill-rule=\"evenodd\" opacity=\"0.147770473\">\n                                <g id=\"24\" transform=\"translate(-471.000000, -1523.000000)\" fill=\"#000000\" fill-rule=\"nonzero\">\n                                    <g id=\"Group-3\" transform=\"translate(233.000000, 1504.000000)\">\n                                        <g id=\"Group-10\" transform=\"translate(238.000000, 19.000000)\">\n                                            <polygon id=\"Path\" points=\"0 9.72222222 2 9.72222222 2 33.0555556 0 33.0555556 0 35 6 35 6 33.0555556 4 33.0555556 4 9.72222222 6 9.72222222 6 7.77777778 0 7.77777778\"><\/polygon>\n                                            <polygon id=\"Path\" points=\"32 1.94444444 10 1.94444444 10 0 8 0 8 5.83333333 10 5.83333333 10 3.88888889 32 3.88888889 32 5.83333333 34 5.83333333 34 0 32 0\"><\/polygon>\n                                            <path d=\"M8,7.77777778 L8,30.1388889 L13,35 L33,35 L33,12.6388889 L28,7.77777778 L8,7.77777778 Z M11,10.6944444 L26,10.6944444 L26,28.1944444 L11,28.1944444 L11,10.6944444 Z M30,32.0833333 L14.24,32.0833333 L12.24,30.1388889 L28,30.1388889 L28,11.9 L30,13.8444444 L30,32.0833333 Z\" id=\"Shape\"><\/path>\n                                            <rect id=\"Rectangle\" x=\"13\" y=\"15.5555556\" width=\"11\" height=\"1.94444444\"><\/rect>\n                                            <rect id=\"Rectangle\" x=\"15\" y=\"19.4444444\" width=\"7\" height=\"1.94444444\"><\/rect>\n                                        <\/g>\n                                    <\/g>\n                                <\/g>\n                            <\/g>\n                        <\/svg><p class=\"has-small-font-size\">Dimensiones<\/p><p class=\"attribute\">16 &times; 23 cm<\/p><\/div><div class=\"wp-block-column\"><svg width=\"26px\" height=\"30px\" viewBox=\"0 0 26 30\" version=\"1.1\" xmlns=\"http:\/\/www.w3.org\/2000\/svg\" xmlns:xlink=\"http:\/\/www.w3.org\/1999\/xlink\">\n                            <g id=\"Page-1\" stroke=\"none\" stroke-width=\"1\" fill=\"none\" fill-rule=\"evenodd\" opacity=\"0.147770473\">\n                                <g id=\"24\" transform=\"translate(-661.000000, -1528.000000)\" fill=\"#000000\" fill-rule=\"nonzero\">\n                                    <g id=\"Group-3\" transform=\"translate(233.000000, 1504.000000)\">\n                                        <g id=\"Group-12\" transform=\"translate(428.000000, 24.000000)\">\n                                            <path d=\"M0,0 L0,25.8333333 L4.19354839,30 L26,30 L26,4.16666667 L21.8064516,0 M2.01290323,2.5 L20.1290323,2.5 L20.1290323,24.1666667 L2.01290323,24.1666667 L2.01290323,2.5 Z M23.483871,27.5 L5.23354839,27.5 L3.55612903,25.8333333 L21.8064516,25.8333333 L21.8064516,3.53333333 L23.483871,5.2 L23.483871,27.5 Z\" id=\"Shape\"><\/path>\n                                            <rect id=\"Rectangle\" x=\"7.5483871\" y=\"8.33333333\" width=\"10.9032258\" height=\"1.66666667\"><\/rect>\n                                            <rect id=\"Rectangle\" x=\"7.5483871\" y=\"11.6666667\" width=\"10.9032258\" height=\"1.66666667\"><\/rect>\n                                            <rect id=\"Rectangle\" x=\"7.5483871\" y=\"15\" width=\"10.9032258\" height=\"1.66666667\"><\/rect>\n                                            <rect id=\"Rectangle\" x=\"7.5483871\" y=\"18.3333333\" width=\"5.87096774\" height=\"1.66666667\"><\/rect>\n                                        <\/g>\n                                    <\/g>\n                                <\/g>\n                            <\/g>\n                        <\/svg><p class=\"has-small-font-size\">Idioma<\/p><p class=\"attribute\">Ingl\u00e9s<\/p><\/div><div class=\"wp-block-column\"><svg width=\"26px\" height=\"30px\" viewBox=\"0 0 26 30\" version=\"1.1\" xmlns=\"http:\/\/www.w3.org\/2000\/svg\" xmlns:xlink=\"http:\/\/www.w3.org\/1999\/xlink\">\n                            <g id=\"Page-1\" stroke=\"none\" stroke-width=\"1\" fill=\"none\" fill-rule=\"evenodd\" opacity=\"0.147770473\">\n                                <g id=\"24\" transform=\"translate(-849.000000, -1528.000000)\" fill=\"#000000\" fill-rule=\"nonzero\">\n                                    <g id=\"Group-3\" transform=\"translate(233.000000, 1504.000000)\">\n                                        <g id=\"Group-11\" transform=\"translate(616.000000, 24.000000)\">\n                                            <path d=\"M0,0 L0,25.8333333 L4.19354839,30 L26,30 L26,4.16666667 L21.8064516,0 L0,0 Z M2.51612903,2.5 L20.1290323,2.5 L20.1290323,24.1666667 L2.51612903,24.1666667 L2.51612903,2.5 Z M23.483871,27.5 L5.23354839,27.5 L3.55612903,25.8333333 L21.8064516,25.8333333 L21.8064516,3.53333333 L23.483871,5.2 L23.483871,27.5 Z\" id=\"Shape\"><\/path>\n                                            <path d=\"M5.03225806,13.3333333 L17.6129032,13.3333333 L17.6129032,5 L5.03225806,5 L5.03225806,13.3333333 Z M6.70967742,6.66666667 L15.9354839,6.66666667 L15.9354839,11.6666667 L6.70967742,11.6666667 L6.70967742,6.66666667 Z\" id=\"Shape\"><\/path>\n                                        <\/g>\n                                    <\/g>\n                                <\/g>\n                            <\/g>\n                        <\/svg><p class=\"has-small-font-size\">Formato<\/p><p class=\"attribute\">Flexi-cover, Tapa dura<\/p><\/div><div class=\"wp-block-column\"><svg width=\"26px\" height=\"30px\" viewBox=\"0 0 26 30\" version=\"1.1\" xmlns=\"http:\/\/www.w3.org\/2000\/svg\" xmlns:xlink=\"http:\/\/www.w3.org\/1999\/xlink\">\n                            <g id=\"Page-1\" stroke=\"none\" stroke-width=\"1\" fill=\"none\" fill-rule=\"evenodd\" opacity=\"0.147770473\">\n                                <g id=\"24\" transform=\"translate(-661.000000, -1528.000000)\" fill=\"#000000\" fill-rule=\"nonzero\">\n                                    <g id=\"Group-3\" transform=\"translate(233.000000, 1504.000000)\">\n                                        <g id=\"Group-12\" transform=\"translate(428.000000, 24.000000)\">\n                                            <path d=\"M0,0 L0,25.8333333 L4.19354839,30 L26,30 L26,4.16666667 L21.8064516,0 M2.01290323,2.5 L20.1290323,2.5 L20.1290323,24.1666667 L2.01290323,24.1666667 L2.01290323,2.5 Z M23.483871,27.5 L5.23354839,27.5 L3.55612903,25.8333333 L21.8064516,25.8333333 L21.8064516,3.53333333 L23.483871,5.2 L23.483871,27.5 Z\" id=\"Shape\"><\/path>\n                                            <rect id=\"Rectangle\" x=\"7.5483871\" y=\"8.33333333\" width=\"10.9032258\" height=\"1.66666667\"><\/rect>\n                                            <rect id=\"Rectangle\" x=\"7.5483871\" y=\"11.6666667\" width=\"10.9032258\" height=\"1.66666667\"><\/rect>\n                                            <rect id=\"Rectangle\" x=\"7.5483871\" y=\"15\" width=\"10.9032258\" height=\"1.66666667\"><\/rect>\n                                            <rect id=\"Rectangle\" x=\"7.5483871\" y=\"18.3333333\" width=\"5.87096774\" height=\"1.66666667\"><\/rect>\n                                        <\/g>\n                                    <\/g>\n                                <\/g>\n                            <\/g>\n                        <\/svg><p class=\"has-small-font-size\">P\u00e1ginas<\/p><p class=\"attribute\">480<\/p><\/div><div class=\"wp-block-column\"><svg width=\"26px\" height=\"30px\" viewBox=\"0 0 26 30\" version=\"1.1\" xmlns=\"http:\/\/www.w3.org\/2000\/svg\" xmlns:xlink=\"http:\/\/www.w3.org\/1999\/xlink\">\n                            <g id=\"Page-1\" stroke=\"none\" stroke-width=\"1\" fill=\"none\" fill-rule=\"evenodd\" opacity=\"0.147770473\">\n                                <g id=\"24\" transform=\"translate(-849.000000, -1528.000000)\" fill=\"#000000\" fill-rule=\"nonzero\">\n                                    <g id=\"Group-3\" transform=\"translate(233.000000, 1504.000000)\">\n                                        <g id=\"Group-11\" transform=\"translate(616.000000, 24.000000)\">\n                                            <path d=\"M0,0 L0,25.8333333 L4.19354839,30 L26,30 L26,4.16666667 L21.8064516,0 L0,0 Z M2.51612903,2.5 L20.1290323,2.5 L20.1290323,24.1666667 L2.51612903,24.1666667 L2.51612903,2.5 Z M23.483871,27.5 L5.23354839,27.5 L3.55612903,25.8333333 L21.8064516,25.8333333 L21.8064516,3.53333333 L23.483871,5.2 L23.483871,27.5 Z\" id=\"Shape\"><\/path>\n                                            <path d=\"M5.03225806,13.3333333 L17.6129032,13.3333333 L17.6129032,5 L5.03225806,5 L5.03225806,13.3333333 Z M6.70967742,6.66666667 L15.9354839,6.66666667 L15.9354839,11.6666667 L6.70967742,11.6666667 L6.70967742,6.66666667 Z\" id=\"Shape\"><\/path>\n                                        <\/g>\n                                    <\/g>\n                                <\/g>\n                            <\/g>\n                        <\/svg><p class=\"has-small-font-size\">Fecha de publicaci\u00f3n<\/p><p class=\"attribute\">1 de julio de 2025<\/p><\/div><div class=\"wp-block-column\"><svg width=\"26px\" height=\"30px\" viewBox=\"0 0 26 30\" version=\"1.1\" xmlns=\"http:\/\/www.w3.org\/2000\/svg\" xmlns:xlink=\"http:\/\/www.w3.org\/1999\/xlink\">\n                            <g id=\"Page-1\" stroke=\"none\" stroke-width=\"1\" fill=\"none\" fill-rule=\"evenodd\" opacity=\"0.147770473\">\n                                <g id=\"24\" transform=\"translate(-1222.000000, -1528.000000)\" fill=\"#000000\" fill-rule=\"nonzero\">\n                                    <g id=\"Group-3\" transform=\"translate(233.000000, 1504.000000)\">\n                                        <g id=\"Shape-2\" transform=\"translate(989.000000, 24.000000)\">\n                                            <path d=\"M0,0 L0,25.8333333 L4.19354839,30 L26,30 L26,4.16666667 L21.8064516,0 L0,0 Z M6.70967742,2.5 L10.0645161,2.5 L10.0645161,10.1 L8.38709677,9 L6.70967742,10.1 L6.70967742,2.5 Z M2.51612903,2.5 L5.03225806,2.5 L5.03225806,13.2333333 L8.38709677,11 L11.7419355,13.2333333 L11.7419355,2.5 L20.1290323,2.5 L20.1290323,24.1666667 L2.51612903,24.1666667 L2.51612903,2.5 Z M23.483871,27.5 L5.23354839,27.5 L3.55612903,25.8333333 L21.8064516,25.8333333 L21.8064516,3.53333333 L23.483871,5.2 L23.483871,27.5 Z\" id=\"Shape\"><\/path>\n                                        <\/g>\n                                    <\/g>\n                                <\/g>\n                            <\/g>\n                        <\/svg><p class=\"has-small-font-size\">Publicado por<\/p><p class=\"attribute\">Lynx Nature Books<\/p><\/div><\/div><div id=\"professionals\" class=\"max-width padding-sides\"><h2>Autor\/a<\/h2><div class=\"professionals-wrapper\"><p class=\"professional\"><a href=\"https:\/\/lynxnaturebooks.com\/es\/professional\/phil-gregory\/\">Phil Gregory<\/a><\/p><\/div><\/div>        <!-- <h2 id=\"autors\" class=\"has-text-align-center\"><\/h2>\n        <div class=\"product-autors max-width-narrow\">\n                    <\/div> -->\n    \n\n\n\n<div class=\"wp-block-group max-width-narrow max-height\"><div class=\"wp-block-group__inner-container is-layout-constrained wp-block-group-is-layout-constrained\">\n<h2 class=\"wp-block-heading has-text-align-center\">Description<\/h2>\n\n\n\n<h2 class=\"wp-block-heading\"><em>Birds of New Guinea<\/em>: la gu\u00eda de campo esencial de las aves de esta regi\u00f3n<\/h2>\n\n\n\n<p>La segunda edici\u00f3n de <em>Birds of New Guinea<\/em> es la \u00fanica gu\u00eda de campo en un solo volumen que ofrece una cobertura completa de las <strong>m\u00e1s de 970 especies<\/strong> de aves registradas en la regi\u00f3n de Nueva Guinea y sus islas perif\u00e9ricas, como el archipi\u00e9lago de Bismarck, Bougainville, Raja Ampat y las islas Aru. Con <strong>m\u00e1s de 500 especies end\u00e9micas<\/strong>, esta gu\u00eda es un recurso indispensable para observadores de aves, investigadores, conservacionistas y profesionales del ecoturismo que exploran uno de los ecosistemas m\u00e1s biodiversos del planeta.<\/p>\n\n\n\n<p>Esta edici\u00f3n completamente revisada re\u00fane los avances m\u00e1s recientes en investigaci\u00f3n cient\u00edfica, observaciones de campo y actualizaciones taxon\u00f3micas, todo en un formato compacto y listo para el uso en condiciones tropicales. Tanto si eres un ornit\u00f3logo experimentado como si eres un aficionado entusiasta, esta gu\u00eda te ofrece todo lo necesario para identificar y comprender las aves de Nueva Guinea.<\/p>\n\n\n\n<h3 class=\"wp-block-heading\">Novedades de la segunda edici\u00f3n<\/h3>\n\n\n\n<p>Esta edici\u00f3n incorpora importantes mejoras:<\/p>\n\n\n\n<ul class=\"wp-block-list\">\n<li><strong>41 especies nuevas<\/strong> desde la primera edici\u00f3n, todas ellas ilustradas y con mapas de distribuci\u00f3n.<\/li>\n\n\n\n<li><strong>C\u00f3digos QR<\/strong> para cada especie que enlazan con <a href=\"https:\/\/ebird.org\/home\" target=\"_blank\" rel=\"noopener\">recursos en l\u00ednea alojados por el Cornell Lab of Ornithology<\/a>, donde el lector puede ver fotos y videos, y escuchar grabaciones de audio de la especie en cuesti\u00f3n: una funcionalidad completamente nueva.<\/li>\n\n\n\n<li>Un <strong>\u00edndice ampliado<\/strong> que ahora incluye todos los <strong>nombres alternativos en ingl\u00e9s<\/strong> de uso com\u00fan, lo que facilita enormemente la b\u00fasqueda de especies.<\/li>\n\n\n\n<li><strong>Textos e ilustraciones revisados<\/strong>, con muchas im\u00e1genes nuevas que muestran variaciones de plumaje seg\u00fan edad, sexo y comportamiento.<\/li>\n<\/ul>\n\n\n\n<p>Estas actualizaciones reflejan los \u00faltimos conocimientos cient\u00edficos, observaciones de campo  y revisiones taxon\u00f3micas, lo que convierte a esta segunda edici\u00f3n en la gu\u00eda m\u00e1s actualizada y autorizada sobre las aves de Nueva Guinea.<\/p>\n\n\n\n<h3 class=\"wp-block-heading\">Caracter\u00edsticas destacadas<\/h3>\n\n\n\n<ul class=\"wp-block-list\">\n<li>Cobertura de <strong>m\u00e1s de 970 especies<\/strong>, incluyendo todas las end\u00e9micas conocidas.<\/li>\n\n\n\n<li>M\u00e1s de 1.800 ilustraciones distribuidas en 216 l\u00e1minas a color, con plumajes clave de machos, hembras, inmaduros y aves en vuelo.<\/li>\n\n\n\n<li><strong>M\u00e1s de 880 mapas de distribuci\u00f3n actualizados<\/strong> con los datos m\u00e1s recientes.<\/li>\n\n\n\n<li><strong>Taxonom\u00eda y nomenclatura actualizadas<\/strong> seg\u00fan las listas globales de referencia.<\/li>\n\n\n\n<li><strong>Fichas concisas<\/strong> para cada especie, con informaci\u00f3n sobre identificaci\u00f3n, h\u00e1bitat, comportamiento, vocalizaciones y estado de conservaci\u00f3n.<\/li>\n\n\n\n<li><strong>C\u00f3digos QR<\/strong> que permiten el acceso instant\u00e1neo a material audiovisual.<\/li>\n\n\n\n<li><strong>\u00cdndice de f\u00e1cil consulta<\/strong> que incluye nombres alternativos para agilizar la b\u00fasqueda en el campo.<\/li>\n<\/ul>\n\n\n\n<h3 class=\"wp-block-heading\">Pensado para el campo: dise\u00f1o pr\u00e1ctico y estructura clara<\/h3>\n\n\n\n<p>Dise\u00f1ada con la funcionalidad en mente, la segunda edici\u00f3n de <em>Birds of New Guinea<\/em> incorpora:<\/p>\n\n\n\n<ul class=\"wp-block-list\">\n<li>Papel ligero y resistente a la humedad, ideal para condiciones tropicales.<\/li>\n\n\n\n<li>Formato compacto y port\u00e1til, f\u00e1cil de llevar en una mochila de d\u00eda.<\/li>\n\n\n\n<li>Disposici\u00f3n doble p\u00e1gina: ilustraciones en una cara y texto descriptivo en la otra, para facilitar la consulta r\u00e1pida.<\/li>\n\n\n\n<li>Comparaciones visuales claras entre especies similares y variaciones de plumaje.<\/li>\n<\/ul>\n\n\n\n<p>Tanto si est\u00e1s inmerso en la selva tropical, explorando humedales costeros o recorriendo h\u00e1bitats montanos, esta gu\u00eda est\u00e1 hecha para acompa\u00f1arte.<\/p>\n\n\n\n<h3 class=\"wp-block-heading\">\u00bfPara qui\u00e9n es <em>Birds of New Guinea<\/em>?<\/h3>\n\n\n\n<ul class=\"wp-block-list\">\n<li>Observadores de aves y fot\u00f3grafos de naturaleza que buscan especies emblem\u00e1ticas como la Astrapia de cola de cinta, el Cacat\u00faa palmera o el Ave del Para\u00edso emperador.<\/li>\n\n\n\n<li>Ornit\u00f3logos, conservacionistas e investigadores que necesitan una referencia actual y fiable para estudios de campo y conservaci\u00f3n.<\/li>\n\n\n\n<li>Gu\u00edas locales y profesionales del ecoturismo que trabajan en Pap\u00faa Nueva Guinea, Pap\u00faa Occidental y las islas vecinas.<\/li>\n\n\n\n<li>Coleccionistas de gu\u00edas de campo y obras de referencia sobre puntos calientes de biodiversidad en el mundo.<\/li>\n<\/ul>\n\n\n\n<h3 class=\"wp-block-heading\">Sobre el autor<\/h3>\n\n\n\n<p>Phil Gregory lleva guiando rutas ornitol\u00f3gicas por Nueva Guinea desde la d\u00e9cada de 1990, y ha volcado d\u00e9cadas de experiencia en el campo en cada ficha de esta gu\u00eda. Es fundador de <a href=\"https:\/\/birder.travel\/\" target=\"_blank\" rel=\"noopener\">Sicklebill Safaris<\/a>, colaborador del <em><a href=\"https:\/\/lynxnaturebooks.com\/es\/producto\/handbook-of-the-birds-of-the-world\/\">Handbook of the Birds of the World<\/a><\/em> y una autoridad reconocida a nivel mundial en las aves de la regi\u00f3n.<\/p>\n\n\n\n<p class=\"has-text-align-center button-link button-view-all\"><a href=\"#viewall\">View all<\/a><\/p>\n\n\n\n<div style=\"height:20px\" aria-hidden=\"true\" class=\"wp-block-spacer\"><\/div>\n<\/div><\/div>\n\n\n\n<div class=\"wp-block-group max-width-narrow max-height\"><div class=\"wp-block-group__inner-container is-layout-constrained wp-block-group-is-layout-constrained\"><div class=\"wp-block-group max-width-narrow\"><\/div>\n\n\n\n<p class=\"has-text-align-center button-link button-view-all\"><a href=\"#viewall\">View all<\/a><\/p>\n<\/div><\/div>\n","protected":false},"excerpt":{"rendered":"<p data-start=\"2399\" data-end=\"2703\">Segunda edici\u00f3n completamente revisada y actualizada de la gu\u00eda de campo m\u00e1s completa sobre las aves de Nueva Guinea, incluyendo Pap\u00faa Occidental, Pap\u00faa Nueva Guinea y sus islas cercanas. Incluye taxonom\u00eda actualizada, nuevos mapas de distribuci\u00f3n y la informaci\u00f3n m\u00e1s reciente sobre identificaci\u00f3n y conservaci\u00f3n.<\/p>\n","protected":false},"featured_media":95899,"comment_status":"closed","ping_status":"closed","template":"","meta":[],"collection":[],"product_brand":[],"product_cat":[242,228,254,250],"product_tag":[299,301],"class_list":{"0":"post-94125","1":"product","2":"type-product","3":"status-publish","4":"has-post-thumbnail","6":"product_cat-australasian-es","7":"product_cat-aves","8":"product_cat-guias-de-campo","9":"product_cat-novedades","10":"product_tag-aves-del-paraiso","11":"product_tag-nueva-guinea","13":"first","14":"instock","15":"shipping-taxable","16":"purchasable","17":"product-type-variable"},"_links":{"self":[{"href":"https:\/\/lynxnaturebooks.com\/es\/wp-json\/wp\/v2\/product\/94125","targetHints":{"allow":["GET"]}}],"collection":[{"href":"https:\/\/lynxnaturebooks.com\/es\/wp-json\/wp\/v2\/product"}],"about":[{"href":"https:\/\/lynxnaturebooks.com\/es\/wp-json\/wp\/v2\/types\/product"}],"replies":[{"embeddable":true,"href":"https:\/\/lynxnaturebooks.com\/es\/wp-json\/wp\/v2\/comments?post=94125"}],"wp:featuredmedia":[{"embeddable":true,"href":"https:\/\/lynxnaturebooks.com\/es\/wp-json\/wp\/v2\/media\/95899"}],"wp:attachment":[{"href":"https:\/\/lynxnaturebooks.com\/es\/wp-json\/wp\/v2\/media?parent=94125"}],"wp:term":[{"taxonomy":"collection","embeddable":true,"href":"https:\/\/lynxnaturebooks.com\/es\/wp-json\/wp\/v2\/collection?post=94125"},{"taxonomy":"product_brand","embeddable":true,"href":"https:\/\/lynxnaturebooks.com\/es\/wp-json\/wp\/v2\/product_brand?post=94125"},{"taxonomy":"product_cat","embeddable":true,"href":"https:\/\/lynxnaturebooks.com\/es\/wp-json\/wp\/v2\/product_cat?post=94125"},{"taxonomy":"product_tag","embeddable":true,"href":"https:\/\/lynxnaturebooks.com\/es\/wp-json\/wp\/v2\/product_tag?post=94125"}],"curies":[{"name":"wp","href":"https:\/\/api.w.org\/{rel}","templated":true}]}}