{"id":91991,"date":"2024-11-19T11:44:26","date_gmt":"2024-11-19T10:44:26","guid":{"rendered":"https:\/\/lynxnaturebooks.com\/?post_type=product&#038;p=91991"},"modified":"2026-03-23T16:23:21","modified_gmt":"2026-03-23T15:23:21","slug":"handbook-of-the-birds-and-mammals-of-the-world","status":"publish","type":"product","link":"https:\/\/lynxnaturebooks.com\/es\/producto\/handbook-of-the-birds-and-mammals-of-the-world\/","title":{"rendered":"<span class=\"title\">Handbook of the Birds of the World & Handbook of the Mammals of the World<\/span><span class=\"subtitle\">(our two iconic encyclopedias together!)<\/span>"},"content":{"rendered":"<div class=\"wp-block-columns attributes-columns\"><div class=\"wp-block-column\"><svg width=\"28px\" height=\"35px\" viewBox=\"0 0 28 35\" version=\"1.1\" xmlns=\"http:\/\/www.w3.org\/2000\/svg\" xmlns:xlink=\"http:\/\/www.w3.org\/1999\/xlink\">\n                            <g id=\"Page-1\" stroke=\"none\" stroke-width=\"1\" fill=\"none\" fill-rule=\"evenodd\" opacity=\"0.147770473\">\n                                <g id=\"24\" transform=\"translate(-287.000000, -1522.000000)\" fill=\"#000000\" fill-rule=\"nonzero\" stroke=\"#000000\" stroke-width=\"0.799586777\">\n                                    <g id=\"Group-3\" transform=\"translate(233.000000, 1504.000000)\">\n                                        <g id=\"Shape-3\" transform=\"translate(55.000000, 19.000000)\">\n                                            <path d=\"M13,0 C9.82319737,0 7.22466566,2.63962325 7.22466566,5.86666055 C7.22466566,8.71794192 9.25407358,11.1008511 11.9171246,11.6187379 L11.9171246,13.9333188 L6.8637075,13.9333188 C6.8261332,13.9313284 6.78848231,13.9313284 6.75090801,13.9333188 C6.331882,13.9764915 5.97550223,14.2625282 5.83723204,14.6666514 L0.0618978813,31.5333078 C-0.0555594524,31.8709186 -0.00391373208,32.2454751 0.200335189,32.5373134 C0.40458411,32.8291517 0.7358774,33.0017525 1.08837297,32.9999866 L13,32.9999866 L24.9116267,32.9999866 C25.2641223,33.0017526 25.5954157,32.8291519 25.7996647,32.5373136 C26.0039137,32.2454752 26.0555595,31.8709186 25.9381021,31.5333078 L20.162768,14.6666514 C20.0091004,14.2252213 19.5972147,13.9309628 19.1362925,13.9333188 L14.082875,13.9333188 L14.082875,11.6187379 C16.7459261,11.1008511 18.775334,8.71794192 18.775334,5.86666055 C18.775334,2.63962325 16.1768026,0 13,0 L13,0 Z M12.9999998,2.19999771 C15.0063443,2.19999771 16.6095839,3.82859001 16.6095839,5.86666055 C16.6095839,7.52644516 15.5508938,8.91385538 14.071595,9.3729069 C13.99526,8.77759028 13.4631728,8.35436769 12.8759203,8.42186622 C12.3828087,8.48076346 11.9922861,8.87273886 11.9284046,9.3729069 C10.4491059,8.91385538 9.39041606,7.52644516 9.39041606,5.86666055 C9.39041606,3.82859001 10.9936557,2.19999771 12.9999998,2.19999771 L12.9999998,2.19999771 Z M7.6307439,16.1333239 L12.9999998,16.1333239 L18.3692561,16.1333239 L23.3888335,30.7999752 L12.9999998,30.7999752 L2.61116648,30.7999752 L7.6307439,16.1333239 L7.6307439,16.1333239 Z\" id=\"Shape\"><\/path>\n                                        <\/g>\n                                    <\/g>\n                                <\/g>\n                            <\/g>\n                        <\/svg><p class=\"has-small-font-size\">Peso<\/p><p class=\"attribute\">113.5 kg<\/p><\/div><div class=\"wp-block-column\"><svg width=\"34px\" height=\"35px\" viewBox=\"0 0 34 35\" version=\"1.1\" xmlns=\"http:\/\/www.w3.org\/2000\/svg\" xmlns:xlink=\"http:\/\/www.w3.org\/1999\/xlink\">\n                            <g id=\"Page-1\" stroke=\"none\" stroke-width=\"1\" fill=\"none\" fill-rule=\"evenodd\" opacity=\"0.147770473\">\n                                <g id=\"24\" transform=\"translate(-471.000000, -1523.000000)\" fill=\"#000000\" fill-rule=\"nonzero\">\n                                    <g id=\"Group-3\" transform=\"translate(233.000000, 1504.000000)\">\n                                        <g id=\"Group-10\" transform=\"translate(238.000000, 19.000000)\">\n                                            <polygon id=\"Path\" points=\"0 9.72222222 2 9.72222222 2 33.0555556 0 33.0555556 0 35 6 35 6 33.0555556 4 33.0555556 4 9.72222222 6 9.72222222 6 7.77777778 0 7.77777778\"><\/polygon>\n                                            <polygon id=\"Path\" points=\"32 1.94444444 10 1.94444444 10 0 8 0 8 5.83333333 10 5.83333333 10 3.88888889 32 3.88888889 32 5.83333333 34 5.83333333 34 0 32 0\"><\/polygon>\n                                            <path d=\"M8,7.77777778 L8,30.1388889 L13,35 L33,35 L33,12.6388889 L28,7.77777778 L8,7.77777778 Z M11,10.6944444 L26,10.6944444 L26,28.1944444 L11,28.1944444 L11,10.6944444 Z M30,32.0833333 L14.24,32.0833333 L12.24,30.1388889 L28,30.1388889 L28,11.9 L30,13.8444444 L30,32.0833333 Z\" id=\"Shape\"><\/path>\n                                            <rect id=\"Rectangle\" x=\"13\" y=\"15.5555556\" width=\"11\" height=\"1.94444444\"><\/rect>\n                                            <rect id=\"Rectangle\" x=\"15\" y=\"19.4444444\" width=\"7\" height=\"1.94444444\"><\/rect>\n                                        <\/g>\n                                    <\/g>\n                                <\/g>\n                            <\/g>\n                        <\/svg><p class=\"has-small-font-size\">Dimensiones<\/p><p class=\"attribute\">24 &times; 31 cm<\/p><\/div><div class=\"wp-block-column\"><svg width=\"26px\" height=\"30px\" viewBox=\"0 0 26 30\" version=\"1.1\" xmlns=\"http:\/\/www.w3.org\/2000\/svg\" xmlns:xlink=\"http:\/\/www.w3.org\/1999\/xlink\">\n                            <g id=\"Page-1\" stroke=\"none\" stroke-width=\"1\" fill=\"none\" fill-rule=\"evenodd\" opacity=\"0.147770473\">\n                                <g id=\"24\" transform=\"translate(-661.000000, -1528.000000)\" fill=\"#000000\" fill-rule=\"nonzero\">\n                                    <g id=\"Group-3\" transform=\"translate(233.000000, 1504.000000)\">\n                                        <g id=\"Group-12\" transform=\"translate(428.000000, 24.000000)\">\n                                            <path d=\"M0,0 L0,25.8333333 L4.19354839,30 L26,30 L26,4.16666667 L21.8064516,0 M2.01290323,2.5 L20.1290323,2.5 L20.1290323,24.1666667 L2.01290323,24.1666667 L2.01290323,2.5 Z M23.483871,27.5 L5.23354839,27.5 L3.55612903,25.8333333 L21.8064516,25.8333333 L21.8064516,3.53333333 L23.483871,5.2 L23.483871,27.5 Z\" id=\"Shape\"><\/path>\n                                            <rect id=\"Rectangle\" x=\"7.5483871\" y=\"8.33333333\" width=\"10.9032258\" height=\"1.66666667\"><\/rect>\n                                            <rect id=\"Rectangle\" x=\"7.5483871\" y=\"11.6666667\" width=\"10.9032258\" height=\"1.66666667\"><\/rect>\n                                            <rect id=\"Rectangle\" x=\"7.5483871\" y=\"15\" width=\"10.9032258\" height=\"1.66666667\"><\/rect>\n                                            <rect id=\"Rectangle\" x=\"7.5483871\" y=\"18.3333333\" width=\"5.87096774\" height=\"1.66666667\"><\/rect>\n                                        <\/g>\n                                    <\/g>\n                                <\/g>\n                            <\/g>\n                        <\/svg><p class=\"has-small-font-size\">Idioma<\/p><p class=\"attribute\">Ingl\u00e9s<\/p><\/div><div class=\"wp-block-column\"><svg width=\"26px\" height=\"30px\" viewBox=\"0 0 26 30\" version=\"1.1\" xmlns=\"http:\/\/www.w3.org\/2000\/svg\" xmlns:xlink=\"http:\/\/www.w3.org\/1999\/xlink\">\n                            <g id=\"Page-1\" stroke=\"none\" stroke-width=\"1\" fill=\"none\" fill-rule=\"evenodd\" opacity=\"0.147770473\">\n                                <g id=\"24\" transform=\"translate(-849.000000, -1528.000000)\" fill=\"#000000\" fill-rule=\"nonzero\">\n                                    <g id=\"Group-3\" transform=\"translate(233.000000, 1504.000000)\">\n                                        <g id=\"Group-11\" transform=\"translate(616.000000, 24.000000)\">\n                                            <path d=\"M0,0 L0,25.8333333 L4.19354839,30 L26,30 L26,4.16666667 L21.8064516,0 L0,0 Z M2.51612903,2.5 L20.1290323,2.5 L20.1290323,24.1666667 L2.51612903,24.1666667 L2.51612903,2.5 Z M23.483871,27.5 L5.23354839,27.5 L3.55612903,25.8333333 L21.8064516,25.8333333 L21.8064516,3.53333333 L23.483871,5.2 L23.483871,27.5 Z\" id=\"Shape\"><\/path>\n                                            <path d=\"M5.03225806,13.3333333 L17.6129032,13.3333333 L17.6129032,5 L5.03225806,5 L5.03225806,13.3333333 Z M6.70967742,6.66666667 L15.9354839,6.66666667 L15.9354839,11.6666667 L6.70967742,11.6666667 L6.70967742,6.66666667 Z\" id=\"Shape\"><\/path>\n                                        <\/g>\n                                    <\/g>\n                                <\/g>\n                            <\/g>\n                        <\/svg><p class=\"has-small-font-size\">Formato<\/p><p class=\"attribute\">Tapa dura<\/p><\/div><div class=\"wp-block-column\"><svg width=\"26px\" height=\"30px\" viewBox=\"0 0 26 30\" version=\"1.1\" xmlns=\"http:\/\/www.w3.org\/2000\/svg\" xmlns:xlink=\"http:\/\/www.w3.org\/1999\/xlink\">\n                            <g id=\"Page-1\" stroke=\"none\" stroke-width=\"1\" fill=\"none\" fill-rule=\"evenodd\" opacity=\"0.147770473\">\n                                <g id=\"24\" transform=\"translate(-849.000000, -1528.000000)\" fill=\"#000000\" fill-rule=\"nonzero\">\n                                    <g id=\"Group-3\" transform=\"translate(233.000000, 1504.000000)\">\n                                        <g id=\"Group-11\" transform=\"translate(616.000000, 24.000000)\">\n                                            <path d=\"M0,0 L0,25.8333333 L4.19354839,30 L26,30 L26,4.16666667 L21.8064516,0 L0,0 Z M2.51612903,2.5 L20.1290323,2.5 L20.1290323,24.1666667 L2.51612903,24.1666667 L2.51612903,2.5 Z M23.483871,27.5 L5.23354839,27.5 L3.55612903,25.8333333 L21.8064516,25.8333333 L21.8064516,3.53333333 L23.483871,5.2 L23.483871,27.5 Z\" id=\"Shape\"><\/path>\n                                            <path d=\"M5.03225806,13.3333333 L17.6129032,13.3333333 L17.6129032,5 L5.03225806,5 L5.03225806,13.3333333 Z M6.70967742,6.66666667 L15.9354839,6.66666667 L15.9354839,11.6666667 L6.70967742,11.6666667 L6.70967742,6.66666667 Z\" id=\"Shape\"><\/path>\n                                        <\/g>\n                                    <\/g>\n                                <\/g>\n                            <\/g>\n                        <\/svg><p class=\"has-small-font-size\">Fecha de publicaci\u00f3n<\/p><p class=\"attribute\"> <\/p><\/div><div class=\"wp-block-column\"><svg width=\"26px\" height=\"30px\" viewBox=\"0 0 26 30\" version=\"1.1\" xmlns=\"http:\/\/www.w3.org\/2000\/svg\" xmlns:xlink=\"http:\/\/www.w3.org\/1999\/xlink\">\n                            <g id=\"Page-1\" stroke=\"none\" stroke-width=\"1\" fill=\"none\" fill-rule=\"evenodd\" opacity=\"0.147770473\">\n                                <g id=\"24\" transform=\"translate(-1222.000000, -1528.000000)\" fill=\"#000000\" fill-rule=\"nonzero\">\n                                    <g id=\"Group-3\" transform=\"translate(233.000000, 1504.000000)\">\n                                        <g id=\"Shape-2\" transform=\"translate(989.000000, 24.000000)\">\n                                            <path d=\"M0,0 L0,25.8333333 L4.19354839,30 L26,30 L26,4.16666667 L21.8064516,0 L0,0 Z M6.70967742,2.5 L10.0645161,2.5 L10.0645161,10.1 L8.38709677,9 L6.70967742,10.1 L6.70967742,2.5 Z M2.51612903,2.5 L5.03225806,2.5 L5.03225806,13.2333333 L8.38709677,11 L11.7419355,13.2333333 L11.7419355,2.5 L20.1290323,2.5 L20.1290323,24.1666667 L2.51612903,24.1666667 L2.51612903,2.5 Z M23.483871,27.5 L5.23354839,27.5 L3.55612903,25.8333333 L21.8064516,25.8333333 L21.8064516,3.53333333 L23.483871,5.2 L23.483871,27.5 Z\" id=\"Shape\"><\/path>\n                                        <\/g>\n                                    <\/g>\n                                <\/g>\n                            <\/g>\n                        <\/svg><p class=\"has-small-font-size\">Publicado por<\/p><p class=\"attribute\">Lynx Edicions<\/p><\/div><\/div><div id=\"professionals\" class=\"max-width padding-sides\"><\/div>        <!-- <h2 id=\"autors\" class=\"has-text-align-center\"><\/h2>\n        <div class=\"product-autors max-width-narrow\">\n                    <\/div> -->\n    \n\n\n\n<div class=\"wp-block-group max-width-narrow max-height\"><div class=\"wp-block-group__inner-container is-layout-constrained wp-block-group-is-layout-constrained\">\n<h2 class=\"wp-block-heading has-text-align-center\">Description<\/h2>\n\n\n\n<p>Profundiza en el conocimiento del mundo animal con este exclusivo pack de nuestras dos ic\u00f3nicas enciclopedias: el <em><a href=\"https:\/\/lynxnaturebooks.com\/es\/producto\/handbook-of-the-birds-of-the-world\/\">Handbook of the Birds of the World<\/a><\/em> y el <em><a href=\"https:\/\/lynxnaturebooks.com\/es\/producto\/handbook-of-the-mammals-of-the-world-volumes-1-9\/\">Handbook of the Mammals of the World<\/a><\/em>. Estas colecciones, de 17 y 9 vol\u00famenes respectivamente, ofrecen una visi\u00f3n exhaustiva de los dos grupos de vertebrados m\u00e1s destacados, aves y mam\u00edferos, convirti\u00e9ndolas en imprescindibles para ornit\u00f3logos, mam\u00f3logos, naturalistas, investigadores y amantes de la naturaleza.<\/p>\n\n\n\n<p><strong>El <em>Handbook of the Birds of the World<\/em> (17 vol\u00famenes):<\/strong><\/p>\n\n\n\n<p>Esta monumental colecci\u00f3n es la \u00fanica obra que, hasta la fecha, ilustra y describe en detalle todas las especies de aves conocidas. Con un total de 17 vol\u00famenes, ofrece informaci\u00f3n completa sobre las caracter\u00edsticas f\u00edsicas, comportamientos, h\u00e1bitats y estados de conservaci\u00f3n de cada especie.<\/p>\n\n\n\n<ul class=\"wp-block-list\">\n<li><strong>Colaboraci\u00f3n global<\/strong>: Contribuciones de 277 autores y 1.151 fot\u00f3grafos de 40 pa\u00edses, que reflejan el conocimiento de los ornit\u00f3logos y naturalistas m\u00e1s destacados del mundo.<\/li>\n\n\n\n<li><strong>Ilustraciones y contenido<\/strong>: Con m\u00e1s de 1.031 l\u00e1minas, 20.617 ilustraciones y un total de 13,367 p\u00e1ginas, esta colecci\u00f3n ofrece una inmensa cantidad de informaci\u00f3n valiosa, consolid\u00e1ndose como un referente de excelencia en la literatura ornitol\u00f3gica.<\/li>\n\n\n\n<li><strong>Volumen especial<\/strong>: Incluye 84 nuevas especies de aves descritas, con fichas completas, ilustraciones detalladas y mapas de distribuci\u00f3n, as\u00ed como las descripciones cient\u00edficas originales de 15 especies amaz\u00f3nicas. Complementan este volumen un \u00edndice global de toda la colecci\u00f3n y ensayos especializados sobre la clasificaci\u00f3n aviar y el descubrimiento de nuevas especies.<\/li>\n<\/ul>\n\n\n\n<p><strong>El <em>Handbook of the Mammals of the World<\/em> (9 vol\u00famenes):<\/strong><\/p>\n\n\n\n<p>Esta enciclopedia de 9 vol\u00famenes es una obra de referencia innovadora y completa que ilustra y describe todas las especies de mam\u00edferos reconocidas a nivel mundial. Cada volumen ofrece una cobertura detallada de las relaciones evolutivas, la historia natural y el estado de conservaci\u00f3n de los mam\u00edferos.<\/p>\n\n\n\n<ul class=\"wp-block-list\">\n<li><strong>Contribuciones de expertos<\/strong>: Escrito por autoridades l\u00edderes en la materia, cada volumen presenta una perspectiva global y una gran cantidad de conocimientos especializados.<\/li>\n\n\n\n<li><strong>Ilustracioness espectaculares<\/strong>: Incluye miles de ilustraciones detalladas, fotograf\u00edas a todo color y mapas de distribuci\u00f3n que dan vida a cada especie.<\/li>\n\n\n\n<li><strong>Enfoque en la conservaci\u00f3n<\/strong>: Cuenta con la colaboraci\u00f3n de Conservation International y la UICN, proporcionando an\u00e1lisis profundos sobre las amenazas y las medidas de conservaci\u00f3n para cada especie.<\/li>\n\n\n\n<li><strong>Contenido completo<\/strong>: Cada ficha de especie abarca taxonom\u00eda, h\u00e1bitat, comportamiento, dieta y mucho m\u00e1s, convirti\u00e9ndose en una herramienta esencial para quienes estudian la biodiversidad de los mam\u00edferos.<\/li>\n<\/ul>\n\n\n\n<p><strong>\u00bfPor qu\u00e9 elegir este pack?<\/strong> <br>Al adquirir el <em><a href=\"https:\/\/lynxnaturebooks.com\/es\/producto\/handbook-of-the-birds-of-the-world\/\">Handbook of the Birds of the World<\/a><\/em> y el <em><a href=\"https:\/\/lynxnaturebooks.com\/es\/producto\/handbook-of-the-mammals-of-the-world-volumes-1-9\/\">Handbook of the Mammals of the World<\/a><\/em>, obtienes acceso a una biblioteca exhaustiva sobre las especies de aves y mam\u00edferos del mundo. Estas colecciones, con miles de p\u00e1ginas, l\u00e1minas e ilustraciones, se convierten en un pilar fundamental tanto para bibliotecas acad\u00e9micas como personales, combinando los m\u00e1s altos est\u00e1ndares de precisi\u00f3n cient\u00edfica con una asombrosa calidad art\u00edstica.<\/p>\n\n\n\n<ul class=\"wp-block-list\">\n<li><strong>Fuentes reputadas<\/strong>: Contribuciones de cientos de expertos en ornitolog\u00eda y mamolog\u00eda garantizan una profundidad y exactitud inigualables.<\/li>\n\n\n\n<li><strong>Material visual \u00fanico<\/strong>: Miles de l\u00e1minas a color y fotograf\u00edas de alta calidad destacan la diversidad de las especies, sus comportamientos y h\u00e1bitats.<\/li>\n\n\n\n<li><strong>Informaci\u00f3n detallada<\/strong>: Descripciones detalladas, estados de conservaci\u00f3n y una cobertura sistem\u00e1tica de m\u00e1s de 10,000 especies de aves y mam\u00edferos.<\/li>\n\n\n\n<li><strong>Valor educativo<\/strong>: Ideal para investigadores, educadores, estudiantes y entusiastas que deseen profundizar en su comprensi\u00f3n de la biodiversidad global.<\/li>\n<\/ul>\n\n\n\n<p>Este pack est\u00e1 disponible por un <strong>precio exclusivo de 2500\u20ac, con env\u00edo gratuito incluido<\/strong>. No se trata solo de una compra, sino de una inversi\u00f3n en la apreciaci\u00f3n, el estudio y la conservaci\u00f3n de la fauna mundial.<\/p>\n\n\n\n<p class=\"has-text-align-center button-link button-view-all\"><a href=\"#viewall\">View all<\/a><\/p>\n<\/div><\/div>\n\n\n\n<div style=\"height:20px\" aria-hidden=\"true\" class=\"wp-block-spacer\"><\/div>\n\n\n\n<div class=\"wp-block-group max-width-narrow max-height\"><div class=\"wp-block-group__inner-container is-layout-constrained wp-block-group-is-layout-constrained\"><div class=\"wp-block-group max-width-narrow\"><\/div>\n\n\n\n<p class=\"has-text-align-center button-link button-view-all\"><a href=\"#viewall\">View all<\/a><\/p>\n<\/div><\/div>\n","protected":false},"excerpt":{"rendered":"<p><strong>\u00a1Nuestras dos ic\u00f3nicas enciclopedias juntas!<\/strong>\u00a0Ampl\u00eda tu conocimiento sobre las aves y los mam\u00edferos con este set combinado de nuestras dos emblem\u00e1ticas colecciones: el <a href=\"https:\/\/lynxnaturebooks.com\/es\/producto\/handbook-of-the-birds-of-the-world\/\"><em>Handbook of the Birds of the World<\/em><\/a> (17 vol\u00famenes) y el <a href=\"https:\/\/lynxnaturebooks.com\/es\/producto\/handbook-of-the-mammals-of-the-world-volumes-1-9\/\"><em>Handbook of the Mammals of the World<\/em><\/a> (9 vol\u00famenes). Este conjunto \u00fanico abarca todas las especies conocidas de aves y mam\u00edferos, con descripciones detalladas, ilustraciones y valiosos conocimientos sobre conservaci\u00f3n. Consigue ambas colecciones por <strong>2500\u20ac<\/strong> y disfruta de <strong>env\u00edo gratuito<\/strong>.<\/p>\n","protected":false},"featured_media":91997,"comment_status":"open","ping_status":"closed","template":"","meta":[],"collection":[],"product_brand":[],"product_cat":[222,228,244,194,189,188],"product_tag":[],"class_list":{"0":"post-91991","1":"product","2":"type-product","3":"status-publish","4":"has-post-thumbnail","6":"product_cat-ofertas","7":"product_cat-aves","8":"product_cat-enciclopedias","9":"product_cat-handbook-of-the-birds-of-the-world-es","10":"product_cat-handbook-of-the-mammals-of-the-world","11":"product_cat-mamiferos","12":"product_shipping_class-envio-gratis-2","14":"first","15":"instock","16":"sale","17":"shipping-taxable","18":"purchasable","19":"product-type-simple"},"_links":{"self":[{"href":"https:\/\/lynxnaturebooks.com\/es\/wp-json\/wp\/v2\/product\/91991","targetHints":{"allow":["GET"]}}],"collection":[{"href":"https:\/\/lynxnaturebooks.com\/es\/wp-json\/wp\/v2\/product"}],"about":[{"href":"https:\/\/lynxnaturebooks.com\/es\/wp-json\/wp\/v2\/types\/product"}],"replies":[{"embeddable":true,"href":"https:\/\/lynxnaturebooks.com\/es\/wp-json\/wp\/v2\/comments?post=91991"}],"wp:featuredmedia":[{"embeddable":true,"href":"https:\/\/lynxnaturebooks.com\/es\/wp-json\/wp\/v2\/media\/91997"}],"wp:attachment":[{"href":"https:\/\/lynxnaturebooks.com\/es\/wp-json\/wp\/v2\/media?parent=91991"}],"wp:term":[{"taxonomy":"collection","embeddable":true,"href":"https:\/\/lynxnaturebooks.com\/es\/wp-json\/wp\/v2\/collection?post=91991"},{"taxonomy":"product_brand","embeddable":true,"href":"https:\/\/lynxnaturebooks.com\/es\/wp-json\/wp\/v2\/product_brand?post=91991"},{"taxonomy":"product_cat","embeddable":true,"href":"https:\/\/lynxnaturebooks.com\/es\/wp-json\/wp\/v2\/product_cat?post=91991"},{"taxonomy":"product_tag","embeddable":true,"href":"https:\/\/lynxnaturebooks.com\/es\/wp-json\/wp\/v2\/product_tag?post=91991"}],"curies":[{"name":"wp","href":"https:\/\/api.w.org\/{rel}","templated":true}]}}