{"id":86413,"date":"2009-10-01T10:00:00","date_gmt":"2009-10-01T08:00:00","guid":{"rendered":"https:\/\/develop.genium.click\/lynxeds\/?post_type=product&#038;p=86413"},"modified":"2024-07-16T15:54:11","modified_gmt":"2024-07-16T13:54:11","slug":"marina-porques","status":"publish","type":"product","link":"https:\/\/lynxnaturebooks.com\/es\/producto\/marina-porques\/","title":{"rendered":"Marina Porqu\u00e9s"},"content":{"rendered":"<p>Marina Percales siempre est\u00e1 preguntando por qu\u00e9, por eso la gente la llama Marina Porqu\u00e9s. Un d\u00eda su madre le dice que es hora de aprender a leer. Naturalmente, quiere saber por qu\u00e9. No es una pregunta f\u00e1cil de responder, pero al final de esta historia sabr\u00e1 la raz\u00f3n por la que debe aprender a leer, y por qu\u00e9 eso la convertir\u00e1 en alguien especial.<\/p>\n<p>La secci\u00f3n de no ficci\u00f3n trata de los seres humanos.<\/p>\n","protected":false},"excerpt":{"rendered":"<p>Marina Percales siempre est\u00e1 preguntando por qu\u00e9, por eso la gente la llama Marina Porqu\u00e9s. Un d\u00eda su madre le dice que es hora de aprender a leer. Naturalmente, quiere saber por qu\u00e9. No es una pregunta f\u00e1cil de responder, pero al final de esta historia sabr\u00e1 la raz\u00f3n por la que debe aprender a leer, y por qu\u00e9 eso la convertir\u00e1 en alguien especial.<\/p>\n<p>La secci\u00f3n de no ficci\u00f3n trata de los seres humanos.<\/p>\n","protected":false},"featured_media":1424,"comment_status":"open","ping_status":"closed","template":"","meta":[],"collection":[],"product_brand":[],"product_cat":[616,619],"product_tag":[],"class_list":{"0":"post-86413","1":"product","2":"type-product","3":"status-publish","4":"has-post-thumbnail","6":"product_cat-libros-infantiles","7":"product_cat-miscelanea-es","9":"first","10":"discontinued","11":"shipping-taxable","12":"product-type-simple"},"_links":{"self":[{"href":"https:\/\/lynxnaturebooks.com\/es\/wp-json\/wp\/v2\/product\/86413","targetHints":{"allow":["GET"]}}],"collection":[{"href":"https:\/\/lynxnaturebooks.com\/es\/wp-json\/wp\/v2\/product"}],"about":[{"href":"https:\/\/lynxnaturebooks.com\/es\/wp-json\/wp\/v2\/types\/product"}],"replies":[{"embeddable":true,"href":"https:\/\/lynxnaturebooks.com\/es\/wp-json\/wp\/v2\/comments?post=86413"}],"wp:featuredmedia":[{"embeddable":true,"href":"https:\/\/lynxnaturebooks.com\/es\/wp-json\/wp\/v2\/media\/1424"}],"wp:attachment":[{"href":"https:\/\/lynxnaturebooks.com\/es\/wp-json\/wp\/v2\/media?parent=86413"}],"wp:term":[{"taxonomy":"collection","embeddable":true,"href":"https:\/\/lynxnaturebooks.com\/es\/wp-json\/wp\/v2\/collection?post=86413"},{"taxonomy":"product_brand","embeddable":true,"href":"https:\/\/lynxnaturebooks.com\/es\/wp-json\/wp\/v2\/product_brand?post=86413"},{"taxonomy":"product_cat","embeddable":true,"href":"https:\/\/lynxnaturebooks.com\/es\/wp-json\/wp\/v2\/product_cat?post=86413"},{"taxonomy":"product_tag","embeddable":true,"href":"https:\/\/lynxnaturebooks.com\/es\/wp-json\/wp\/v2\/product_tag?post=86413"}],"curies":[{"name":"wp","href":"https:\/\/api.w.org\/{rel}","templated":true}]}}