{"id":84711,"date":"2010-01-01T10:00:00","date_gmt":"2010-01-01T10:00:00","guid":{"rendered":"https:\/\/develop.genium.click\/lynxeds\/product\/manual-de-las-aves-del-mundo\/"},"modified":"2026-04-22T02:22:43","modified_gmt":"2026-04-22T00:22:43","slug":"handbook-of-the-birds-of-the-world","status":"publish","type":"product","link":"https:\/\/lynxnaturebooks.com\/es\/producto\/handbook-of-the-birds-of-the-world\/","title":{"rendered":"<span class=\"title\">Handbook of the Birds of the World<\/span><span class=\"subtitle\">(SET of 17 volumes)<\/span>"},"content":{"rendered":"<div class=\"wp-block-columns attributes-columns\"><div class=\"wp-block-column\"><svg width=\"28px\" height=\"35px\" viewBox=\"0 0 28 35\" version=\"1.1\" xmlns=\"http:\/\/www.w3.org\/2000\/svg\" xmlns:xlink=\"http:\/\/www.w3.org\/1999\/xlink\">\n                            <g id=\"Page-1\" stroke=\"none\" stroke-width=\"1\" fill=\"none\" fill-rule=\"evenodd\" opacity=\"0.147770473\">\n                                <g id=\"24\" transform=\"translate(-287.000000, -1522.000000)\" fill=\"#000000\" fill-rule=\"nonzero\" stroke=\"#000000\" stroke-width=\"0.799586777\">\n                                    <g id=\"Group-3\" transform=\"translate(233.000000, 1504.000000)\">\n                                        <g id=\"Shape-3\" transform=\"translate(55.000000, 19.000000)\">\n                                            <path d=\"M13,0 C9.82319737,0 7.22466566,2.63962325 7.22466566,5.86666055 C7.22466566,8.71794192 9.25407358,11.1008511 11.9171246,11.6187379 L11.9171246,13.9333188 L6.8637075,13.9333188 C6.8261332,13.9313284 6.78848231,13.9313284 6.75090801,13.9333188 C6.331882,13.9764915 5.97550223,14.2625282 5.83723204,14.6666514 L0.0618978813,31.5333078 C-0.0555594524,31.8709186 -0.00391373208,32.2454751 0.200335189,32.5373134 C0.40458411,32.8291517 0.7358774,33.0017525 1.08837297,32.9999866 L13,32.9999866 L24.9116267,32.9999866 C25.2641223,33.0017526 25.5954157,32.8291519 25.7996647,32.5373136 C26.0039137,32.2454752 26.0555595,31.8709186 25.9381021,31.5333078 L20.162768,14.6666514 C20.0091004,14.2252213 19.5972147,13.9309628 19.1362925,13.9333188 L14.082875,13.9333188 L14.082875,11.6187379 C16.7459261,11.1008511 18.775334,8.71794192 18.775334,5.86666055 C18.775334,2.63962325 16.1768026,0 13,0 L13,0 Z M12.9999998,2.19999771 C15.0063443,2.19999771 16.6095839,3.82859001 16.6095839,5.86666055 C16.6095839,7.52644516 15.5508938,8.91385538 14.071595,9.3729069 C13.99526,8.77759028 13.4631728,8.35436769 12.8759203,8.42186622 C12.3828087,8.48076346 11.9922861,8.87273886 11.9284046,9.3729069 C10.4491059,8.91385538 9.39041606,7.52644516 9.39041606,5.86666055 C9.39041606,3.82859001 10.9936557,2.19999771 12.9999998,2.19999771 L12.9999998,2.19999771 Z M7.6307439,16.1333239 L12.9999998,16.1333239 L18.3692561,16.1333239 L23.3888335,30.7999752 L12.9999998,30.7999752 L2.61116648,30.7999752 L7.6307439,16.1333239 L7.6307439,16.1333239 Z\" id=\"Shape\"><\/path>\n                                        <\/g>\n                                    <\/g>\n                                <\/g>\n                            <\/g>\n                        <\/svg><p class=\"has-small-font-size\">Peso<\/p><p class=\"attribute\">77.55 kg<\/p><\/div><div class=\"wp-block-column\"><svg width=\"34px\" height=\"35px\" viewBox=\"0 0 34 35\" version=\"1.1\" xmlns=\"http:\/\/www.w3.org\/2000\/svg\" xmlns:xlink=\"http:\/\/www.w3.org\/1999\/xlink\">\n                            <g id=\"Page-1\" stroke=\"none\" stroke-width=\"1\" fill=\"none\" fill-rule=\"evenodd\" opacity=\"0.147770473\">\n                                <g id=\"24\" transform=\"translate(-471.000000, -1523.000000)\" fill=\"#000000\" fill-rule=\"nonzero\">\n                                    <g id=\"Group-3\" transform=\"translate(233.000000, 1504.000000)\">\n                                        <g id=\"Group-10\" transform=\"translate(238.000000, 19.000000)\">\n                                            <polygon id=\"Path\" points=\"0 9.72222222 2 9.72222222 2 33.0555556 0 33.0555556 0 35 6 35 6 33.0555556 4 33.0555556 4 9.72222222 6 9.72222222 6 7.77777778 0 7.77777778\"><\/polygon>\n                                            <polygon id=\"Path\" points=\"32 1.94444444 10 1.94444444 10 0 8 0 8 5.83333333 10 5.83333333 10 3.88888889 32 3.88888889 32 5.83333333 34 5.83333333 34 0 32 0\"><\/polygon>\n                                            <path d=\"M8,7.77777778 L8,30.1388889 L13,35 L33,35 L33,12.6388889 L28,7.77777778 L8,7.77777778 Z M11,10.6944444 L26,10.6944444 L26,28.1944444 L11,28.1944444 L11,10.6944444 Z M30,32.0833333 L14.24,32.0833333 L12.24,30.1388889 L28,30.1388889 L28,11.9 L30,13.8444444 L30,32.0833333 Z\" id=\"Shape\"><\/path>\n                                            <rect id=\"Rectangle\" x=\"13\" y=\"15.5555556\" width=\"11\" height=\"1.94444444\"><\/rect>\n                                            <rect id=\"Rectangle\" x=\"15\" y=\"19.4444444\" width=\"7\" height=\"1.94444444\"><\/rect>\n                                        <\/g>\n                                    <\/g>\n                                <\/g>\n                            <\/g>\n                        <\/svg><p class=\"has-small-font-size\">Dimensiones<\/p><p class=\"attribute\">24 &times; 31 cm<\/p><\/div><div class=\"wp-block-column\"><svg width=\"26px\" height=\"30px\" viewBox=\"0 0 26 30\" version=\"1.1\" xmlns=\"http:\/\/www.w3.org\/2000\/svg\" xmlns:xlink=\"http:\/\/www.w3.org\/1999\/xlink\">\n                            <g id=\"Page-1\" stroke=\"none\" stroke-width=\"1\" fill=\"none\" fill-rule=\"evenodd\" opacity=\"0.147770473\">\n                                <g id=\"24\" transform=\"translate(-661.000000, -1528.000000)\" fill=\"#000000\" fill-rule=\"nonzero\">\n                                    <g id=\"Group-3\" transform=\"translate(233.000000, 1504.000000)\">\n                                        <g id=\"Group-12\" transform=\"translate(428.000000, 24.000000)\">\n                                            <path d=\"M0,0 L0,25.8333333 L4.19354839,30 L26,30 L26,4.16666667 L21.8064516,0 M2.01290323,2.5 L20.1290323,2.5 L20.1290323,24.1666667 L2.01290323,24.1666667 L2.01290323,2.5 Z M23.483871,27.5 L5.23354839,27.5 L3.55612903,25.8333333 L21.8064516,25.8333333 L21.8064516,3.53333333 L23.483871,5.2 L23.483871,27.5 Z\" id=\"Shape\"><\/path>\n                                            <rect id=\"Rectangle\" x=\"7.5483871\" y=\"8.33333333\" width=\"10.9032258\" height=\"1.66666667\"><\/rect>\n                                            <rect id=\"Rectangle\" x=\"7.5483871\" y=\"11.6666667\" width=\"10.9032258\" height=\"1.66666667\"><\/rect>\n                                            <rect id=\"Rectangle\" x=\"7.5483871\" y=\"15\" width=\"10.9032258\" height=\"1.66666667\"><\/rect>\n                                            <rect id=\"Rectangle\" x=\"7.5483871\" y=\"18.3333333\" width=\"5.87096774\" height=\"1.66666667\"><\/rect>\n                                        <\/g>\n                                    <\/g>\n                                <\/g>\n                            <\/g>\n                        <\/svg><p class=\"has-small-font-size\">Idioma<\/p><p class=\"attribute\">Ingl\u00e9s<\/p><\/div><div class=\"wp-block-column\"><svg width=\"26px\" height=\"30px\" viewBox=\"0 0 26 30\" version=\"1.1\" xmlns=\"http:\/\/www.w3.org\/2000\/svg\" xmlns:xlink=\"http:\/\/www.w3.org\/1999\/xlink\">\n                            <g id=\"Page-1\" stroke=\"none\" stroke-width=\"1\" fill=\"none\" fill-rule=\"evenodd\" opacity=\"0.147770473\">\n                                <g id=\"24\" transform=\"translate(-849.000000, -1528.000000)\" fill=\"#000000\" fill-rule=\"nonzero\">\n                                    <g id=\"Group-3\" transform=\"translate(233.000000, 1504.000000)\">\n                                        <g id=\"Group-11\" transform=\"translate(616.000000, 24.000000)\">\n                                            <path d=\"M0,0 L0,25.8333333 L4.19354839,30 L26,30 L26,4.16666667 L21.8064516,0 L0,0 Z M2.51612903,2.5 L20.1290323,2.5 L20.1290323,24.1666667 L2.51612903,24.1666667 L2.51612903,2.5 Z M23.483871,27.5 L5.23354839,27.5 L3.55612903,25.8333333 L21.8064516,25.8333333 L21.8064516,3.53333333 L23.483871,5.2 L23.483871,27.5 Z\" id=\"Shape\"><\/path>\n                                            <path d=\"M5.03225806,13.3333333 L17.6129032,13.3333333 L17.6129032,5 L5.03225806,5 L5.03225806,13.3333333 Z M6.70967742,6.66666667 L15.9354839,6.66666667 L15.9354839,11.6666667 L6.70967742,11.6666667 L6.70967742,6.66666667 Z\" id=\"Shape\"><\/path>\n                                        <\/g>\n                                    <\/g>\n                                <\/g>\n                            <\/g>\n                        <\/svg><p class=\"has-small-font-size\">Formato<\/p><p class=\"attribute\">Tapa dura<\/p><\/div><div class=\"wp-block-column\"><svg width=\"26px\" height=\"30px\" viewBox=\"0 0 26 30\" version=\"1.1\" xmlns=\"http:\/\/www.w3.org\/2000\/svg\" xmlns:xlink=\"http:\/\/www.w3.org\/1999\/xlink\">\n                            <g id=\"Page-1\" stroke=\"none\" stroke-width=\"1\" fill=\"none\" fill-rule=\"evenodd\" opacity=\"0.147770473\">\n                                <g id=\"24\" transform=\"translate(-849.000000, -1528.000000)\" fill=\"#000000\" fill-rule=\"nonzero\">\n                                    <g id=\"Group-3\" transform=\"translate(233.000000, 1504.000000)\">\n                                        <g id=\"Group-11\" transform=\"translate(616.000000, 24.000000)\">\n                                            <path d=\"M0,0 L0,25.8333333 L4.19354839,30 L26,30 L26,4.16666667 L21.8064516,0 L0,0 Z M2.51612903,2.5 L20.1290323,2.5 L20.1290323,24.1666667 L2.51612903,24.1666667 L2.51612903,2.5 Z M23.483871,27.5 L5.23354839,27.5 L3.55612903,25.8333333 L21.8064516,25.8333333 L21.8064516,3.53333333 L23.483871,5.2 L23.483871,27.5 Z\" id=\"Shape\"><\/path>\n                                            <path d=\"M5.03225806,13.3333333 L17.6129032,13.3333333 L17.6129032,5 L5.03225806,5 L5.03225806,13.3333333 Z M6.70967742,6.66666667 L15.9354839,6.66666667 L15.9354839,11.6666667 L6.70967742,11.6666667 L6.70967742,6.66666667 Z\" id=\"Shape\"><\/path>\n                                        <\/g>\n                                    <\/g>\n                                <\/g>\n                            <\/g>\n                        <\/svg><p class=\"has-small-font-size\">Fecha de publicaci\u00f3n<\/p><p class=\"attribute\">January 2010<\/p><\/div><div class=\"wp-block-column\"><svg width=\"26px\" height=\"30px\" viewBox=\"0 0 26 30\" version=\"1.1\" xmlns=\"http:\/\/www.w3.org\/2000\/svg\" xmlns:xlink=\"http:\/\/www.w3.org\/1999\/xlink\">\n                            <g id=\"Page-1\" stroke=\"none\" stroke-width=\"1\" fill=\"none\" fill-rule=\"evenodd\" opacity=\"0.147770473\">\n                                <g id=\"24\" transform=\"translate(-1222.000000, -1528.000000)\" fill=\"#000000\" fill-rule=\"nonzero\">\n                                    <g id=\"Group-3\" transform=\"translate(233.000000, 1504.000000)\">\n                                        <g id=\"Shape-2\" transform=\"translate(989.000000, 24.000000)\">\n                                            <path d=\"M0,0 L0,25.8333333 L4.19354839,30 L26,30 L26,4.16666667 L21.8064516,0 L0,0 Z M6.70967742,2.5 L10.0645161,2.5 L10.0645161,10.1 L8.38709677,9 L6.70967742,10.1 L6.70967742,2.5 Z M2.51612903,2.5 L5.03225806,2.5 L5.03225806,13.2333333 L8.38709677,11 L11.7419355,13.2333333 L11.7419355,2.5 L20.1290323,2.5 L20.1290323,24.1666667 L2.51612903,24.1666667 L2.51612903,2.5 Z M23.483871,27.5 L5.23354839,27.5 L3.55612903,25.8333333 L21.8064516,25.8333333 L21.8064516,3.53333333 L23.483871,5.2 L23.483871,27.5 Z\" id=\"Shape\"><\/path>\n                                        <\/g>\n                                    <\/g>\n                                <\/g>\n                            <\/g>\n                        <\/svg><p class=\"has-small-font-size\">Publicado por<\/p><p class=\"attribute\">Lynx Edicions<\/p><\/div><\/div><div id=\"professionals\" class=\"max-width padding-sides\"><\/div>        <!-- <h2 id=\"autors\" class=\"has-text-align-center\"><\/h2>\n        <div class=\"product-autors max-width-narrow\">\n                    <\/div> -->\n    \n\n\n\n<div style=\"height:23px\" aria-hidden=\"true\" class=\"wp-block-spacer\"><\/div>\n\n\n\n<h3 class=\"wp-block-heading has-text-align-center\">\u00cdndice de Familias de la serie Manual de las Aves del Mundo<\/h3>\n\n\n\n<p class=\"has-text-align-center\">Descarga e imprime estos \u00edndices r\u00e1pidos de todas las familias incluidas en HBW.<\/p>\n\n\n\n<div class=\"wp-block-columns is-layout-flex wp-container-core-columns-is-layout-9d6595d7 wp-block-columns-is-layout-flex\">\n<div class=\"wp-block-column is-layout-flow wp-block-column-is-layout-flow\">\n<p class=\"has-text-align-center button-link\"><a href=\"https:\/\/www.lynxeds.info\/doc\/hbwfam1-7\" target=\"_blank\" rel=\"noopener\">\u00cdndice de no paseriformes (vol. 1 a 7)<\/a><\/p>\n<\/div>\n\n\n\n<div class=\"wp-block-column is-layout-flow wp-block-column-is-layout-flow\">\n<p class=\"has-text-align-center button-link\"><a href=\"https:\/\/www.lynxeds.info\/doc\/hbwfam8-16\" target=\"_blank\" rel=\"noopener\">\u00cdndice de paseriformes (vol. 8 a 16)<\/a><\/p>\n<\/div>\n<\/div>\n\n\n\n<div class=\"wp-block-group max-width-narrow max-height\"><div class=\"wp-block-group__inner-container is-layout-constrained wp-block-group-is-layout-constrained\">\n<h2 class=\"wp-block-heading has-text-align-center\">Descripci\u00f3n<\/h2>\n\n\n\n<p>La serie <em>Handbook of the Birds of the World<\/em> es un logro sin parang\u00f3n en ornitolog\u00eda, que ofrece una relaci\u00f3n exhaustiva y meticulosamente detallada de todas las especies de aves conocidas. Esta monumental colecci\u00f3n, la primera en su g\u00e9nero, abarca 17 vol\u00famenes, 16 principales y un Volumen Especial que los complementa. Se trata de un recurso esencial para ornit\u00f3logos, observadores de aves y entusiastas de la naturaleza, que proporciona una visi\u00f3n completa y bellamente ilustrada de la diversidad aviar.<\/p>\n\n\n\n<p><strong>Caracter\u00edsticas principales:<\/strong><\/p>\n\n\n\n<ul class=\"wp-block-list\">\n<li>Cobertura exhaustiva: La serie HBW es la \u00fanica obra hasta la fecha que abarca todas las especies de aves conocidas, detallando sus caracter\u00edsticas f\u00edsicas, comportamientos, h\u00e1bitats y estados de conservaci\u00f3n.<\/li>\n\n\n\n<li>Colaboraci\u00f3n mundial: Las contribuciones de 277 autores y 1.151 fot\u00f3grafos de 40 pa\u00edses re\u00fanen la experiencia y los conocimientos de los principales ornit\u00f3logos y naturalistas del mundo.<\/li>\n\n\n\n<li>Impresionantes ilustraciones: Con 1.031 l\u00e1minas y 20.617 dibujos, cada especie de ave est\u00e1 representada con minucioso detalle. Las ilustraciones incluyen ambos sexos, morfos de color y subespecies, ilustradas por un equipo de m\u00e1s de 30 artistas de renombre.<\/li>\n\n\n\n<li>Conocimiento inestimable: Con 13.367 p\u00e1ginas y unos 15 millones de palabras, la serie establece nuevos est\u00e1ndares en la literatura ornitol\u00f3gica con informaci\u00f3n amplia, rigurosa y accesible.<\/li>\n\n\n\n<li>Volumen Especial: El Volumen Especial incluye descripciones de nuevas especies descubiertas desde la publicaci\u00f3n de sus respectivos vol\u00famenes, un pr\u00e1ctico \u00edndice global y mucho m\u00e1s, lo que lo convierte en un complemento indispensable de la colecci\u00f3n.<\/li>\n<\/ul>\n\n\n\n<p>El <em>Handbook of the Birds of the World<\/em> no s\u00f3lo es una prestigiosa adici\u00f3n a cualquier biblioteca, sino tambi\u00e9n un recurso inestimable para cualquier apasionado de las aves y el mundo natural. Cada volumen ofrece una exploraci\u00f3n en profundidad de la diversidad aviar, combinando la precisi\u00f3n cient\u00edfica con la belleza art\u00edstica para crear una obra de referencia intemporal.<\/p>\n\n\n\n<p><strong>Contenido de los 17 vol\u00famenes:<\/strong><\/p>\n\n\n\n<p><strong>Volume 1: Ostrich to Ducks<\/strong><br>Cubre 27 familias, desde las r\u00e1tidas hasta las aves acu\u00e1ticas, incluyendo avestruces, ping\u00fcinos, albatros, pel\u00edcanos y patos.<br>Pr\u00f3logo de Christoph Imboden sobre los or\u00edgenes del proyecto HBW.<\/p>\n\n\n\n<p><strong>Volume 2: New World Vultures to Guineafowl<\/strong><br>Centrado en rapaces y aves galliformes, como buitres, \u00e1guilas, halcones, faisanes y pintadas.<br>Pr\u00f3logo de Walter J. Bock sobre la taxonom\u00eda de las aves.<\/p>\n\n\n\n<p><strong>Volume 3: Hoatzin to Auks<\/strong><br>Abarca una gran variedad de aves acu\u00e1ticas y lim\u00edcolas, incluyendo grullas, rascones, chorlitos, andarr\u00edos, gaviotas y m\u00e9rgulos.<br>Pr\u00f3logo de Robert Bateman sobre aves y arte.<\/p>\n\n\n\n<p><strong>Volume 4: Sandgrouse to Cuckoos<\/strong><br>Incluye palomas, loros, turacos, cucos y cacat\u00faas, muchas de ellas coloridas y ampliamente distribuidas.<br>Pr\u00f3logo de J\u00fcrgen Haffer sobre el concepto de especie.<\/p>\n\n\n\n<p><strong>Volume 5: Barn-owls to Hummingbirds<\/strong><br>Cubre aves nocturnas y especialistas del vuelo como b\u00fahos, chotacabras, vencejos y colibr\u00edes.<br>Pr\u00f3logo de Nigel Collar sobre el riesgo de extinci\u00f3n.<\/p>\n\n\n\n<p><strong>Volume 6: Mousebirds to Hornbills<\/strong><br>Centrado en grupos diversos como trogones, martines pescadores, abubillas y c\u00e1laos.<br>Pr\u00f3logo de Luis Baptista y Don Kroodsma sobre bioac\u00fastica.<\/p>\n\n\n\n<p><strong>Volume 7: Jacamars to Woodpeckers<\/strong><br>Incluye aves neotropicales como bucos, tucanes y p\u00e1jaros carpinteros de distribuci\u00f3n mundial.<br>Pr\u00f3logo de Errol Fuller sobre aves extintas.<\/p>\n\n\n\n<p><strong>Volume 8: Broadbills to Tapaculos<\/strong><br>Inicia los paseriformes con aves forestales del Viejo y del Nuevo Mundo, como horneros y hormigueros.<br>Pr\u00f3logo de Murray Bruce sobre la clasificaci\u00f3n de las aves.<\/p>\n\n\n\n<p><strong>Volume 9: Cotingas to Pipits and Wagtails<\/strong><br>Incluye cotingas, saltarines, atrapamoscas tir\u00e1nidos, reyezuelos neozelandeses, golondrinas y lavanderas.<br>Pr\u00f3logo de Richard C. Banks sobre nomenclatura.<\/p>\n\n\n\n<p><strong>Volume 10: Cuckoo-shrikes to Thrushes<\/strong><br>Abarca bulbules, ioras, mimus, y un amplio estudio de los zorzales.<br>Pr\u00f3logo de Daniel Sol y colaboradores sobre aves invasoras.<\/p>\n\n\n\n<p><strong>Volume 11: Old World Flycatchers to Old World Warblers<\/strong><br>Incluye papamoscas, abanicos, reyezuelos y currucas del Viejo Mundo.<br>Pr\u00f3logo de Cagan Sekercioglu y prefacio de Paul Ehrlich sobre el papel ecol\u00f3gico de las aves.<\/p>\n\n\n\n<p><strong>Volume 12: Picathartes to Tits and Chickadees<\/strong><br>Presenta charlatanes, silbadores, reyezuelos australianos, petirrojos oce\u00e1nicos y p\u00e1ridos.<br>Pr\u00f3logo de Kevin Caley sobre el registro f\u00f3sil de las aves.<\/p>\n\n\n\n<p><strong>Volume 13: Penduline-tits to Shrikes<\/strong><br>Explora trepadores, nectar\u00edvoros (como suimangas y mieleros) y el inicio del grupo de los alcaudones.<br>Pr\u00f3logo de Ian Newton sobre migraci\u00f3n.<\/p>\n\n\n\n<p><strong>Volume 14: Bush-shrikes to Old World Sparrows<\/strong><br>Incluye drongos, aves del para\u00edso, c\u00f3rvidos, estorninos y gorriones del Viejo Mundo.<br>Pr\u00f3logo de Stephen Moss sobre la historia de la observaci\u00f3n de aves.<\/p>\n\n\n\n<p><strong>Volume 15: Weavers to New World Warblers<\/strong><br>Incluye tejedores, estr\u00edldidos, pinzones, vireo y reinitas del Nuevo Mundo.<br>Pr\u00f3logo de BirdLife International sobre la conservaci\u00f3n de las aves.<\/p>\n\n\n\n<p><strong>Volume 16: Tanagers to New World Blackbirds<\/strong><br>Concluye los paseriformes con tangaras, cardenales, escribanos y tordos del Nuevo Mundo.<br>Pr\u00f3logo de Anders Pape M\u00f8ller sobre el cambio clim\u00e1tico.<\/p>\n\n\n\n<p><strong>Special Volume: New Species and Global Index<\/strong><br>Contiene ensayos de Jon Fjelds\u00e5, 84 especies nuevas descritas, fichas originales y un \u00edndice global para los 16 vol\u00famenes anteriores.<br>Pr\u00f3logo de BirdLife International.<\/p>\n\n\n\n<p class=\"has-text-align-center button-link button-view-all\"><a href=\"#viewall\">Ver todo<\/a><\/p>\n<\/div><\/div>\n\n\n\n<div style=\"height:20px\" aria-hidden=\"true\" class=\"wp-block-spacer\"><\/div>\n\n\n\n<div class=\"wp-block-group max-width-narrow max-height\"><div class=\"wp-block-group__inner-container is-layout-constrained wp-block-group-is-layout-constrained\"><div class=\"wp-block-group max-width-narrow\"><\/div>\n\n\n\n<p class=\"has-text-align-center button-link button-view-all\"><a href=\"#viewall\">Ver todo<\/a><\/p>\n<\/div><\/div>\n","protected":false},"excerpt":{"rendered":"<p>La serie <em>Handbook of the Birds of the World<\/em>\u00a0ilustra y describe detalladamente todas las especies de aves del mundo. La serie consta de 16 vol\u00famenes m\u00e1s un <em>volumen especial<\/em> que los complementa e incluye las nuevas especies descritas desde la publicaci\u00f3n de sus respectivos vol\u00famenes, un pr\u00e1ctico \u00edndice global y \u00a1mucho m\u00e1s!<\/p>\n","protected":false},"featured_media":86646,"comment_status":"open","ping_status":"closed","template":"","meta":[],"collection":[],"product_brand":[],"product_cat":[228,244,194,451],"product_tag":[],"class_list":{"0":"post-84711","1":"product","2":"type-product","3":"status-publish","4":"has-post-thumbnail","6":"product_cat-aves","7":"product_cat-enciclopedias","8":"product_cat-handbook-of-the-birds-of-the-world-es","9":"product_cat-ultima-oportunidad","10":"product_shipping_class-envio-gratis-2","12":"first","13":"instock","14":"shipping-taxable","15":"purchasable","16":"product-type-simple"},"_links":{"self":[{"href":"https:\/\/lynxnaturebooks.com\/es\/wp-json\/wp\/v2\/product\/84711","targetHints":{"allow":["GET"]}}],"collection":[{"href":"https:\/\/lynxnaturebooks.com\/es\/wp-json\/wp\/v2\/product"}],"about":[{"href":"https:\/\/lynxnaturebooks.com\/es\/wp-json\/wp\/v2\/types\/product"}],"replies":[{"embeddable":true,"href":"https:\/\/lynxnaturebooks.com\/es\/wp-json\/wp\/v2\/comments?post=84711"}],"wp:featuredmedia":[{"embeddable":true,"href":"https:\/\/lynxnaturebooks.com\/es\/wp-json\/wp\/v2\/media\/86646"}],"wp:attachment":[{"href":"https:\/\/lynxnaturebooks.com\/es\/wp-json\/wp\/v2\/media?parent=84711"}],"wp:term":[{"taxonomy":"collection","embeddable":true,"href":"https:\/\/lynxnaturebooks.com\/es\/wp-json\/wp\/v2\/collection?post=84711"},{"taxonomy":"product_brand","embeddable":true,"href":"https:\/\/lynxnaturebooks.com\/es\/wp-json\/wp\/v2\/product_brand?post=84711"},{"taxonomy":"product_cat","embeddable":true,"href":"https:\/\/lynxnaturebooks.com\/es\/wp-json\/wp\/v2\/product_cat?post=84711"},{"taxonomy":"product_tag","embeddable":true,"href":"https:\/\/lynxnaturebooks.com\/es\/wp-json\/wp\/v2\/product_tag?post=84711"}],"curies":[{"name":"wp","href":"https:\/\/api.w.org\/{rel}","templated":true}]}}