{"id":71647,"date":"2023-05-14T14:00:54","date_gmt":"2023-05-14T14:00:54","guid":{"rendered":"https:\/\/www.lynxeds.com\/?post_type=product&#038;p=71647"},"modified":"2026-04-08T11:23:08","modified_gmt":"2026-04-08T09:23:08","slug":"all-the-birds-of-the-world-all-the-mammals-of-the-world-set-of-two-volumes","status":"publish","type":"product","link":"https:\/\/lynxnaturebooks.com\/es\/producto\/all-the-birds-of-the-world-all-the-mammals-of-the-world-set-of-two-volumes\/","title":{"rendered":"<span class=\"title\">All the Birds of the World & All the Mammals of the World<\/span><span class=\"subtitle\">(SET of two books)<\/span>"},"content":{"rendered":"\n<div class=\"wp-block-group frases-slide\"><div class=\"wp-block-group__inner-container is-layout-constrained wp-block-group-is-layout-constrained\">\n<div class=\"wp-block-group quote-group slide\"><div class=\"wp-block-group__inner-container is-layout-constrained wp-block-group-is-layout-constrained\">\n<p class=\"has-text-align-center has-medium-font-size\">\u201cMe estoy divirtiendo much\u00edsimo hojeando <strong><em>All the Birds of the World<\/em><\/strong>.<br>Es un libro realmente incre\u00edble: m\u00e1s de 20.000 ilustraciones<br>que detallan cada una de las 11.524 especies de aves del mundo.<br>Es un aut\u00e9ntico placer dedicarle tiempo, aunque el ap\u00e9ndice sobre cada ave<br>que se sabe que se extingui\u00f3 desde el a\u00f1o 1500 es sobrecogedor\u201d.<\/p>\n\n\n\n<p class=\"has-text-align-center\">Penny Sarchet, <strong><em>New Scientist<\/em><\/strong><\/p>\n<\/div><\/div>\n\n\n\n<div class=\"wp-block-group quote-group slide\"><div class=\"wp-block-group__inner-container is-layout-constrained wp-block-group-is-layout-constrained\">\n<p class=\"has-text-align-center has-medium-font-size\">\u201c<strong><em>All the Mammals of the World<\/em><\/strong> marca otro hito importante en<br>la publicaci\u00f3n de historia natural. Es un libro especial y \u00fanico en el mundo\u201d.<\/p>\n\n\n\n<p class=\"has-text-align-center\"><a href=\"https:\/\/www.researchgate.net\/publication\/374544194_Book_Review_All_the_Mammals_of_the_World_published_by_Lynx_Nature_Books\" target=\"_blank\" rel=\"noopener\">Gehan de Silva Wijeyeratne<\/a><\/p>\n<\/div><\/div>\n\n\n\n<div class=\"wp-block-group quote-group slide\"><div class=\"wp-block-group__inner-container is-layout-constrained wp-block-group-is-layout-constrained\">\n<p class=\"has-text-align-center has-medium-font-size\">\u201c<strong><em>All the Birds of the World<\/em><\/strong> es asombroso. Si te interesan las aves, o si necesitas<br>un regalo para alguien a quien le interesen, \u00e9chale un vistazo a este volumen.<br>Este libro de 967 p\u00e1ginas contiene una serie de excelentes ilustraciones en color de las 11.324 especies de aves conocidas del mundo. Para cada especie se ilustran ambos sexos, si difieren, e incluye muchas razas \u2014en total, 20.865 ilustraciones\u201d.<\/p>\n\n\n\n<p class=\"has-text-align-center\">Dan Tallman, <strong><a href=\"https:\/\/dantallmansbirdblog.blogspot.com\/2020\/12\/review-all-birds-of-world.html\" target=\"_blank\" rel=\"noopener\">Dan Tallman\u2019s Bird Blog<\/a><\/strong><\/p>\n<\/div><\/div>\n\n\n\n<div class=\"wp-block-group quote-group slide\"><div class=\"wp-block-group__inner-container is-layout-constrained wp-block-group-is-layout-constrained\">\n<p class=\"has-text-align-center has-medium-font-size\">\u201c<strong><em>All the Mammals of the World<\/em><\/strong> es un libro visualmente impresionante que resulta un aut\u00e9ntico placer simplemente tomar y hojear, algo que el contacto visual<br>con el leopardo de las nieves de la portada ya anuncia incluso antes de pasar<br>la primera p\u00e1gina. (\u2026) Sin duda es una inversi\u00f3n para toda la vida que cualquier naturalista en ciernes nunca dejar\u00e1 de admirar. Altamente recomendable\u201d.<\/p>\n\n\n\n<p class=\"has-text-align-center\"><a href=\"https:\/\/www.birdguides.com\/reviews\/all-the-mammals-of-the-world\" target=\"_blank\" rel=\"noopener\"><strong>BirdGuides<\/strong><\/a><\/p>\n<\/div><\/div>\n<\/div><\/div>\n\n\n\n<div style=\"height:39px\" aria-hidden=\"true\" class=\"wp-block-spacer\"><\/div>\n\n\n<div class=\"wp-block-columns attributes-columns\"><div class=\"wp-block-column\"><svg width=\"28px\" height=\"35px\" viewBox=\"0 0 28 35\" version=\"1.1\" xmlns=\"http:\/\/www.w3.org\/2000\/svg\" xmlns:xlink=\"http:\/\/www.w3.org\/1999\/xlink\">\n                            <g id=\"Page-1\" stroke=\"none\" stroke-width=\"1\" fill=\"none\" fill-rule=\"evenodd\" opacity=\"0.147770473\">\n                                <g id=\"24\" transform=\"translate(-287.000000, -1522.000000)\" fill=\"#000000\" fill-rule=\"nonzero\" stroke=\"#000000\" stroke-width=\"0.799586777\">\n                                    <g id=\"Group-3\" transform=\"translate(233.000000, 1504.000000)\">\n                                        <g id=\"Shape-3\" transform=\"translate(55.000000, 19.000000)\">\n                                            <path d=\"M13,0 C9.82319737,0 7.22466566,2.63962325 7.22466566,5.86666055 C7.22466566,8.71794192 9.25407358,11.1008511 11.9171246,11.6187379 L11.9171246,13.9333188 L6.8637075,13.9333188 C6.8261332,13.9313284 6.78848231,13.9313284 6.75090801,13.9333188 C6.331882,13.9764915 5.97550223,14.2625282 5.83723204,14.6666514 L0.0618978813,31.5333078 C-0.0555594524,31.8709186 -0.00391373208,32.2454751 0.200335189,32.5373134 C0.40458411,32.8291517 0.7358774,33.0017525 1.08837297,32.9999866 L13,32.9999866 L24.9116267,32.9999866 C25.2641223,33.0017526 25.5954157,32.8291519 25.7996647,32.5373136 C26.0039137,32.2454752 26.0555595,31.8709186 25.9381021,31.5333078 L20.162768,14.6666514 C20.0091004,14.2252213 19.5972147,13.9309628 19.1362925,13.9333188 L14.082875,13.9333188 L14.082875,11.6187379 C16.7459261,11.1008511 18.775334,8.71794192 18.775334,5.86666055 C18.775334,2.63962325 16.1768026,0 13,0 L13,0 Z M12.9999998,2.19999771 C15.0063443,2.19999771 16.6095839,3.82859001 16.6095839,5.86666055 C16.6095839,7.52644516 15.5508938,8.91385538 14.071595,9.3729069 C13.99526,8.77759028 13.4631728,8.35436769 12.8759203,8.42186622 C12.3828087,8.48076346 11.9922861,8.87273886 11.9284046,9.3729069 C10.4491059,8.91385538 9.39041606,7.52644516 9.39041606,5.86666055 C9.39041606,3.82859001 10.9936557,2.19999771 12.9999998,2.19999771 L12.9999998,2.19999771 Z M7.6307439,16.1333239 L12.9999998,16.1333239 L18.3692561,16.1333239 L23.3888335,30.7999752 L12.9999998,30.7999752 L2.61116648,30.7999752 L7.6307439,16.1333239 L7.6307439,16.1333239 Z\" id=\"Shape\"><\/path>\n                                        <\/g>\n                                    <\/g>\n                                <\/g>\n                            <\/g>\n                        <\/svg><p class=\"has-small-font-size\">Peso<\/p><p class=\"attribute\">9 kg<\/p><\/div><div class=\"wp-block-column\"><svg width=\"34px\" height=\"35px\" viewBox=\"0 0 34 35\" version=\"1.1\" xmlns=\"http:\/\/www.w3.org\/2000\/svg\" xmlns:xlink=\"http:\/\/www.w3.org\/1999\/xlink\">\n                            <g id=\"Page-1\" stroke=\"none\" stroke-width=\"1\" fill=\"none\" fill-rule=\"evenodd\" opacity=\"0.147770473\">\n                                <g id=\"24\" transform=\"translate(-471.000000, -1523.000000)\" fill=\"#000000\" fill-rule=\"nonzero\">\n                                    <g id=\"Group-3\" transform=\"translate(233.000000, 1504.000000)\">\n                                        <g id=\"Group-10\" transform=\"translate(238.000000, 19.000000)\">\n                                            <polygon id=\"Path\" points=\"0 9.72222222 2 9.72222222 2 33.0555556 0 33.0555556 0 35 6 35 6 33.0555556 4 33.0555556 4 9.72222222 6 9.72222222 6 7.77777778 0 7.77777778\"><\/polygon>\n                                            <polygon id=\"Path\" points=\"32 1.94444444 10 1.94444444 10 0 8 0 8 5.83333333 10 5.83333333 10 3.88888889 32 3.88888889 32 5.83333333 34 5.83333333 34 0 32 0\"><\/polygon>\n                                            <path d=\"M8,7.77777778 L8,30.1388889 L13,35 L33,35 L33,12.6388889 L28,7.77777778 L8,7.77777778 Z M11,10.6944444 L26,10.6944444 L26,28.1944444 L11,28.1944444 L11,10.6944444 Z M30,32.0833333 L14.24,32.0833333 L12.24,30.1388889 L28,30.1388889 L28,11.9 L30,13.8444444 L30,32.0833333 Z\" id=\"Shape\"><\/path>\n                                            <rect id=\"Rectangle\" x=\"13\" y=\"15.5555556\" width=\"11\" height=\"1.94444444\"><\/rect>\n                                            <rect id=\"Rectangle\" x=\"15\" y=\"19.4444444\" width=\"7\" height=\"1.94444444\"><\/rect>\n                                        <\/g>\n                                    <\/g>\n                                <\/g>\n                            <\/g>\n                        <\/svg><p class=\"has-small-font-size\">Dimensiones<\/p><p class=\"attribute\">39 &times; 31 &times; 22 cm<\/p><\/div><div class=\"wp-block-column\"><svg width=\"26px\" height=\"30px\" viewBox=\"0 0 26 30\" version=\"1.1\" xmlns=\"http:\/\/www.w3.org\/2000\/svg\" xmlns:xlink=\"http:\/\/www.w3.org\/1999\/xlink\">\n                            <g id=\"Page-1\" stroke=\"none\" stroke-width=\"1\" fill=\"none\" fill-rule=\"evenodd\" opacity=\"0.147770473\">\n                                <g id=\"24\" transform=\"translate(-661.000000, -1528.000000)\" fill=\"#000000\" fill-rule=\"nonzero\">\n                                    <g id=\"Group-3\" transform=\"translate(233.000000, 1504.000000)\">\n                                        <g id=\"Group-12\" transform=\"translate(428.000000, 24.000000)\">\n                                            <path d=\"M0,0 L0,25.8333333 L4.19354839,30 L26,30 L26,4.16666667 L21.8064516,0 M2.01290323,2.5 L20.1290323,2.5 L20.1290323,24.1666667 L2.01290323,24.1666667 L2.01290323,2.5 Z M23.483871,27.5 L5.23354839,27.5 L3.55612903,25.8333333 L21.8064516,25.8333333 L21.8064516,3.53333333 L23.483871,5.2 L23.483871,27.5 Z\" id=\"Shape\"><\/path>\n                                            <rect id=\"Rectangle\" x=\"7.5483871\" y=\"8.33333333\" width=\"10.9032258\" height=\"1.66666667\"><\/rect>\n                                            <rect id=\"Rectangle\" x=\"7.5483871\" y=\"11.6666667\" width=\"10.9032258\" height=\"1.66666667\"><\/rect>\n                                            <rect id=\"Rectangle\" x=\"7.5483871\" y=\"15\" width=\"10.9032258\" height=\"1.66666667\"><\/rect>\n                                            <rect id=\"Rectangle\" x=\"7.5483871\" y=\"18.3333333\" width=\"5.87096774\" height=\"1.66666667\"><\/rect>\n                                        <\/g>\n                                    <\/g>\n                                <\/g>\n                            <\/g>\n                        <\/svg><p class=\"has-small-font-size\">Idioma<\/p><p class=\"attribute\">Ingl\u00e9s<\/p><\/div><div class=\"wp-block-column\"><svg width=\"26px\" height=\"30px\" viewBox=\"0 0 26 30\" version=\"1.1\" xmlns=\"http:\/\/www.w3.org\/2000\/svg\" xmlns:xlink=\"http:\/\/www.w3.org\/1999\/xlink\">\n                            <g id=\"Page-1\" stroke=\"none\" stroke-width=\"1\" fill=\"none\" fill-rule=\"evenodd\" opacity=\"0.147770473\">\n                                <g id=\"24\" transform=\"translate(-849.000000, -1528.000000)\" fill=\"#000000\" fill-rule=\"nonzero\">\n                                    <g id=\"Group-3\" transform=\"translate(233.000000, 1504.000000)\">\n                                        <g id=\"Group-11\" transform=\"translate(616.000000, 24.000000)\">\n                                            <path d=\"M0,0 L0,25.8333333 L4.19354839,30 L26,30 L26,4.16666667 L21.8064516,0 L0,0 Z M2.51612903,2.5 L20.1290323,2.5 L20.1290323,24.1666667 L2.51612903,24.1666667 L2.51612903,2.5 Z M23.483871,27.5 L5.23354839,27.5 L3.55612903,25.8333333 L21.8064516,25.8333333 L21.8064516,3.53333333 L23.483871,5.2 L23.483871,27.5 Z\" id=\"Shape\"><\/path>\n                                            <path d=\"M5.03225806,13.3333333 L17.6129032,13.3333333 L17.6129032,5 L5.03225806,5 L5.03225806,13.3333333 Z M6.70967742,6.66666667 L15.9354839,6.66666667 L15.9354839,11.6666667 L6.70967742,11.6666667 L6.70967742,6.66666667 Z\" id=\"Shape\"><\/path>\n                                        <\/g>\n                                    <\/g>\n                                <\/g>\n                            <\/g>\n                        <\/svg><p class=\"has-small-font-size\">Fecha de publicaci\u00f3n<\/p><p class=\"attribute\">mayo 2023<\/p><\/div><div class=\"wp-block-column\"><svg width=\"26px\" height=\"30px\" viewBox=\"0 0 26 30\" version=\"1.1\" xmlns=\"http:\/\/www.w3.org\/2000\/svg\" xmlns:xlink=\"http:\/\/www.w3.org\/1999\/xlink\">\n                            <g id=\"Page-1\" stroke=\"none\" stroke-width=\"1\" fill=\"none\" fill-rule=\"evenodd\" opacity=\"0.147770473\">\n                                <g id=\"24\" transform=\"translate(-1222.000000, -1528.000000)\" fill=\"#000000\" fill-rule=\"nonzero\">\n                                    <g id=\"Group-3\" transform=\"translate(233.000000, 1504.000000)\">\n                                        <g id=\"Shape-2\" transform=\"translate(989.000000, 24.000000)\">\n                                            <path d=\"M0,0 L0,25.8333333 L4.19354839,30 L26,30 L26,4.16666667 L21.8064516,0 L0,0 Z M6.70967742,2.5 L10.0645161,2.5 L10.0645161,10.1 L8.38709677,9 L6.70967742,10.1 L6.70967742,2.5 Z M2.51612903,2.5 L5.03225806,2.5 L5.03225806,13.2333333 L8.38709677,11 L11.7419355,13.2333333 L11.7419355,2.5 L20.1290323,2.5 L20.1290323,24.1666667 L2.51612903,24.1666667 L2.51612903,2.5 Z M23.483871,27.5 L5.23354839,27.5 L3.55612903,25.8333333 L21.8064516,25.8333333 L21.8064516,3.53333333 L23.483871,5.2 L23.483871,27.5 Z\" id=\"Shape\"><\/path>\n                                        <\/g>\n                                    <\/g>\n                                <\/g>\n                            <\/g>\n                        <\/svg><p class=\"has-small-font-size\">Publicado por<\/p><p class=\"attribute\">Lynx Edicions<\/p><\/div><\/div><div id=\"professionals\" class=\"max-width padding-sides\"><\/div>        <!-- <h2 id=\"autors\" class=\"has-text-align-center\"><\/h2>\n        <div class=\"product-autors max-width-narrow\">\n                    <\/div> -->\n    \n\n\n\n<div class=\"wp-block-group max-width-narrow max-height\"><div class=\"wp-block-group__inner-container is-layout-constrained wp-block-group-is-layout-constrained\">\n<h2 class=\"wp-block-heading has-text-align-center\">Descripci\u00f3n<\/h2>\n\n\n\n<p>Por primera vez, puedes explorar todas las aves y todos los mam\u00edferos del planeta en dos vol\u00famenes \u00fanicos, f\u00e1ciles de usar y completamente ilustrados. Creado para un p\u00fablico amplio \u2014desde amantes ocasionales de la naturaleza hasta ornit\u00f3logos, mastozo\u00f3logos, investigadores y conservacionistas\u2014 este conjunto ofrece la visi\u00f3n m\u00e1s completa y visualmente impresionante de la biodiversidad global de aves y mam\u00edferos jam\u00e1s publicada.<\/p>\n\n\n\n<p>Juntos, <a style=\"font-style: italic;\" href=\"https:\/\/www.youtube.com\/watch?v=RpKgjrWcOGM\" target=\"_blank\" rel=\"noopener\">All the Birds of the World<\/a> y <em>All the Mammals of the World<\/em> incluyen m\u00e1s de 18.000 especies, con ilustraciones, mapas y datos que destacan la riqueza y fragilidad de la vida en la Tierra.<\/p>\n\n\n\n<h3 class=\"wp-block-heading\"><em><a href=\"https:\/\/lynxnaturebooks.com\/es\/producto\/all-the-birds-of-the-world\/\">All the Birds of the World<\/a><\/em><\/h3>\n\n\n\n<ul class=\"wp-block-list\">\n<li>Incluye las 11.524 especies de aves reconocidas por las cuatro principales listas mundiales.<\/li>\n\n\n\n<li>20.865 ilustraciones que muestran dimorfismo sexual, morfos y subespecies clave.<\/li>\n\n\n\n<li>11.558 mapas de distribuci\u00f3n, con notas sobre rangos altitudinales.<\/li>\n\n\n\n<li>Estado de conservaci\u00f3n seg\u00fan UICN\/BirdLife International indicado.<\/li>\n\n\n\n<li>C\u00f3digos QR con enlaces a fotos, sonidos y videos, especie por especie.<\/li>\n\n\n\n<li>Ap\u00e9ndice con todas las especies extinguidas desde 1500.<\/li>\n\n\n\n<li>Un atlas mundial de 37 p\u00e1ginas de mapas en color para observadores de aves y ornit\u00f3logos.<\/li>\n<\/ul>\n\n\n\n<h3 class=\"wp-block-heading\"><em><a href=\"https:\/\/lynxnaturebooks.com\/es\/producto\/all-the-mammals-of-the-world\/\">All the Mammals of the World<\/a><\/em><\/h3>\n\n\n\n<ul class=\"wp-block-list\">\n<li>Incluye 6.581 especies de mam\u00edferos, de las cuales 6.459 especies silvestres vivientes, 19 dom\u00e9sticas y 103 extinguidas.<\/li>\n\n\n\n<li>7.349 ilustraciones que representan cada especie, as\u00ed como dimorfismos, morfos y subespecies distintivas.<\/li>\n\n\n\n<li>6.459 mapas de distribuci\u00f3n, con res\u00famenes y notas altitudinales.<\/li>\n\n\n\n<li>Estado de riesgo de extinci\u00f3n seg\u00fan la <a href=\"https:\/\/www.iucnredlist.org\/\" target=\"_blank\" rel=\"noopener\">Lista Roja de la UICN<\/a> indicado para cada especie.<\/li>\n\n\n\n<li>Ap\u00e9ndices sobre especies extintas y dom\u00e9sticas, adem\u00e1s de los \u00faltimos cambios taxon\u00f3micos (107 especies reci\u00e9n descritas y 106 divisiones).<\/li>\n<\/ul>\n\n\n\n<h3 class=\"wp-block-heading\"><strong>Por qu\u00e9 este set es importante<\/strong><\/h3>\n\n\n\n<p>Reuniendo a los grupos de vertebrados m\u00e1s carism\u00e1ticos y familiares, este pack te permite:<\/p>\n\n\n\n<ul class=\"wp-block-list\">\n<li>Contemplar toda la diversidad global de aves y mam\u00edferos en un solo conjunto.<\/li>\n\n\n\n<li>Comparar patrones de evoluci\u00f3n, distribuci\u00f3n y endemismo entre grupos.<\/li>\n\n\n\n<li>Usar ambos libros como herramientas esenciales para la educaci\u00f3n, la investigaci\u00f3n y la conservaci\u00f3n.<\/li>\n\n\n\n<li>Poseer un par de vol\u00famenes de historia natural de referencia, dise\u00f1ados para ser tan inspiradores como autorizados.<\/li>\n<\/ul>\n\n\n\n<p>Juntos, estos dos libros representan la puerta de entrada definitiva al mundo vivo: un tesoro para coleccionistas y una celebraci\u00f3n de la biodiversidad de la Tierra.<\/p>\n\n\n\n<p><\/p>\n\n\n\n<p>Compra <em>All the Birds of the World<\/em> solo <a href=\"https:\/\/lynxnaturebooks.com\/es\/producto\/all-the-birds-of-the-world\/\">aqu\u00ed<\/a>.<br>Compra <em>All the Mammals of the World<\/em> solo <a href=\"https:\/\/lynxnaturebooks.com\/es\/producto\/all-the-mammals-of-the-world\/\">aqu\u00ed<\/a>.<\/p>\n\n\n\n<p class=\"has-text-align-center button-link button-view-all\"><a href=\"#viewall\">View all<\/a><\/p>\n\n\n\n<div style=\"height:117px\" aria-hidden=\"true\" class=\"wp-block-spacer\"><\/div>\n<\/div><\/div>\n\n\n\n<div class=\"wp-block-group max-width-narrow max-height\"><div class=\"wp-block-group__inner-container is-layout-constrained wp-block-group-is-layout-constrained\"><div class=\"wp-block-group max-width-narrow\"><\/div>\n\n\n\n<p class=\"has-text-align-center button-link button-view-all\"><a href=\"#viewall\">View all<\/a><\/p>\n<\/div><\/div>\n\n\n\n<div style=\"height:73px\" aria-hidden=\"true\" class=\"wp-block-spacer\"><\/div>\n\n\n\n<div class=\"wp-block-columns is-layout-flex wp-container-core-columns-is-layout-9d6595d7 wp-block-columns-is-layout-flex\">\n<div class=\"wp-block-column is-layout-flow wp-block-column-is-layout-flow\">\n<figure class=\"wp-block-image size-full\"><img loading=\"lazy\" decoding=\"async\" width=\"873\" height=\"635\" src=\"https:\/\/lynxnaturebooks.com\/wp-content\/uploads\/2024\/05\/obert.jpg\" alt=\"\" class=\"wp-image-82954\" srcset=\"https:\/\/lynxnaturebooks.com\/wp-content\/uploads\/2024\/05\/obert.jpg 873w, https:\/\/lynxnaturebooks.com\/wp-content\/uploads\/2024\/05\/obert-300x218.jpg 300w, https:\/\/lynxnaturebooks.com\/wp-content\/uploads\/2024\/05\/obert-768x559.jpg 768w\" sizes=\"auto, (max-width: 873px) 100vw, 873px\" \/><\/figure>\n<\/div>\n\n\n\n<div class=\"wp-block-column is-layout-flow wp-block-column-is-layout-flow\">\n<figure class=\"wp-block-image size-full\"><img loading=\"lazy\" decoding=\"async\" width=\"873\" height=\"636\" src=\"https:\/\/lynxnaturebooks.com\/wp-content\/uploads\/2024\/05\/birds-interior.jpg\" alt=\"\" class=\"wp-image-82950\" srcset=\"https:\/\/lynxnaturebooks.com\/wp-content\/uploads\/2024\/05\/birds-interior.jpg 873w, https:\/\/lynxnaturebooks.com\/wp-content\/uploads\/2024\/05\/birds-interior-300x219.jpg 300w, https:\/\/lynxnaturebooks.com\/wp-content\/uploads\/2024\/05\/birds-interior-768x560.jpg 768w\" sizes=\"auto, (max-width: 873px) 100vw, 873px\" \/><\/figure>\n<\/div>\n<\/div>\n","protected":false},"excerpt":{"rendered":"<p data-start=\"189\" data-end=\"508\">Por primera vez, puedes explorar todas las aves y todos los mam\u00edferos del planeta en dos vol\u00famenes \u00fanicos, f\u00e1ciles de usar y completamente ilustrados. Creado para un p\u00fablico amplio, este conjunto ofrece la visi\u00f3n m\u00e1s completa y visualmente impresionante de la biodiversidad global de aves y mam\u00edferos jam\u00e1s publicada.<\/p>\n<p data-start=\"510\" data-end=\"710\">Juntos, <em data-start=\"518\" data-end=\"546\">All the Birds of the World<\/em> y <em data-start=\"549\" data-end=\"579\">All the Mammals of the World<\/em> presentan m\u00e1s de 18.000 especies, con ilustraciones, mapas y datos que destacan la riqueza y fragilidad de la vida en la Tierra.<\/p>\n","protected":false},"featured_media":83747,"comment_status":"open","ping_status":"closed","template":"","meta":[],"collection":[],"product_brand":[],"product_cat":[222,228,188,260],"product_tag":[316],"class_list":{"0":"post-71647","1":"product","2":"type-product","3":"status-publish","4":"has-post-thumbnail","6":"product_cat-ofertas","7":"product_cat-aves","8":"product_cat-mamiferos","9":"product_cat-referencia","10":"product_tag-mas-vendidos","12":"first","13":"instock","14":"sale","15":"shipping-taxable","16":"purchasable","17":"product-type-simple"},"_links":{"self":[{"href":"https:\/\/lynxnaturebooks.com\/es\/wp-json\/wp\/v2\/product\/71647","targetHints":{"allow":["GET"]}}],"collection":[{"href":"https:\/\/lynxnaturebooks.com\/es\/wp-json\/wp\/v2\/product"}],"about":[{"href":"https:\/\/lynxnaturebooks.com\/es\/wp-json\/wp\/v2\/types\/product"}],"replies":[{"embeddable":true,"href":"https:\/\/lynxnaturebooks.com\/es\/wp-json\/wp\/v2\/comments?post=71647"}],"wp:featuredmedia":[{"embeddable":true,"href":"https:\/\/lynxnaturebooks.com\/es\/wp-json\/wp\/v2\/media\/83747"}],"wp:attachment":[{"href":"https:\/\/lynxnaturebooks.com\/es\/wp-json\/wp\/v2\/media?parent=71647"}],"wp:term":[{"taxonomy":"collection","embeddable":true,"href":"https:\/\/lynxnaturebooks.com\/es\/wp-json\/wp\/v2\/collection?post=71647"},{"taxonomy":"product_brand","embeddable":true,"href":"https:\/\/lynxnaturebooks.com\/es\/wp-json\/wp\/v2\/product_brand?post=71647"},{"taxonomy":"product_cat","embeddable":true,"href":"https:\/\/lynxnaturebooks.com\/es\/wp-json\/wp\/v2\/product_cat?post=71647"},{"taxonomy":"product_tag","embeddable":true,"href":"https:\/\/lynxnaturebooks.com\/es\/wp-json\/wp\/v2\/product_tag?post=71647"}],"curies":[{"name":"wp","href":"https:\/\/api.w.org\/{rel}","templated":true}]}}