{"id":71643,"date":"2023-05-04T15:00:24","date_gmt":"2023-05-04T15:00:24","guid":{"rendered":"https:\/\/www.lynxeds.com\/?post_type=product&#038;p=71643"},"modified":"2026-01-14T07:25:56","modified_gmt":"2026-01-14T06:25:56","slug":"all-the-mammals-of-the-world","status":"publish","type":"product","link":"https:\/\/lynxnaturebooks.com\/es\/producto\/all-the-mammals-of-the-world\/","title":{"rendered":"All the Mammals of the World"},"content":{"rendered":"\n<div class=\"wp-block-group quote-group\"><div class=\"wp-block-group__inner-container is-layout-constrained wp-block-group-is-layout-constrained\">\n<p class=\"has-text-align-center has-medium-font-size\">&#8220;Se trata de un libro visualmente impresionante que es un aut\u00e9ntico placer coger y hojear, algo que el contacto visual con el Leopardo de las Nieves de la portada indica que podr\u00eda ocurrir incluso antes de pasar la primera p\u00e1gina. (&#8230;) Sin duda es una inversi\u00f3n para toda la vida que impresionar\u00e1 a cualquier naturalista en ciernes. Muy recomendable&#8221;.<\/p>\n\n\n\n<p class=\"has-text-align-center\"><em>\n  <a href=\"https:\/\/www.birdguides.com\/reviews\/all-the-mammals-of-the-world\" target=\"_blank\" rel=\"noopener\">Birdguides<\/a>\n<\/em>, enero de 2024<\/p>\n<\/div><\/div>\n\n\n\n<div style=\"height:47px\" aria-hidden=\"true\" class=\"wp-block-spacer\"><\/div>\n\n\n<div class=\"wp-block-columns attributes-columns\"><div class=\"wp-block-column\"><svg width=\"28px\" height=\"35px\" viewBox=\"0 0 28 35\" version=\"1.1\" xmlns=\"http:\/\/www.w3.org\/2000\/svg\" xmlns:xlink=\"http:\/\/www.w3.org\/1999\/xlink\">\n                            <g id=\"Page-1\" stroke=\"none\" stroke-width=\"1\" fill=\"none\" fill-rule=\"evenodd\" opacity=\"0.147770473\">\n                                <g id=\"24\" transform=\"translate(-287.000000, -1522.000000)\" fill=\"#000000\" fill-rule=\"nonzero\" stroke=\"#000000\" stroke-width=\"0.799586777\">\n                                    <g id=\"Group-3\" transform=\"translate(233.000000, 1504.000000)\">\n                                        <g id=\"Shape-3\" transform=\"translate(55.000000, 19.000000)\">\n                                            <path d=\"M13,0 C9.82319737,0 7.22466566,2.63962325 7.22466566,5.86666055 C7.22466566,8.71794192 9.25407358,11.1008511 11.9171246,11.6187379 L11.9171246,13.9333188 L6.8637075,13.9333188 C6.8261332,13.9313284 6.78848231,13.9313284 6.75090801,13.9333188 C6.331882,13.9764915 5.97550223,14.2625282 5.83723204,14.6666514 L0.0618978813,31.5333078 C-0.0555594524,31.8709186 -0.00391373208,32.2454751 0.200335189,32.5373134 C0.40458411,32.8291517 0.7358774,33.0017525 1.08837297,32.9999866 L13,32.9999866 L24.9116267,32.9999866 C25.2641223,33.0017526 25.5954157,32.8291519 25.7996647,32.5373136 C26.0039137,32.2454752 26.0555595,31.8709186 25.9381021,31.5333078 L20.162768,14.6666514 C20.0091004,14.2252213 19.5972147,13.9309628 19.1362925,13.9333188 L14.082875,13.9333188 L14.082875,11.6187379 C16.7459261,11.1008511 18.775334,8.71794192 18.775334,5.86666055 C18.775334,2.63962325 16.1768026,0 13,0 L13,0 Z M12.9999998,2.19999771 C15.0063443,2.19999771 16.6095839,3.82859001 16.6095839,5.86666055 C16.6095839,7.52644516 15.5508938,8.91385538 14.071595,9.3729069 C13.99526,8.77759028 13.4631728,8.35436769 12.8759203,8.42186622 C12.3828087,8.48076346 11.9922861,8.87273886 11.9284046,9.3729069 C10.4491059,8.91385538 9.39041606,7.52644516 9.39041606,5.86666055 C9.39041606,3.82859001 10.9936557,2.19999771 12.9999998,2.19999771 L12.9999998,2.19999771 Z M7.6307439,16.1333239 L12.9999998,16.1333239 L18.3692561,16.1333239 L23.3888335,30.7999752 L12.9999998,30.7999752 L2.61116648,30.7999752 L7.6307439,16.1333239 L7.6307439,16.1333239 Z\" id=\"Shape\"><\/path>\n                                        <\/g>\n                                    <\/g>\n                                <\/g>\n                            <\/g>\n                        <\/svg><p class=\"has-small-font-size\">Peso<\/p><p class=\"attribute\">4.3 kg<\/p><\/div><div class=\"wp-block-column\"><svg width=\"34px\" height=\"35px\" viewBox=\"0 0 34 35\" version=\"1.1\" xmlns=\"http:\/\/www.w3.org\/2000\/svg\" xmlns:xlink=\"http:\/\/www.w3.org\/1999\/xlink\">\n                            <g id=\"Page-1\" stroke=\"none\" stroke-width=\"1\" fill=\"none\" fill-rule=\"evenodd\" opacity=\"0.147770473\">\n                                <g id=\"24\" transform=\"translate(-471.000000, -1523.000000)\" fill=\"#000000\" fill-rule=\"nonzero\">\n                                    <g id=\"Group-3\" transform=\"translate(233.000000, 1504.000000)\">\n                                        <g id=\"Group-10\" transform=\"translate(238.000000, 19.000000)\">\n                                            <polygon id=\"Path\" points=\"0 9.72222222 2 9.72222222 2 33.0555556 0 33.0555556 0 35 6 35 6 33.0555556 4 33.0555556 4 9.72222222 6 9.72222222 6 7.77777778 0 7.77777778\"><\/polygon>\n                                            <polygon id=\"Path\" points=\"32 1.94444444 10 1.94444444 10 0 8 0 8 5.83333333 10 5.83333333 10 3.88888889 32 3.88888889 32 5.83333333 34 5.83333333 34 0 32 0\"><\/polygon>\n                                            <path d=\"M8,7.77777778 L8,30.1388889 L13,35 L33,35 L33,12.6388889 L28,7.77777778 L8,7.77777778 Z M11,10.6944444 L26,10.6944444 L26,28.1944444 L11,28.1944444 L11,10.6944444 Z M30,32.0833333 L14.24,32.0833333 L12.24,30.1388889 L28,30.1388889 L28,11.9 L30,13.8444444 L30,32.0833333 Z\" id=\"Shape\"><\/path>\n                                            <rect id=\"Rectangle\" x=\"13\" y=\"15.5555556\" width=\"11\" height=\"1.94444444\"><\/rect>\n                                            <rect id=\"Rectangle\" x=\"15\" y=\"19.4444444\" width=\"7\" height=\"1.94444444\"><\/rect>\n                                        <\/g>\n                                    <\/g>\n                                <\/g>\n                            <\/g>\n                        <\/svg><p class=\"has-small-font-size\">Dimensiones<\/p><p class=\"attribute\">24 &times; 31 cm<\/p><\/div><div class=\"wp-block-column\"><svg width=\"26px\" height=\"30px\" viewBox=\"0 0 26 30\" version=\"1.1\" xmlns=\"http:\/\/www.w3.org\/2000\/svg\" xmlns:xlink=\"http:\/\/www.w3.org\/1999\/xlink\">\n                            <g id=\"Page-1\" stroke=\"none\" stroke-width=\"1\" fill=\"none\" fill-rule=\"evenodd\" opacity=\"0.147770473\">\n                                <g id=\"24\" transform=\"translate(-661.000000, -1528.000000)\" fill=\"#000000\" fill-rule=\"nonzero\">\n                                    <g id=\"Group-3\" transform=\"translate(233.000000, 1504.000000)\">\n                                        <g id=\"Group-12\" transform=\"translate(428.000000, 24.000000)\">\n                                            <path d=\"M0,0 L0,25.8333333 L4.19354839,30 L26,30 L26,4.16666667 L21.8064516,0 M2.01290323,2.5 L20.1290323,2.5 L20.1290323,24.1666667 L2.01290323,24.1666667 L2.01290323,2.5 Z M23.483871,27.5 L5.23354839,27.5 L3.55612903,25.8333333 L21.8064516,25.8333333 L21.8064516,3.53333333 L23.483871,5.2 L23.483871,27.5 Z\" id=\"Shape\"><\/path>\n                                            <rect id=\"Rectangle\" x=\"7.5483871\" y=\"8.33333333\" width=\"10.9032258\" height=\"1.66666667\"><\/rect>\n                                            <rect id=\"Rectangle\" x=\"7.5483871\" y=\"11.6666667\" width=\"10.9032258\" height=\"1.66666667\"><\/rect>\n                                            <rect id=\"Rectangle\" x=\"7.5483871\" y=\"15\" width=\"10.9032258\" height=\"1.66666667\"><\/rect>\n                                            <rect id=\"Rectangle\" x=\"7.5483871\" y=\"18.3333333\" width=\"5.87096774\" height=\"1.66666667\"><\/rect>\n                                        <\/g>\n                                    <\/g>\n                                <\/g>\n                            <\/g>\n                        <\/svg><p class=\"has-small-font-size\">Idioma<\/p><p class=\"attribute\">Ingl\u00e9s<\/p><\/div><div class=\"wp-block-column\"><svg width=\"26px\" height=\"30px\" viewBox=\"0 0 26 30\" version=\"1.1\" xmlns=\"http:\/\/www.w3.org\/2000\/svg\" xmlns:xlink=\"http:\/\/www.w3.org\/1999\/xlink\">\n                            <g id=\"Page-1\" stroke=\"none\" stroke-width=\"1\" fill=\"none\" fill-rule=\"evenodd\" opacity=\"0.147770473\">\n                                <g id=\"24\" transform=\"translate(-661.000000, -1528.000000)\" fill=\"#000000\" fill-rule=\"nonzero\">\n                                    <g id=\"Group-3\" transform=\"translate(233.000000, 1504.000000)\">\n                                        <g id=\"Group-12\" transform=\"translate(428.000000, 24.000000)\">\n                                            <path d=\"M0,0 L0,25.8333333 L4.19354839,30 L26,30 L26,4.16666667 L21.8064516,0 M2.01290323,2.5 L20.1290323,2.5 L20.1290323,24.1666667 L2.01290323,24.1666667 L2.01290323,2.5 Z M23.483871,27.5 L5.23354839,27.5 L3.55612903,25.8333333 L21.8064516,25.8333333 L21.8064516,3.53333333 L23.483871,5.2 L23.483871,27.5 Z\" id=\"Shape\"><\/path>\n                                            <rect id=\"Rectangle\" x=\"7.5483871\" y=\"8.33333333\" width=\"10.9032258\" height=\"1.66666667\"><\/rect>\n                                            <rect id=\"Rectangle\" x=\"7.5483871\" y=\"11.6666667\" width=\"10.9032258\" height=\"1.66666667\"><\/rect>\n                                            <rect id=\"Rectangle\" x=\"7.5483871\" y=\"15\" width=\"10.9032258\" height=\"1.66666667\"><\/rect>\n                                            <rect id=\"Rectangle\" x=\"7.5483871\" y=\"18.3333333\" width=\"5.87096774\" height=\"1.66666667\"><\/rect>\n                                        <\/g>\n                                    <\/g>\n                                <\/g>\n                            <\/g>\n                        <\/svg><p class=\"has-small-font-size\">P\u00e1ginas<\/p><p class=\"attribute\">800<\/p><\/div><div class=\"wp-block-column\"><svg width=\"26px\" height=\"30px\" viewBox=\"0 0 26 30\" version=\"1.1\" xmlns=\"http:\/\/www.w3.org\/2000\/svg\" xmlns:xlink=\"http:\/\/www.w3.org\/1999\/xlink\">\n                            <g id=\"Page-1\" stroke=\"none\" stroke-width=\"1\" fill=\"none\" fill-rule=\"evenodd\" opacity=\"0.147770473\">\n                                <g id=\"24\" transform=\"translate(-849.000000, -1528.000000)\" fill=\"#000000\" fill-rule=\"nonzero\">\n                                    <g id=\"Group-3\" transform=\"translate(233.000000, 1504.000000)\">\n                                        <g id=\"Group-11\" transform=\"translate(616.000000, 24.000000)\">\n                                            <path d=\"M0,0 L0,25.8333333 L4.19354839,30 L26,30 L26,4.16666667 L21.8064516,0 L0,0 Z M2.51612903,2.5 L20.1290323,2.5 L20.1290323,24.1666667 L2.51612903,24.1666667 L2.51612903,2.5 Z M23.483871,27.5 L5.23354839,27.5 L3.55612903,25.8333333 L21.8064516,25.8333333 L21.8064516,3.53333333 L23.483871,5.2 L23.483871,27.5 Z\" id=\"Shape\"><\/path>\n                                            <path d=\"M5.03225806,13.3333333 L17.6129032,13.3333333 L17.6129032,5 L5.03225806,5 L5.03225806,13.3333333 Z M6.70967742,6.66666667 L15.9354839,6.66666667 L15.9354839,11.6666667 L6.70967742,11.6666667 L6.70967742,6.66666667 Z\" id=\"Shape\"><\/path>\n                                        <\/g>\n                                    <\/g>\n                                <\/g>\n                            <\/g>\n                        <\/svg><p class=\"has-small-font-size\">Fecha de publicaci\u00f3n<\/p><p class=\"attribute\">mayo 2023<\/p><\/div><div class=\"wp-block-column\"><svg width=\"26px\" height=\"30px\" viewBox=\"0 0 26 30\" version=\"1.1\" xmlns=\"http:\/\/www.w3.org\/2000\/svg\" xmlns:xlink=\"http:\/\/www.w3.org\/1999\/xlink\">\n                            <g id=\"Page-1\" stroke=\"none\" stroke-width=\"1\" fill=\"none\" fill-rule=\"evenodd\" opacity=\"0.147770473\">\n                                <g id=\"24\" transform=\"translate(-1222.000000, -1528.000000)\" fill=\"#000000\" fill-rule=\"nonzero\">\n                                    <g id=\"Group-3\" transform=\"translate(233.000000, 1504.000000)\">\n                                        <g id=\"Shape-2\" transform=\"translate(989.000000, 24.000000)\">\n                                            <path d=\"M0,0 L0,25.8333333 L4.19354839,30 L26,30 L26,4.16666667 L21.8064516,0 L0,0 Z M6.70967742,2.5 L10.0645161,2.5 L10.0645161,10.1 L8.38709677,9 L6.70967742,10.1 L6.70967742,2.5 Z M2.51612903,2.5 L5.03225806,2.5 L5.03225806,13.2333333 L8.38709677,11 L11.7419355,13.2333333 L11.7419355,2.5 L20.1290323,2.5 L20.1290323,24.1666667 L2.51612903,24.1666667 L2.51612903,2.5 Z M23.483871,27.5 L5.23354839,27.5 L3.55612903,25.8333333 L21.8064516,25.8333333 L21.8064516,3.53333333 L23.483871,5.2 L23.483871,27.5 Z\" id=\"Shape\"><\/path>\n                                        <\/g>\n                                    <\/g>\n                                <\/g>\n                            <\/g>\n                        <\/svg><p class=\"has-small-font-size\">Publicado por<\/p><p class=\"attribute\">Lynx Nature Books<\/p><\/div><\/div><div id=\"professionals\" class=\"max-width padding-sides\"><h2>Ilustradores<\/h2><div class=\"professionals-wrapper\"><p class=\"professional\"><a href=\"https:\/\/lynxnaturebooks.com\/professional\/toni-llobet\/\">Toni Llobet<\/a><\/p><p class=\"professional\"><a href=\"https:\/\/lynxnaturebooks.com\/professional\/ilian-velikov\/\">Ilian Velikov<\/a><\/p><p class=\"professional\"><a href=\"https:\/\/lynxnaturebooks.com\/es\/professional\/lluis-sogorb\/\">Llu\u00eds Sogorb<\/a><\/p><p class=\"professional\"><a href=\"https:\/\/lynxnaturebooks.com\/es\/professional\/faansie-peacock\/\">Faansie Peacock<\/a><\/p><p class=\"professional\"><a href=\"https:\/\/lynxnaturebooks.com\/es\/professional\/francesc-jutglar\/\">Francesc Jutglar<\/a><\/p><p class=\"professional\"><a href=\"https:\/\/lynxnaturebooks.com\/es\/professional\/alex-mascarell\/\">\u00c0lex Mascarell<\/a><\/p><p class=\"professional\"><a href=\"https:\/\/lynxnaturebooks.com\/es\/professional\/blanca-marti\/\">Blanca Mart\u00ed<\/a><\/p><p class=\"professional\"><a href=\"https:\/\/lynxnaturebooks.com\/es\/professional\/jesus-rodriguez-osorio\/\">Jes\u00fas Rodr\u00edguez-Osorio<\/a><\/p><\/div><\/div>        <!-- <h2 id=\"autors\" class=\"has-text-align-center\"><\/h2>\n        <div class=\"product-autors max-width-narrow\">\n                    <\/div> -->\n    \n\n\n\n<div style=\"height:37px\" aria-hidden=\"true\" class=\"wp-block-spacer\"><\/div>\n\n\n\n<div class=\"wp-block-columns same-height max-width-wide is-layout-flex wp-container-core-columns-is-layout-9d6595d7 wp-block-columns-is-layout-flex\">\n<div class=\"wp-block-column is-layout-flow wp-block-column-is-layout-flow\">\n<div class=\"wp-block-columns are-vertically-aligned-center rounded-corners  has-fons-background-color has-background is-layout-flex wp-container-core-columns-is-layout-9d6595d7 wp-block-columns-is-layout-flex\">\n<div class=\"wp-block-column is-vertically-aligned-center is-layout-flow wp-block-column-is-layout-flow\">\n<figure class=\"wp-block-image size-full\"><img loading=\"lazy\" decoding=\"async\" width=\"300\" height=\"204\" src=\"https:\/\/lynxnaturebooks.com\/wp-content\/uploads\/2024\/06\/All-the-Mammals-of-the-World_open-book-300x204-1.webp\" alt=\"\" class=\"wp-image-83702\"\/><\/figure>\n<\/div>\n\n\n\n<div class=\"wp-block-column is-vertically-aligned-center is-layout-flow wp-block-column-is-layout-flow\">\n<p class=\"has-medium-font-size\">\u00a1Explora la riqueza de detalles y caracter\u00edsticas que incluye cada p\u00e1gina!<\/p>\n\n\n\n<p class=\"button-link\"><a href=\"https:\/\/www.lynxeds.com\/info-all-the-mammals-of-the-world\/\" target=\"_blank\" rel=\"noopener\">ECHA UN VISTAZO<\/a><\/p>\n<\/div>\n<\/div>\n<\/div>\n\n\n\n<div class=\"wp-block-column is-layout-flow wp-block-column-is-layout-flow\">\n<div class=\"wp-block-columns are-vertically-aligned-center rounded-corners has-fons-background-color has-background is-layout-flex wp-container-core-columns-is-layout-9d6595d7 wp-block-columns-is-layout-flex\">\n<div class=\"wp-block-column is-vertically-aligned-center is-layout-flow wp-block-column-is-layout-flow\">\n<figure class=\"wp-block-image size-full\"><img loading=\"lazy\" decoding=\"async\" width=\"2335\" height=\"2550\" src=\"https:\/\/lynxnaturebooks.com\/wp-content\/uploads\/2023\/05\/lynx-All-the-Birds-All-the-Mammals-World-set.webp\" alt=\"\" class=\"wp-image-83744\" srcset=\"https:\/\/lynxnaturebooks.com\/wp-content\/uploads\/2023\/05\/lynx-All-the-Birds-All-the-Mammals-World-set.webp 2335w, https:\/\/lynxnaturebooks.com\/wp-content\/uploads\/2023\/05\/lynx-All-the-Birds-All-the-Mammals-World-set-900x983.webp 900w, https:\/\/lynxnaturebooks.com\/wp-content\/uploads\/2023\/05\/lynx-All-the-Birds-All-the-Mammals-World-set-275x300.webp 275w, https:\/\/lynxnaturebooks.com\/wp-content\/uploads\/2023\/05\/lynx-All-the-Birds-All-the-Mammals-World-set-938x1024.webp 938w, https:\/\/lynxnaturebooks.com\/wp-content\/uploads\/2023\/05\/lynx-All-the-Birds-All-the-Mammals-World-set-768x839.webp 768w, https:\/\/lynxnaturebooks.com\/wp-content\/uploads\/2023\/05\/lynx-All-the-Birds-All-the-Mammals-World-set-1406x1536.webp 1406w, https:\/\/lynxnaturebooks.com\/wp-content\/uploads\/2023\/05\/lynx-All-the-Birds-All-the-Mammals-World-set-1875x2048.webp 1875w\" sizes=\"auto, (max-width: 2335px) 100vw, 2335px\" \/><\/figure>\n<\/div>\n\n\n\n<div class=\"wp-block-column is-vertically-aligned-center is-layout-flow wp-block-column-is-layout-flow\">\n<p class=\"has-medium-font-size\">Ahorra comprando el pack <em>All the Birds of the World<\/em> y <em>All the Mammals of the World<\/em>.<\/p>\n\n\n\n<p class=\"button-link\"><a href=\"https:\/\/lynxnaturebooks.com\/es\/producto\/all-the-birds-of-the-world-all-the-mammals-of-the-world-set-of-two-volumes\/\">\u00a1LO QUIERO!<\/a><\/p>\n<\/div>\n<\/div>\n<\/div>\n<\/div>\n\n\n\n<div style=\"height:37px\" aria-hidden=\"true\" class=\"wp-block-spacer\"><\/div>\n\n\n\n<div class=\"wp-block-group max-width-narrow max-height\"><div class=\"wp-block-group__inner-container is-layout-constrained wp-block-group-is-layout-constrained\">\n<h2 class=\"wp-block-heading has-text-align-center\">Descripci\u00f3n<\/h2>\n\n\n\n<p>Por primera vez, puedes contemplar todos los mam\u00edferos del mundo juntos en un \u00fanico volumen f\u00e1cil de usar y totalmente ilustrado. Creado para un p\u00fablico amplio, desde entusiastas de la fauna salvaje hasta expertos mastozo\u00f3logos, investigadores, conservacionistas y cualquier persona interesada en la espectacular diversidad de los mam\u00edferos, este libro tiene algo para todos.<\/p>\n\n\n\n<ul class=\"wp-block-list\">\n<li>Presenta 6581 especies en total, incluidas 6459 especies salvajes existentes, 19 especies dom\u00e9sticas y 103 especies extinguidas.<\/li>\n\n\n\n<li>7349 ilustraciones que abarcan todas las especies, as\u00ed como el dimorfismo sexual, los morfos y algunas subespecies distintivas.<\/li>\n\n\n\n<li>Se facilitan las medidas pertinentes de longitud y masa cuando est\u00e1n disponibles, as\u00ed como datos adicionales de los grupos cuando son importantes.<\/li>\n\n\n\n<li>6459 mapas de distribuci\u00f3n, con resumen escrito y notas sobre los rangos altitudinales.<\/li>\n\n\n\n<li>Las 2834 especies end\u00e9micas de un solo pa\u00eds claramente marcadas.<\/li>\n\n\n\n<li>Nombres comunes de las especies en ingl\u00e9s, franc\u00e9s, alem\u00e1n y espa\u00f1ol, as\u00ed como nombres cient\u00edficos.<\/li>\n\n\n\n<li>Para cada especie se indica la categor\u00eda de riesgo de extinci\u00f3n de la Lista Roja de la UICN, para destacar la importancia de su estudio y conservaci\u00f3n.<\/li>\n\n\n\n<li>Resumen taxon\u00f3mico del n\u00famero de subespecies de cada tax\u00f3n.<\/li>\n\n\n\n<li>Ap\u00e9ndice con todos los cambios taxon\u00f3micos desde la publicaci\u00f3n del <em><a href=\"https:\/\/lynxnaturebooks.com\/es\/?attachment_id=63327\">Illustrated Checklist of the Mammals of the World<\/a><\/em> hasta 2023, incluyendo 107 especies reci\u00e9n descritas y 106 especies divididas, y explicando los casos m\u00e1s importantes.<\/li>\n\n\n\n<li>M\u00e1s de 100 especies que se sabe que se han extinguido desde el a\u00f1o 1500 presentadas por separado con textos y mapas de distribuci\u00f3n en su propio ap\u00e9ndice.<\/li>\n\n\n\n<li>El resumen de las especies dom\u00e9sticas reconocidas figura en un ap\u00e9ndice aparte.<\/li>\n\n\n\n<li>Un atlas mundial de 37 p\u00e1ginas de mapas de referencia en color, con detalles relevantes de inter\u00e9s para los aficionados y profesionales de los mam\u00edferos.<\/li>\n\n\n\n<li>La forma m\u00e1s f\u00e1cil y divertida de navegar por todos los mam\u00edferos del mundo.<\/li>\n<\/ul>\n\n\n\n<p><em>All the Mammals of the World<\/em> tiene dos claros antecedentes, con los que comparte muchos de sus objetivos, especialmente el de difundir y promover el inter\u00e9s por los mam\u00edferos y la fauna salvaje en todo el mundo: el <em><a href=\"https:\/\/lynxnaturebooks.com\/es\/producto\/handbook-of-the-mammals-of-the-world-volumes-1-9\/\">Handbook of the Mammals of the World<\/a><\/em> en 9 vol\u00famenes, la primera obra impresa que incluye todos los mam\u00edferos del mundo; y el <a href=\"https:\/\/lynxnaturebooks.com\/es\/?attachment_id=63327\"><\/a><em><a href=\"https:\/\/lynxnaturebooks.com\/es\/?attachment_id=63327\">Illustrated Checklist of the Mammals of the World<\/a><\/em> en dos vol\u00famenes, que ofrece una revisi\u00f3n taxon\u00f3mica de la publicaci\u00f3n anterior. <em>All the Mammals of the World<\/em> pretende acercar la extraordinaria riqueza y diversidad de los mam\u00edferos del mundo a un p\u00fablico m\u00e1s amplio.<\/p>\n\n\n\n<p>Hay varias diferencias entre <em>All the Mammals of the World<\/em> y el <a href=\"https:\/\/lynxnaturebooks.com\/es\/?attachment_id=63327\"><\/a><em><a href=\"https:\/\/lynxnaturebooks.com\/es\/?attachment_id=63327\">Illustrated Checklist of the Mammals of the World<\/a><\/em> en dos vol\u00famenes. Una obvia es que <em>All the Mammals of the World<\/em> es un solo volumen, y su precio es mucho menor que el del checklist. Esperamos que sea m\u00e1s accesible a muchas m\u00e1s personas para las que el checklist era quiz\u00e1 demasiado t\u00e9cnico y no tan asequible.<\/p>\n\n\n\n<p>En resumen, por primera vez, es posible acceder a todas las especies de mam\u00edferos del mundo en un \u00fanico volumen ilustrado y f\u00e1cil de usar, y a un precio significativamente inferior al de incluso un volumen de las dem\u00e1s obras que tratan de los mam\u00edferos del mundo. Esperamos que este nuevo libro llegue a un gran n\u00famero de personas, despertando y aumentando su inter\u00e9s por los mam\u00edferos y la vida salvaje, y que para muchas de ellas sea un primer paso hacia la pasi\u00f3n por la naturaleza, la biodiversidad y la conservaci\u00f3n de nuestro planeta.<\/p>\n\n\n\n<p class=\"has-text-align-center button-link button-view-all\">Ver todo<\/p>\n<\/div><\/div>\n\n\n\n<div style=\"height:20px\" aria-hidden=\"true\" class=\"wp-block-spacer\"><\/div>\n\n\n\n<div class=\"wp-block-group max-width-narrow max-height\"><div class=\"wp-block-group__inner-container is-layout-constrained wp-block-group-is-layout-constrained\"><div class=\"wp-block-group max-width-narrow\"><\/div>\n\n\n\n<p class=\"has-text-align-center button-link button-view-all\">Ver todo<\/p>\n<\/div><\/div>\n","protected":false},"excerpt":{"rendered":"<p>Por primera vez, puedes acceder a todos los mam\u00edferos del mundo\u00a0juntos en un \u00fanico volumen f\u00e1cil de usar y totalmente ilustrado. Creado para un p\u00fablico amplio, desde entusiastas de la vida salvaje hasta expertos mastozo\u00f3logos, investigadores, conservacionistas y cualquier persona interesada en la espectacular diversidad de los mam\u00edferos, este libro tiene algo para todos.<\/p>\n","protected":false},"featured_media":83738,"comment_status":"open","ping_status":"closed","template":"","meta":[],"collection":[],"product_brand":[],"product_cat":[188,260],"product_tag":[316],"class_list":{"0":"post-71643","1":"product","2":"type-product","3":"status-publish","4":"has-post-thumbnail","6":"product_cat-mamiferos","7":"product_cat-referencia","8":"product_tag-mas-vendidos","10":"first","11":"instock","12":"sale","13":"shipping-taxable","14":"purchasable","15":"product-type-simple"},"_links":{"self":[{"href":"https:\/\/lynxnaturebooks.com\/es\/wp-json\/wp\/v2\/product\/71643","targetHints":{"allow":["GET"]}}],"collection":[{"href":"https:\/\/lynxnaturebooks.com\/es\/wp-json\/wp\/v2\/product"}],"about":[{"href":"https:\/\/lynxnaturebooks.com\/es\/wp-json\/wp\/v2\/types\/product"}],"replies":[{"embeddable":true,"href":"https:\/\/lynxnaturebooks.com\/es\/wp-json\/wp\/v2\/comments?post=71643"}],"wp:featuredmedia":[{"embeddable":true,"href":"https:\/\/lynxnaturebooks.com\/es\/wp-json\/wp\/v2\/media\/83738"}],"wp:attachment":[{"href":"https:\/\/lynxnaturebooks.com\/es\/wp-json\/wp\/v2\/media?parent=71643"}],"wp:term":[{"taxonomy":"collection","embeddable":true,"href":"https:\/\/lynxnaturebooks.com\/es\/wp-json\/wp\/v2\/collection?post=71643"},{"taxonomy":"product_brand","embeddable":true,"href":"https:\/\/lynxnaturebooks.com\/es\/wp-json\/wp\/v2\/product_brand?post=71643"},{"taxonomy":"product_cat","embeddable":true,"href":"https:\/\/lynxnaturebooks.com\/es\/wp-json\/wp\/v2\/product_cat?post=71643"},{"taxonomy":"product_tag","embeddable":true,"href":"https:\/\/lynxnaturebooks.com\/es\/wp-json\/wp\/v2\/product_tag?post=71643"}],"curies":[{"name":"wp","href":"https:\/\/api.w.org\/{rel}","templated":true}]}}