{"id":69949,"date":"2024-11-12T11:52:00","date_gmt":"2024-11-12T10:52:00","guid":{"rendered":"https:\/\/www.lynxeds.com\/?post_type=product&#038;p=69949"},"modified":"2026-04-24T02:24:35","modified_gmt":"2026-04-24T00:24:35","slug":"birds-that-leave-their-mark","status":"publish","type":"product","link":"https:\/\/lynxnaturebooks.com\/es\/producto\/birds-that-leave-their-mark\/","title":{"rendered":"<span class=\"title\">Birds That Leave Their Mark<\/span><span class=\"subtitle\">Tracks and Signs of Birds in South-west Europe<\/span>"},"content":{"rendered":"\n<div class=\"wp-block-group frases-slide\"><div class=\"wp-block-group__inner-container is-layout-constrained wp-block-group-is-layout-constrained\">\n<div class=\"wp-block-group quote-group slide\"><div class=\"wp-block-group__inner-container is-layout-constrained wp-block-group-is-layout-constrained\">\n<p class=\"has-text-align-center has-medium-font-size\">&#8220;Esta gu\u00eda se centra en el rastreo y la identificaci\u00f3n de los numerosos indicios que dejan las aves, desde huellas y plumas hasta egagr\u00f3pilas y restos \u00f3seos&#8221;.<\/p>\n\n\n\n<p class=\"has-text-align-center\">Jan S\u00f6dersved, <strong><em>Linnut<\/em><\/strong>, enero de 2025\/p>\n<\/div><\/div>\n\n\n\n<div class=\"wp-block-group quote-group slide\"><div class=\"wp-block-group__inner-container is-layout-constrained wp-block-group-is-layout-constrained\">\n<p class=\"has-text-align-center has-medium-font-size\">&#8220;Este libro, cuidadosamente elaborado, tiene como objetivo proporcionar a los entusiastas de las aves nuevas herramientas y hacer que la observaci\u00f3n de aves sea m\u00e1s accesible para cualquier persona interesada en la naturaleza. Gracias a las im\u00e1genes bien seleccionadas y las explicaciones detalladas, los lectores pueden, por ejemplo, explorar las orillas de un r\u00edo cercano e identificar las huellas de las aves que habitan en ese entorno&#8221;.<\/p>\n\n\n\n<p class=\"has-text-align-center\">Walter Belis, <em><a href=\"https:\/\/www.natuurpunt.be\/dit-is-natuurpunt\/natuurstudie\/natuuroriolus\/boekbesprekingen-uit-natuuroriolus\" target=\"_blank\" rel=\"noopener\"><strong>Natuur.oriolus<\/strong><\/a><\/em>, diciembre de 2024<\/p>\n<\/div><\/div>\n\n\n\n<div class=\"wp-block-group quote-group slide\"><div class=\"wp-block-group__inner-container is-layout-constrained wp-block-group-is-layout-constrained\">\n<p class=\"has-text-align-center has-medium-font-size\">&#8220;El libro tiene sin duda un gran valor para la identificaci\u00f3n de rastros (&#8230;). El enfoque es interesante porque el autor tambi\u00e9n aborda la combinaci\u00f3n de distintos indicios: huellas, plumas, excrementos, cr\u00e1neos&#8230; El contenido va m\u00e1s all\u00e1 de la identificaci\u00f3n tradicional, ofreciendo claves para comprender el comportamiento de las aves a trav\u00e9s de los signos sutiles que dejan en su vida cotidiana&#8221;.<\/p>\n\n\n\n<p class=\"has-text-align-center\">Walter Belis, <strong><em>Aves<\/em><\/strong> 61(4), 2024<\/p>\n<\/div><\/div>\n<\/div><\/div>\n\n\n\n<div style=\"height:39px\" aria-hidden=\"true\" class=\"wp-block-spacer\"><\/div>\n\n\n<div class=\"wp-block-columns attributes-columns\"><div class=\"wp-block-column\"><svg width=\"28px\" height=\"35px\" viewBox=\"0 0 28 35\" version=\"1.1\" xmlns=\"http:\/\/www.w3.org\/2000\/svg\" xmlns:xlink=\"http:\/\/www.w3.org\/1999\/xlink\">\n                            <g id=\"Page-1\" stroke=\"none\" stroke-width=\"1\" fill=\"none\" fill-rule=\"evenodd\" opacity=\"0.147770473\">\n                                <g id=\"24\" transform=\"translate(-287.000000, -1522.000000)\" fill=\"#000000\" fill-rule=\"nonzero\" stroke=\"#000000\" stroke-width=\"0.799586777\">\n                                    <g id=\"Group-3\" transform=\"translate(233.000000, 1504.000000)\">\n                                        <g id=\"Shape-3\" transform=\"translate(55.000000, 19.000000)\">\n                                            <path d=\"M13,0 C9.82319737,0 7.22466566,2.63962325 7.22466566,5.86666055 C7.22466566,8.71794192 9.25407358,11.1008511 11.9171246,11.6187379 L11.9171246,13.9333188 L6.8637075,13.9333188 C6.8261332,13.9313284 6.78848231,13.9313284 6.75090801,13.9333188 C6.331882,13.9764915 5.97550223,14.2625282 5.83723204,14.6666514 L0.0618978813,31.5333078 C-0.0555594524,31.8709186 -0.00391373208,32.2454751 0.200335189,32.5373134 C0.40458411,32.8291517 0.7358774,33.0017525 1.08837297,32.9999866 L13,32.9999866 L24.9116267,32.9999866 C25.2641223,33.0017526 25.5954157,32.8291519 25.7996647,32.5373136 C26.0039137,32.2454752 26.0555595,31.8709186 25.9381021,31.5333078 L20.162768,14.6666514 C20.0091004,14.2252213 19.5972147,13.9309628 19.1362925,13.9333188 L14.082875,13.9333188 L14.082875,11.6187379 C16.7459261,11.1008511 18.775334,8.71794192 18.775334,5.86666055 C18.775334,2.63962325 16.1768026,0 13,0 L13,0 Z M12.9999998,2.19999771 C15.0063443,2.19999771 16.6095839,3.82859001 16.6095839,5.86666055 C16.6095839,7.52644516 15.5508938,8.91385538 14.071595,9.3729069 C13.99526,8.77759028 13.4631728,8.35436769 12.8759203,8.42186622 C12.3828087,8.48076346 11.9922861,8.87273886 11.9284046,9.3729069 C10.4491059,8.91385538 9.39041606,7.52644516 9.39041606,5.86666055 C9.39041606,3.82859001 10.9936557,2.19999771 12.9999998,2.19999771 L12.9999998,2.19999771 Z M7.6307439,16.1333239 L12.9999998,16.1333239 L18.3692561,16.1333239 L23.3888335,30.7999752 L12.9999998,30.7999752 L2.61116648,30.7999752 L7.6307439,16.1333239 L7.6307439,16.1333239 Z\" id=\"Shape\"><\/path>\n                                        <\/g>\n                                    <\/g>\n                                <\/g>\n                            <\/g>\n                        <\/svg><p class=\"has-small-font-size\">Peso<\/p><p class=\"attribute\">0.52 kg<\/p><\/div><div class=\"wp-block-column\"><svg width=\"34px\" height=\"35px\" viewBox=\"0 0 34 35\" version=\"1.1\" xmlns=\"http:\/\/www.w3.org\/2000\/svg\" xmlns:xlink=\"http:\/\/www.w3.org\/1999\/xlink\">\n                            <g id=\"Page-1\" stroke=\"none\" stroke-width=\"1\" fill=\"none\" fill-rule=\"evenodd\" opacity=\"0.147770473\">\n                                <g id=\"24\" transform=\"translate(-471.000000, -1523.000000)\" fill=\"#000000\" fill-rule=\"nonzero\">\n                                    <g id=\"Group-3\" transform=\"translate(233.000000, 1504.000000)\">\n                                        <g id=\"Group-10\" transform=\"translate(238.000000, 19.000000)\">\n                                            <polygon id=\"Path\" points=\"0 9.72222222 2 9.72222222 2 33.0555556 0 33.0555556 0 35 6 35 6 33.0555556 4 33.0555556 4 9.72222222 6 9.72222222 6 7.77777778 0 7.77777778\"><\/polygon>\n                                            <polygon id=\"Path\" points=\"32 1.94444444 10 1.94444444 10 0 8 0 8 5.83333333 10 5.83333333 10 3.88888889 32 3.88888889 32 5.83333333 34 5.83333333 34 0 32 0\"><\/polygon>\n                                            <path d=\"M8,7.77777778 L8,30.1388889 L13,35 L33,35 L33,12.6388889 L28,7.77777778 L8,7.77777778 Z M11,10.6944444 L26,10.6944444 L26,28.1944444 L11,28.1944444 L11,10.6944444 Z M30,32.0833333 L14.24,32.0833333 L12.24,30.1388889 L28,30.1388889 L28,11.9 L30,13.8444444 L30,32.0833333 Z\" id=\"Shape\"><\/path>\n                                            <rect id=\"Rectangle\" x=\"13\" y=\"15.5555556\" width=\"11\" height=\"1.94444444\"><\/rect>\n                                            <rect id=\"Rectangle\" x=\"15\" y=\"19.4444444\" width=\"7\" height=\"1.94444444\"><\/rect>\n                                        <\/g>\n                                    <\/g>\n                                <\/g>\n                            <\/g>\n                        <\/svg><p class=\"has-small-font-size\">Dimensiones<\/p><p class=\"attribute\">15 &times; 21 cm<\/p><\/div><div class=\"wp-block-column\"><svg width=\"26px\" height=\"30px\" viewBox=\"0 0 26 30\" version=\"1.1\" xmlns=\"http:\/\/www.w3.org\/2000\/svg\" xmlns:xlink=\"http:\/\/www.w3.org\/1999\/xlink\">\n                            <g id=\"Page-1\" stroke=\"none\" stroke-width=\"1\" fill=\"none\" fill-rule=\"evenodd\" opacity=\"0.147770473\">\n                                <g id=\"24\" transform=\"translate(-661.000000, -1528.000000)\" fill=\"#000000\" fill-rule=\"nonzero\">\n                                    <g id=\"Group-3\" transform=\"translate(233.000000, 1504.000000)\">\n                                        <g id=\"Group-12\" transform=\"translate(428.000000, 24.000000)\">\n                                            <path d=\"M0,0 L0,25.8333333 L4.19354839,30 L26,30 L26,4.16666667 L21.8064516,0 M2.01290323,2.5 L20.1290323,2.5 L20.1290323,24.1666667 L2.01290323,24.1666667 L2.01290323,2.5 Z M23.483871,27.5 L5.23354839,27.5 L3.55612903,25.8333333 L21.8064516,25.8333333 L21.8064516,3.53333333 L23.483871,5.2 L23.483871,27.5 Z\" id=\"Shape\"><\/path>\n                                            <rect id=\"Rectangle\" x=\"7.5483871\" y=\"8.33333333\" width=\"10.9032258\" height=\"1.66666667\"><\/rect>\n                                            <rect id=\"Rectangle\" x=\"7.5483871\" y=\"11.6666667\" width=\"10.9032258\" height=\"1.66666667\"><\/rect>\n                                            <rect id=\"Rectangle\" x=\"7.5483871\" y=\"15\" width=\"10.9032258\" height=\"1.66666667\"><\/rect>\n                                            <rect id=\"Rectangle\" x=\"7.5483871\" y=\"18.3333333\" width=\"5.87096774\" height=\"1.66666667\"><\/rect>\n                                        <\/g>\n                                    <\/g>\n                                <\/g>\n                            <\/g>\n                        <\/svg><p class=\"has-small-font-size\">Idioma<\/p><p class=\"attribute\">Ingl\u00e9s<\/p><\/div><div class=\"wp-block-column\"><svg width=\"26px\" height=\"30px\" viewBox=\"0 0 26 30\" version=\"1.1\" xmlns=\"http:\/\/www.w3.org\/2000\/svg\" xmlns:xlink=\"http:\/\/www.w3.org\/1999\/xlink\">\n                            <g id=\"Page-1\" stroke=\"none\" stroke-width=\"1\" fill=\"none\" fill-rule=\"evenodd\" opacity=\"0.147770473\">\n                                <g id=\"24\" transform=\"translate(-849.000000, -1528.000000)\" fill=\"#000000\" fill-rule=\"nonzero\">\n                                    <g id=\"Group-3\" transform=\"translate(233.000000, 1504.000000)\">\n                                        <g id=\"Group-11\" transform=\"translate(616.000000, 24.000000)\">\n                                            <path d=\"M0,0 L0,25.8333333 L4.19354839,30 L26,30 L26,4.16666667 L21.8064516,0 L0,0 Z M2.51612903,2.5 L20.1290323,2.5 L20.1290323,24.1666667 L2.51612903,24.1666667 L2.51612903,2.5 Z M23.483871,27.5 L5.23354839,27.5 L3.55612903,25.8333333 L21.8064516,25.8333333 L21.8064516,3.53333333 L23.483871,5.2 L23.483871,27.5 Z\" id=\"Shape\"><\/path>\n                                            <path d=\"M5.03225806,13.3333333 L17.6129032,13.3333333 L17.6129032,5 L5.03225806,5 L5.03225806,13.3333333 Z M6.70967742,6.66666667 L15.9354839,6.66666667 L15.9354839,11.6666667 L6.70967742,11.6666667 L6.70967742,6.66666667 Z\" id=\"Shape\"><\/path>\n                                        <\/g>\n                                    <\/g>\n                                <\/g>\n                            <\/g>\n                        <\/svg><p class=\"has-small-font-size\">Formato<\/p><p class=\"attribute\">R\u00fastica<\/p><\/div><div class=\"wp-block-column\"><svg width=\"26px\" height=\"30px\" viewBox=\"0 0 26 30\" version=\"1.1\" xmlns=\"http:\/\/www.w3.org\/2000\/svg\" xmlns:xlink=\"http:\/\/www.w3.org\/1999\/xlink\">\n                            <g id=\"Page-1\" stroke=\"none\" stroke-width=\"1\" fill=\"none\" fill-rule=\"evenodd\" opacity=\"0.147770473\">\n                                <g id=\"24\" transform=\"translate(-661.000000, -1528.000000)\" fill=\"#000000\" fill-rule=\"nonzero\">\n                                    <g id=\"Group-3\" transform=\"translate(233.000000, 1504.000000)\">\n                                        <g id=\"Group-12\" transform=\"translate(428.000000, 24.000000)\">\n                                            <path d=\"M0,0 L0,25.8333333 L4.19354839,30 L26,30 L26,4.16666667 L21.8064516,0 M2.01290323,2.5 L20.1290323,2.5 L20.1290323,24.1666667 L2.01290323,24.1666667 L2.01290323,2.5 Z M23.483871,27.5 L5.23354839,27.5 L3.55612903,25.8333333 L21.8064516,25.8333333 L21.8064516,3.53333333 L23.483871,5.2 L23.483871,27.5 Z\" id=\"Shape\"><\/path>\n                                            <rect id=\"Rectangle\" x=\"7.5483871\" y=\"8.33333333\" width=\"10.9032258\" height=\"1.66666667\"><\/rect>\n                                            <rect id=\"Rectangle\" x=\"7.5483871\" y=\"11.6666667\" width=\"10.9032258\" height=\"1.66666667\"><\/rect>\n                                            <rect id=\"Rectangle\" x=\"7.5483871\" y=\"15\" width=\"10.9032258\" height=\"1.66666667\"><\/rect>\n                                            <rect id=\"Rectangle\" x=\"7.5483871\" y=\"18.3333333\" width=\"5.87096774\" height=\"1.66666667\"><\/rect>\n                                        <\/g>\n                                    <\/g>\n                                <\/g>\n                            <\/g>\n                        <\/svg><p class=\"has-small-font-size\">P\u00e1ginas<\/p><p class=\"attribute\">216<\/p><\/div><div class=\"wp-block-column\"><svg width=\"26px\" height=\"30px\" viewBox=\"0 0 26 30\" version=\"1.1\" xmlns=\"http:\/\/www.w3.org\/2000\/svg\" xmlns:xlink=\"http:\/\/www.w3.org\/1999\/xlink\">\n                            <g id=\"Page-1\" stroke=\"none\" stroke-width=\"1\" fill=\"none\" fill-rule=\"evenodd\" opacity=\"0.147770473\">\n                                <g id=\"24\" transform=\"translate(-849.000000, -1528.000000)\" fill=\"#000000\" fill-rule=\"nonzero\">\n                                    <g id=\"Group-3\" transform=\"translate(233.000000, 1504.000000)\">\n                                        <g id=\"Group-11\" transform=\"translate(616.000000, 24.000000)\">\n                                            <path d=\"M0,0 L0,25.8333333 L4.19354839,30 L26,30 L26,4.16666667 L21.8064516,0 L0,0 Z M2.51612903,2.5 L20.1290323,2.5 L20.1290323,24.1666667 L2.51612903,24.1666667 L2.51612903,2.5 Z M23.483871,27.5 L5.23354839,27.5 L3.55612903,25.8333333 L21.8064516,25.8333333 L21.8064516,3.53333333 L23.483871,5.2 L23.483871,27.5 Z\" id=\"Shape\"><\/path>\n                                            <path d=\"M5.03225806,13.3333333 L17.6129032,13.3333333 L17.6129032,5 L5.03225806,5 L5.03225806,13.3333333 Z M6.70967742,6.66666667 L15.9354839,6.66666667 L15.9354839,11.6666667 L6.70967742,11.6666667 L6.70967742,6.66666667 Z\" id=\"Shape\"><\/path>\n                                        <\/g>\n                                    <\/g>\n                                <\/g>\n                            <\/g>\n                        <\/svg><p class=\"has-small-font-size\">Fecha de publicaci\u00f3n<\/p><p class=\"attribute\">12 November 2024<\/p><\/div><div class=\"wp-block-column\"><svg width=\"26px\" height=\"30px\" viewBox=\"0 0 26 30\" version=\"1.1\" xmlns=\"http:\/\/www.w3.org\/2000\/svg\" xmlns:xlink=\"http:\/\/www.w3.org\/1999\/xlink\">\n                            <g id=\"Page-1\" stroke=\"none\" stroke-width=\"1\" fill=\"none\" fill-rule=\"evenodd\" opacity=\"0.147770473\">\n                                <g id=\"24\" transform=\"translate(-1222.000000, -1528.000000)\" fill=\"#000000\" fill-rule=\"nonzero\">\n                                    <g id=\"Group-3\" transform=\"translate(233.000000, 1504.000000)\">\n                                        <g id=\"Shape-2\" transform=\"translate(989.000000, 24.000000)\">\n                                            <path d=\"M0,0 L0,25.8333333 L4.19354839,30 L26,30 L26,4.16666667 L21.8064516,0 L0,0 Z M6.70967742,2.5 L10.0645161,2.5 L10.0645161,10.1 L8.38709677,9 L6.70967742,10.1 L6.70967742,2.5 Z M2.51612903,2.5 L5.03225806,2.5 L5.03225806,13.2333333 L8.38709677,11 L11.7419355,13.2333333 L11.7419355,2.5 L20.1290323,2.5 L20.1290323,24.1666667 L2.51612903,24.1666667 L2.51612903,2.5 Z M23.483871,27.5 L5.23354839,27.5 L3.55612903,25.8333333 L21.8064516,25.8333333 L21.8064516,3.53333333 L23.483871,5.2 L23.483871,27.5 Z\" id=\"Shape\"><\/path>\n                                        <\/g>\n                                    <\/g>\n                                <\/g>\n                            <\/g>\n                        <\/svg><p class=\"has-small-font-size\">Publicado por<\/p><p class=\"attribute\">Lynx Nature Books<\/p><\/div><\/div><div id=\"professionals\" class=\"max-width padding-sides\"><h2>Autor\/a<\/h2><div class=\"professionals-wrapper\"><p class=\"professional\"><a href=\"https:\/\/lynxnaturebooks.com\/es\/professional\/luisa-abenza\/\">Luisa Abenza<\/a><\/p><\/div><\/div>        <!-- <h2 id=\"autors\" class=\"has-text-align-center\"><\/h2>\n        <div class=\"product-autors max-width-narrow\">\n                    <\/div> -->\n    \n\n\n\n<div class=\"wp-block-group max-width-narrow max-height\"><div class=\"wp-block-group__inner-container is-layout-constrained wp-block-group-is-layout-constrained\">\n<h2 class=\"wp-block-heading has-text-align-center\">Description<\/h2>\n\n\n\n<p><em>Birds That Leave Their Mark<\/em> invita a los lectores a explorar el mundo aviar del suroeste de Europa, centr\u00e1ndose en las se\u00f1ales y huellas que las aves dejan a su paso. Escrito por Luisa Abenza, este libro es una gu\u00eda esencial para entusiastas de las aves y amantes de la naturaleza, proporcionando una comprensi\u00f3n m\u00e1s profunda de las conexiones entre las aves y sus entornos.<\/p>\n\n\n\n<p>En el pr\u00f3logo, la reconocida primat\u00f3loga Jane Goodall comparte sus reflexiones personales sobre la importancia de las aves en su vida.<\/p>\n\n\n\n<p>Esta gu\u00eda va m\u00e1s all\u00e1 de la identificaci\u00f3n tradicional, ofreciendo claves para entender el comportamiento de las aves a trav\u00e9s de se\u00f1ales sutiles de la vida aviar, como huellas, excrementos, cantos e interacciones. Con detalladas ilustraciones y fotograf\u00edas, los lectores aprender\u00e1n a interpretar las huellas que dejan las aves y a reconocer los sutiles indicadores de la vida aviar en su entorno.<\/p>\n\n\n\n<p><strong>Caracter\u00edsticas principales:<\/strong><\/p>\n\n\n\n<ul class=\"wp-block-list\">\n<li>Una introducci\u00f3n detallada al rastreo de aves, clasificaci\u00f3n seg\u00fan el tipo de pie, plumas, cr\u00e1neos y una galer\u00eda de huellas.<\/li>\n\n\n\n<li>Descripciones exhaustivas de especies que incluyen gaviotas, aves acu\u00e1ticas, grullas, garzas, lim\u00edcolas, aves esteparias, aves de caza, aves rapaces diurnas, b\u00fahos, p\u00e1jaros carpinteros, cucos, c\u00f3rvidos, palomas, t\u00f3rtolas, paseriformes y aves ex\u00f3ticas.<\/li>\n\n\n\n<li>Bellas ilustraciones y fotograf\u00edas de cada especie, destacando sus se\u00f1ales y rastros \u00fanicos.<\/li>\n\n\n\n<li>Perspectivas sobre la conservaci\u00f3n y la conciencia ecol\u00f3gica, animando a los lectores a observar y proteger el mundo natural.<\/li>\n<\/ul>\n\n\n\n<p><strong>Lista completa de especies incluidas:<\/strong><\/p>\n\n\n\n<p><strong>Gaviotas:<\/strong> gaviota sombr\u00eda, gaviota reidora.<br><strong>Aves acu\u00e1ticas:<\/strong> \u00e1nade azul\u00f3n, cerceta pardilla, ganso com\u00fan, cisne vulgar, cormor\u00e1n grande, flamenco com\u00fan, focha com\u00fan.<br><strong>Grullas, garzas y similares:<\/strong> grulla com\u00fan, cig\u00fce\u00f1a blanca, esp\u00e1tula com\u00fan, garza real, garcilla bueyera, ibis eremita, martinete com\u00fan, calam\u00f3n com\u00fan, gallineta com\u00fan.<br><strong>Lim\u00edcolas:<\/strong> avoceta com\u00fan, cig\u00fce\u00f1uela com\u00fan, avefr\u00eda europea, chorlitejo chico, canastera com\u00fan, agachadiza com\u00fan, zarapito real, correlimos trid\u00e1ctilo, andarr\u00edos chico.<br><strong>Aves esteparias:<\/strong> avutarda com\u00fan, sis\u00f3n com\u00fan, alcarav\u00e1n com\u00fan, ganga ib\u00e9rica.<br><strong>Aves de caza:<\/strong> urogallo com\u00fan, fais\u00e1n vulgar, perdiz roja, codorniz com\u00fan.<br><strong>Aves rapaces diurnas:<\/strong> buitre negro, buitre leonado, quebrantahuesos, alimoche com\u00fan, \u00e1guila imperial ib\u00e9rica, \u00e1guila real, \u00e1guila-azor perdicera, culebrera europea, \u00e1guila pescadora, milano real, aguililla calzada, busardo ratonero, abejero europeo, aguilucho lagunero occidental, azor com\u00fan, halc\u00f3n peregrino, gavil\u00e1n com\u00fan, elanio com\u00fan, cern\u00edcalo vulgar.<br><strong>B\u00fahos:<\/strong> b\u00faho real, c\u00e1rabo com\u00fan, lechuza com\u00fan, b\u00faho chico, mochuelo com\u00fan, autillo europeo.<br><strong>P\u00e1jaros carpinteros y cucos:<\/strong> pito real ib\u00e9rico, pico picapinos, torcecuello, cuco com\u00fan, cr\u00edalo europeo.<br><strong>C\u00f3rvidos:<\/strong> cuervo grande, graja, corneja negra, chova piquirroja, arrendajo com\u00fan, grajilla occidental, urraca com\u00fan, rabilargo ib\u00e9rico.<br><strong>Palomas y t\u00f3rtolas:<\/strong> t\u00f3rtola turca, paloma torcaz.<br><strong>Paseriformes y otras aves peque\u00f1as o medianas:<\/strong> alcaud\u00f3n dorsirrojo, zorzal charlo, mirlo com\u00fan, chotacabras europeo, abubilla, abejaruco europeo, lavandera blanca, alondra com\u00fan, trepador azul, gorri\u00f3n com\u00fan, pinz\u00f3n vulgar, petirrojo europeo.<br><strong>Aves ex\u00f3ticas:<\/strong> cotorra argentina.<\/p>\n\n\n\n<p><em>Birds That Leave Their Mark<\/em> est\u00e1 estructurado para combinar el conocimiento cient\u00edfico con una narraci\u00f3n accesible, animando a los lectores a observar y conectar con la fauna que les rodea. El enfoque de Abenza fomenta la empat\u00eda y la curiosidad, inspirando a una nueva generaci\u00f3n de observadores de aves a comprometerse activamente con la naturaleza. <\/p>\n\n\n\n<p>A medida que la conservaci\u00f3n y la conciencia ecol\u00f3gica cobran cada vez m\u00e1s importancia, este libro nos recuerda la belleza y la complejidad de nuestro entorno natural, inst\u00e1ndonos a prestar atenci\u00f3n a las se\u00f1ales que cuentan las historias de las aves que nos rodean.<\/p>\n\n\n\n<p><\/p>\n\n\n\n<p class=\"has-text-align-center button-link button-view-all\"><a href=\"#viewall\">Ver todo<\/a><\/p>\n\n\n\n<div style=\"height:20px\" aria-hidden=\"true\" class=\"wp-block-spacer\"><\/div>\n<\/div><\/div>\n\n\n\n<div class=\"wp-block-group max-width-narrow max-height\"><div class=\"wp-block-group__inner-container is-layout-constrained wp-block-group-is-layout-constrained\"><div class=\"wp-block-group max-width-narrow\"><\/div>\n\n\n\n<p class=\"has-text-align-center button-link button-view-all\"><a href=\"#viewall\">Ver todo<\/a><\/p>\n<\/div><\/div>\n","protected":false},"excerpt":{"rendered":"<p><em>Birds That Leave Their Mark<\/em> invita a los aficionados a la ornitolog\u00eda a explorar el mundo aviar del suroeste de Europa, centr\u00e1ndose en las fascinantes se\u00f1ales que dejan las aves. Con ilustraciones y fotograf\u00edas detalladas, esta gu\u00eda proporciona herramientas para entender el comportamiento aviar a trav\u00e9s de huellas, excrementos y llamadas.<\/p>\n<p>El pr\u00f3logo de la Dra. Jane Goodall a\u00f1ade una perspectiva \u00fanica sobre la importancia de las aves en nuestro entorno natural.<\/p>\n<p><strong><em>Texto en ingl\u00e9s.<\/em><\/strong><\/p>\n","protected":false},"featured_media":91520,"comment_status":"open","ping_status":"closed","template":"","meta":[],"collection":[],"product_brand":[],"product_cat":[228,254,250,174],"product_tag":[],"class_list":{"0":"post-69949","1":"product","2":"type-product","3":"status-publish","4":"has-post-thumbnail","6":"product_cat-aves","7":"product_cat-guias-de-campo","8":"product_cat-novedades","9":"product_cat-paleartica","11":"first","12":"instock","13":"shipping-taxable","14":"purchasable","15":"product-type-simple"},"_links":{"self":[{"href":"https:\/\/lynxnaturebooks.com\/es\/wp-json\/wp\/v2\/product\/69949","targetHints":{"allow":["GET"]}}],"collection":[{"href":"https:\/\/lynxnaturebooks.com\/es\/wp-json\/wp\/v2\/product"}],"about":[{"href":"https:\/\/lynxnaturebooks.com\/es\/wp-json\/wp\/v2\/types\/product"}],"replies":[{"embeddable":true,"href":"https:\/\/lynxnaturebooks.com\/es\/wp-json\/wp\/v2\/comments?post=69949"}],"wp:featuredmedia":[{"embeddable":true,"href":"https:\/\/lynxnaturebooks.com\/es\/wp-json\/wp\/v2\/media\/91520"}],"wp:attachment":[{"href":"https:\/\/lynxnaturebooks.com\/es\/wp-json\/wp\/v2\/media?parent=69949"}],"wp:term":[{"taxonomy":"collection","embeddable":true,"href":"https:\/\/lynxnaturebooks.com\/es\/wp-json\/wp\/v2\/collection?post=69949"},{"taxonomy":"product_brand","embeddable":true,"href":"https:\/\/lynxnaturebooks.com\/es\/wp-json\/wp\/v2\/product_brand?post=69949"},{"taxonomy":"product_cat","embeddable":true,"href":"https:\/\/lynxnaturebooks.com\/es\/wp-json\/wp\/v2\/product_cat?post=69949"},{"taxonomy":"product_tag","embeddable":true,"href":"https:\/\/lynxnaturebooks.com\/es\/wp-json\/wp\/v2\/product_tag?post=69949"}],"curies":[{"name":"wp","href":"https:\/\/api.w.org\/{rel}","templated":true}]}}