{"id":69718,"date":"2023-09-12T10:49:14","date_gmt":"2023-09-12T10:49:14","guid":{"rendered":"https:\/\/www.lynxeds.com\/?post_type=product&#038;p=69718"},"modified":"2026-01-02T00:09:16","modified_gmt":"2026-01-01T23:09:16","slug":"grans-mamifers-de-catalunya-i-andorra","status":"publish","type":"product","link":"https:\/\/lynxnaturebooks.com\/es\/producto\/grans-mamifers-de-catalunya-i-andorra\/","title":{"rendered":"<span class=\"title\">Grans mam\u00edfers de Catalunya i Andorra<\/span><span class=\"subtitle\">Distribuci\u00f3, biologia, ecologia i conservaci\u00f3<\/span>"},"content":{"rendered":"<div class=\"wp-block-image\">\n<figure class=\"aligncenter size-full is-resized\"><img loading=\"lazy\" decoding=\"async\" width=\"300\" height=\"169\" src=\"https:\/\/lynxnaturebooks.com\/wp-content\/uploads\/2024\/06\/Logo-300x169-1.jpg\" alt=\"\" class=\"wp-image-83678\" style=\"width:200px\"\/><\/figure>\n<\/div>\n\n\n<p class=\"has-text-align-center has-medium-font-size\">Premio de la Cr\u00edtica <em>SERRA D<\/em> &#8216;OR a la investigaci\u00f3n 2024 (Ciencias)<\/p>\n\n\n\n<div style=\"height:45px\" aria-hidden=\"true\" class=\"wp-block-spacer\"><\/div>\n\n\n<div class=\"wp-block-columns attributes-columns\"><div class=\"wp-block-column\"><svg width=\"28px\" height=\"35px\" viewBox=\"0 0 28 35\" version=\"1.1\" xmlns=\"http:\/\/www.w3.org\/2000\/svg\" xmlns:xlink=\"http:\/\/www.w3.org\/1999\/xlink\">\n                            <g id=\"Page-1\" stroke=\"none\" stroke-width=\"1\" fill=\"none\" fill-rule=\"evenodd\" opacity=\"0.147770473\">\n                                <g id=\"24\" transform=\"translate(-287.000000, -1522.000000)\" fill=\"#000000\" fill-rule=\"nonzero\" stroke=\"#000000\" stroke-width=\"0.799586777\">\n                                    <g id=\"Group-3\" transform=\"translate(233.000000, 1504.000000)\">\n                                        <g id=\"Shape-3\" transform=\"translate(55.000000, 19.000000)\">\n                                            <path d=\"M13,0 C9.82319737,0 7.22466566,2.63962325 7.22466566,5.86666055 C7.22466566,8.71794192 9.25407358,11.1008511 11.9171246,11.6187379 L11.9171246,13.9333188 L6.8637075,13.9333188 C6.8261332,13.9313284 6.78848231,13.9313284 6.75090801,13.9333188 C6.331882,13.9764915 5.97550223,14.2625282 5.83723204,14.6666514 L0.0618978813,31.5333078 C-0.0555594524,31.8709186 -0.00391373208,32.2454751 0.200335189,32.5373134 C0.40458411,32.8291517 0.7358774,33.0017525 1.08837297,32.9999866 L13,32.9999866 L24.9116267,32.9999866 C25.2641223,33.0017526 25.5954157,32.8291519 25.7996647,32.5373136 C26.0039137,32.2454752 26.0555595,31.8709186 25.9381021,31.5333078 L20.162768,14.6666514 C20.0091004,14.2252213 19.5972147,13.9309628 19.1362925,13.9333188 L14.082875,13.9333188 L14.082875,11.6187379 C16.7459261,11.1008511 18.775334,8.71794192 18.775334,5.86666055 C18.775334,2.63962325 16.1768026,0 13,0 L13,0 Z M12.9999998,2.19999771 C15.0063443,2.19999771 16.6095839,3.82859001 16.6095839,5.86666055 C16.6095839,7.52644516 15.5508938,8.91385538 14.071595,9.3729069 C13.99526,8.77759028 13.4631728,8.35436769 12.8759203,8.42186622 C12.3828087,8.48076346 11.9922861,8.87273886 11.9284046,9.3729069 C10.4491059,8.91385538 9.39041606,7.52644516 9.39041606,5.86666055 C9.39041606,3.82859001 10.9936557,2.19999771 12.9999998,2.19999771 L12.9999998,2.19999771 Z M7.6307439,16.1333239 L12.9999998,16.1333239 L18.3692561,16.1333239 L23.3888335,30.7999752 L12.9999998,30.7999752 L2.61116648,30.7999752 L7.6307439,16.1333239 L7.6307439,16.1333239 Z\" id=\"Shape\"><\/path>\n                                        <\/g>\n                                    <\/g>\n                                <\/g>\n                            <\/g>\n                        <\/svg><p class=\"has-small-font-size\">Peso<\/p><p class=\"attribute\">3.3 kg<\/p><\/div><div class=\"wp-block-column\"><svg width=\"34px\" height=\"35px\" viewBox=\"0 0 34 35\" version=\"1.1\" xmlns=\"http:\/\/www.w3.org\/2000\/svg\" xmlns:xlink=\"http:\/\/www.w3.org\/1999\/xlink\">\n                            <g id=\"Page-1\" stroke=\"none\" stroke-width=\"1\" fill=\"none\" fill-rule=\"evenodd\" opacity=\"0.147770473\">\n                                <g id=\"24\" transform=\"translate(-471.000000, -1523.000000)\" fill=\"#000000\" fill-rule=\"nonzero\">\n                                    <g id=\"Group-3\" transform=\"translate(233.000000, 1504.000000)\">\n                                        <g id=\"Group-10\" transform=\"translate(238.000000, 19.000000)\">\n                                            <polygon id=\"Path\" points=\"0 9.72222222 2 9.72222222 2 33.0555556 0 33.0555556 0 35 6 35 6 33.0555556 4 33.0555556 4 9.72222222 6 9.72222222 6 7.77777778 0 7.77777778\"><\/polygon>\n                                            <polygon id=\"Path\" points=\"32 1.94444444 10 1.94444444 10 0 8 0 8 5.83333333 10 5.83333333 10 3.88888889 32 3.88888889 32 5.83333333 34 5.83333333 34 0 32 0\"><\/polygon>\n                                            <path d=\"M8,7.77777778 L8,30.1388889 L13,35 L33,35 L33,12.6388889 L28,7.77777778 L8,7.77777778 Z M11,10.6944444 L26,10.6944444 L26,28.1944444 L11,28.1944444 L11,10.6944444 Z M30,32.0833333 L14.24,32.0833333 L12.24,30.1388889 L28,30.1388889 L28,11.9 L30,13.8444444 L30,32.0833333 Z\" id=\"Shape\"><\/path>\n                                            <rect id=\"Rectangle\" x=\"13\" y=\"15.5555556\" width=\"11\" height=\"1.94444444\"><\/rect>\n                                            <rect id=\"Rectangle\" x=\"15\" y=\"19.4444444\" width=\"7\" height=\"1.94444444\"><\/rect>\n                                        <\/g>\n                                    <\/g>\n                                <\/g>\n                            <\/g>\n                        <\/svg><p class=\"has-small-font-size\">Dimensiones<\/p><p class=\"attribute\">24 &times; 31 &times; 8 cm<\/p><\/div><div class=\"wp-block-column\"><svg width=\"26px\" height=\"30px\" viewBox=\"0 0 26 30\" version=\"1.1\" xmlns=\"http:\/\/www.w3.org\/2000\/svg\" xmlns:xlink=\"http:\/\/www.w3.org\/1999\/xlink\">\n                            <g id=\"Page-1\" stroke=\"none\" stroke-width=\"1\" fill=\"none\" fill-rule=\"evenodd\" opacity=\"0.147770473\">\n                                <g id=\"24\" transform=\"translate(-661.000000, -1528.000000)\" fill=\"#000000\" fill-rule=\"nonzero\">\n                                    <g id=\"Group-3\" transform=\"translate(233.000000, 1504.000000)\">\n                                        <g id=\"Group-12\" transform=\"translate(428.000000, 24.000000)\">\n                                            <path d=\"M0,0 L0,25.8333333 L4.19354839,30 L26,30 L26,4.16666667 L21.8064516,0 M2.01290323,2.5 L20.1290323,2.5 L20.1290323,24.1666667 L2.01290323,24.1666667 L2.01290323,2.5 Z M23.483871,27.5 L5.23354839,27.5 L3.55612903,25.8333333 L21.8064516,25.8333333 L21.8064516,3.53333333 L23.483871,5.2 L23.483871,27.5 Z\" id=\"Shape\"><\/path>\n                                            <rect id=\"Rectangle\" x=\"7.5483871\" y=\"8.33333333\" width=\"10.9032258\" height=\"1.66666667\"><\/rect>\n                                            <rect id=\"Rectangle\" x=\"7.5483871\" y=\"11.6666667\" width=\"10.9032258\" height=\"1.66666667\"><\/rect>\n                                            <rect id=\"Rectangle\" x=\"7.5483871\" y=\"15\" width=\"10.9032258\" height=\"1.66666667\"><\/rect>\n                                            <rect id=\"Rectangle\" x=\"7.5483871\" y=\"18.3333333\" width=\"5.87096774\" height=\"1.66666667\"><\/rect>\n                                        <\/g>\n                                    <\/g>\n                                <\/g>\n                            <\/g>\n                        <\/svg><p class=\"has-small-font-size\">Idioma<\/p><p class=\"attribute\">Catal\u00e1n<\/p><\/div><div class=\"wp-block-column\"><svg width=\"26px\" height=\"30px\" viewBox=\"0 0 26 30\" version=\"1.1\" xmlns=\"http:\/\/www.w3.org\/2000\/svg\" xmlns:xlink=\"http:\/\/www.w3.org\/1999\/xlink\">\n                            <g id=\"Page-1\" stroke=\"none\" stroke-width=\"1\" fill=\"none\" fill-rule=\"evenodd\" opacity=\"0.147770473\">\n                                <g id=\"24\" transform=\"translate(-849.000000, -1528.000000)\" fill=\"#000000\" fill-rule=\"nonzero\">\n                                    <g id=\"Group-3\" transform=\"translate(233.000000, 1504.000000)\">\n                                        <g id=\"Group-11\" transform=\"translate(616.000000, 24.000000)\">\n                                            <path d=\"M0,0 L0,25.8333333 L4.19354839,30 L26,30 L26,4.16666667 L21.8064516,0 L0,0 Z M2.51612903,2.5 L20.1290323,2.5 L20.1290323,24.1666667 L2.51612903,24.1666667 L2.51612903,2.5 Z M23.483871,27.5 L5.23354839,27.5 L3.55612903,25.8333333 L21.8064516,25.8333333 L21.8064516,3.53333333 L23.483871,5.2 L23.483871,27.5 Z\" id=\"Shape\"><\/path>\n                                            <path d=\"M5.03225806,13.3333333 L17.6129032,13.3333333 L17.6129032,5 L5.03225806,5 L5.03225806,13.3333333 Z M6.70967742,6.66666667 L15.9354839,6.66666667 L15.9354839,11.6666667 L6.70967742,11.6666667 L6.70967742,6.66666667 Z\" id=\"Shape\"><\/path>\n                                        <\/g>\n                                    <\/g>\n                                <\/g>\n                            <\/g>\n                        <\/svg><p class=\"has-small-font-size\">Formato<\/p><p class=\"attribute\">Tapa dura<\/p><\/div><div class=\"wp-block-column\"><svg width=\"26px\" height=\"30px\" viewBox=\"0 0 26 30\" version=\"1.1\" xmlns=\"http:\/\/www.w3.org\/2000\/svg\" xmlns:xlink=\"http:\/\/www.w3.org\/1999\/xlink\">\n                            <g id=\"Page-1\" stroke=\"none\" stroke-width=\"1\" fill=\"none\" fill-rule=\"evenodd\" opacity=\"0.147770473\">\n                                <g id=\"24\" transform=\"translate(-661.000000, -1528.000000)\" fill=\"#000000\" fill-rule=\"nonzero\">\n                                    <g id=\"Group-3\" transform=\"translate(233.000000, 1504.000000)\">\n                                        <g id=\"Group-12\" transform=\"translate(428.000000, 24.000000)\">\n                                            <path d=\"M0,0 L0,25.8333333 L4.19354839,30 L26,30 L26,4.16666667 L21.8064516,0 M2.01290323,2.5 L20.1290323,2.5 L20.1290323,24.1666667 L2.01290323,24.1666667 L2.01290323,2.5 Z M23.483871,27.5 L5.23354839,27.5 L3.55612903,25.8333333 L21.8064516,25.8333333 L21.8064516,3.53333333 L23.483871,5.2 L23.483871,27.5 Z\" id=\"Shape\"><\/path>\n                                            <rect id=\"Rectangle\" x=\"7.5483871\" y=\"8.33333333\" width=\"10.9032258\" height=\"1.66666667\"><\/rect>\n                                            <rect id=\"Rectangle\" x=\"7.5483871\" y=\"11.6666667\" width=\"10.9032258\" height=\"1.66666667\"><\/rect>\n                                            <rect id=\"Rectangle\" x=\"7.5483871\" y=\"15\" width=\"10.9032258\" height=\"1.66666667\"><\/rect>\n                                            <rect id=\"Rectangle\" x=\"7.5483871\" y=\"18.3333333\" width=\"5.87096774\" height=\"1.66666667\"><\/rect>\n                                        <\/g>\n                                    <\/g>\n                                <\/g>\n                            <\/g>\n                        <\/svg><p class=\"has-small-font-size\">P\u00e1ginas<\/p><p class=\"attribute\">592<\/p><\/div><div class=\"wp-block-column\"><svg width=\"26px\" height=\"30px\" viewBox=\"0 0 26 30\" version=\"1.1\" xmlns=\"http:\/\/www.w3.org\/2000\/svg\" xmlns:xlink=\"http:\/\/www.w3.org\/1999\/xlink\">\n                            <g id=\"Page-1\" stroke=\"none\" stroke-width=\"1\" fill=\"none\" fill-rule=\"evenodd\" opacity=\"0.147770473\">\n                                <g id=\"24\" transform=\"translate(-849.000000, -1528.000000)\" fill=\"#000000\" fill-rule=\"nonzero\">\n                                    <g id=\"Group-3\" transform=\"translate(233.000000, 1504.000000)\">\n                                        <g id=\"Group-11\" transform=\"translate(616.000000, 24.000000)\">\n                                            <path d=\"M0,0 L0,25.8333333 L4.19354839,30 L26,30 L26,4.16666667 L21.8064516,0 L0,0 Z M2.51612903,2.5 L20.1290323,2.5 L20.1290323,24.1666667 L2.51612903,24.1666667 L2.51612903,2.5 Z M23.483871,27.5 L5.23354839,27.5 L3.55612903,25.8333333 L21.8064516,25.8333333 L21.8064516,3.53333333 L23.483871,5.2 L23.483871,27.5 Z\" id=\"Shape\"><\/path>\n                                            <path d=\"M5.03225806,13.3333333 L17.6129032,13.3333333 L17.6129032,5 L5.03225806,5 L5.03225806,13.3333333 Z M6.70967742,6.66666667 L15.9354839,6.66666667 L15.9354839,11.6666667 L6.70967742,11.6666667 L6.70967742,6.66666667 Z\" id=\"Shape\"><\/path>\n                                        <\/g>\n                                    <\/g>\n                                <\/g>\n                            <\/g>\n                        <\/svg><p class=\"has-small-font-size\">Fecha de publicaci\u00f3n<\/p><p class=\"attribute\">September 2023<\/p><\/div><div class=\"wp-block-column\"><svg width=\"26px\" height=\"30px\" viewBox=\"0 0 26 30\" version=\"1.1\" xmlns=\"http:\/\/www.w3.org\/2000\/svg\" xmlns:xlink=\"http:\/\/www.w3.org\/1999\/xlink\">\n                            <g id=\"Page-1\" stroke=\"none\" stroke-width=\"1\" fill=\"none\" fill-rule=\"evenodd\" opacity=\"0.147770473\">\n                                <g id=\"24\" transform=\"translate(-1222.000000, -1528.000000)\" fill=\"#000000\" fill-rule=\"nonzero\">\n                                    <g id=\"Group-3\" transform=\"translate(233.000000, 1504.000000)\">\n                                        <g id=\"Shape-2\" transform=\"translate(989.000000, 24.000000)\">\n                                            <path d=\"M0,0 L0,25.8333333 L4.19354839,30 L26,30 L26,4.16666667 L21.8064516,0 L0,0 Z M6.70967742,2.5 L10.0645161,2.5 L10.0645161,10.1 L8.38709677,9 L6.70967742,10.1 L6.70967742,2.5 Z M2.51612903,2.5 L5.03225806,2.5 L5.03225806,13.2333333 L8.38709677,11 L11.7419355,13.2333333 L11.7419355,2.5 L20.1290323,2.5 L20.1290323,24.1666667 L2.51612903,24.1666667 L2.51612903,2.5 Z M23.483871,27.5 L5.23354839,27.5 L3.55612903,25.8333333 L21.8064516,25.8333333 L21.8064516,3.53333333 L23.483871,5.2 L23.483871,27.5 Z\" id=\"Shape\"><\/path>\n                                        <\/g>\n                                    <\/g>\n                                <\/g>\n                            <\/g>\n                        <\/svg><p class=\"has-small-font-size\">Publicado por<\/p><p class=\"attribute\">Lynx Edicions<\/p><\/div><\/div><div id=\"professionals\" class=\"max-width padding-sides\"><h2>Editors<\/h2><div class=\"professionals-wrapper\"><p class=\"professional\"><a href=\"https:\/\/lynxnaturebooks.com\/es\/professional\/jordi-ruiz-olmo\/\">Jordi Ruiz-Olmo<\/a><\/p><p class=\"professional\"><a href=\"https:\/\/lynxnaturebooks.com\/es\/professional\/david-camps\/\">David Camps<\/a><\/p><\/div><h2>Ilustradores<\/h2><div class=\"professionals-wrapper\"><p class=\"professional\"><a href=\"https:\/\/lynxnaturebooks.com\/professional\/toni-llobet\/\">Toni Llobet<\/a><\/p><p class=\"professional\"><a href=\"https:\/\/lynxnaturebooks.com\/es\/professional\/lluis-sogorb\/\">Llu\u00eds Sogorb<\/a><\/p><\/div><\/div>        <!-- <h2 id=\"autors\" class=\"has-text-align-center\"><\/h2>\n        <div class=\"product-autors max-width-narrow\">\n                    <\/div> -->\n    \n\n\n\n<div class=\"wp-block-group max-width-narrow max-height\"><div class=\"wp-block-group__inner-container is-layout-constrained wp-block-group-is-layout-constrained\">\n<h2 class=\"wp-block-heading has-text-align-center\">Descripci\u00f3n<\/h2>\n\n\n\n<p>PREMIO DE LA CR\u00cdTICA <em>SERRA D&#8217;OR<\/em> DE INVESTIGACI\u00d3N 2024 (CIENCIAS)<\/p>\n\n\n\n<p>Descubre la obra definitiva sobre los grandes mam\u00edferos de Catalu\u00f1a y Andorra. Este libro \u00fanico ofrece una panor\u00e1mica completa y actualizada de 49 especies de lagomorfos, carn\u00edvoros, ungulados, cet\u00e1ceos y grandes roedores presentes en el territorio. M\u00e1s de 100 especialistas han colaborado en este proyecto para proporcionar una s\u00edntesis rigurosa de conocimientos que abarca desde la biolog\u00eda y la ecolog\u00eda hasta la conservaci\u00f3n y la gesti\u00f3n.<\/p>\n\n\n\n<p>Con una estructura innovadora, el libro combina cap\u00edtulos dedicados a las especies con art\u00edculos tem\u00e1ticos sobre cuestiones clave como las enfermedades, los conflictos con los humanos, el uso tur\u00edstico y los efectos de los ungulados sobre la vegetaci\u00f3n. Tambi\u00e9n destacan los cap\u00edtulos que abordan retos actuales, como la endogamia del oso pardo o la expansi\u00f3n de especies invasoras como el coip\u00fa.<\/p>\n\n\n\n<p>Incluye:<\/p>\n\n\n\n<ul class=\"wp-block-list\">\n<li>Informaci\u00f3n detallada sobre las especies, con datos actualizados sobre distribuci\u00f3n, biolog\u00eda e interacciones con los humanos.<\/li>\n\n\n\n<li>M\u00e1s de 2.000 referencias bibliogr\u00e1ficas.<\/li>\n\n\n\n<li>Gr\u00e1ficos, mapas, ilustraciones y fotograf\u00edas de alta calidad.<\/li>\n\n\n\n<li>Art\u00edculos especializados que profundizan en temas como la gesti\u00f3n de comunidades, el impacto de los grandes mam\u00edferos en los ecosistemas y su relaci\u00f3n con el turismo.<\/li>\n<\/ul>\n\n\n\n<p>Este libro es mucho m\u00e1s que una gu\u00eda; es un compendio cient\u00edfico y un homenaje a la riqueza natural de Catalu\u00f1a y Andorra, dise\u00f1ado tanto para especialistas como para amantes de la naturaleza. Una herramienta imprescindible para entender, conservar y admirar los grandes mam\u00edferos del territorio.<\/p>\n\n\n\n<h2 class=\"wp-block-heading has-text-align-center\">Relaci\u00f3n de autores<\/h2>\n\n\n\n<figure class=\"wp-block-table\"><table class=\"has-fixed-layout\"><tbody><tr><td>Ivan Afonso Jordana<\/td><td>\u00c0lex Aguilar Vila<\/td><\/tr><tr><td>Albert Alemany<\/td><td>Associaci\u00f3 Cet\u00e0cea<\/td><\/tr><tr><td>Joan Barrull<\/td><td>Toni Batet<\/td><\/tr><tr><td>Manel Beneria<\/td><td>Marc Bertran<\/td><\/tr><tr><td>Anah\u00ed Bonilla<\/td><td>Assumpci\u00f3 Borrell Thi\u00f3<\/td><\/tr><tr><td>Xavier Buqueras<\/td><td>\u00d3scar Cabez\u00f3n Ponsoda<\/td><\/tr><tr><td>David Camps<\/td><td>Albert Campsolinas<\/td><\/tr><tr><td>Laura Carrera Faja<\/td><td>Pere Casals<\/td><\/tr><tr><td>Francesc Cases<\/td><td>Pablo Cerme\u00f1o<\/td><\/tr><tr><td>Bernat Claramunt-L\u00f3pez<\/td><td>Andreu Colom Cadena<\/td><\/tr><tr><td>Joana Colomer<\/td><td>Anna Conde<\/td><\/tr><tr><td>Joan Curi\u00e0<\/td><td>Ignasi de Dalmases<\/td><\/tr><tr><td>Eduard Degollada<\/td><td>Andrea Dias Alves<\/td><\/tr><tr><td>Carles Domingo<\/td><td>Mariano Domingo \u00c1lvarez<\/td><\/tr><tr><td>Johan Espunyes Nozieres<\/td><td>Pau Federico<\/td><\/tr><tr><td>Quim Felip<\/td><td>Juan Fern\u00e1ndez<\/td><\/tr><tr><td>Lorena Fern\u00e1ndez Ar\u00e9valo<\/td><td>Mariona Ferr\u00e1ndiz-Rovira<\/td><\/tr><tr><td>Joan Ferrer<\/td><td>Irene Figueroa Aguilar<\/td><\/tr><tr><td>Carol Garc\u00eda<\/td><td>Odei Garcia-Garin<\/td><\/tr><tr><td>Miquel \u00c0ngel Garc\u00eda-Re\u00e1digos<\/td><td>Luc\u00eda Garrido S\u00e1nchez<\/td><\/tr><tr><td>Jordi Garriga<\/td><td>Oriol Giralt<\/td><\/tr><tr><td>Araceli Gort<\/td><td>Sara Grau Camps<\/td><\/tr><tr><td>Alain Grioche<\/td><td>Jordi Guill\u00e9n<\/td><\/tr><tr><td>Josep Guill\u00e9n<\/td><td>Ricard Guti\u00e9rrez<\/td><\/tr><tr><td>Elsa Jim\u00e9nez<\/td><td>Juan Jim\u00e9nez<\/td><\/tr><tr><td>Josep Vicens Jovan\u00ed<\/td><td>S\u00edlvia Junc\u00e0<\/td><\/tr><tr><td>Gabriel Lampreave<\/td><td>Santiago Lav\u00edn<\/td><\/tr><tr><td>Lourdes Lobato Bail\u00f3n<\/td><td>Francesc Ma\u00f1as<\/td><\/tr><tr><td>Ignasi Marco S\u00e1nchez<\/td><td>Xavier Marco S\u00e1nchez<\/td><\/tr><tr><td>Ricard Marcos<\/td><td>Enric Marqu\u00e8s<\/td><\/tr><tr><td>Diego Mart\u00ednez<\/td><td>\u00d3scar Mart\u00ednez<\/td><\/tr><tr><td>Rosa Marsol<\/td><td>Abraham Mas<\/td><\/tr><tr><td>Isabel Mate<\/td><td>Juli Mauri<\/td><\/tr><tr><td>Yolanda Melero<\/td><td>Gregorio Mentavarre<\/td><\/tr><tr><td>Berto Minobis<\/td><td>Oriol Miralles<\/td><\/tr><tr><td>Ferran Nav\u00e0s<\/td><td>Iv\u00e1n Dar\u00edo Ocampo Cardona<\/td><\/tr><tr><td>Xavier Oliv\u00e9<\/td><td>Santiago Palaz\u00f3n Mi\u00f1ano<\/td><\/tr><tr><td>Jordi Palau Puigvert<\/td><td>Alfonso Pera Contreras<\/td><\/tr><tr><td>Maribel P\u00e9rez-Haro<\/td><td>Maria Piferrer<\/td><\/tr><tr><td>C\u00e9sar Pi\u00f1ol<\/td><td>Anna Planella<\/td><\/tr><tr><td>Beatriz Portabella<\/td><td>Gen\u00eds Puig i Surroca<\/td><\/tr><tr><td>Maria Puig Ribas<\/td><td>Joan Lluis Riera-Rey<\/td><\/tr><tr><td>Laura Riera<\/td><td>Eva Rizo<\/td><\/tr><tr><td>Carme Rosell<\/td><td>Montserrat Rubio<\/td><\/tr><tr><td>Jordi Ruiz-Olmo<\/td><td>Marc Ruiz-Sagal\u00e9s<\/td><\/tr><tr><td>Marta Sala<\/td><td>Salvador Salvador<\/td><\/tr><tr><td>Dami\u00e0 S\u00e1nchez Requena<\/td><td>Jordi Sargatal<\/td><\/tr><tr><td>Ferran Sayol<\/td><td>Xavier Sempere<\/td><\/tr><tr><td>Emmanuel Serrano<\/td><td>Jordi Sol\u00e0<\/td><\/tr><tr><td>\u00c0ngel Such-Sanz<\/td><td>Jes\u00fas Tartera<\/td><\/tr><tr><td>Marc Ta\u00fcll<\/td><td>Arnau Tolr\u00e0<\/td><\/tr><tr><td>No\u00e9 Torrent Barbecho<\/td><td>Beatriu Tort<\/td><\/tr><tr><td>Montse Valls<\/td><td>Roser Velarde<\/td><\/tr><tr><td>Joan Vidal<\/td><td>Marc Vilella<\/td><\/tr><tr><td>Josep Xarles<\/td><td>Jordi Xifra<\/td><\/tr><\/tbody><\/table><\/figure>\n\n\n\n<p class=\"has-text-align-center button-link button-view-all\"><a href=\"#viewall\">Ver todo<\/a><\/p>\n<\/div><\/div>\n\n\n\n<div style=\"height:20px\" aria-hidden=\"true\" class=\"wp-block-spacer\"><\/div>\n\n\n\n<div class=\"wp-block-group max-width-narrow max-height\"><div class=\"wp-block-group__inner-container is-layout-constrained wp-block-group-is-layout-constrained\"><div class=\"wp-block-group max-width-narrow\"><\/div>\n\n\n\n<p class=\"has-text-align-center button-link button-view-all\"><a href=\"#viewall\">Ver todo<\/a><\/p>\n<\/div><\/div>\n","protected":false},"excerpt":{"rendered":"<p>Este nuevo libro describe detalladamente las especies de grandes mam\u00edferos de Catalu\u00f1a y Andorra, y su situaci\u00f3n actual y pasada. Incluye Lagomorfos, Carn\u00edvoros, Ungulados, Cet\u00e1ceos y algunos Grandes Roedores. Se trata de una obra colectiva exhaustiva en la que han participado cerca de 100 especialistas. Incluye amplia informaci\u00f3n, mapas, gr\u00e1ficos, ilustraciones y fotograf\u00edas, as\u00ed como m\u00e1s de 2000 referencias bibliogr\u00e1ficas.<br \/><strong><em>Texto en catal\u00e1n.<\/em><\/strong><\/p>\n","protected":false},"featured_media":83644,"comment_status":"open","ping_status":"closed","template":"","meta":[],"collection":[],"product_brand":[],"product_cat":[188,260,174],"product_tag":[],"class_list":{"0":"post-69718","1":"product","2":"type-product","3":"status-publish","4":"has-post-thumbnail","6":"product_cat-mamiferos","7":"product_cat-referencia","8":"product_cat-paleartica","10":"first","11":"instock","12":"shipping-taxable","13":"purchasable","14":"product-type-simple"},"_links":{"self":[{"href":"https:\/\/lynxnaturebooks.com\/es\/wp-json\/wp\/v2\/product\/69718","targetHints":{"allow":["GET"]}}],"collection":[{"href":"https:\/\/lynxnaturebooks.com\/es\/wp-json\/wp\/v2\/product"}],"about":[{"href":"https:\/\/lynxnaturebooks.com\/es\/wp-json\/wp\/v2\/types\/product"}],"replies":[{"embeddable":true,"href":"https:\/\/lynxnaturebooks.com\/es\/wp-json\/wp\/v2\/comments?post=69718"}],"wp:featuredmedia":[{"embeddable":true,"href":"https:\/\/lynxnaturebooks.com\/es\/wp-json\/wp\/v2\/media\/83644"}],"wp:attachment":[{"href":"https:\/\/lynxnaturebooks.com\/es\/wp-json\/wp\/v2\/media?parent=69718"}],"wp:term":[{"taxonomy":"collection","embeddable":true,"href":"https:\/\/lynxnaturebooks.com\/es\/wp-json\/wp\/v2\/collection?post=69718"},{"taxonomy":"product_brand","embeddable":true,"href":"https:\/\/lynxnaturebooks.com\/es\/wp-json\/wp\/v2\/product_brand?post=69718"},{"taxonomy":"product_cat","embeddable":true,"href":"https:\/\/lynxnaturebooks.com\/es\/wp-json\/wp\/v2\/product_cat?post=69718"},{"taxonomy":"product_tag","embeddable":true,"href":"https:\/\/lynxnaturebooks.com\/es\/wp-json\/wp\/v2\/product_tag?post=69718"}],"curies":[{"name":"wp","href":"https:\/\/api.w.org\/{rel}","templated":true}]}}