{"id":64843,"date":"2006-02-01T10:00:00","date_gmt":"2006-02-01T09:00:00","guid":{"rendered":"https:\/\/www.lynxeds.com\/?post_type=product&#038;p=64843"},"modified":"2024-07-16T15:54:14","modified_gmt":"2024-07-16T13:54:14","slug":"reconoce-facilmente-las-plantas-silvestres","status":"publish","type":"product","link":"https:\/\/lynxnaturebooks.com\/es\/producto\/reconoce-facilmente-las-plantas-silvestres\/","title":{"rendered":"Reconoce f\u00e1cilmente las plantas silvestres"},"content":{"rendered":"<p>Esta original gu\u00eda ofrece consejos para identificar las plantas no s\u00f3lo por sus caracter\u00edsticas visibles, como la forma y el color de las flores y las hojas, sino tambi\u00e9n por otras caracter\u00edsticas sensoriales, como el tacto, el olor y el sabor de la planta. Su sistema de identificaci\u00f3n ilustrado, exento de terminolog\u00eda t\u00e9cnica, dota al lector de los conocimientos necesarios para seguir investigando con obras m\u00e1s completas.<\/p>\n<ul>\n<li>Combina varios m\u00e9todos de identificaci\u00f3n de plantas: claves de plantas silvestres, dibujos que muestran el color y la estructura de las plantas y descripciones ilustradas.<\/li>\n<li>Los recuadros de texto ofrecen descripciones claras y animadas de las ilustraciones y destacan los hechos m\u00e1s interesantes.<\/li>\n<li>Incluye informaci\u00f3n adicional sobre los usos pr\u00e1cticos de cada planta.<\/li>\n<li>Con este libro, tanto los especialistas experimentados como los aficionados curiosos podr\u00e1n identificar f\u00e1cilmente m\u00e1s de 300 especies de plantas comunes en Europa Occidental.<\/li>\n<\/ul>\n<p><u><strong>Sobre los autores:  <\/strong><\/u><\/p>\n<p><strong>Fran\u00e7ois Couplan<\/strong> (etnobot\u00e1nico, Doctor en Ciencias, Museo Nacional de Historia Natural, Par\u00eds) da conferencias desde 1975 sobre la identificaci\u00f3n y los usos de las plantas silvestres, haciendo hincapi\u00e9 en el contacto directo con la vegetaci\u00f3n a trav\u00e9s de la vista, el tacto, el olfato y el gusto. Es autor de m\u00e1s de 30 t\u00edtulos relacionados con el mundo de las plantas.<\/p>\n<p><strong>Yves Doux<\/strong> es un artista especializado en la t\u00e9cnica de la acuarela que pinta casi exclusivamente en ese medio. Los modelos utilizados para sus cuadros siempre est\u00e1n tomados directamente del mundo natural.<\/p>\n","protected":false},"excerpt":{"rendered":"<p>Esta original gu\u00eda ofrece consejos para identificar las plantas no s\u00f3lo por sus caracter\u00edsticas visibles, como la forma y el color de las flores y las hojas, sino tambi\u00e9n por otras caracter\u00edsticas sensoriales, como el tacto, el olor y el sabor de la planta. Su sistema de identificaci\u00f3n ilustrado, exento de terminolog\u00eda t\u00e9cnica, dota al lector de los conocimientos necesarios para seguir investigando con obras m\u00e1s completas.<\/p>\n<p><strong><em>Texto en espa\u00f1ol<\/em><\/strong><\/p>\n","protected":false},"featured_media":4576,"comment_status":"open","ping_status":"closed","template":"","meta":[],"collection":[],"product_brand":[],"product_cat":[201,254],"product_tag":[],"class_list":{"0":"post-64843","1":"product","2":"type-product","3":"status-publish","4":"has-post-thumbnail","6":"product_cat-botanica-es","7":"product_cat-guias-de-campo","9":"first","10":"discontinued","11":"shipping-taxable","12":"product-type-simple"},"_links":{"self":[{"href":"https:\/\/lynxnaturebooks.com\/es\/wp-json\/wp\/v2\/product\/64843","targetHints":{"allow":["GET"]}}],"collection":[{"href":"https:\/\/lynxnaturebooks.com\/es\/wp-json\/wp\/v2\/product"}],"about":[{"href":"https:\/\/lynxnaturebooks.com\/es\/wp-json\/wp\/v2\/types\/product"}],"replies":[{"embeddable":true,"href":"https:\/\/lynxnaturebooks.com\/es\/wp-json\/wp\/v2\/comments?post=64843"}],"wp:featuredmedia":[{"embeddable":true,"href":"https:\/\/lynxnaturebooks.com\/es\/wp-json\/wp\/v2\/media\/4576"}],"wp:attachment":[{"href":"https:\/\/lynxnaturebooks.com\/es\/wp-json\/wp\/v2\/media?parent=64843"}],"wp:term":[{"taxonomy":"collection","embeddable":true,"href":"https:\/\/lynxnaturebooks.com\/es\/wp-json\/wp\/v2\/collection?post=64843"},{"taxonomy":"product_brand","embeddable":true,"href":"https:\/\/lynxnaturebooks.com\/es\/wp-json\/wp\/v2\/product_brand?post=64843"},{"taxonomy":"product_cat","embeddable":true,"href":"https:\/\/lynxnaturebooks.com\/es\/wp-json\/wp\/v2\/product_cat?post=64843"},{"taxonomy":"product_tag","embeddable":true,"href":"https:\/\/lynxnaturebooks.com\/es\/wp-json\/wp\/v2\/product_tag?post=64843"}],"curies":[{"name":"wp","href":"https:\/\/api.w.org\/{rel}","templated":true}]}}