{"id":3294,"date":"2002-05-01T10:00:00","date_gmt":"2002-05-01T08:00:00","guid":{"rendered":"https:\/\/www.lynxeds.com\/product\/guia-de-las-orquideas-de-espana-y-europa\/"},"modified":"2024-07-16T15:54:16","modified_gmt":"2024-07-16T13:54:16","slug":"guia-de-las-orquideas-de-espana-y-europa","status":"publish","type":"product","link":"https:\/\/lynxnaturebooks.com\/es\/producto\/guia-de-las-orquideas-de-espana-y-europa\/","title":{"rendered":"Gu\u00eda de las Orquideas de Espa\u00f1a y Europa"},"content":{"rendered":"<p>Una gu\u00eda exhaustiva para identificar las orqu\u00eddeas europeas en la que se describen e ilustran 487 especies citadas y un buen n\u00famero de variedades. Informaci\u00f3n general sobre la anatom\u00eda y reproducci\u00f3n de las orqu\u00eddeas, as\u00ed como sobre sus extraordinarias estrategias para atraer a los insectos polinizadores. Tambi\u00e9n incluye los conocimientos m\u00e1s actualizados sobre la sistem\u00e1tica de las orqu\u00eddeas. Se proporcionan entradas con informaci\u00f3n descriptiva de cada especie, que incluyen informaci\u00f3n sobre la etimolog\u00eda del nombre cient\u00edfico y los principales sin\u00f3nimos, as\u00ed como las principales caracter\u00edsticas morfol\u00f3gicas de cada especie, variabilidad, h\u00e1bitats, distribuci\u00f3n, abundancia, insectos polinizadores y si existen problemas de identificaci\u00f3n. Claves dicot\u00f3micas para la identificaci\u00f3n de especies, \u00fatiles tanto para los bot\u00e1nicos profesionales como para los aficionados a las orqu\u00eddeas, que permiten identificar con precisi\u00f3n las distintas especies que se encuentran en Europa. Tambi\u00e9n se facilita informaci\u00f3n sobre los casos en que la identificaci\u00f3n es m\u00e1s dif\u00edcil, como los h\u00edbridos y las formas aberrantes. 1075 fotos y acuarelas, dibujos en blanco y negro y diagramas que ilustran todas las especies y describen sus principales caracter\u00edsticas para ayudar a su identificaci\u00f3n.<\/p>\n","protected":false},"excerpt":{"rendered":"<p>Una gu\u00eda exhaustiva para identificar las orqu\u00eddeas europeas en la que se describen e ilustran 487 especies citadas y un buen n\u00famero de variedades.<\/p>\n<p><strong><em>Texto en espa\u00f1ol<\/em><\/strong><\/p>\n","protected":false},"featured_media":5399,"comment_status":"open","ping_status":"closed","template":"","meta":[],"collection":[],"product_brand":[],"product_cat":[201,254,174],"product_tag":[],"class_list":{"0":"post-3294","1":"product","2":"type-product","3":"status-publish","4":"has-post-thumbnail","6":"product_cat-botanica-es","7":"product_cat-guias-de-campo","8":"product_cat-paleartica","10":"first","11":"discontinued","12":"shipping-taxable","13":"product-type-simple"},"_links":{"self":[{"href":"https:\/\/lynxnaturebooks.com\/es\/wp-json\/wp\/v2\/product\/3294","targetHints":{"allow":["GET"]}}],"collection":[{"href":"https:\/\/lynxnaturebooks.com\/es\/wp-json\/wp\/v2\/product"}],"about":[{"href":"https:\/\/lynxnaturebooks.com\/es\/wp-json\/wp\/v2\/types\/product"}],"replies":[{"embeddable":true,"href":"https:\/\/lynxnaturebooks.com\/es\/wp-json\/wp\/v2\/comments?post=3294"}],"wp:featuredmedia":[{"embeddable":true,"href":"https:\/\/lynxnaturebooks.com\/es\/wp-json\/wp\/v2\/media\/5399"}],"wp:attachment":[{"href":"https:\/\/lynxnaturebooks.com\/es\/wp-json\/wp\/v2\/media?parent=3294"}],"wp:term":[{"taxonomy":"collection","embeddable":true,"href":"https:\/\/lynxnaturebooks.com\/es\/wp-json\/wp\/v2\/collection?post=3294"},{"taxonomy":"product_brand","embeddable":true,"href":"https:\/\/lynxnaturebooks.com\/es\/wp-json\/wp\/v2\/product_brand?post=3294"},{"taxonomy":"product_cat","embeddable":true,"href":"https:\/\/lynxnaturebooks.com\/es\/wp-json\/wp\/v2\/product_cat?post=3294"},{"taxonomy":"product_tag","embeddable":true,"href":"https:\/\/lynxnaturebooks.com\/es\/wp-json\/wp\/v2\/product_tag?post=3294"}],"curies":[{"name":"wp","href":"https:\/\/api.w.org\/{rel}","templated":true}]}}