{"id":3292,"date":"2005-07-16T10:37:28","date_gmt":"2005-07-16T08:37:28","guid":{"rendered":"https:\/\/www.lynxeds.com\/product\/bosques-maduros-vielles-forets\/"},"modified":"2024-07-16T14:33:33","modified_gmt":"2024-07-16T12:33:33","slug":"bosques-maduros-vielles-forets","status":"publish","type":"product","link":"https:\/\/lynxnaturebooks.com\/es\/producto\/bosques-maduros-vielles-forets\/","title":{"rendered":"Bosques Maduros \/ Vielles For\u00eats"},"content":{"rendered":"<p>Una magn\u00edfica colecci\u00f3n de obras de arte de artistas de la naturaleza de renombre internacional cuya fuente de inspiraci\u00f3n es la encantadora belleza de los bosques maduros del Pirineo catal\u00e1n, donde se reunieron en la primavera y el verano de 2001 con el objetivo de llevar a cabo este proyecto. Obras de arte magn\u00edficamente reproducidas por los mejores ilustradores de la naturaleza del mundo, como Robert Bateman, por nombrar s\u00f3lo a uno.<\/p>\n","protected":false},"excerpt":{"rendered":"<p>Una magn\u00edfica colecci\u00f3n de obras de arte de artistas de la naturaleza de renombre internacional cuya fuente de inspiraci\u00f3n es la encantadora belleza de los bosques maduros del Pirineo catal\u00e1n, donde se reunieron en la primavera y el verano de 2001 con el objetivo de llevar a cabo este proyecto. Obras de arte magn\u00edficamente reproducidas por los mejores ilustradores de la naturaleza del mundo, como Robert Bateman, por nombrar s\u00f3lo a uno.<\/p>\n","protected":false},"featured_media":1710,"comment_status":"open","ping_status":"closed","template":"","meta":[],"collection":[],"product_brand":[],"product_cat":[183,201],"product_tag":[],"class_list":{"0":"post-3292","1":"product","2":"type-product","3":"status-publish","4":"has-post-thumbnail","6":"product_cat-arte-y-prosa","7":"product_cat-botanica-es","9":"first","10":"discontinued","11":"shipping-taxable","12":"product-type-simple"},"_links":{"self":[{"href":"https:\/\/lynxnaturebooks.com\/es\/wp-json\/wp\/v2\/product\/3292","targetHints":{"allow":["GET"]}}],"collection":[{"href":"https:\/\/lynxnaturebooks.com\/es\/wp-json\/wp\/v2\/product"}],"about":[{"href":"https:\/\/lynxnaturebooks.com\/es\/wp-json\/wp\/v2\/types\/product"}],"replies":[{"embeddable":true,"href":"https:\/\/lynxnaturebooks.com\/es\/wp-json\/wp\/v2\/comments?post=3292"}],"wp:featuredmedia":[{"embeddable":true,"href":"https:\/\/lynxnaturebooks.com\/es\/wp-json\/wp\/v2\/media\/1710"}],"wp:attachment":[{"href":"https:\/\/lynxnaturebooks.com\/es\/wp-json\/wp\/v2\/media?parent=3292"}],"wp:term":[{"taxonomy":"collection","embeddable":true,"href":"https:\/\/lynxnaturebooks.com\/es\/wp-json\/wp\/v2\/collection?post=3292"},{"taxonomy":"product_brand","embeddable":true,"href":"https:\/\/lynxnaturebooks.com\/es\/wp-json\/wp\/v2\/product_brand?post=3292"},{"taxonomy":"product_cat","embeddable":true,"href":"https:\/\/lynxnaturebooks.com\/es\/wp-json\/wp\/v2\/product_cat?post=3292"},{"taxonomy":"product_tag","embeddable":true,"href":"https:\/\/lynxnaturebooks.com\/es\/wp-json\/wp\/v2\/product_tag?post=3292"}],"curies":[{"name":"wp","href":"https:\/\/api.w.org\/{rel}","templated":true}]}}