{"id":3288,"date":"2004-11-01T10:00:00","date_gmt":"2004-11-01T09:00:00","guid":{"rendered":"https:\/\/www.lynxeds.com\/product\/fauna-y-paisaje-de-los-pirineos-en-la-era-glaciar\/"},"modified":"2024-07-16T15:54:15","modified_gmt":"2024-07-16T13:54:15","slug":"fauna-y-paisaje-de-los-pirineos-en-la-era-glaciar","status":"publish","type":"product","link":"https:\/\/lynxnaturebooks.com\/es\/producto\/fauna-y-paisaje-de-los-pirineos-en-la-era-glaciar\/","title":{"rendered":"Fauna y Paisaje de los Pirineos en la era glaciar"},"content":{"rendered":"<p>Un fascinante recorrido por la fauna y el paisaje de los Pirineos y el norte de la Pen\u00ednsula Ib\u00e9rica a lo largo de los \u00faltimos dos millones y medio de a\u00f1os.<\/p>\n","protected":false},"excerpt":{"rendered":"<p>Un fascinante recorrido por la fauna y el paisaje de los Pirineos y el norte de la Pen\u00ednsula Ib\u00e9rica a lo largo de los \u00faltimos dos millones y medio de a\u00f1os.<\/p>\n","protected":false},"featured_media":4857,"comment_status":"open","ping_status":"closed","template":"","meta":[],"collection":[],"product_brand":[],"product_cat":[228,201,186,188,181,174,200],"product_tag":[],"class_list":{"0":"post-3288","1":"product","2":"type-product","3":"status-publish","4":"has-post-thumbnail","6":"product_cat-aves","7":"product_cat-botanica-es","8":"product_cat-invertebrados","9":"product_cat-mamiferos","10":"product_cat-monografias","11":"product_cat-paleartica","12":"product_cat-reptiles-y-anfibios","14":"first","15":"discontinued","16":"shipping-taxable","17":"product-type-simple"},"_links":{"self":[{"href":"https:\/\/lynxnaturebooks.com\/es\/wp-json\/wp\/v2\/product\/3288","targetHints":{"allow":["GET"]}}],"collection":[{"href":"https:\/\/lynxnaturebooks.com\/es\/wp-json\/wp\/v2\/product"}],"about":[{"href":"https:\/\/lynxnaturebooks.com\/es\/wp-json\/wp\/v2\/types\/product"}],"replies":[{"embeddable":true,"href":"https:\/\/lynxnaturebooks.com\/es\/wp-json\/wp\/v2\/comments?post=3288"}],"wp:featuredmedia":[{"embeddable":true,"href":"https:\/\/lynxnaturebooks.com\/es\/wp-json\/wp\/v2\/media\/4857"}],"wp:attachment":[{"href":"https:\/\/lynxnaturebooks.com\/es\/wp-json\/wp\/v2\/media?parent=3288"}],"wp:term":[{"taxonomy":"collection","embeddable":true,"href":"https:\/\/lynxnaturebooks.com\/es\/wp-json\/wp\/v2\/collection?post=3288"},{"taxonomy":"product_brand","embeddable":true,"href":"https:\/\/lynxnaturebooks.com\/es\/wp-json\/wp\/v2\/product_brand?post=3288"},{"taxonomy":"product_cat","embeddable":true,"href":"https:\/\/lynxnaturebooks.com\/es\/wp-json\/wp\/v2\/product_cat?post=3288"},{"taxonomy":"product_tag","embeddable":true,"href":"https:\/\/lynxnaturebooks.com\/es\/wp-json\/wp\/v2\/product_tag?post=3288"}],"curies":[{"name":"wp","href":"https:\/\/api.w.org\/{rel}","templated":true}]}}