{"id":3270,"date":"2002-07-01T10:00:00","date_gmt":"2002-07-01T08:00:00","guid":{"rendered":"https:\/\/www.lynxeds.com\/product\/mamiferos-carnivoros-ibericos\/"},"modified":"2024-07-16T15:54:16","modified_gmt":"2024-07-16T13:54:16","slug":"mamiferos-carnivoros-ibericos","status":"publish","type":"product","link":"https:\/\/lynxnaturebooks.com\/es\/producto\/mamiferos-carnivoros-ibericos\/","title":{"rendered":"Mam\u00edferos Carn\u00edvoros Ib\u00e9ricos"},"content":{"rendered":"<p>Una gu\u00eda completa para conocer a los Mam\u00edferos Carn\u00edvoros Ib\u00e9ricos. Para cualquier naturalista seriamente interesado en los mam\u00edferos, reconocer las se\u00f1ales de presencia que dejan los mam\u00edferos en el terreno es esencial. Sus huellas impresas n\u00edtidamente en el barro compacto de una orilla y la inspecci\u00f3n minuciosa de sus excrementos nos proporcionan mucha informaci\u00f3n que, con el tiempo, podemos aprender a procesar y asimilar. \u00c9ste es el principal objetivo de esta publicaci\u00f3n: despertar, de forma amena y completa, esa cualidad latente de cazador y rastreador que todos seguimos albergando y, de este modo, dar un salto de gigante en nuestro acercamiento a la fascinante fauna que nos rodea.<\/p>\n<ul>\n<li>Texto detallado para cada una de las especies, con informaci\u00f3n sobre identificaci\u00f3n, h\u00e1bitat, h\u00e1bitos, alimentaci\u00f3n, reproducci\u00f3n y estado de conservaci\u00f3n.<\/li>\n<li>Mapas que indican la distribuci\u00f3n por la Pen\u00ednsula Ib\u00e9rica. Magn\u00edficas fotograf\u00edas en color de todas las especies.<\/li>\n<li>Fotograf\u00edas y dibujos a tama\u00f1o real de los principales signos de presencia y una descripci\u00f3n detallada de c\u00f3mo encontrarlos y reconocerlos.<\/li>\n<\/ul>\n","protected":false},"excerpt":{"rendered":"<p>Una gu\u00eda completa para conocer a los Mam\u00edferos Carn\u00edvoros Ib\u00e9ricos.<\/p>\n","protected":false},"featured_media":5330,"comment_status":"open","ping_status":"closed","template":"","meta":[],"collection":[],"product_brand":[],"product_cat":[188,181,174],"product_tag":[],"class_list":{"0":"post-3270","1":"product","2":"type-product","3":"status-publish","4":"has-post-thumbnail","6":"product_cat-mamiferos","7":"product_cat-monografias","8":"product_cat-paleartica","10":"first","11":"discontinued","12":"shipping-taxable","13":"product-type-simple"},"_links":{"self":[{"href":"https:\/\/lynxnaturebooks.com\/es\/wp-json\/wp\/v2\/product\/3270","targetHints":{"allow":["GET"]}}],"collection":[{"href":"https:\/\/lynxnaturebooks.com\/es\/wp-json\/wp\/v2\/product"}],"about":[{"href":"https:\/\/lynxnaturebooks.com\/es\/wp-json\/wp\/v2\/types\/product"}],"replies":[{"embeddable":true,"href":"https:\/\/lynxnaturebooks.com\/es\/wp-json\/wp\/v2\/comments?post=3270"}],"wp:featuredmedia":[{"embeddable":true,"href":"https:\/\/lynxnaturebooks.com\/es\/wp-json\/wp\/v2\/media\/5330"}],"wp:attachment":[{"href":"https:\/\/lynxnaturebooks.com\/es\/wp-json\/wp\/v2\/media?parent=3270"}],"wp:term":[{"taxonomy":"collection","embeddable":true,"href":"https:\/\/lynxnaturebooks.com\/es\/wp-json\/wp\/v2\/collection?post=3270"},{"taxonomy":"product_brand","embeddable":true,"href":"https:\/\/lynxnaturebooks.com\/es\/wp-json\/wp\/v2\/product_brand?post=3270"},{"taxonomy":"product_cat","embeddable":true,"href":"https:\/\/lynxnaturebooks.com\/es\/wp-json\/wp\/v2\/product_cat?post=3270"},{"taxonomy":"product_tag","embeddable":true,"href":"https:\/\/lynxnaturebooks.com\/es\/wp-json\/wp\/v2\/product_tag?post=3270"}],"curies":[{"name":"wp","href":"https:\/\/api.w.org\/{rel}","templated":true}]}}