{"id":3263,"date":"2005-02-01T10:00:00","date_gmt":"2005-02-01T09:00:00","guid":{"rendered":"https:\/\/www.lynxeds.com\/product\/els-tresors-del-bosc\/"},"modified":"2024-07-16T15:54:15","modified_gmt":"2024-07-16T13:54:15","slug":"els-tresors-del-bosc","status":"publish","type":"product","link":"https:\/\/lynxnaturebooks.com\/es\/producto\/els-tresors-del-bosc\/","title":{"rendered":"Els tresors del bosc"},"content":{"rendered":"<p>Cuando Roberto va con su abuelo a buscar tesoros en el bosque, no sabe que lo que encontrar\u00e1n es mucho m\u00e1s maravilloso de lo que jam\u00e1s hubiera imaginado&#8230; \u00c9sta es la apasionante historia de un ni\u00f1o que, al descubrir la fauna y la flora del bosque cercano a su pueblo, aprende cu\u00e1les son realmente los tesoros de la naturaleza.<\/p>\n<p>Secci\u00f3n de no ficci\u00f3n sobre bosques.<\/p>\n","protected":false},"excerpt":{"rendered":"<p>Cuando Roberto va con su abuelo a buscar tesoros en el bosque, no sabe que lo que encontrar\u00e1n es mucho m\u00e1s maravilloso de lo que jam\u00e1s hubiera imaginado&#8230; \u00c9sta es la apasionante historia de un ni\u00f1o que, al descubrir la fauna y la flora del bosque cercano a su pueblo, aprende cu\u00e1les son realmente los tesoros de la naturaleza.<\/p>\n<p>Secci\u00f3n de no ficci\u00f3n sobre bosques.<\/p>\n","protected":false},"featured_media":1594,"comment_status":"open","ping_status":"closed","template":"","meta":[],"collection":[],"product_brand":[],"product_cat":[616,619],"product_tag":[],"class_list":{"0":"post-3263","1":"product","2":"type-product","3":"status-publish","4":"has-post-thumbnail","6":"product_cat-libros-infantiles","7":"product_cat-miscelanea-es","9":"first","10":"discontinued","11":"shipping-taxable","12":"product-type-simple"},"_links":{"self":[{"href":"https:\/\/lynxnaturebooks.com\/es\/wp-json\/wp\/v2\/product\/3263","targetHints":{"allow":["GET"]}}],"collection":[{"href":"https:\/\/lynxnaturebooks.com\/es\/wp-json\/wp\/v2\/product"}],"about":[{"href":"https:\/\/lynxnaturebooks.com\/es\/wp-json\/wp\/v2\/types\/product"}],"replies":[{"embeddable":true,"href":"https:\/\/lynxnaturebooks.com\/es\/wp-json\/wp\/v2\/comments?post=3263"}],"wp:featuredmedia":[{"embeddable":true,"href":"https:\/\/lynxnaturebooks.com\/es\/wp-json\/wp\/v2\/media\/1594"}],"wp:attachment":[{"href":"https:\/\/lynxnaturebooks.com\/es\/wp-json\/wp\/v2\/media?parent=3263"}],"wp:term":[{"taxonomy":"collection","embeddable":true,"href":"https:\/\/lynxnaturebooks.com\/es\/wp-json\/wp\/v2\/collection?post=3263"},{"taxonomy":"product_brand","embeddable":true,"href":"https:\/\/lynxnaturebooks.com\/es\/wp-json\/wp\/v2\/product_brand?post=3263"},{"taxonomy":"product_cat","embeddable":true,"href":"https:\/\/lynxnaturebooks.com\/es\/wp-json\/wp\/v2\/product_cat?post=3263"},{"taxonomy":"product_tag","embeddable":true,"href":"https:\/\/lynxnaturebooks.com\/es\/wp-json\/wp\/v2\/product_tag?post=3263"}],"curies":[{"name":"wp","href":"https:\/\/api.w.org\/{rel}","templated":true}]}}