{"id":3261,"date":"2005-02-01T10:00:00","date_gmt":"2005-02-01T09:00:00","guid":{"rendered":"https:\/\/www.lynxeds.com\/product\/locell-meravellos\/"},"modified":"2024-07-16T15:54:15","modified_gmt":"2024-07-16T13:54:15","slug":"locell-meravellos","status":"publish","type":"product","link":"https:\/\/lynxnaturebooks.com\/es\/producto\/locell-meravellos\/","title":{"rendered":"L&#8217;ocell Meravell\u00f3s"},"content":{"rendered":"<p>El P\u00e1jaro Maravilloso vive en una jaula muy lujosa y c\u00f3moda, pero no es feliz. Le gustar\u00eda ser libre y volar&#8230; Esta historia nos mostrar\u00e1 que los p\u00e1jaros no deben estar encerrados en jaulas. Tambi\u00e9n exploraremos nociones como la amistad, el respeto y la generosidad.<\/p>\n<p>Secci\u00f3n de no ficci\u00f3n sobre las Aves del Para\u00edso.<\/p>\n","protected":false},"excerpt":{"rendered":"<p>El P\u00e1jaro Maravilloso vive en una jaula muy lujosa y c\u00f3moda, pero no es feliz. Le gustar\u00eda ser libre y volar&#8230; Esta historia nos mostrar\u00e1 que los p\u00e1jaros no deben estar encerrados en jaulas. Tambi\u00e9n exploraremos nociones como la amistad, el respeto y la generosidad.<\/p>\n<p>Secci\u00f3n de no ficci\u00f3n sobre las Aves del Para\u00edso.<\/p>\n","protected":false},"featured_media":1592,"comment_status":"open","ping_status":"closed","template":"","meta":[],"collection":[],"product_brand":[],"product_cat":[616,619],"product_tag":[],"class_list":{"0":"post-3261","1":"product","2":"type-product","3":"status-publish","4":"has-post-thumbnail","6":"product_cat-libros-infantiles","7":"product_cat-miscelanea-es","9":"first","10":"discontinued","11":"shipping-taxable","12":"product-type-simple"},"_links":{"self":[{"href":"https:\/\/lynxnaturebooks.com\/es\/wp-json\/wp\/v2\/product\/3261","targetHints":{"allow":["GET"]}}],"collection":[{"href":"https:\/\/lynxnaturebooks.com\/es\/wp-json\/wp\/v2\/product"}],"about":[{"href":"https:\/\/lynxnaturebooks.com\/es\/wp-json\/wp\/v2\/types\/product"}],"replies":[{"embeddable":true,"href":"https:\/\/lynxnaturebooks.com\/es\/wp-json\/wp\/v2\/comments?post=3261"}],"wp:featuredmedia":[{"embeddable":true,"href":"https:\/\/lynxnaturebooks.com\/es\/wp-json\/wp\/v2\/media\/1592"}],"wp:attachment":[{"href":"https:\/\/lynxnaturebooks.com\/es\/wp-json\/wp\/v2\/media?parent=3261"}],"wp:term":[{"taxonomy":"collection","embeddable":true,"href":"https:\/\/lynxnaturebooks.com\/es\/wp-json\/wp\/v2\/collection?post=3261"},{"taxonomy":"product_brand","embeddable":true,"href":"https:\/\/lynxnaturebooks.com\/es\/wp-json\/wp\/v2\/product_brand?post=3261"},{"taxonomy":"product_cat","embeddable":true,"href":"https:\/\/lynxnaturebooks.com\/es\/wp-json\/wp\/v2\/product_cat?post=3261"},{"taxonomy":"product_tag","embeddable":true,"href":"https:\/\/lynxnaturebooks.com\/es\/wp-json\/wp\/v2\/product_tag?post=3261"}],"curies":[{"name":"wp","href":"https:\/\/api.w.org\/{rel}","templated":true}]}}