{"id":3255,"date":"2005-10-01T10:00:00","date_gmt":"2005-10-01T08:00:00","guid":{"rendered":"https:\/\/www.lynxeds.com\/product\/la-pucu-no-vol-ser-eruga\/"},"modified":"2024-07-16T15:54:14","modified_gmt":"2024-07-16T13:54:14","slug":"la-pucu-no-vol-ser-eruga","status":"publish","type":"product","link":"https:\/\/lynxnaturebooks.com\/es\/producto\/la-pucu-no-vol-ser-eruga\/","title":{"rendered":"La Pucu no vol ser eruga"},"content":{"rendered":"<p>Pucu es una oruga que piensa que todos los animales son m\u00e1s bonitos que ella o se divierten m\u00e1s que ella. Pero Pucu pronto se dar\u00e1 cuenta de que ella tambi\u00e9n es muy especial&#8230; Con esta historia, veremos que todo el mundo es excepcional de un modo u otro, y aprenderemos que muchos animales esconden sorpresas espectaculares bajo sus apariencias ordinarias.<\/p>\n<p>&nbsp;<\/p>\n<p>Secci\u00f3n de no ficci\u00f3n sobre orugas y mariposas.<\/p>\n","protected":false},"excerpt":{"rendered":"<p>Pucu es una oruga que piensa que todos los animales son m\u00e1s bonitos que ella o se divierten m\u00e1s que ella. Pero Pucu pronto se dar\u00e1 cuenta de que ella tambi\u00e9n es muy especial&#8230; Con esta historia, veremos que todo el mundo es excepcional de un modo u otro, y aprenderemos que muchos animales esconden sorpresas espectaculares bajo sus apariencias ordinarias.<\/p>\n<p>&nbsp;<\/p>\n<p>Secci\u00f3n de no ficci\u00f3n sobre orugas y mariposas.<\/p>\n","protected":false},"featured_media":1586,"comment_status":"open","ping_status":"closed","template":"","meta":[],"collection":[],"product_brand":[],"product_cat":[616,619],"product_tag":[],"class_list":{"0":"post-3255","1":"product","2":"type-product","3":"status-publish","4":"has-post-thumbnail","6":"product_cat-libros-infantiles","7":"product_cat-miscelanea-es","9":"first","10":"discontinued","11":"shipping-taxable","12":"product-type-simple"},"_links":{"self":[{"href":"https:\/\/lynxnaturebooks.com\/es\/wp-json\/wp\/v2\/product\/3255","targetHints":{"allow":["GET"]}}],"collection":[{"href":"https:\/\/lynxnaturebooks.com\/es\/wp-json\/wp\/v2\/product"}],"about":[{"href":"https:\/\/lynxnaturebooks.com\/es\/wp-json\/wp\/v2\/types\/product"}],"replies":[{"embeddable":true,"href":"https:\/\/lynxnaturebooks.com\/es\/wp-json\/wp\/v2\/comments?post=3255"}],"wp:featuredmedia":[{"embeddable":true,"href":"https:\/\/lynxnaturebooks.com\/es\/wp-json\/wp\/v2\/media\/1586"}],"wp:attachment":[{"href":"https:\/\/lynxnaturebooks.com\/es\/wp-json\/wp\/v2\/media?parent=3255"}],"wp:term":[{"taxonomy":"collection","embeddable":true,"href":"https:\/\/lynxnaturebooks.com\/es\/wp-json\/wp\/v2\/collection?post=3255"},{"taxonomy":"product_brand","embeddable":true,"href":"https:\/\/lynxnaturebooks.com\/es\/wp-json\/wp\/v2\/product_brand?post=3255"},{"taxonomy":"product_cat","embeddable":true,"href":"https:\/\/lynxnaturebooks.com\/es\/wp-json\/wp\/v2\/product_cat?post=3255"},{"taxonomy":"product_tag","embeddable":true,"href":"https:\/\/lynxnaturebooks.com\/es\/wp-json\/wp\/v2\/product_tag?post=3255"}],"curies":[{"name":"wp","href":"https:\/\/api.w.org\/{rel}","templated":true}]}}