{"id":3235,"date":"1995-03-01T10:00:00","date_gmt":"1995-03-01T09:00:00","guid":{"rendered":"https:\/\/www.lynxeds.com\/product\/els-ocells-del-delta-del-llobregat\/"},"modified":"2024-07-16T15:54:18","modified_gmt":"2024-07-16T13:54:18","slug":"els-ocells-del-delta-del-llobregat","status":"publish","type":"product","link":"https:\/\/lynxnaturebooks.com\/es\/producto\/els-ocells-del-delta-del-llobregat\/","title":{"rendered":"Els Ocells del Delta del Llobregat"},"content":{"rendered":"<p>H\u00e1bitats del Delta del LLobregat y gu\u00eda de identificaci\u00f3n de las 339 especies de aves registradas all\u00ed hasta ahora.<\/p>\n","protected":false},"excerpt":{"rendered":"<p>H\u00e1bitats del Delta del Llobregat y gu\u00eda de identificaci\u00f3n de las 339 especies de aves registradas all\u00ed hasta ahora.<\/p>\n<p><strong><em>Texto en catal\u00e1n<\/em><\/strong><\/p>\n","protected":false},"featured_media":5688,"comment_status":"open","ping_status":"closed","template":"","meta":[],"collection":[],"product_brand":[],"product_cat":[228,254,174],"product_tag":[],"class_list":{"0":"post-3235","1":"product","2":"type-product","3":"status-publish","4":"has-post-thumbnail","6":"product_cat-aves","7":"product_cat-guias-de-campo","8":"product_cat-paleartica","10":"first","11":"discontinued","12":"shipping-taxable","13":"product-type-simple"},"_links":{"self":[{"href":"https:\/\/lynxnaturebooks.com\/es\/wp-json\/wp\/v2\/product\/3235","targetHints":{"allow":["GET"]}}],"collection":[{"href":"https:\/\/lynxnaturebooks.com\/es\/wp-json\/wp\/v2\/product"}],"about":[{"href":"https:\/\/lynxnaturebooks.com\/es\/wp-json\/wp\/v2\/types\/product"}],"replies":[{"embeddable":true,"href":"https:\/\/lynxnaturebooks.com\/es\/wp-json\/wp\/v2\/comments?post=3235"}],"wp:featuredmedia":[{"embeddable":true,"href":"https:\/\/lynxnaturebooks.com\/es\/wp-json\/wp\/v2\/media\/5688"}],"wp:attachment":[{"href":"https:\/\/lynxnaturebooks.com\/es\/wp-json\/wp\/v2\/media?parent=3235"}],"wp:term":[{"taxonomy":"collection","embeddable":true,"href":"https:\/\/lynxnaturebooks.com\/es\/wp-json\/wp\/v2\/collection?post=3235"},{"taxonomy":"product_brand","embeddable":true,"href":"https:\/\/lynxnaturebooks.com\/es\/wp-json\/wp\/v2\/product_brand?post=3235"},{"taxonomy":"product_cat","embeddable":true,"href":"https:\/\/lynxnaturebooks.com\/es\/wp-json\/wp\/v2\/product_cat?post=3235"},{"taxonomy":"product_tag","embeddable":true,"href":"https:\/\/lynxnaturebooks.com\/es\/wp-json\/wp\/v2\/product_tag?post=3235"}],"curies":[{"name":"wp","href":"https:\/\/api.w.org\/{rel}","templated":true}]}}