{"id":3145,"date":"2006-05-01T10:00:00","date_gmt":"2006-05-01T08:00:00","guid":{"rendered":"https:\/\/www.lynxeds.com\/product\/la-y-lolo\/"},"modified":"2024-07-16T15:54:13","modified_gmt":"2024-07-16T13:54:13","slug":"la-y-lolo","status":"publish","type":"product","link":"https:\/\/lynxnaturebooks.com\/es\/producto\/la-y-lolo\/","title":{"rendered":"La y Lolo"},"content":{"rendered":"<p>Los padres de Lolo no le dejan tener mascotas. Se ocupa de las ara\u00f1as y moscas que encuentra<br \/>\nen su casa, los peque\u00f1os insectos que intenta proteger de los insecticidas y la terror\u00edfica aspiradora que utiliza su madre para deshacerse de ellos. Un d\u00eda, una peque\u00f1a lagartija salta a su mochila. A partir de entonces, Lolo intentar\u00e1 por todos los medios evitar que sus padres se enteren de su&#8230;<\/p>\n<p>Secci\u00f3n de no ficci\u00f3n sobre lagartos.<\/p>\n","protected":false},"excerpt":{"rendered":"<p>Los padres de Lolo no le dejan tener mascotas. Se ocupa de las ara\u00f1as y moscas que encuentra<br \/>\nen su casa, los peque\u00f1os insectos que intenta proteger de los insecticidas y la terror\u00edfica aspiradora que utiliza su madre para deshacerse de ellos. Un d\u00eda, una peque\u00f1a lagartija salta a su mochila. A partir de entonces, Lolo intentar\u00e1 por todos los medios evitar que sus padres se enteren de su&#8230;<\/p>\n<p>Secci\u00f3n de no ficci\u00f3n sobre lagartos.<\/p>\n","protected":false},"featured_media":4552,"comment_status":"open","ping_status":"closed","template":"","meta":[],"collection":[],"product_brand":[],"product_cat":[616,619],"product_tag":[],"class_list":{"0":"post-3145","1":"product","2":"type-product","3":"status-publish","4":"has-post-thumbnail","6":"product_cat-libros-infantiles","7":"product_cat-miscelanea-es","9":"first","10":"discontinued","11":"shipping-taxable","12":"product-type-simple"},"_links":{"self":[{"href":"https:\/\/lynxnaturebooks.com\/es\/wp-json\/wp\/v2\/product\/3145","targetHints":{"allow":["GET"]}}],"collection":[{"href":"https:\/\/lynxnaturebooks.com\/es\/wp-json\/wp\/v2\/product"}],"about":[{"href":"https:\/\/lynxnaturebooks.com\/es\/wp-json\/wp\/v2\/types\/product"}],"replies":[{"embeddable":true,"href":"https:\/\/lynxnaturebooks.com\/es\/wp-json\/wp\/v2\/comments?post=3145"}],"wp:featuredmedia":[{"embeddable":true,"href":"https:\/\/lynxnaturebooks.com\/es\/wp-json\/wp\/v2\/media\/4552"}],"wp:attachment":[{"href":"https:\/\/lynxnaturebooks.com\/es\/wp-json\/wp\/v2\/media?parent=3145"}],"wp:term":[{"taxonomy":"collection","embeddable":true,"href":"https:\/\/lynxnaturebooks.com\/es\/wp-json\/wp\/v2\/collection?post=3145"},{"taxonomy":"product_brand","embeddable":true,"href":"https:\/\/lynxnaturebooks.com\/es\/wp-json\/wp\/v2\/product_brand?post=3145"},{"taxonomy":"product_cat","embeddable":true,"href":"https:\/\/lynxnaturebooks.com\/es\/wp-json\/wp\/v2\/product_cat?post=3145"},{"taxonomy":"product_tag","embeddable":true,"href":"https:\/\/lynxnaturebooks.com\/es\/wp-json\/wp\/v2\/product_tag?post=3145"}],"curies":[{"name":"wp","href":"https:\/\/api.w.org\/{rel}","templated":true}]}}