{"id":3143,"date":"2006-03-01T10:00:00","date_gmt":"2006-03-01T09:00:00","guid":{"rendered":"https:\/\/www.lynxeds.com\/product\/versos-con-alas\/"},"modified":"2024-07-16T15:54:13","modified_gmt":"2024-07-16T13:54:13","slug":"versos-con-alas","status":"publish","type":"product","link":"https:\/\/lynxnaturebooks.com\/es\/producto\/versos-con-alas\/","title":{"rendered":"Versos con alas"},"content":{"rendered":"<p>&#8220;Cuando hay un p\u00e1jaro en un poema, el poema tiene alas&#8221;. Esto es lo que Antonio Garc\u00eda Teijeiro quiere transmitir en este poemario. A trav\u00e9s de sus p\u00e1ginas encontrar\u00e1s toda la<br \/>\np\u00e1jaros que puedas imaginar, sobrevolando versos inspirados por los poetas que, como Antonio, un d\u00eda pusieron alas a su poes\u00eda y la hicieron volar tambi\u00e9n.<\/p>\n<p>Secci\u00f3n de no ficci\u00f3n sobre el canto de los p\u00e1jaros.<\/p>\n","protected":false},"excerpt":{"rendered":"<p>&#8220;Cuando hay un p\u00e1jaro en un poema, el poema tiene alas&#8221;. Esto es lo que Antonio Garc\u00eda Teijeiro quiere transmitir en este poemario. A trav\u00e9s de sus p\u00e1ginas encontrar\u00e1s toda la<br \/>\np\u00e1jaros que puedas imaginar, sobrevolando versos inspirados por los poetas que, como Antonio, un d\u00eda pusieron alas a su poes\u00eda y la hicieron volar tambi\u00e9n.<\/p>\n<p>Secci\u00f3n de no ficci\u00f3n sobre el canto de los p\u00e1jaros.<\/p>\n","protected":false},"featured_media":4555,"comment_status":"open","ping_status":"closed","template":"","meta":[],"collection":[],"product_brand":[],"product_cat":[616,619],"product_tag":[],"class_list":{"0":"post-3143","1":"product","2":"type-product","3":"status-publish","4":"has-post-thumbnail","6":"product_cat-libros-infantiles","7":"product_cat-miscelanea-es","9":"first","10":"discontinued","11":"shipping-taxable","12":"product-type-simple"},"_links":{"self":[{"href":"https:\/\/lynxnaturebooks.com\/es\/wp-json\/wp\/v2\/product\/3143","targetHints":{"allow":["GET"]}}],"collection":[{"href":"https:\/\/lynxnaturebooks.com\/es\/wp-json\/wp\/v2\/product"}],"about":[{"href":"https:\/\/lynxnaturebooks.com\/es\/wp-json\/wp\/v2\/types\/product"}],"replies":[{"embeddable":true,"href":"https:\/\/lynxnaturebooks.com\/es\/wp-json\/wp\/v2\/comments?post=3143"}],"wp:featuredmedia":[{"embeddable":true,"href":"https:\/\/lynxnaturebooks.com\/es\/wp-json\/wp\/v2\/media\/4555"}],"wp:attachment":[{"href":"https:\/\/lynxnaturebooks.com\/es\/wp-json\/wp\/v2\/media?parent=3143"}],"wp:term":[{"taxonomy":"collection","embeddable":true,"href":"https:\/\/lynxnaturebooks.com\/es\/wp-json\/wp\/v2\/collection?post=3143"},{"taxonomy":"product_brand","embeddable":true,"href":"https:\/\/lynxnaturebooks.com\/es\/wp-json\/wp\/v2\/product_brand?post=3143"},{"taxonomy":"product_cat","embeddable":true,"href":"https:\/\/lynxnaturebooks.com\/es\/wp-json\/wp\/v2\/product_cat?post=3143"},{"taxonomy":"product_tag","embeddable":true,"href":"https:\/\/lynxnaturebooks.com\/es\/wp-json\/wp\/v2\/product_tag?post=3143"}],"curies":[{"name":"wp","href":"https:\/\/api.w.org\/{rel}","templated":true}]}}