{"id":3137,"date":"2007-03-01T10:00:00","date_gmt":"2007-03-01T09:00:00","guid":{"rendered":"https:\/\/www.lynxeds.com\/product\/el-mon-mes-bonic\/"},"modified":"2024-07-16T15:54:12","modified_gmt":"2024-07-16T13:54:12","slug":"el-mon-mes-bonic","status":"publish","type":"product","link":"https:\/\/lynxnaturebooks.com\/es\/producto\/el-mon-mes-bonic\/","title":{"rendered":"El M\u00f3n m\u00e9s bonic"},"content":{"rendered":"<p>Mosseyes y Goldeneyes son dos lobeznos que a\u00fan son demasiado j\u00f3venes para salir solos de la cueva. Un d\u00eda, cuando sus padres est\u00e1n de caza, Goldeneyes no puede resistir la tentaci\u00f3n de salir. Mosseyes tendr\u00e1 que ayudarle a escapar de los peligros que acechan cuando se encuentran lejos de casa&#8230;<\/p>\n<p>La secci\u00f3n de no ficci\u00f3n trata sobre los lobos.<\/p>\n","protected":false},"excerpt":{"rendered":"<p>Mosseyes y Goldeneyes son dos lobeznos que a\u00fan son demasiado j\u00f3venes para salir solos de la cueva. Un d\u00eda, cuando sus padres est\u00e1n de caza, Goldeneyes no puede resistir la tentaci\u00f3n de salir. Mosseyes tendr\u00e1 que ayudarle a escapar de los peligros que acechan cuando se encuentran lejos de casa&#8230;<\/p>\n<p>La secci\u00f3n de no ficci\u00f3n trata sobre los lobos.<\/p>\n","protected":false},"featured_media":1544,"comment_status":"open","ping_status":"closed","template":"","meta":[],"collection":[],"product_brand":[],"product_cat":[616,619],"product_tag":[],"class_list":{"0":"post-3137","1":"product","2":"type-product","3":"status-publish","4":"has-post-thumbnail","6":"product_cat-libros-infantiles","7":"product_cat-miscelanea-es","9":"first","10":"discontinued","11":"shipping-taxable","12":"product-type-simple"},"_links":{"self":[{"href":"https:\/\/lynxnaturebooks.com\/es\/wp-json\/wp\/v2\/product\/3137","targetHints":{"allow":["GET"]}}],"collection":[{"href":"https:\/\/lynxnaturebooks.com\/es\/wp-json\/wp\/v2\/product"}],"about":[{"href":"https:\/\/lynxnaturebooks.com\/es\/wp-json\/wp\/v2\/types\/product"}],"replies":[{"embeddable":true,"href":"https:\/\/lynxnaturebooks.com\/es\/wp-json\/wp\/v2\/comments?post=3137"}],"wp:featuredmedia":[{"embeddable":true,"href":"https:\/\/lynxnaturebooks.com\/es\/wp-json\/wp\/v2\/media\/1544"}],"wp:attachment":[{"href":"https:\/\/lynxnaturebooks.com\/es\/wp-json\/wp\/v2\/media?parent=3137"}],"wp:term":[{"taxonomy":"collection","embeddable":true,"href":"https:\/\/lynxnaturebooks.com\/es\/wp-json\/wp\/v2\/collection?post=3137"},{"taxonomy":"product_brand","embeddable":true,"href":"https:\/\/lynxnaturebooks.com\/es\/wp-json\/wp\/v2\/product_brand?post=3137"},{"taxonomy":"product_cat","embeddable":true,"href":"https:\/\/lynxnaturebooks.com\/es\/wp-json\/wp\/v2\/product_cat?post=3137"},{"taxonomy":"product_tag","embeddable":true,"href":"https:\/\/lynxnaturebooks.com\/es\/wp-json\/wp\/v2\/product_tag?post=3137"}],"curies":[{"name":"wp","href":"https:\/\/api.w.org\/{rel}","templated":true}]}}