{"id":3135,"date":"2007-04-01T10:00:00","date_gmt":"2007-04-01T08:00:00","guid":{"rendered":"https:\/\/www.lynxeds.com\/product\/vermell-tacat\/"},"modified":"2024-07-16T15:54:12","modified_gmt":"2024-07-16T13:54:12","slug":"vermell-tacat","status":"publish","type":"product","link":"https:\/\/lynxnaturebooks.com\/es\/producto\/vermell-tacat\/","title":{"rendered":"Vermell tacat"},"content":{"rendered":"<p>Berta es una mariquita que vive feliz entre las plantas. Un d\u00eda, sin embargo, empieza a sentirse sola y sale a buscar pareja. Al principio parece f\u00e1cil; su compa\u00f1ero ideal deber\u00eda ser rojo como ella. Pero Berta descubrir\u00e1 que cuando quieres que alguien comparta tu vida, no puedes juzgar s\u00f3lo por las apariencias.<\/p>\n<p>Secci\u00f3n de no ficci\u00f3n sobre mariquitas.<\/p>\n","protected":false},"excerpt":{"rendered":"<p>Berta es una mariquita que vive feliz entre las plantas. Un d\u00eda, sin embargo, empieza a sentirse sola y sale a buscar pareja. Al principio parece f\u00e1cil; su compa\u00f1ero ideal deber\u00eda ser rojo como ella. Pero Berta descubrir\u00e1 que cuando quieres que alguien comparta tu vida, no puedes juzgar s\u00f3lo por las apariencias.<\/p>\n<p>Secci\u00f3n de no ficci\u00f3n sobre mariquitas.<\/p>\n","protected":false},"featured_media":1542,"comment_status":"open","ping_status":"closed","template":"","meta":[],"collection":[],"product_brand":[],"product_cat":[616,619],"product_tag":[],"class_list":{"0":"post-3135","1":"product","2":"type-product","3":"status-publish","4":"has-post-thumbnail","6":"product_cat-libros-infantiles","7":"product_cat-miscelanea-es","9":"first","10":"discontinued","11":"shipping-taxable","12":"product-type-simple"},"_links":{"self":[{"href":"https:\/\/lynxnaturebooks.com\/es\/wp-json\/wp\/v2\/product\/3135","targetHints":{"allow":["GET"]}}],"collection":[{"href":"https:\/\/lynxnaturebooks.com\/es\/wp-json\/wp\/v2\/product"}],"about":[{"href":"https:\/\/lynxnaturebooks.com\/es\/wp-json\/wp\/v2\/types\/product"}],"replies":[{"embeddable":true,"href":"https:\/\/lynxnaturebooks.com\/es\/wp-json\/wp\/v2\/comments?post=3135"}],"wp:featuredmedia":[{"embeddable":true,"href":"https:\/\/lynxnaturebooks.com\/es\/wp-json\/wp\/v2\/media\/1542"}],"wp:attachment":[{"href":"https:\/\/lynxnaturebooks.com\/es\/wp-json\/wp\/v2\/media?parent=3135"}],"wp:term":[{"taxonomy":"collection","embeddable":true,"href":"https:\/\/lynxnaturebooks.com\/es\/wp-json\/wp\/v2\/collection?post=3135"},{"taxonomy":"product_brand","embeddable":true,"href":"https:\/\/lynxnaturebooks.com\/es\/wp-json\/wp\/v2\/product_brand?post=3135"},{"taxonomy":"product_cat","embeddable":true,"href":"https:\/\/lynxnaturebooks.com\/es\/wp-json\/wp\/v2\/product_cat?post=3135"},{"taxonomy":"product_tag","embeddable":true,"href":"https:\/\/lynxnaturebooks.com\/es\/wp-json\/wp\/v2\/product_tag?post=3135"}],"curies":[{"name":"wp","href":"https:\/\/api.w.org\/{rel}","templated":true}]}}