{"id":3129,"date":"2006-03-01T10:00:00","date_gmt":"2006-03-01T09:00:00","guid":{"rendered":"https:\/\/www.lynxeds.com\/product\/lescala-den-pinxo\/"},"modified":"2024-07-16T15:54:13","modified_gmt":"2024-07-16T13:54:13","slug":"lescala-den-pinxo","status":"publish","type":"product","link":"https:\/\/lynxnaturebooks.com\/es\/producto\/lescala-den-pinxo\/","title":{"rendered":"L&#8217;escala d&#8217;en Pinxo"},"content":{"rendered":"<p>Pancho es un rat\u00f3n muy inteligente y con mucha fuerza de voluntad pero, como todos los ratones, es muy peque\u00f1o. Cuando quiere alcanzar el gran cono que ha visto en lo alto de un alto pino, debe pedir ayuda a los dem\u00e1s animales. El zorro astuto le mostrar\u00e1 c\u00f3mo hacerlo.<\/p>\n<p>Secci\u00f3n de no ficci\u00f3n sobre ratones.<\/p>\n","protected":false},"excerpt":{"rendered":"<p>Pancho es un rat\u00f3n muy inteligente y con mucha fuerza de voluntad pero, como todos los ratones, es muy peque\u00f1o. Cuando quiere alcanzar el gran cono que ha visto en lo alto de un alto pino, debe pedir ayuda a los dem\u00e1s animales. El zorro astuto le mostrar\u00e1 c\u00f3mo hacerlo.<\/p>\n<p>Secci\u00f3n de no ficci\u00f3n sobre ratones.<\/p>\n","protected":false},"featured_media":1564,"comment_status":"open","ping_status":"closed","template":"","meta":[],"collection":[],"product_brand":[],"product_cat":[616,619],"product_tag":[],"class_list":{"0":"post-3129","1":"product","2":"type-product","3":"status-publish","4":"has-post-thumbnail","6":"product_cat-libros-infantiles","7":"product_cat-miscelanea-es","9":"first","10":"discontinued","11":"shipping-taxable","12":"product-type-simple"},"_links":{"self":[{"href":"https:\/\/lynxnaturebooks.com\/es\/wp-json\/wp\/v2\/product\/3129","targetHints":{"allow":["GET"]}}],"collection":[{"href":"https:\/\/lynxnaturebooks.com\/es\/wp-json\/wp\/v2\/product"}],"about":[{"href":"https:\/\/lynxnaturebooks.com\/es\/wp-json\/wp\/v2\/types\/product"}],"replies":[{"embeddable":true,"href":"https:\/\/lynxnaturebooks.com\/es\/wp-json\/wp\/v2\/comments?post=3129"}],"wp:featuredmedia":[{"embeddable":true,"href":"https:\/\/lynxnaturebooks.com\/es\/wp-json\/wp\/v2\/media\/1564"}],"wp:attachment":[{"href":"https:\/\/lynxnaturebooks.com\/es\/wp-json\/wp\/v2\/media?parent=3129"}],"wp:term":[{"taxonomy":"collection","embeddable":true,"href":"https:\/\/lynxnaturebooks.com\/es\/wp-json\/wp\/v2\/collection?post=3129"},{"taxonomy":"product_brand","embeddable":true,"href":"https:\/\/lynxnaturebooks.com\/es\/wp-json\/wp\/v2\/product_brand?post=3129"},{"taxonomy":"product_cat","embeddable":true,"href":"https:\/\/lynxnaturebooks.com\/es\/wp-json\/wp\/v2\/product_cat?post=3129"},{"taxonomy":"product_tag","embeddable":true,"href":"https:\/\/lynxnaturebooks.com\/es\/wp-json\/wp\/v2\/product_tag?post=3129"}],"curies":[{"name":"wp","href":"https:\/\/api.w.org\/{rel}","templated":true}]}}