{"id":3127,"date":"2006-05-01T10:00:00","date_gmt":"2006-05-01T08:00:00","guid":{"rendered":"https:\/\/www.lynxeds.com\/product\/les-cotorres-fugitives\/"},"modified":"2024-07-16T15:54:13","modified_gmt":"2024-07-16T13:54:13","slug":"les-cotorres-fugitives","status":"publish","type":"product","link":"https:\/\/lynxnaturebooks.com\/es\/producto\/les-cotorres-fugitives\/","title":{"rendered":"Les cotorres fugitives"},"content":{"rendered":"<p>Coto-Rita y Coto-Rota se han escapado de sus jaulas. Estos dos periquitos volar\u00e1n juntos en busca de la libertad y encontrar\u00e1n un lugar donde construir un nuevo hogar. Ver\u00e1n paisajes diferentes, har\u00e1n nuevos amigos y&#8230; \u00a1tambi\u00e9n se encontrar\u00e1n con unos cuantos enemigos!<\/p>\n<p>Secci\u00f3n de no ficci\u00f3n sobre periquitos.<\/p>\n","protected":false},"excerpt":{"rendered":"<p>Coto-Rita y Coto-Rota se han escapado de sus jaulas. Estos dos periquitos volar\u00e1n juntos en busca de la libertad y encontrar\u00e1n un lugar donde construir un nuevo hogar. Ver\u00e1n paisajes diferentes, har\u00e1n nuevos amigos y&#8230; \u00a1tambi\u00e9n se encontrar\u00e1n con unos cuantos enemigos!<\/p>\n<p>Secci\u00f3n de no ficci\u00f3n sobre periquitos.<\/p>\n","protected":false},"featured_media":1562,"comment_status":"open","ping_status":"closed","template":"","meta":[],"collection":[],"product_brand":[],"product_cat":[616,619],"product_tag":[],"class_list":{"0":"post-3127","1":"product","2":"type-product","3":"status-publish","4":"has-post-thumbnail","6":"product_cat-libros-infantiles","7":"product_cat-miscelanea-es","9":"first","10":"discontinued","11":"shipping-taxable","12":"product-type-simple"},"_links":{"self":[{"href":"https:\/\/lynxnaturebooks.com\/es\/wp-json\/wp\/v2\/product\/3127","targetHints":{"allow":["GET"]}}],"collection":[{"href":"https:\/\/lynxnaturebooks.com\/es\/wp-json\/wp\/v2\/product"}],"about":[{"href":"https:\/\/lynxnaturebooks.com\/es\/wp-json\/wp\/v2\/types\/product"}],"replies":[{"embeddable":true,"href":"https:\/\/lynxnaturebooks.com\/es\/wp-json\/wp\/v2\/comments?post=3127"}],"wp:featuredmedia":[{"embeddable":true,"href":"https:\/\/lynxnaturebooks.com\/es\/wp-json\/wp\/v2\/media\/1562"}],"wp:attachment":[{"href":"https:\/\/lynxnaturebooks.com\/es\/wp-json\/wp\/v2\/media?parent=3127"}],"wp:term":[{"taxonomy":"collection","embeddable":true,"href":"https:\/\/lynxnaturebooks.com\/es\/wp-json\/wp\/v2\/collection?post=3127"},{"taxonomy":"product_brand","embeddable":true,"href":"https:\/\/lynxnaturebooks.com\/es\/wp-json\/wp\/v2\/product_brand?post=3127"},{"taxonomy":"product_cat","embeddable":true,"href":"https:\/\/lynxnaturebooks.com\/es\/wp-json\/wp\/v2\/product_cat?post=3127"},{"taxonomy":"product_tag","embeddable":true,"href":"https:\/\/lynxnaturebooks.com\/es\/wp-json\/wp\/v2\/product_tag?post=3127"}],"curies":[{"name":"wp","href":"https:\/\/api.w.org\/{rel}","templated":true}]}}