{"id":3123,"date":"2006-03-01T10:00:00","date_gmt":"2006-03-01T09:00:00","guid":{"rendered":"https:\/\/www.lynxeds.com\/product\/pinguino-y-penguin\/"},"modified":"2024-07-16T15:54:13","modified_gmt":"2024-07-16T13:54:13","slug":"pinguino-y-penguin","status":"publish","type":"product","link":"https:\/\/lynxnaturebooks.com\/es\/producto\/pinguino-y-penguin\/","title":{"rendered":"Ping\u00fcino y Penguin"},"content":{"rendered":"<p>Una ma\u00f1ana, Ping\u00fcino se despierta con una idea en la cabeza. Quiere volar, pero a\u00fan no sabe que los ping\u00fcinos no pueden volar. Ping\u00fcino tiene un amigo que se llama Ping\u00fcino. Juntos, encontrar\u00e1n la forma de hacer realidad el sue\u00f1o de Ping\u00fcino, y descubrir\u00e1n que dos ping\u00fcinos juntos pueden hacer todo lo que se propongan. \u00a1S\u00f3lo tienen que usar su imaginaci\u00f3n!<br \/>\nLa secci\u00f3n de no ficci\u00f3n trata de los ping\u00fcinos.<\/p>\n","protected":false},"excerpt":{"rendered":"<p>Una ma\u00f1ana, Ping\u00fcino se despierta con una idea en la cabeza. Quiere volar, pero a\u00fan no sabe que los ping\u00fcinos no pueden volar. Ping\u00fcino tiene un amigo que se llama Ping\u00fcino. Juntos, encontrar\u00e1n la forma de hacer realidad el sue\u00f1o de Ping\u00fcino, y descubrir\u00e1n que dos ping\u00fcinos juntos pueden hacer todo lo que se propongan. \u00a1S\u00f3lo tienen que usar su imaginaci\u00f3n!<br \/>\nLa secci\u00f3n de no ficci\u00f3n trata de los ping\u00fcinos.<\/p>\n","protected":false},"featured_media":1558,"comment_status":"open","ping_status":"closed","template":"","meta":[],"collection":[],"product_brand":[],"product_cat":[616,619],"product_tag":[],"class_list":{"0":"post-3123","1":"product","2":"type-product","3":"status-publish","4":"has-post-thumbnail","6":"product_cat-libros-infantiles","7":"product_cat-miscelanea-es","9":"first","10":"discontinued","11":"shipping-taxable","12":"product-type-simple"},"_links":{"self":[{"href":"https:\/\/lynxnaturebooks.com\/es\/wp-json\/wp\/v2\/product\/3123","targetHints":{"allow":["GET"]}}],"collection":[{"href":"https:\/\/lynxnaturebooks.com\/es\/wp-json\/wp\/v2\/product"}],"about":[{"href":"https:\/\/lynxnaturebooks.com\/es\/wp-json\/wp\/v2\/types\/product"}],"replies":[{"embeddable":true,"href":"https:\/\/lynxnaturebooks.com\/es\/wp-json\/wp\/v2\/comments?post=3123"}],"wp:featuredmedia":[{"embeddable":true,"href":"https:\/\/lynxnaturebooks.com\/es\/wp-json\/wp\/v2\/media\/1558"}],"wp:attachment":[{"href":"https:\/\/lynxnaturebooks.com\/es\/wp-json\/wp\/v2\/media?parent=3123"}],"wp:term":[{"taxonomy":"collection","embeddable":true,"href":"https:\/\/lynxnaturebooks.com\/es\/wp-json\/wp\/v2\/collection?post=3123"},{"taxonomy":"product_brand","embeddable":true,"href":"https:\/\/lynxnaturebooks.com\/es\/wp-json\/wp\/v2\/product_brand?post=3123"},{"taxonomy":"product_cat","embeddable":true,"href":"https:\/\/lynxnaturebooks.com\/es\/wp-json\/wp\/v2\/product_cat?post=3123"},{"taxonomy":"product_tag","embeddable":true,"href":"https:\/\/lynxnaturebooks.com\/es\/wp-json\/wp\/v2\/product_tag?post=3123"}],"curies":[{"name":"wp","href":"https:\/\/api.w.org\/{rel}","templated":true}]}}