{"id":3119,"date":"2005-02-01T10:00:00","date_gmt":"2005-02-01T09:00:00","guid":{"rendered":"https:\/\/www.lynxeds.com\/product\/ballena\/"},"modified":"2024-07-16T15:54:15","modified_gmt":"2024-07-16T13:54:15","slug":"ballena","status":"publish","type":"product","link":"https:\/\/lynxnaturebooks.com\/es\/producto\/ballena\/","title":{"rendered":"Ballena"},"content":{"rendered":"<p>Las ballenas no pueden sonre\u00edr, porque no tienen labios para hacerlo. Pero las ballenas pueden contar historias, como la ballena de este libro, que nos habla de su vida en el mar, de faros y marineros, de su amigo Jon\u00e1s y su familia&#8230; A trav\u00e9s de esta po\u00e9tica historia descubriremos el mundo de los animales marinos y tambi\u00e9n conoceremos a sus amigos de la orilla.<\/p>\n<p>Secci\u00f3n de no ficci\u00f3n sobre ballenas.<\/p>\n","protected":false},"excerpt":{"rendered":"<p>Las ballenas no pueden sonre\u00edr, porque no tienen labios para hacerlo. Pero las ballenas pueden contar historias, como la ballena de este libro, que nos habla de su vida en el mar, de faros y marineros, de su amigo Jon\u00e1s y su familia&#8230; A trav\u00e9s de esta po\u00e9tica historia descubriremos el mundo de los animales marinos y tambi\u00e9n conoceremos a sus amigos de la orilla.<\/p>\n<p>Secci\u00f3n de no ficci\u00f3n sobre ballenas.<\/p>\n","protected":false},"featured_media":1576,"comment_status":"open","ping_status":"closed","template":"","meta":[],"collection":[],"product_brand":[],"product_cat":[616,619],"product_tag":[],"class_list":{"0":"post-3119","1":"product","2":"type-product","3":"status-publish","4":"has-post-thumbnail","6":"product_cat-libros-infantiles","7":"product_cat-miscelanea-es","9":"first","10":"discontinued","11":"shipping-taxable","12":"product-type-simple"},"_links":{"self":[{"href":"https:\/\/lynxnaturebooks.com\/es\/wp-json\/wp\/v2\/product\/3119","targetHints":{"allow":["GET"]}}],"collection":[{"href":"https:\/\/lynxnaturebooks.com\/es\/wp-json\/wp\/v2\/product"}],"about":[{"href":"https:\/\/lynxnaturebooks.com\/es\/wp-json\/wp\/v2\/types\/product"}],"replies":[{"embeddable":true,"href":"https:\/\/lynxnaturebooks.com\/es\/wp-json\/wp\/v2\/comments?post=3119"}],"wp:featuredmedia":[{"embeddable":true,"href":"https:\/\/lynxnaturebooks.com\/es\/wp-json\/wp\/v2\/media\/1576"}],"wp:attachment":[{"href":"https:\/\/lynxnaturebooks.com\/es\/wp-json\/wp\/v2\/media?parent=3119"}],"wp:term":[{"taxonomy":"collection","embeddable":true,"href":"https:\/\/lynxnaturebooks.com\/es\/wp-json\/wp\/v2\/collection?post=3119"},{"taxonomy":"product_brand","embeddable":true,"href":"https:\/\/lynxnaturebooks.com\/es\/wp-json\/wp\/v2\/product_brand?post=3119"},{"taxonomy":"product_cat","embeddable":true,"href":"https:\/\/lynxnaturebooks.com\/es\/wp-json\/wp\/v2\/product_cat?post=3119"},{"taxonomy":"product_tag","embeddable":true,"href":"https:\/\/lynxnaturebooks.com\/es\/wp-json\/wp\/v2\/product_tag?post=3119"}],"curies":[{"name":"wp","href":"https:\/\/api.w.org\/{rel}","templated":true}]}}