{"id":3111,"date":"2005-10-01T10:00:00","date_gmt":"2005-10-01T08:00:00","guid":{"rendered":"https:\/\/www.lynxeds.com\/product\/per-que-es-tan-peluda-la-vilma\/"},"modified":"2024-07-16T15:54:14","modified_gmt":"2024-07-16T13:54:14","slug":"per-que-es-tan-peluda-la-vilma","status":"publish","type":"product","link":"https:\/\/lynxnaturebooks.com\/es\/producto\/per-que-es-tan-peluda-la-vilma\/","title":{"rendered":"Per qu\u00e8 \u00e9s tan peluda, la Vilma?"},"content":{"rendered":"<p>Vilma no es un h\u00e1mster normal. Tiene el pelo largo y de color desva\u00eddo, y los ojos muy peque\u00f1os. No es la mascota que Pablo esperaba, y cuando sus padres traen a Vilma a casa, se siente muy decepcionado&#8230; Pero Pablo aprender\u00e1 a querer a Vilma, y el h\u00e1mster peludo acabar\u00e1 convirti\u00e9ndose en uno de sus mejores amigos.<\/p>\n<p>Secci\u00f3n de no ficci\u00f3n sobre h\u00e1msters.<\/p>\n","protected":false},"excerpt":{"rendered":"<p>Vilma no es un h\u00e1mster normal. Tiene el pelo largo y de color desva\u00eddo, y los ojos muy peque\u00f1os. No es la mascota que Pablo esperaba, y cuando sus padres traen a Vilma a casa, se siente muy decepcionado&#8230; Pero Pablo aprender\u00e1 a querer a Vilma, y el h\u00e1mster peludo acabar\u00e1 convirti\u00e9ndose en uno de sus mejores amigos.<\/p>\n<p>Secci\u00f3n de no ficci\u00f3n sobre h\u00e1msters.<\/p>\n","protected":false},"featured_media":1582,"comment_status":"open","ping_status":"closed","template":"","meta":[],"collection":[],"product_brand":[],"product_cat":[616,619],"product_tag":[],"class_list":{"0":"post-3111","1":"product","2":"type-product","3":"status-publish","4":"has-post-thumbnail","6":"product_cat-libros-infantiles","7":"product_cat-miscelanea-es","9":"first","10":"discontinued","11":"shipping-taxable","12":"product-type-simple"},"_links":{"self":[{"href":"https:\/\/lynxnaturebooks.com\/es\/wp-json\/wp\/v2\/product\/3111","targetHints":{"allow":["GET"]}}],"collection":[{"href":"https:\/\/lynxnaturebooks.com\/es\/wp-json\/wp\/v2\/product"}],"about":[{"href":"https:\/\/lynxnaturebooks.com\/es\/wp-json\/wp\/v2\/types\/product"}],"replies":[{"embeddable":true,"href":"https:\/\/lynxnaturebooks.com\/es\/wp-json\/wp\/v2\/comments?post=3111"}],"wp:featuredmedia":[{"embeddable":true,"href":"https:\/\/lynxnaturebooks.com\/es\/wp-json\/wp\/v2\/media\/1582"}],"wp:attachment":[{"href":"https:\/\/lynxnaturebooks.com\/es\/wp-json\/wp\/v2\/media?parent=3111"}],"wp:term":[{"taxonomy":"collection","embeddable":true,"href":"https:\/\/lynxnaturebooks.com\/es\/wp-json\/wp\/v2\/collection?post=3111"},{"taxonomy":"product_brand","embeddable":true,"href":"https:\/\/lynxnaturebooks.com\/es\/wp-json\/wp\/v2\/product_brand?post=3111"},{"taxonomy":"product_cat","embeddable":true,"href":"https:\/\/lynxnaturebooks.com\/es\/wp-json\/wp\/v2\/product_cat?post=3111"},{"taxonomy":"product_tag","embeddable":true,"href":"https:\/\/lynxnaturebooks.com\/es\/wp-json\/wp\/v2\/product_tag?post=3111"}],"curies":[{"name":"wp","href":"https:\/\/api.w.org\/{rel}","templated":true}]}}