{"id":3107,"date":"2005-10-01T10:00:00","date_gmt":"2005-10-01T08:00:00","guid":{"rendered":"https:\/\/www.lynxeds.com\/product\/el-canto-de-la-luna\/"},"modified":"2024-07-16T15:54:14","modified_gmt":"2024-07-16T13:54:14","slug":"el-canto-de-la-luna","status":"publish","type":"product","link":"https:\/\/lynxnaturebooks.com\/es\/producto\/el-canto-de-la-luna\/","title":{"rendered":"El canto de la Luna"},"content":{"rendered":"<p>Bernardo no quiere ir al campamento de verano. Prefiere quedarse en casa viendo la tele o jugando a videojuegos. No sabe que en el campamento vivir\u00e1 una experiencia m\u00e1gica que cambiar\u00e1 su vida para siempre. La Luna y los elementos de la Tierra le hablar\u00e1n de todos los problemas del Planeta Tierra. La canci\u00f3n de la Luna es melanc\u00f3lica, pero tambi\u00e9n est\u00e1 llena de fuerza y esperanza.<\/p>\n<p>Secci\u00f3n de no ficci\u00f3n sobre &#8220;las voces de la Tierra&#8221; y los problemas medioambientales.<\/p>\n","protected":false},"excerpt":{"rendered":"<p>Bernardo no quiere ir al campamento de verano. Prefiere quedarse en casa viendo la tele o jugando a videojuegos. No sabe que en el campamento vivir\u00e1 una experiencia m\u00e1gica que cambiar\u00e1 su vida para siempre. La Luna y los elementos de la Tierra le hablar\u00e1n de todos los problemas del Planeta Tierra. La canci\u00f3n de la Luna es melanc\u00f3lica, pero tambi\u00e9n est\u00e1 llena de fuerza y esperanza.<\/p>\n<p>Secci\u00f3n de no ficci\u00f3n sobre &#8220;las voces de la Tierra&#8221; y los problemas medioambientales.<\/p>\n","protected":false},"featured_media":4842,"comment_status":"open","ping_status":"closed","template":"","meta":[],"collection":[],"product_brand":[],"product_cat":[616,619],"product_tag":[],"class_list":{"0":"post-3107","1":"product","2":"type-product","3":"status-publish","4":"has-post-thumbnail","6":"product_cat-libros-infantiles","7":"product_cat-miscelanea-es","9":"first","10":"discontinued","11":"shipping-taxable","12":"product-type-simple"},"_links":{"self":[{"href":"https:\/\/lynxnaturebooks.com\/es\/wp-json\/wp\/v2\/product\/3107","targetHints":{"allow":["GET"]}}],"collection":[{"href":"https:\/\/lynxnaturebooks.com\/es\/wp-json\/wp\/v2\/product"}],"about":[{"href":"https:\/\/lynxnaturebooks.com\/es\/wp-json\/wp\/v2\/types\/product"}],"replies":[{"embeddable":true,"href":"https:\/\/lynxnaturebooks.com\/es\/wp-json\/wp\/v2\/comments?post=3107"}],"wp:featuredmedia":[{"embeddable":true,"href":"https:\/\/lynxnaturebooks.com\/es\/wp-json\/wp\/v2\/media\/4842"}],"wp:attachment":[{"href":"https:\/\/lynxnaturebooks.com\/es\/wp-json\/wp\/v2\/media?parent=3107"}],"wp:term":[{"taxonomy":"collection","embeddable":true,"href":"https:\/\/lynxnaturebooks.com\/es\/wp-json\/wp\/v2\/collection?post=3107"},{"taxonomy":"product_brand","embeddable":true,"href":"https:\/\/lynxnaturebooks.com\/es\/wp-json\/wp\/v2\/product_brand?post=3107"},{"taxonomy":"product_cat","embeddable":true,"href":"https:\/\/lynxnaturebooks.com\/es\/wp-json\/wp\/v2\/product_cat?post=3107"},{"taxonomy":"product_tag","embeddable":true,"href":"https:\/\/lynxnaturebooks.com\/es\/wp-json\/wp\/v2\/product_tag?post=3107"}],"curies":[{"name":"wp","href":"https:\/\/api.w.org\/{rel}","templated":true}]}}