{"id":3099,"date":"1989-07-01T10:00:00","date_gmt":"1989-07-01T08:00:00","guid":{"rendered":"https:\/\/www.lynxeds.com\/product\/els-ocells-del-parc-natural-dels-aiguamolls-de-lemporda\/"},"modified":"2024-07-16T15:54:18","modified_gmt":"2024-07-16T13:54:18","slug":"els-ocells-del-parc-natural-dels-aiguamolls-de-lemporda","status":"publish","type":"product","link":"https:\/\/lynxnaturebooks.com\/es\/producto\/els-ocells-del-parc-natural-dels-aiguamolls-de-lemporda\/","title":{"rendered":"Els Ocells del Parc Natural dels Aiguamolls de l&#8217;Empord\u00e0"},"content":{"rendered":"<p class=\"resum\">H\u00e1bitats del Parque Natural de los Aiguamolls de l&#8217; Empord\u00e0 y gu\u00eda de identificaci\u00f3n de las 315 especies de aves censadas hasta ahora.<\/p>\n","protected":false},"excerpt":{"rendered":"<p class=\"resum\">H\u00e1bitats del Parque Natural de los Aiguamolls de l&#8217; Empord\u00e0 y gu\u00eda de identificaci\u00f3n de las 315 especies de aves registradas all\u00ed hasta ahora.<\/p>\n","protected":false},"featured_media":5363,"comment_status":"open","ping_status":"closed","template":"","meta":[],"collection":[],"product_brand":[],"product_cat":[228,254,174],"product_tag":[],"class_list":{"0":"post-3099","1":"product","2":"type-product","3":"status-publish","4":"has-post-thumbnail","6":"product_cat-aves","7":"product_cat-guias-de-campo","8":"product_cat-paleartica","10":"first","11":"discontinued","12":"shipping-taxable","13":"product-type-simple"},"_links":{"self":[{"href":"https:\/\/lynxnaturebooks.com\/es\/wp-json\/wp\/v2\/product\/3099","targetHints":{"allow":["GET"]}}],"collection":[{"href":"https:\/\/lynxnaturebooks.com\/es\/wp-json\/wp\/v2\/product"}],"about":[{"href":"https:\/\/lynxnaturebooks.com\/es\/wp-json\/wp\/v2\/types\/product"}],"replies":[{"embeddable":true,"href":"https:\/\/lynxnaturebooks.com\/es\/wp-json\/wp\/v2\/comments?post=3099"}],"wp:featuredmedia":[{"embeddable":true,"href":"https:\/\/lynxnaturebooks.com\/es\/wp-json\/wp\/v2\/media\/5363"}],"wp:attachment":[{"href":"https:\/\/lynxnaturebooks.com\/es\/wp-json\/wp\/v2\/media?parent=3099"}],"wp:term":[{"taxonomy":"collection","embeddable":true,"href":"https:\/\/lynxnaturebooks.com\/es\/wp-json\/wp\/v2\/collection?post=3099"},{"taxonomy":"product_brand","embeddable":true,"href":"https:\/\/lynxnaturebooks.com\/es\/wp-json\/wp\/v2\/product_brand?post=3099"},{"taxonomy":"product_cat","embeddable":true,"href":"https:\/\/lynxnaturebooks.com\/es\/wp-json\/wp\/v2\/product_cat?post=3099"},{"taxonomy":"product_tag","embeddable":true,"href":"https:\/\/lynxnaturebooks.com\/es\/wp-json\/wp\/v2\/product_tag?post=3099"}],"curies":[{"name":"wp","href":"https:\/\/api.w.org\/{rel}","templated":true}]}}