{"id":3084,"date":"1997-10-01T10:00:00","date_gmt":"1997-10-01T08:00:00","guid":{"rendered":"https:\/\/www.lynxeds.com\/product\/la-fauna-del-parc-natural-del-cadi-moixero\/"},"modified":"2024-07-16T15:54:17","modified_gmt":"2024-07-16T13:54:17","slug":"la-fauna-del-parc-natural-del-cadi-moixero","status":"publish","type":"product","link":"https:\/\/lynxnaturebooks.com\/es\/producto\/la-fauna-del-parc-natural-del-cadi-moixero\/","title":{"rendered":"La Fauna del parc Natural del Cad\u00ed-Moixer\u00f3"},"content":{"rendered":"<p class=\"resum\">Descripci\u00f3n de todas las especies de peces, anfibios, reptiles, aves y mam\u00edferos que se encuentran en el Parque Natural del Cad\u00ed-Moixer\u00f3.<\/p>\n","protected":false},"excerpt":{"rendered":"<p class=\"resum\">Descripci\u00f3n de todas las especies de peces, anfibios, reptiles, aves y mam\u00edferos que se encuentran en el Parque Natural del Cad\u00ed-Moixer\u00f3.<\/p>\n","protected":false},"featured_media":5360,"comment_status":"open","ping_status":"closed","template":"","meta":[],"collection":[],"product_brand":[],"product_cat":[228,254,186,188,174,200],"product_tag":[],"class_list":{"0":"post-3084","1":"product","2":"type-product","3":"status-publish","4":"has-post-thumbnail","6":"product_cat-aves","7":"product_cat-guias-de-campo","8":"product_cat-invertebrados","9":"product_cat-mamiferos","10":"product_cat-paleartica","11":"product_cat-reptiles-y-anfibios","13":"first","14":"discontinued","15":"shipping-taxable","16":"product-type-simple"},"_links":{"self":[{"href":"https:\/\/lynxnaturebooks.com\/es\/wp-json\/wp\/v2\/product\/3084","targetHints":{"allow":["GET"]}}],"collection":[{"href":"https:\/\/lynxnaturebooks.com\/es\/wp-json\/wp\/v2\/product"}],"about":[{"href":"https:\/\/lynxnaturebooks.com\/es\/wp-json\/wp\/v2\/types\/product"}],"replies":[{"embeddable":true,"href":"https:\/\/lynxnaturebooks.com\/es\/wp-json\/wp\/v2\/comments?post=3084"}],"wp:featuredmedia":[{"embeddable":true,"href":"https:\/\/lynxnaturebooks.com\/es\/wp-json\/wp\/v2\/media\/5360"}],"wp:attachment":[{"href":"https:\/\/lynxnaturebooks.com\/es\/wp-json\/wp\/v2\/media?parent=3084"}],"wp:term":[{"taxonomy":"collection","embeddable":true,"href":"https:\/\/lynxnaturebooks.com\/es\/wp-json\/wp\/v2\/collection?post=3084"},{"taxonomy":"product_brand","embeddable":true,"href":"https:\/\/lynxnaturebooks.com\/es\/wp-json\/wp\/v2\/product_brand?post=3084"},{"taxonomy":"product_cat","embeddable":true,"href":"https:\/\/lynxnaturebooks.com\/es\/wp-json\/wp\/v2\/product_cat?post=3084"},{"taxonomy":"product_tag","embeddable":true,"href":"https:\/\/lynxnaturebooks.com\/es\/wp-json\/wp\/v2\/product_tag?post=3084"}],"curies":[{"name":"wp","href":"https:\/\/api.w.org\/{rel}","templated":true}]}}