{"id":3064,"date":"1992-02-01T10:00:00","date_gmt":"1992-02-01T09:00:00","guid":{"rendered":"https:\/\/www.lynxeds.com\/product\/las-aves-del-parque-nacional-de-las-tablas-de-daimiel\/"},"modified":"2024-07-16T15:54:18","modified_gmt":"2024-07-16T13:54:18","slug":"las-aves-del-parque-nacional-de-las-tablas-de-daimiel","status":"publish","type":"product","link":"https:\/\/lynxnaturebooks.com\/es\/producto\/las-aves-del-parque-nacional-de-las-tablas-de-daimiel\/","title":{"rendered":"Las Aves del Parque Nacional de las Tablas de Daimiel"},"content":{"rendered":"<p>H\u00e1bitats del Parque Nacional de Las Tablas de Daimiel y gu\u00eda de identificaci\u00f3n de las 269 especies de aves registradas en \u00e9l hasta ahora.<\/p>\n","protected":false},"excerpt":{"rendered":"<p>H\u00e1bitats del Parque Nacional de Las Tablas de Daimiel y gu\u00eda de identificaci\u00f3n de las 269 especies de aves registradas en \u00e9l hasta ahora.<\/p>\n","protected":false},"featured_media":5372,"comment_status":"open","ping_status":"closed","template":"","meta":[],"collection":[],"product_brand":[],"product_cat":[228,254,174],"product_tag":[],"class_list":{"0":"post-3064","1":"product","2":"type-product","3":"status-publish","4":"has-post-thumbnail","6":"product_cat-aves","7":"product_cat-guias-de-campo","8":"product_cat-paleartica","10":"first","11":"discontinued","12":"shipping-taxable","13":"product-type-simple"},"_links":{"self":[{"href":"https:\/\/lynxnaturebooks.com\/es\/wp-json\/wp\/v2\/product\/3064","targetHints":{"allow":["GET"]}}],"collection":[{"href":"https:\/\/lynxnaturebooks.com\/es\/wp-json\/wp\/v2\/product"}],"about":[{"href":"https:\/\/lynxnaturebooks.com\/es\/wp-json\/wp\/v2\/types\/product"}],"replies":[{"embeddable":true,"href":"https:\/\/lynxnaturebooks.com\/es\/wp-json\/wp\/v2\/comments?post=3064"}],"wp:featuredmedia":[{"embeddable":true,"href":"https:\/\/lynxnaturebooks.com\/es\/wp-json\/wp\/v2\/media\/5372"}],"wp:attachment":[{"href":"https:\/\/lynxnaturebooks.com\/es\/wp-json\/wp\/v2\/media?parent=3064"}],"wp:term":[{"taxonomy":"collection","embeddable":true,"href":"https:\/\/lynxnaturebooks.com\/es\/wp-json\/wp\/v2\/collection?post=3064"},{"taxonomy":"product_brand","embeddable":true,"href":"https:\/\/lynxnaturebooks.com\/es\/wp-json\/wp\/v2\/product_brand?post=3064"},{"taxonomy":"product_cat","embeddable":true,"href":"https:\/\/lynxnaturebooks.com\/es\/wp-json\/wp\/v2\/product_cat?post=3064"},{"taxonomy":"product_tag","embeddable":true,"href":"https:\/\/lynxnaturebooks.com\/es\/wp-json\/wp\/v2\/product_tag?post=3064"}],"curies":[{"name":"wp","href":"https:\/\/api.w.org\/{rel}","templated":true}]}}