{"id":3062,"date":"1993-12-01T10:00:00","date_gmt":"1993-12-01T09:00:00","guid":{"rendered":"https:\/\/www.lynxeds.com\/product\/donde-ver-aves-en-espana-peninsular\/"},"modified":"2024-07-16T15:54:18","modified_gmt":"2024-07-16T13:54:18","slug":"donde-ver-aves-en-espana-peninsular","status":"publish","type":"product","link":"https:\/\/lynxnaturebooks.com\/es\/producto\/donde-ver-aves-en-espana-peninsular\/","title":{"rendered":"D\u00f3nde Ver Aves en Espa\u00f1a Peninsular"},"content":{"rendered":"<p>309 itinerarios por las mejores zonas de observaci\u00f3n de aves de la Espa\u00f1a peninsular.<\/p>\n","protected":false},"excerpt":{"rendered":"<p>309 itinerarios por las mejores zonas de observaci\u00f3n de aves de la Espa\u00f1a peninsular.<\/p>\n","protected":false},"featured_media":5402,"comment_status":"open","ping_status":"closed","template":"","meta":[],"collection":[],"product_brand":[],"product_cat":[228,254,174],"product_tag":[],"class_list":{"0":"post-3062","1":"product","2":"type-product","3":"status-publish","4":"has-post-thumbnail","6":"product_cat-aves","7":"product_cat-guias-de-campo","8":"product_cat-paleartica","10":"first","11":"discontinued","12":"shipping-taxable","13":"product-type-simple"},"_links":{"self":[{"href":"https:\/\/lynxnaturebooks.com\/es\/wp-json\/wp\/v2\/product\/3062","targetHints":{"allow":["GET"]}}],"collection":[{"href":"https:\/\/lynxnaturebooks.com\/es\/wp-json\/wp\/v2\/product"}],"about":[{"href":"https:\/\/lynxnaturebooks.com\/es\/wp-json\/wp\/v2\/types\/product"}],"replies":[{"embeddable":true,"href":"https:\/\/lynxnaturebooks.com\/es\/wp-json\/wp\/v2\/comments?post=3062"}],"wp:featuredmedia":[{"embeddable":true,"href":"https:\/\/lynxnaturebooks.com\/es\/wp-json\/wp\/v2\/media\/5402"}],"wp:attachment":[{"href":"https:\/\/lynxnaturebooks.com\/es\/wp-json\/wp\/v2\/media?parent=3062"}],"wp:term":[{"taxonomy":"collection","embeddable":true,"href":"https:\/\/lynxnaturebooks.com\/es\/wp-json\/wp\/v2\/collection?post=3062"},{"taxonomy":"product_brand","embeddable":true,"href":"https:\/\/lynxnaturebooks.com\/es\/wp-json\/wp\/v2\/product_brand?post=3062"},{"taxonomy":"product_cat","embeddable":true,"href":"https:\/\/lynxnaturebooks.com\/es\/wp-json\/wp\/v2\/product_cat?post=3062"},{"taxonomy":"product_tag","embeddable":true,"href":"https:\/\/lynxnaturebooks.com\/es\/wp-json\/wp\/v2\/product_tag?post=3062"}],"curies":[{"name":"wp","href":"https:\/\/api.w.org\/{rel}","templated":true}]}}