{"id":3054,"date":"1995-03-01T10:00:00","date_gmt":"1995-03-01T09:00:00","guid":{"rendered":"https:\/\/www.lynxeds.com\/product\/les-oiseaux-de-camargue\/"},"modified":"2024-07-16T15:54:18","modified_gmt":"2024-07-16T13:54:18","slug":"les-oiseaux-de-camargue","status":"publish","type":"product","link":"https:\/\/lynxnaturebooks.com\/es\/producto\/les-oiseaux-de-camargue\/","title":{"rendered":"Les Oiseaux de Camargue"},"content":{"rendered":"<p class=\"resum\">H\u00e1bitats de la Camarga, en el sur de Francia, y gu\u00eda de identificaci\u00f3n de las 345 especies de aves registradas all\u00ed hasta ahora.<\/p>\n","protected":false},"excerpt":{"rendered":"<p class=\"resum\">H\u00e1bitats de la Camarga, en el sur de Francia, y gu\u00eda de identificaci\u00f3n de las 345 especies de aves registradas all\u00ed hasta ahora.<\/p>\n","protected":false},"featured_media":5375,"comment_status":"open","ping_status":"closed","template":"","meta":[],"collection":[],"product_brand":[],"product_cat":[228,254,174],"product_tag":[],"class_list":{"0":"post-3054","1":"product","2":"type-product","3":"status-publish","4":"has-post-thumbnail","6":"product_cat-aves","7":"product_cat-guias-de-campo","8":"product_cat-paleartica","10":"first","11":"discontinued","12":"shipping-taxable","13":"product-type-simple"},"_links":{"self":[{"href":"https:\/\/lynxnaturebooks.com\/es\/wp-json\/wp\/v2\/product\/3054","targetHints":{"allow":["GET"]}}],"collection":[{"href":"https:\/\/lynxnaturebooks.com\/es\/wp-json\/wp\/v2\/product"}],"about":[{"href":"https:\/\/lynxnaturebooks.com\/es\/wp-json\/wp\/v2\/types\/product"}],"replies":[{"embeddable":true,"href":"https:\/\/lynxnaturebooks.com\/es\/wp-json\/wp\/v2\/comments?post=3054"}],"wp:featuredmedia":[{"embeddable":true,"href":"https:\/\/lynxnaturebooks.com\/es\/wp-json\/wp\/v2\/media\/5375"}],"wp:attachment":[{"href":"https:\/\/lynxnaturebooks.com\/es\/wp-json\/wp\/v2\/media?parent=3054"}],"wp:term":[{"taxonomy":"collection","embeddable":true,"href":"https:\/\/lynxnaturebooks.com\/es\/wp-json\/wp\/v2\/collection?post=3054"},{"taxonomy":"product_brand","embeddable":true,"href":"https:\/\/lynxnaturebooks.com\/es\/wp-json\/wp\/v2\/product_brand?post=3054"},{"taxonomy":"product_cat","embeddable":true,"href":"https:\/\/lynxnaturebooks.com\/es\/wp-json\/wp\/v2\/product_cat?post=3054"},{"taxonomy":"product_tag","embeddable":true,"href":"https:\/\/lynxnaturebooks.com\/es\/wp-json\/wp\/v2\/product_tag?post=3054"}],"curies":[{"name":"wp","href":"https:\/\/api.w.org\/{rel}","templated":true}]}}