{"id":3036,"date":"2009-07-01T10:00:00","date_gmt":"2009-07-01T08:00:00","guid":{"rendered":"https:\/\/www.lynxeds.com\/product\/wildlife-in-a-changing-world\/"},"modified":"2024-07-16T15:54:11","modified_gmt":"2024-07-16T13:54:11","slug":"wildlife-in-a-changing-world","status":"publish","type":"product","link":"https:\/\/lynxnaturebooks.com\/es\/producto\/wildlife-in-a-changing-world\/","title":{"rendered":"Wildlife in a changing world"},"content":{"rendered":"<p>La Lista Roja de Especies Amenazadas\u2122 de la UICN es la fuente de informaci\u00f3n m\u00e1s completa sobre el estado de conservaci\u00f3n global de las especies animales y vegetales del mundo. Se basa en un sistema objetivo para evaluar el riesgo de extinci\u00f3n de una especie. Las especies catalogadas como En Peligro Cr\u00edtico, En Peligro o Vulnerables se consideran amenazadas y, por tanto, las que m\u00e1s atenci\u00f3n necesitan para su conservaci\u00f3n.<\/p>\n<p>En este volumen encontrar\u00e1s la informaci\u00f3n m\u00e1s actualizada sobre las pautas de las especies que se enfrentan a la extinci\u00f3n en algunos de los ecosistemas m\u00e1s importantes del mundo y las razones de su estado de declive. A los gestores, esta informaci\u00f3n les ayudar\u00e1 a dise\u00f1ar y llevar a cabo acciones espec\u00edficas para mitigar estas amenazas. Desde una perspectiva pol\u00edtica, la Lista Roja ofrece una herramienta cada vez m\u00e1s valiosa. Cada vez m\u00e1s, proporciona la informaci\u00f3n fundamental necesaria para elaborar indicadores para el seguimiento de: los avances respecto a las obligaciones nacionales en el marco del CDB; el estado de conservaci\u00f3n de las especies objeto de comercio internacional en el marco de CITES; el alcance y la magnitud de los impactos del cambio clim\u00e1tico para informar a trav\u00e9s de la CMNUCC o para perfeccionar nuestro conocimiento de las especies migratorias a prop\u00f3sito de la CMS.<\/p>\n<p>La Lista Roja ha crecido continuamente en t\u00e9rminos de solidez t\u00e9cnica y amplitud, proporcionando una herramienta particularmente \u00fanica e importante para los responsables de la toma de decisiones. Con todas las especies de anfibios, aves, mam\u00edferos y subconjuntos de otros grupos taxon\u00f3micos ya evaluados, la Lista Roja proporciona una importante pieza fundamental para los conservacionistas al describir los patrones del estado de conservaci\u00f3n de las especies en paisajes terrestres y marinos.<\/p>\n<p>Como resultado de su continua actualizaci\u00f3n, ampliaci\u00f3n y profundizaci\u00f3n de contenidos, ahora sabemos mejor que nunca que el pron\u00f3stico para las especies de todo el Planeta es funesto. Este volumen presenta nueva informaci\u00f3n sobre especies marinas y de agua dulce, que prestan importantes servicios ecosist\u00e9micos, incluido el suministro de prote\u00ednas a algunas de las comunidades m\u00e1s pobres del mundo. Ahora se sabe que estas especies se enfrentan a una amenaza extrema por la sobreexplotaci\u00f3n y la p\u00e9rdida de h\u00e1bitat. Los nuevos conocimientos aqu\u00ed presentados tambi\u00e9n nos ayudan a comprender mejor las respuestas diferenciales m\u00e1s probables y los patrones geogr\u00e1ficos esperados cuando los efectos del cambio clim\u00e1tico global empiecen a afectar a las especies m\u00e1s susceptibles del mundo. Este trabajo de vanguardia proporcionar\u00e1 capacidades predictivas a la planificaci\u00f3n a largo plazo y al desarrollo de pol\u00edticas, a medida que los efectos del cambio clim\u00e1tico se dejan sentir cada vez m\u00e1s en todo el planeta.<\/p>\n<p>Gracias a los dedicados esfuerzos de miles de cient\u00edficos y profesionales, la Lista Roja de la UICN se ha convertido en una de las normas mundiales m\u00e1s autorizadas en apoyo de la pol\u00edtica y la acci\u00f3n para conservar las especies en todo el mundo.<\/p>\n<ul>\n<li>Versi\u00f3n francesa disponible: <a href=\"https:\/\/lynxnaturebooks.com\/product\/la-vie-sauvage-dans-un-monde-en-mutation\/\">La vie Sauvage dans un monde en mutation<\/a><\/li>\n<\/ul>\n","protected":false},"excerpt":{"rendered":"<p style=\"text-align: justify;\">La Lista Roja de Especies Amenazadas\u2122 de la UICN es la fuente de informaci\u00f3n m\u00e1s completa sobre el estado de conservaci\u00f3n global de las especies animales y vegetales del mundo. Se basa en un sistema objetivo para evaluar el riesgo de extinci\u00f3n de una especie. Las especies catalogadas como En Peligro Cr\u00edtico, En Peligro o Vulnerables se consideran amenazadas y, por tanto, las que m\u00e1s atenci\u00f3n necesitan para su conservaci\u00f3n.<\/p>\n","protected":false},"featured_media":1432,"comment_status":"open","ping_status":"closed","template":"","meta":[],"collection":[],"product_brand":[],"product_cat":[188,181],"product_tag":[],"class_list":{"0":"post-3036","1":"product","2":"type-product","3":"status-publish","4":"has-post-thumbnail","6":"product_cat-mamiferos","7":"product_cat-monografias","9":"first","10":"discontinued","11":"shipping-taxable","12":"product-type-simple"},"_links":{"self":[{"href":"https:\/\/lynxnaturebooks.com\/es\/wp-json\/wp\/v2\/product\/3036","targetHints":{"allow":["GET"]}}],"collection":[{"href":"https:\/\/lynxnaturebooks.com\/es\/wp-json\/wp\/v2\/product"}],"about":[{"href":"https:\/\/lynxnaturebooks.com\/es\/wp-json\/wp\/v2\/types\/product"}],"replies":[{"embeddable":true,"href":"https:\/\/lynxnaturebooks.com\/es\/wp-json\/wp\/v2\/comments?post=3036"}],"wp:featuredmedia":[{"embeddable":true,"href":"https:\/\/lynxnaturebooks.com\/es\/wp-json\/wp\/v2\/media\/1432"}],"wp:attachment":[{"href":"https:\/\/lynxnaturebooks.com\/es\/wp-json\/wp\/v2\/media?parent=3036"}],"wp:term":[{"taxonomy":"collection","embeddable":true,"href":"https:\/\/lynxnaturebooks.com\/es\/wp-json\/wp\/v2\/collection?post=3036"},{"taxonomy":"product_brand","embeddable":true,"href":"https:\/\/lynxnaturebooks.com\/es\/wp-json\/wp\/v2\/product_brand?post=3036"},{"taxonomy":"product_cat","embeddable":true,"href":"https:\/\/lynxnaturebooks.com\/es\/wp-json\/wp\/v2\/product_cat?post=3036"},{"taxonomy":"product_tag","embeddable":true,"href":"https:\/\/lynxnaturebooks.com\/es\/wp-json\/wp\/v2\/product_tag?post=3036"}],"curies":[{"name":"wp","href":"https:\/\/api.w.org\/{rel}","templated":true}]}}