{"id":3034,"date":"2009-10-01T10:00:00","date_gmt":"2009-10-01T08:00:00","guid":{"rendered":"https:\/\/www.lynxeds.com\/product\/els-ericons-i-la-terra-fosca\/"},"modified":"2024-07-16T15:54:11","modified_gmt":"2024-07-16T13:54:11","slug":"els-ericons-i-la-terra-fosca","status":"publish","type":"product","link":"https:\/\/lynxnaturebooks.com\/es\/producto\/els-ericons-i-la-terra-fosca\/","title":{"rendered":"Els eri\u00e7ons i la terra fosca"},"content":{"rendered":"<p>Pincho el erizo vive con su familia en la ladera de una monta\u00f1a. Es curioso y aventurero, as\u00ed que cuando oye hablar de las tierras oscuras no tiene m\u00e1s remedio que ir a descubrir ese lugar misterioso y amenazador. Lo que Pincho no sabe es que las tierras oscuras ser\u00e1n el \u00fanico lugar de escape cuando se produzca un terrible incendio&#8230;<\/p>\n<p>Secci\u00f3n de no ficci\u00f3n sobre erizos.<\/p>\n","protected":false},"excerpt":{"rendered":"<p>Pincho el erizo vive con su familia en la ladera de una monta\u00f1a. Es curioso y aventurero, as\u00ed que cuando oye hablar de las tierras oscuras no tiene m\u00e1s remedio que ir a descubrir ese lugar misterioso y amenazador. Lo que Pincho no sabe es que las tierras oscuras ser\u00e1n el \u00fanico lugar de escape cuando se produzca un terrible incendio&#8230;<\/p>\n<p>Secci\u00f3n de no ficci\u00f3n sobre erizos.<\/p>\n","protected":false},"featured_media":1430,"comment_status":"open","ping_status":"closed","template":"","meta":[],"collection":[],"product_brand":[],"product_cat":[616,619],"product_tag":[],"class_list":{"0":"post-3034","1":"product","2":"type-product","3":"status-publish","4":"has-post-thumbnail","6":"product_cat-libros-infantiles","7":"product_cat-miscelanea-es","9":"first","10":"discontinued","11":"shipping-taxable","12":"product-type-simple"},"_links":{"self":[{"href":"https:\/\/lynxnaturebooks.com\/es\/wp-json\/wp\/v2\/product\/3034","targetHints":{"allow":["GET"]}}],"collection":[{"href":"https:\/\/lynxnaturebooks.com\/es\/wp-json\/wp\/v2\/product"}],"about":[{"href":"https:\/\/lynxnaturebooks.com\/es\/wp-json\/wp\/v2\/types\/product"}],"replies":[{"embeddable":true,"href":"https:\/\/lynxnaturebooks.com\/es\/wp-json\/wp\/v2\/comments?post=3034"}],"wp:featuredmedia":[{"embeddable":true,"href":"https:\/\/lynxnaturebooks.com\/es\/wp-json\/wp\/v2\/media\/1430"}],"wp:attachment":[{"href":"https:\/\/lynxnaturebooks.com\/es\/wp-json\/wp\/v2\/media?parent=3034"}],"wp:term":[{"taxonomy":"collection","embeddable":true,"href":"https:\/\/lynxnaturebooks.com\/es\/wp-json\/wp\/v2\/collection?post=3034"},{"taxonomy":"product_brand","embeddable":true,"href":"https:\/\/lynxnaturebooks.com\/es\/wp-json\/wp\/v2\/product_brand?post=3034"},{"taxonomy":"product_cat","embeddable":true,"href":"https:\/\/lynxnaturebooks.com\/es\/wp-json\/wp\/v2\/product_cat?post=3034"},{"taxonomy":"product_tag","embeddable":true,"href":"https:\/\/lynxnaturebooks.com\/es\/wp-json\/wp\/v2\/product_tag?post=3034"}],"curies":[{"name":"wp","href":"https:\/\/api.w.org\/{rel}","templated":true}]}}