{"id":3032,"date":"2007-03-01T10:00:00","date_gmt":"2007-03-01T09:00:00","guid":{"rendered":"https:\/\/www.lynxeds.com\/product\/los-aucells-de-teia-i-masnou\/"},"modified":"2024-07-16T15:54:12","modified_gmt":"2024-07-16T13:54:12","slug":"los-aucells-de-teia-i-masnou","status":"publish","type":"product","link":"https:\/\/lynxnaturebooks.com\/es\/producto\/los-aucells-de-teia-i-masnou\/","title":{"rendered":"Los Aucells de Tei\u00e0 i Masnou"},"content":{"rendered":"<p>Nueva edici\u00f3n de uno de los primeros textos ornitol\u00f3gicos escritos en catal\u00e1n. Incluye una rese\u00f1a biogr\u00e1fica de Jacint Barrera (Tei\u00e0, 1852 &#8211; 1932) y una valoraci\u00f3n de su obra cient\u00edfica.<\/p>\n","protected":false},"excerpt":{"rendered":"<p>Nueva edici\u00f3n de uno de los primeros textos ornitol\u00f3gicos escritos en catal\u00e1n, que incluye una rese\u00f1a biogr\u00e1fica de Jacint Barrera (Tei\u00e0, 1852 &#8211; 1932) y una valoraci\u00f3n de su obra cient\u00edfica.<\/p>\n","protected":false},"featured_media":84640,"comment_status":"open","ping_status":"closed","template":"","meta":[],"collection":[],"product_brand":[],"product_cat":[181,228,174],"product_tag":[],"class_list":{"0":"post-3032","1":"product","2":"type-product","3":"status-publish","4":"has-post-thumbnail","6":"product_cat-monografias","7":"product_cat-aves","8":"product_cat-paleartica","10":"first","11":"discontinued","12":"sale","13":"shipping-taxable","14":"product-type-simple"},"_links":{"self":[{"href":"https:\/\/lynxnaturebooks.com\/es\/wp-json\/wp\/v2\/product\/3032","targetHints":{"allow":["GET"]}}],"collection":[{"href":"https:\/\/lynxnaturebooks.com\/es\/wp-json\/wp\/v2\/product"}],"about":[{"href":"https:\/\/lynxnaturebooks.com\/es\/wp-json\/wp\/v2\/types\/product"}],"replies":[{"embeddable":true,"href":"https:\/\/lynxnaturebooks.com\/es\/wp-json\/wp\/v2\/comments?post=3032"}],"wp:featuredmedia":[{"embeddable":true,"href":"https:\/\/lynxnaturebooks.com\/es\/wp-json\/wp\/v2\/media\/84640"}],"wp:attachment":[{"href":"https:\/\/lynxnaturebooks.com\/es\/wp-json\/wp\/v2\/media?parent=3032"}],"wp:term":[{"taxonomy":"collection","embeddable":true,"href":"https:\/\/lynxnaturebooks.com\/es\/wp-json\/wp\/v2\/collection?post=3032"},{"taxonomy":"product_brand","embeddable":true,"href":"https:\/\/lynxnaturebooks.com\/es\/wp-json\/wp\/v2\/product_brand?post=3032"},{"taxonomy":"product_cat","embeddable":true,"href":"https:\/\/lynxnaturebooks.com\/es\/wp-json\/wp\/v2\/product_cat?post=3032"},{"taxonomy":"product_tag","embeddable":true,"href":"https:\/\/lynxnaturebooks.com\/es\/wp-json\/wp\/v2\/product_tag?post=3032"}],"curies":[{"name":"wp","href":"https:\/\/api.w.org\/{rel}","templated":true}]}}