{"id":3001,"date":"2010-05-01T10:00:00","date_gmt":"2010-05-01T08:00:00","guid":{"rendered":"https:\/\/www.lynxeds.com\/product\/la-llico-den-quatre-potes\/"},"modified":"2024-07-16T15:54:10","modified_gmt":"2024-07-16T13:54:10","slug":"la-llico-den-quatre-potes","status":"publish","type":"product","link":"https:\/\/lynxnaturebooks.com\/es\/producto\/la-llico-den-quatre-potes\/","title":{"rendered":"La lli\u00e7\u00f3 d&#8217;en Quatre Potes"},"content":{"rendered":"<p>Cuatro Patas es el m\u00e1s viejo y sabio del grupo de chimpanc\u00e9s, y la mayor\u00eda de los d\u00edas da clases a los m\u00e1s peque\u00f1os. Hoy va a hablar del ser humano y de c\u00f3mo ha evolucionado. Los alumnos deber\u00e1n prestar mucha atenci\u00f3n porque en esta lecci\u00f3n descubrir\u00e1n hechos sorprendentes e importantes sobre estas criaturas que tanto se parecen a los chimpanc\u00e9s, pero que al mismo tiempo son tan diferentes.<\/p>\n<p>&nbsp;<\/p>\n<p>Secci\u00f3n de no ficci\u00f3n sobre chimpanc\u00e9s.<\/p>\n","protected":false},"excerpt":{"rendered":"<p>Cuatro Patas es el m\u00e1s viejo y sabio del grupo de chimpanc\u00e9s, y la mayor\u00eda de los d\u00edas da clases a los m\u00e1s peque\u00f1os. Hoy va a hablar del ser humano y de c\u00f3mo ha evolucionado. Los alumnos deber\u00e1n prestar mucha atenci\u00f3n porque en esta lecci\u00f3n descubrir\u00e1n hechos sorprendentes e importantes sobre estas criaturas que tanto se parecen a los chimpanc\u00e9s, pero que al mismo tiempo son tan diferentes.<\/p>\n<p>&nbsp;<\/p>\n<p>Secci\u00f3n de no ficci\u00f3n sobre chimpanc\u00e9s.<\/p>\n","protected":false},"featured_media":1414,"comment_status":"open","ping_status":"closed","template":"","meta":[],"collection":[],"product_brand":[],"product_cat":[616,619],"product_tag":[],"class_list":{"0":"post-3001","1":"product","2":"type-product","3":"status-publish","4":"has-post-thumbnail","6":"product_cat-libros-infantiles","7":"product_cat-miscelanea-es","9":"first","10":"discontinued","11":"shipping-taxable","12":"product-type-simple"},"_links":{"self":[{"href":"https:\/\/lynxnaturebooks.com\/es\/wp-json\/wp\/v2\/product\/3001","targetHints":{"allow":["GET"]}}],"collection":[{"href":"https:\/\/lynxnaturebooks.com\/es\/wp-json\/wp\/v2\/product"}],"about":[{"href":"https:\/\/lynxnaturebooks.com\/es\/wp-json\/wp\/v2\/types\/product"}],"replies":[{"embeddable":true,"href":"https:\/\/lynxnaturebooks.com\/es\/wp-json\/wp\/v2\/comments?post=3001"}],"wp:featuredmedia":[{"embeddable":true,"href":"https:\/\/lynxnaturebooks.com\/es\/wp-json\/wp\/v2\/media\/1414"}],"wp:attachment":[{"href":"https:\/\/lynxnaturebooks.com\/es\/wp-json\/wp\/v2\/media?parent=3001"}],"wp:term":[{"taxonomy":"collection","embeddable":true,"href":"https:\/\/lynxnaturebooks.com\/es\/wp-json\/wp\/v2\/collection?post=3001"},{"taxonomy":"product_brand","embeddable":true,"href":"https:\/\/lynxnaturebooks.com\/es\/wp-json\/wp\/v2\/product_brand?post=3001"},{"taxonomy":"product_cat","embeddable":true,"href":"https:\/\/lynxnaturebooks.com\/es\/wp-json\/wp\/v2\/product_cat?post=3001"},{"taxonomy":"product_tag","embeddable":true,"href":"https:\/\/lynxnaturebooks.com\/es\/wp-json\/wp\/v2\/product_tag?post=3001"}],"curies":[{"name":"wp","href":"https:\/\/api.w.org\/{rel}","templated":true}]}}