{"id":2994,"date":"2010-05-01T10:00:00","date_gmt":"2010-05-01T08:00:00","guid":{"rendered":"https:\/\/www.lynxeds.com\/product\/ratoncita-en-el-circo\/"},"modified":"2024-07-16T15:54:10","modified_gmt":"2024-07-16T13:54:10","slug":"ratoncita-en-el-circo","status":"publish","type":"product","link":"https:\/\/lynxnaturebooks.com\/es\/producto\/ratoncita-en-el-circo\/","title":{"rendered":"Ratoncita en el circo"},"content":{"rendered":"<p>Cuando el circo llega a la ciudad, Ratoncita se queda asombrada ante el enorme e imponente le\u00f3n. Sin embargo, la bestia es infeliz: odia estar encerrada en una jaula y anhela ser tan libre como cuando era joven y viv\u00eda en la sabana. A Ratoncita le encantar\u00eda ser tan grande y fuerte como el le\u00f3n, entrar a zancadas en el ring y o\u00edr los aplausos del p\u00fablico. Tiene una idea: el mago tiene una caja m\u00e1gica que ella puede utilizar para transformarse en le\u00f3n, y el le\u00f3n en rat\u00f3n. Entonces cada uno de ellos podr\u00e1 descubrir c\u00f3mo es la vida del otro&#8230;<\/p>\n<p>&nbsp;<\/p>\n<p>Secci\u00f3n de no ficci\u00f3n sobre leones.<\/p>\n","protected":false},"excerpt":{"rendered":"<p>Cuando el circo llega a la ciudad, Ratoncita se queda asombrada ante el enorme e imponente le\u00f3n. Sin embargo, la bestia es infeliz: odia estar encerrada en una jaula y anhela ser tan libre como cuando era joven y viv\u00eda en la sabana. A Ratoncita le encantar\u00eda ser tan grande y fuerte como el le\u00f3n, entrar a zancadas en el ring y o\u00edr los aplausos del p\u00fablico. Tiene una idea: el mago tiene una caja m\u00e1gica que ella puede utilizar para transformarse en le\u00f3n, y el le\u00f3n en rat\u00f3n. Entonces cada uno de ellos podr\u00e1 descubrir c\u00f3mo es la vida del otro&#8230;<\/p>\n<p>&nbsp;<\/p>\n<p>Secci\u00f3n de no ficci\u00f3n sobre leones.<\/p>\n","protected":false},"featured_media":1420,"comment_status":"open","ping_status":"closed","template":"","meta":[],"collection":[],"product_brand":[],"product_cat":[616,619],"product_tag":[],"class_list":{"0":"post-2994","1":"product","2":"type-product","3":"status-publish","4":"has-post-thumbnail","6":"product_cat-libros-infantiles","7":"product_cat-miscelanea-es","9":"first","10":"discontinued","11":"shipping-taxable","12":"product-type-simple"},"_links":{"self":[{"href":"https:\/\/lynxnaturebooks.com\/es\/wp-json\/wp\/v2\/product\/2994","targetHints":{"allow":["GET"]}}],"collection":[{"href":"https:\/\/lynxnaturebooks.com\/es\/wp-json\/wp\/v2\/product"}],"about":[{"href":"https:\/\/lynxnaturebooks.com\/es\/wp-json\/wp\/v2\/types\/product"}],"replies":[{"embeddable":true,"href":"https:\/\/lynxnaturebooks.com\/es\/wp-json\/wp\/v2\/comments?post=2994"}],"wp:featuredmedia":[{"embeddable":true,"href":"https:\/\/lynxnaturebooks.com\/es\/wp-json\/wp\/v2\/media\/1420"}],"wp:attachment":[{"href":"https:\/\/lynxnaturebooks.com\/es\/wp-json\/wp\/v2\/media?parent=2994"}],"wp:term":[{"taxonomy":"collection","embeddable":true,"href":"https:\/\/lynxnaturebooks.com\/es\/wp-json\/wp\/v2\/collection?post=2994"},{"taxonomy":"product_brand","embeddable":true,"href":"https:\/\/lynxnaturebooks.com\/es\/wp-json\/wp\/v2\/product_brand?post=2994"},{"taxonomy":"product_cat","embeddable":true,"href":"https:\/\/lynxnaturebooks.com\/es\/wp-json\/wp\/v2\/product_cat?post=2994"},{"taxonomy":"product_tag","embeddable":true,"href":"https:\/\/lynxnaturebooks.com\/es\/wp-json\/wp\/v2\/product_tag?post=2994"}],"curies":[{"name":"wp","href":"https:\/\/api.w.org\/{rel}","templated":true}]}}