{"id":2985,"date":"2010-11-01T10:00:00","date_gmt":"2010-11-01T09:00:00","guid":{"rendered":"https:\/\/www.lynxeds.com\/product\/el-camaleo-enfadat\/"},"modified":"2024-07-16T15:54:10","modified_gmt":"2024-07-16T13:54:10","slug":"el-camaleo-enfadat","status":"publish","type":"product","link":"https:\/\/lynxnaturebooks.com\/es\/producto\/el-camaleo-enfadat\/","title":{"rendered":"El camale\u00f3 enfadat"},"content":{"rendered":"<p>Bernat es un camale\u00f3n furioso. No le gusta cambiar de color ni que lo hagan otros camaleones. Siempre est\u00e1 solo y le gusta su color enfadado. Un d\u00eda conoce a Seraf\u00ed, otro camale\u00f3n que le hace ver que lo que Bernat cree que es un color de ira, es en realidad el color de la tristeza. Poco a poco Bernat empieza a darse cuenta de que tener amigos y probar los colores de los distintos sentimientos y emociones que ofrece la vida es mucho mejor que estar solo, triste y enfadado.<\/p>\n","protected":false},"excerpt":{"rendered":"<p>Bernat es un camale\u00f3n furioso. No le gusta cambiar de color ni que lo hagan otros camaleones. Siempre est\u00e1 solo y le gusta su color enfadado. Un d\u00eda conoce a Seraf\u00ed, otro camale\u00f3n que le hace ver que lo que Bernat cree que es un color de ira, es en realidad el color de la tristeza. Poco a poco Bernat empieza a darse cuenta de que tener amigos y probar los colores de los distintos sentimientos y emociones que ofrece la vida es mucho mejor que estar solo, triste y enfadado.<\/p>\n","protected":false},"featured_media":1398,"comment_status":"open","ping_status":"closed","template":"","meta":[],"collection":[],"product_brand":[],"product_cat":[616,619],"product_tag":[],"class_list":{"0":"post-2985","1":"product","2":"type-product","3":"status-publish","4":"has-post-thumbnail","6":"product_cat-libros-infantiles","7":"product_cat-miscelanea-es","9":"first","10":"discontinued","11":"shipping-taxable","12":"product-type-simple"},"_links":{"self":[{"href":"https:\/\/lynxnaturebooks.com\/es\/wp-json\/wp\/v2\/product\/2985","targetHints":{"allow":["GET"]}}],"collection":[{"href":"https:\/\/lynxnaturebooks.com\/es\/wp-json\/wp\/v2\/product"}],"about":[{"href":"https:\/\/lynxnaturebooks.com\/es\/wp-json\/wp\/v2\/types\/product"}],"replies":[{"embeddable":true,"href":"https:\/\/lynxnaturebooks.com\/es\/wp-json\/wp\/v2\/comments?post=2985"}],"wp:featuredmedia":[{"embeddable":true,"href":"https:\/\/lynxnaturebooks.com\/es\/wp-json\/wp\/v2\/media\/1398"}],"wp:attachment":[{"href":"https:\/\/lynxnaturebooks.com\/es\/wp-json\/wp\/v2\/media?parent=2985"}],"wp:term":[{"taxonomy":"collection","embeddable":true,"href":"https:\/\/lynxnaturebooks.com\/es\/wp-json\/wp\/v2\/collection?post=2985"},{"taxonomy":"product_brand","embeddable":true,"href":"https:\/\/lynxnaturebooks.com\/es\/wp-json\/wp\/v2\/product_brand?post=2985"},{"taxonomy":"product_cat","embeddable":true,"href":"https:\/\/lynxnaturebooks.com\/es\/wp-json\/wp\/v2\/product_cat?post=2985"},{"taxonomy":"product_tag","embeddable":true,"href":"https:\/\/lynxnaturebooks.com\/es\/wp-json\/wp\/v2\/product_tag?post=2985"}],"curies":[{"name":"wp","href":"https:\/\/api.w.org\/{rel}","templated":true}]}}