{"id":2983,"date":"1992-09-01T10:00:00","date_gmt":"1992-09-01T10:00:00","guid":{"rendered":"https:\/\/www.lynxeds.com\/product\/handbook-of-the-birds-of-the-world-volume-1\/"},"modified":"2026-04-04T02:01:06","modified_gmt":"2026-04-04T00:01:06","slug":"handbook-of-the-birds-of-the-world-volume-1","status":"publish","type":"product","link":"https:\/\/lynxnaturebooks.com\/es\/producto\/handbook-of-the-birds-of-the-world-volume-1\/","title":{"rendered":"<span class=\"title\">Handbook of the Birds of the World<\/span><span class=\"subtitle\">Volume 1: Ostrich to Ducks<\/span>"},"content":{"rendered":"\n<div class=\"wp-block-group frases-slide\"><div class=\"wp-block-group__inner-container is-layout-constrained wp-block-group-is-layout-constrained\">\n<div class=\"wp-block-group quote-group slide\"><div class=\"wp-block-group__inner-container is-layout-constrained wp-block-group-is-layout-constrained\">\n<p class=\"has-text-align-center has-medium-font-size\">&#8220;Comencemos esta rese\u00f1a con un simple y contundente &#8220;\u00a1Wow!&#8221;. Este impresionante primer volumen da inicio a un proyecto realmente ambicioso: documentar las aves del mundo en 10 grandes vol\u00famenes\u2026 Ninguno de nosotros estaba preparado para un libro tan extraordinario. No tiene verdaderos rivales\u2026 una obra sensacional\u2026 con un texto rico y detallado, fotograf\u00edas de primera calidad\u2026 y una edici\u00f3n impecable tanto en contenido como en el aspecto t\u00e9cnico&#8221;.<\/p>\n\n\n\n<p class=\"has-text-align-center\">Frank B. Gill, <strong><em>The Condor<\/em><\/strong>, 1994<\/p>\n<\/div><\/div>\n\n\n\n<div class=\"wp-block-group quote-group slide\"><div class=\"wp-block-group__inner-container is-layout-constrained wp-block-group-is-layout-constrained\">\n<p class=\"has-text-align-center has-medium-font-size\">&#8220;No hay ning\u00fan otro libro sobre aves como este \/&#8230;\/ una gu\u00eda de referencia esencial para todos los estudiantes serios de ornitolog\u00eda, sin olvidar a los conservacionistas en general&#8221;.<\/p>\n\n\n\n<p class=\"has-text-align-center\">R.K. Brooke, <strong><em>Octrich<\/em><\/strong>, Septiembre de 1994<\/p>\n<\/div><\/div>\n\n\n\n<div class=\"wp-block-group quote-group slide\"><div class=\"wp-block-group__inner-container is-layout-constrained wp-block-group-is-layout-constrained\">\n<p class=\"has-text-align-center has-medium-font-size\">&#8220;El primer volumen es verdaderamente magn\u00edfico&#8230; un logro extraordinario&#8221;.<\/p>\n\n\n\n<p class=\"has-text-align-center\">Bruce C. Forrester, <strong><em>Birding<\/em><\/strong> Volumen XXVV N\u00ba 1, Febrero 1993<\/p>\n<\/div><\/div>\n\n\n\n<div class=\"wp-block-group quote-group slide\"><div class=\"wp-block-group__inner-container is-layout-constrained wp-block-group-is-layout-constrained\">\n<p class=\"has-text-align-center has-medium-font-size\">&#8220;Esta obra es una aut\u00e9ntica obra maestra de la m\u00e1s alta calidad, imprescindible para cualquier ornit\u00f3logo u observador de aves, y no se puede recomendar lo suficiente&#8221;.<\/p>\n\n\n\n<p class=\"has-text-align-center\">Dominic Mitchell, <em><strong>Birdwatch<\/strong><\/em>, Volumen 2 N\u00ba 1, Enero 1993<\/p>\n<\/div><\/div>\n\n\n\n<div class=\"wp-block-group quote-group slide\"><div class=\"wp-block-group__inner-container is-layout-constrained wp-block-group-is-layout-constrained\">\n<p class=\"has-text-align-center has-medium-font-size\">&#8220;No he visto nunca una obra mejor ni m\u00e1s completa&#8230; no tiene rival entre los libros de aves&#8221;.<\/p>\n\n\n\n<p class=\"has-text-align-center\">Arnold Small, <strong><em>Birding<\/em><\/strong> (ABA)<\/p>\n<\/div><\/div>\n<\/div><\/div>\n\n\n\n<div style=\"height:23px\" aria-hidden=\"true\" class=\"wp-block-spacer\"><\/div>\n\n\n<div class=\"wp-block-columns attributes-columns\"><div class=\"wp-block-column\"><svg width=\"28px\" height=\"35px\" viewBox=\"0 0 28 35\" version=\"1.1\" xmlns=\"http:\/\/www.w3.org\/2000\/svg\" xmlns:xlink=\"http:\/\/www.w3.org\/1999\/xlink\">\n                            <g id=\"Page-1\" stroke=\"none\" stroke-width=\"1\" fill=\"none\" fill-rule=\"evenodd\" opacity=\"0.147770473\">\n                                <g id=\"24\" transform=\"translate(-287.000000, -1522.000000)\" fill=\"#000000\" fill-rule=\"nonzero\" stroke=\"#000000\" stroke-width=\"0.799586777\">\n                                    <g id=\"Group-3\" transform=\"translate(233.000000, 1504.000000)\">\n                                        <g id=\"Shape-3\" transform=\"translate(55.000000, 19.000000)\">\n                                            <path d=\"M13,0 C9.82319737,0 7.22466566,2.63962325 7.22466566,5.86666055 C7.22466566,8.71794192 9.25407358,11.1008511 11.9171246,11.6187379 L11.9171246,13.9333188 L6.8637075,13.9333188 C6.8261332,13.9313284 6.78848231,13.9313284 6.75090801,13.9333188 C6.331882,13.9764915 5.97550223,14.2625282 5.83723204,14.6666514 L0.0618978813,31.5333078 C-0.0555594524,31.8709186 -0.00391373208,32.2454751 0.200335189,32.5373134 C0.40458411,32.8291517 0.7358774,33.0017525 1.08837297,32.9999866 L13,32.9999866 L24.9116267,32.9999866 C25.2641223,33.0017526 25.5954157,32.8291519 25.7996647,32.5373136 C26.0039137,32.2454752 26.0555595,31.8709186 25.9381021,31.5333078 L20.162768,14.6666514 C20.0091004,14.2252213 19.5972147,13.9309628 19.1362925,13.9333188 L14.082875,13.9333188 L14.082875,11.6187379 C16.7459261,11.1008511 18.775334,8.71794192 18.775334,5.86666055 C18.775334,2.63962325 16.1768026,0 13,0 L13,0 Z M12.9999998,2.19999771 C15.0063443,2.19999771 16.6095839,3.82859001 16.6095839,5.86666055 C16.6095839,7.52644516 15.5508938,8.91385538 14.071595,9.3729069 C13.99526,8.77759028 13.4631728,8.35436769 12.8759203,8.42186622 C12.3828087,8.48076346 11.9922861,8.87273886 11.9284046,9.3729069 C10.4491059,8.91385538 9.39041606,7.52644516 9.39041606,5.86666055 C9.39041606,3.82859001 10.9936557,2.19999771 12.9999998,2.19999771 L12.9999998,2.19999771 Z M7.6307439,16.1333239 L12.9999998,16.1333239 L18.3692561,16.1333239 L23.3888335,30.7999752 L12.9999998,30.7999752 L2.61116648,30.7999752 L7.6307439,16.1333239 L7.6307439,16.1333239 Z\" id=\"Shape\"><\/path>\n                                        <\/g>\n                                    <\/g>\n                                <\/g>\n                            <\/g>\n                        <\/svg><p class=\"has-small-font-size\">Peso<\/p><p class=\"attribute\">3.96 kg<\/p><\/div><div class=\"wp-block-column\"><svg width=\"34px\" height=\"35px\" viewBox=\"0 0 34 35\" version=\"1.1\" xmlns=\"http:\/\/www.w3.org\/2000\/svg\" xmlns:xlink=\"http:\/\/www.w3.org\/1999\/xlink\">\n                            <g id=\"Page-1\" stroke=\"none\" stroke-width=\"1\" fill=\"none\" fill-rule=\"evenodd\" opacity=\"0.147770473\">\n                                <g id=\"24\" transform=\"translate(-471.000000, -1523.000000)\" fill=\"#000000\" fill-rule=\"nonzero\">\n                                    <g id=\"Group-3\" transform=\"translate(233.000000, 1504.000000)\">\n                                        <g id=\"Group-10\" transform=\"translate(238.000000, 19.000000)\">\n                                            <polygon id=\"Path\" points=\"0 9.72222222 2 9.72222222 2 33.0555556 0 33.0555556 0 35 6 35 6 33.0555556 4 33.0555556 4 9.72222222 6 9.72222222 6 7.77777778 0 7.77777778\"><\/polygon>\n                                            <polygon id=\"Path\" points=\"32 1.94444444 10 1.94444444 10 0 8 0 8 5.83333333 10 5.83333333 10 3.88888889 32 3.88888889 32 5.83333333 34 5.83333333 34 0 32 0\"><\/polygon>\n                                            <path d=\"M8,7.77777778 L8,30.1388889 L13,35 L33,35 L33,12.6388889 L28,7.77777778 L8,7.77777778 Z M11,10.6944444 L26,10.6944444 L26,28.1944444 L11,28.1944444 L11,10.6944444 Z M30,32.0833333 L14.24,32.0833333 L12.24,30.1388889 L28,30.1388889 L28,11.9 L30,13.8444444 L30,32.0833333 Z\" id=\"Shape\"><\/path>\n                                            <rect id=\"Rectangle\" x=\"13\" y=\"15.5555556\" width=\"11\" height=\"1.94444444\"><\/rect>\n                                            <rect id=\"Rectangle\" x=\"15\" y=\"19.4444444\" width=\"7\" height=\"1.94444444\"><\/rect>\n                                        <\/g>\n                                    <\/g>\n                                <\/g>\n                            <\/g>\n                        <\/svg><p class=\"has-small-font-size\">Dimensiones<\/p><p class=\"attribute\">24 &times; 31 cm<\/p><\/div><div class=\"wp-block-column\"><svg width=\"26px\" height=\"30px\" viewBox=\"0 0 26 30\" version=\"1.1\" xmlns=\"http:\/\/www.w3.org\/2000\/svg\" xmlns:xlink=\"http:\/\/www.w3.org\/1999\/xlink\">\n                            <g id=\"Page-1\" stroke=\"none\" stroke-width=\"1\" fill=\"none\" fill-rule=\"evenodd\" opacity=\"0.147770473\">\n                                <g id=\"24\" transform=\"translate(-661.000000, -1528.000000)\" fill=\"#000000\" fill-rule=\"nonzero\">\n                                    <g id=\"Group-3\" transform=\"translate(233.000000, 1504.000000)\">\n                                        <g id=\"Group-12\" transform=\"translate(428.000000, 24.000000)\">\n                                            <path d=\"M0,0 L0,25.8333333 L4.19354839,30 L26,30 L26,4.16666667 L21.8064516,0 M2.01290323,2.5 L20.1290323,2.5 L20.1290323,24.1666667 L2.01290323,24.1666667 L2.01290323,2.5 Z M23.483871,27.5 L5.23354839,27.5 L3.55612903,25.8333333 L21.8064516,25.8333333 L21.8064516,3.53333333 L23.483871,5.2 L23.483871,27.5 Z\" id=\"Shape\"><\/path>\n                                            <rect id=\"Rectangle\" x=\"7.5483871\" y=\"8.33333333\" width=\"10.9032258\" height=\"1.66666667\"><\/rect>\n                                            <rect id=\"Rectangle\" x=\"7.5483871\" y=\"11.6666667\" width=\"10.9032258\" height=\"1.66666667\"><\/rect>\n                                            <rect id=\"Rectangle\" x=\"7.5483871\" y=\"15\" width=\"10.9032258\" height=\"1.66666667\"><\/rect>\n                                            <rect id=\"Rectangle\" x=\"7.5483871\" y=\"18.3333333\" width=\"5.87096774\" height=\"1.66666667\"><\/rect>\n                                        <\/g>\n                                    <\/g>\n                                <\/g>\n                            <\/g>\n                        <\/svg><p class=\"has-small-font-size\">Idioma<\/p><p class=\"attribute\">Ingl\u00e9s<\/p><\/div><div class=\"wp-block-column\"><svg width=\"26px\" height=\"30px\" viewBox=\"0 0 26 30\" version=\"1.1\" xmlns=\"http:\/\/www.w3.org\/2000\/svg\" xmlns:xlink=\"http:\/\/www.w3.org\/1999\/xlink\">\n                            <g id=\"Page-1\" stroke=\"none\" stroke-width=\"1\" fill=\"none\" fill-rule=\"evenodd\" opacity=\"0.147770473\">\n                                <g id=\"24\" transform=\"translate(-849.000000, -1528.000000)\" fill=\"#000000\" fill-rule=\"nonzero\">\n                                    <g id=\"Group-3\" transform=\"translate(233.000000, 1504.000000)\">\n                                        <g id=\"Group-11\" transform=\"translate(616.000000, 24.000000)\">\n                                            <path d=\"M0,0 L0,25.8333333 L4.19354839,30 L26,30 L26,4.16666667 L21.8064516,0 L0,0 Z M2.51612903,2.5 L20.1290323,2.5 L20.1290323,24.1666667 L2.51612903,24.1666667 L2.51612903,2.5 Z M23.483871,27.5 L5.23354839,27.5 L3.55612903,25.8333333 L21.8064516,25.8333333 L21.8064516,3.53333333 L23.483871,5.2 L23.483871,27.5 Z\" id=\"Shape\"><\/path>\n                                            <path d=\"M5.03225806,13.3333333 L17.6129032,13.3333333 L17.6129032,5 L5.03225806,5 L5.03225806,13.3333333 Z M6.70967742,6.66666667 L15.9354839,6.66666667 L15.9354839,11.6666667 L6.70967742,11.6666667 L6.70967742,6.66666667 Z\" id=\"Shape\"><\/path>\n                                        <\/g>\n                                    <\/g>\n                                <\/g>\n                            <\/g>\n                        <\/svg><p class=\"has-small-font-size\">Formato<\/p><p class=\"attribute\">Tapa dura<\/p><\/div><div class=\"wp-block-column\"><svg width=\"26px\" height=\"30px\" viewBox=\"0 0 26 30\" version=\"1.1\" xmlns=\"http:\/\/www.w3.org\/2000\/svg\" xmlns:xlink=\"http:\/\/www.w3.org\/1999\/xlink\">\n                            <g id=\"Page-1\" stroke=\"none\" stroke-width=\"1\" fill=\"none\" fill-rule=\"evenodd\" opacity=\"0.147770473\">\n                                <g id=\"24\" transform=\"translate(-661.000000, -1528.000000)\" fill=\"#000000\" fill-rule=\"nonzero\">\n                                    <g id=\"Group-3\" transform=\"translate(233.000000, 1504.000000)\">\n                                        <g id=\"Group-12\" transform=\"translate(428.000000, 24.000000)\">\n                                            <path d=\"M0,0 L0,25.8333333 L4.19354839,30 L26,30 L26,4.16666667 L21.8064516,0 M2.01290323,2.5 L20.1290323,2.5 L20.1290323,24.1666667 L2.01290323,24.1666667 L2.01290323,2.5 Z M23.483871,27.5 L5.23354839,27.5 L3.55612903,25.8333333 L21.8064516,25.8333333 L21.8064516,3.53333333 L23.483871,5.2 L23.483871,27.5 Z\" id=\"Shape\"><\/path>\n                                            <rect id=\"Rectangle\" x=\"7.5483871\" y=\"8.33333333\" width=\"10.9032258\" height=\"1.66666667\"><\/rect>\n                                            <rect id=\"Rectangle\" x=\"7.5483871\" y=\"11.6666667\" width=\"10.9032258\" height=\"1.66666667\"><\/rect>\n                                            <rect id=\"Rectangle\" x=\"7.5483871\" y=\"15\" width=\"10.9032258\" height=\"1.66666667\"><\/rect>\n                                            <rect id=\"Rectangle\" x=\"7.5483871\" y=\"18.3333333\" width=\"5.87096774\" height=\"1.66666667\"><\/rect>\n                                        <\/g>\n                                    <\/g>\n                                <\/g>\n                            <\/g>\n                        <\/svg><p class=\"has-small-font-size\">P\u00e1ginas<\/p><p class=\"attribute\">696<\/p><\/div><div class=\"wp-block-column\"><svg width=\"26px\" height=\"30px\" viewBox=\"0 0 26 30\" version=\"1.1\" xmlns=\"http:\/\/www.w3.org\/2000\/svg\" xmlns:xlink=\"http:\/\/www.w3.org\/1999\/xlink\">\n                            <g id=\"Page-1\" stroke=\"none\" stroke-width=\"1\" fill=\"none\" fill-rule=\"evenodd\" opacity=\"0.147770473\">\n                                <g id=\"24\" transform=\"translate(-849.000000, -1528.000000)\" fill=\"#000000\" fill-rule=\"nonzero\">\n                                    <g id=\"Group-3\" transform=\"translate(233.000000, 1504.000000)\">\n                                        <g id=\"Group-11\" transform=\"translate(616.000000, 24.000000)\">\n                                            <path d=\"M0,0 L0,25.8333333 L4.19354839,30 L26,30 L26,4.16666667 L21.8064516,0 L0,0 Z M2.51612903,2.5 L20.1290323,2.5 L20.1290323,24.1666667 L2.51612903,24.1666667 L2.51612903,2.5 Z M23.483871,27.5 L5.23354839,27.5 L3.55612903,25.8333333 L21.8064516,25.8333333 L21.8064516,3.53333333 L23.483871,5.2 L23.483871,27.5 Z\" id=\"Shape\"><\/path>\n                                            <path d=\"M5.03225806,13.3333333 L17.6129032,13.3333333 L17.6129032,5 L5.03225806,5 L5.03225806,13.3333333 Z M6.70967742,6.66666667 L15.9354839,6.66666667 L15.9354839,11.6666667 L6.70967742,11.6666667 L6.70967742,6.66666667 Z\" id=\"Shape\"><\/path>\n                                        <\/g>\n                                    <\/g>\n                                <\/g>\n                            <\/g>\n                        <\/svg><p class=\"has-small-font-size\">Fecha de publicaci\u00f3n<\/p><p class=\"attribute\">September 1992<\/p><\/div><div class=\"wp-block-column\"><svg width=\"26px\" height=\"30px\" viewBox=\"0 0 26 30\" version=\"1.1\" xmlns=\"http:\/\/www.w3.org\/2000\/svg\" xmlns:xlink=\"http:\/\/www.w3.org\/1999\/xlink\">\n                            <g id=\"Page-1\" stroke=\"none\" stroke-width=\"1\" fill=\"none\" fill-rule=\"evenodd\" opacity=\"0.147770473\">\n                                <g id=\"24\" transform=\"translate(-1222.000000, -1528.000000)\" fill=\"#000000\" fill-rule=\"nonzero\">\n                                    <g id=\"Group-3\" transform=\"translate(233.000000, 1504.000000)\">\n                                        <g id=\"Shape-2\" transform=\"translate(989.000000, 24.000000)\">\n                                            <path d=\"M0,0 L0,25.8333333 L4.19354839,30 L26,30 L26,4.16666667 L21.8064516,0 L0,0 Z M6.70967742,2.5 L10.0645161,2.5 L10.0645161,10.1 L8.38709677,9 L6.70967742,10.1 L6.70967742,2.5 Z M2.51612903,2.5 L5.03225806,2.5 L5.03225806,13.2333333 L8.38709677,11 L11.7419355,13.2333333 L11.7419355,2.5 L20.1290323,2.5 L20.1290323,24.1666667 L2.51612903,24.1666667 L2.51612903,2.5 Z M23.483871,27.5 L5.23354839,27.5 L3.55612903,25.8333333 L21.8064516,25.8333333 L21.8064516,3.53333333 L23.483871,5.2 L23.483871,27.5 Z\" id=\"Shape\"><\/path>\n                                        <\/g>\n                                    <\/g>\n                                <\/g>\n                            <\/g>\n                        <\/svg><p class=\"has-small-font-size\">Publicado por<\/p><p class=\"attribute\">Lynx Editions<\/p><\/div><\/div><div id=\"professionals\" class=\"max-width padding-sides\"><h2>Editors<\/h2><div class=\"professionals-wrapper\"><p class=\"professional\"><a href=\"https:\/\/lynxnaturebooks.com\/professional\/josep-del-hoyo\/\">Josep del Hoyo<\/a><\/p><p class=\"professional\"><a href=\"https:\/\/lynxnaturebooks.com\/es\/professional\/andrew-elliott\/\">Andrew Elliott<\/a><\/p><p class=\"professional\"><a href=\"https:\/\/lynxnaturebooks.com\/es\/professional\/jordi-sargatal\/\">Jordi Sargatal<\/a><\/p><\/div><\/div>        <!-- <h2 id=\"autors\" class=\"has-text-align-center\"><\/h2>\n        <div class=\"product-autors max-width-narrow\">\n                    <\/div> -->\n    \n\n\n\n<div class=\"wp-block-group max-width-narrow max-height\"><div class=\"wp-block-group__inner-container is-layout-constrained wp-block-group-is-layout-constrained\">\n<h2 class=\"wp-block-heading has-text-align-center\">Descripci\u00f3n<\/h2>\n\n\n\n<p>El <em>Handbook of the Birds of the World<\/em> (HBW) es un proyecto ambicioso y completo, y el primer volumen, Ostrich to Ducks, representa el inicio emblem\u00e1tico de esta serie monumental, publicada en 1992. Este volumen cubre 27 familias de aves, desde el avestruz hasta los patos, incluyendo especies que van desde grupos con distribuciones geogr\u00e1ficamente localizadas, como los casuarios y los kiwis, hasta aves marinas y acu\u00e1ticas con una amplia distribuci\u00f3n global, como los ping\u00fcinos, los pel\u00edcanos y los patos.<\/p>\n\n\n\n<p>El volumen se abre con un <strong>pr\u00f3logo de Christoph Imboden<\/strong>, que introduce el proyecto HBW, seguido de una detallada introducci\u00f3n de 38 p\u00e1ginas sobre la biolog\u00eda de las aves, que sirve como base para el tratamiento en profundidad de cada familia de aves.<\/p>\n\n\n\n<h3 class=\"wp-block-heading\"><\/h3>\n\n\n\n<figure class=\"wp-block-table\"><table><tbody><tr><td> <strong>Clase AVES<\/strong><\/td><td>  Eduardo de Juana<\/td><\/tr><tr><td> <strong>Encargar STRUTHIONIFORMES<\/strong><\/td><td>&nbsp;<\/td><\/tr><tr><td>Familia Struthionidae (Avestruz)<\/td><td>Anna Folch<\/td><\/tr><tr><td>Familia Rheidae (Reas)<\/td><td>Anna Folch<\/td><\/tr><tr><td>Familia Casuariidae (Casuarios)<\/td><td>Anna Folch<\/td><\/tr><tr><td>Familia Dromaiidae (Em\u00fa)<\/td><td>Anna Folch<\/td><\/tr><tr><td>Familia Apterygidae (Kiwis)<\/td><td>Anna Folch<\/td><\/tr><tr><td> <strong>Encargar TINAMIFORMES<\/strong><\/td><td>&nbsp;<\/td><\/tr><tr><td>Familia Tinamidae (Tin\u00e1midos)<\/td><td>Jos\u00e9 Cabot<\/td><\/tr><tr><td> <strong>Orden SPHENISCIFORMES<\/strong><\/td><td>&nbsp;<\/td><\/tr><tr><td>Familia Spheniscidae (Ping\u00fcinos)<\/td><td>Isabel Mart\u00ednez<\/td><\/tr><tr><td> <strong>Pedido GAVIIFORMES<\/strong><\/td><td>&nbsp;<\/td><\/tr><tr><td>Familia Gaviidae (Buceadores)<\/td><td>Carles Carboneras<\/td><\/tr><tr><td> <strong>Orden PODICIPEDIFORMES<\/strong><\/td><td>&nbsp;<\/td><\/tr><tr><td>Familia Podicipedidae (Zampullines)<\/td><td>Francesc Llimona y Josep del Hoyo<\/td><\/tr><tr><td> <strong>Encargar PROCELLARIIFORMES<\/strong><\/td><td>&nbsp;<\/td><\/tr><tr><td>Familia Diomedeidae (Albatros)<\/td><td>Carles Carboneras<\/td><\/tr><tr><td>Familia Procellariidae (Petreles y Fardelas)<\/td><td>Carles Carboneras<\/td><\/tr><tr><td>Familia Hydrobatidae (Pa\u00ed\u00f1os)<\/td><td>Carles Carboneras<\/td><\/tr><tr><td>Familia Pelecanoididae (pa\u00ed\u00f1os)<\/td><td>Carles Carboneras<\/td><\/tr><tr><td> <strong>Encargar PELECANIFORMES<\/strong><\/td><td>&nbsp;<\/td><\/tr><tr><td>Familia Phaethontidae (Aves tropicales)<\/td><td>Jaume Orta<\/td><\/tr><tr><td>Familia Pelecanidae (Pel\u00edcanos)<\/td><td>Andrew Elliott<\/td><\/tr><tr><td>Familia Sulidae (Alcatraces y Piqueros)<\/td><td>Carles Carboneras<\/td><\/tr><tr><td>Familia Phalacrocoracidae (Cormoranes)<\/td><td>Jaume Orta<\/td><\/tr><tr><td>Familia Anhingidae (Dardos)<\/td><td>Jaume Orta<\/td><\/tr><tr><td>Familia Fregatidae (Fragatas)<\/td><td>Jaume Orta<\/td><\/tr><tr><td> <strong>Encargar CICONIIFORMES<\/strong><\/td><td>&nbsp;<\/td><\/tr><tr><td>Familia Ardeidae (Garzas)<\/td><td>Albert Mart\u00ednez-Vilalta y Anna Motis<\/td><\/tr><tr><td>Familia Scopidae (Hamerkop)<\/td><td>Andrew Elliott<\/td><\/tr><tr><td>Familia Ciconiidae (Cig\u00fce\u00f1as)<\/td><td>Andrew Elliott<\/td><\/tr><tr><td>Familia Balaenicipitidae (picozapato)<\/td><td>Andrew Elliott<\/td><\/tr><tr><td>Familia Threskiornithidae (Ibis y Esp\u00e1tulas)<\/td><td>Elo\u00efsa Matheu y Josep del Hoyo<\/td><\/tr><tr><td> <strong>Orden PHOENICOPTERIFORMES<\/strong><\/td><td>&nbsp;<\/td><\/tr><tr><td>Familia Phoenicopteridae (Flamencos)<\/td><td>Josep del Hoyo<\/td><\/tr><tr><td> <strong>Encargar ANSERIFORMES<\/strong><\/td><td>&nbsp;<\/td><\/tr><tr><td>Familia Anhimidae (Gritones)<\/td><td>Carles Carboneras<\/td><\/tr><tr><td>Familia Anatidae (Patos, gansos y cisnes)<\/td><td>Carles Carboneras<\/td><\/tr><\/tbody><\/table><\/figure>\n\n\n\n<p>Cada familia aviar cuenta con su cap\u00edtulo, que incluye secciones detalladas sobre sistem\u00e1tica, morfolog\u00eda, h\u00e1bitat, comportamiento general, reproducci\u00f3n, alimentaci\u00f3n, voz, movimientos e interacci\u00f3n con los humanos. Esta exhaustiva informaci\u00f3n se acompa\u00f1a de l\u00e1minas a todo color y fotograf\u00edas impresionantes, que ilustran cada especie con un detalle extraordinario, adem\u00e1s de 568 mapas de distribuci\u00f3n.<\/p>\n\n\n\n<p><strong>Caracter\u00edsticas principales:<\/strong><\/p>\n\n\n\n<ul class=\"wp-block-list\">\n<li>Pr\u00f3logo de Christoph Imboden presentando el proyecto HBW.<\/li>\n\n\n\n<li>27 familias de aves, incluyendo avestruces, kiwis, ping\u00fcinos, albatros, patos y m\u00e1s.<\/li>\n\n\n\n<li>14 l\u00e1minas anat\u00f3micas en color y 50 l\u00e1minas de aves en color.<\/li>\n\n\n\n<li>382 fotograf\u00edas espectaculares de aves y 568 mapas de distribuci\u00f3n.<\/li>\n\n\n\n<li>M\u00e1s de 6.000 referencias bibliogr\u00e1ficas.<\/li>\n<\/ul>\n\n\n\n<p>Un referente fundamental para ornit\u00f3logos, entusiastas de las aves y bibliotecas, este volumen establece el modelo para la obra exhaustiva y visualmente cautivadora que define la colecci\u00f3n <em>Handbook of the Birds of the World<\/em>.<\/p>\n\n\n\n<p class=\"has-text-align-center button-link button-view-all\"><a href=\"#viewall\">Ver todo<\/a><\/p>\n\n\n\n<div style=\"height:20px\" aria-hidden=\"true\" class=\"wp-block-spacer\"><\/div>\n<\/div><\/div>\n\n\n\n<div class=\"wp-block-group max-width-narrow max-height\"><div class=\"wp-block-group__inner-container is-layout-constrained wp-block-group-is-layout-constrained\"><div class=\"wp-block-group max-width-narrow\"><\/div>\n\n\n\n<p class=\"has-text-align-center button-link button-view-all\"><a href=\"#viewall\">Ver todo<\/a><\/p>\n<\/div><\/div>\n","protected":false},"excerpt":{"rendered":"<p>Se trata del emblem\u00e1tico primer volumen de la serie, publicado en 1992. Cuenta con un Pr\u00f3logo de Christoph Imboden, que presenta el proyecto. Tambi\u00e9n hay un art\u00edculo introductorio de 38 p\u00e1ginas, que ofrece una descripci\u00f3n general completa de la biolog\u00eda de las aves.<\/p>\n","protected":false},"featured_media":86642,"comment_status":"open","ping_status":"closed","template":"","meta":[],"collection":[],"product_brand":[],"product_cat":[228,244,194],"product_tag":[461],"class_list":{"0":"post-2983","1":"product","2":"type-product","3":"status-publish","4":"has-post-thumbnail","6":"product_cat-aves","7":"product_cat-enciclopedias","8":"product_cat-handbook-of-the-birds-of-the-world-es","9":"product_tag-australia-es","11":"first","12":"instock","13":"shipping-taxable","14":"purchasable","15":"product-type-simple"},"_links":{"self":[{"href":"https:\/\/lynxnaturebooks.com\/es\/wp-json\/wp\/v2\/product\/2983","targetHints":{"allow":["GET"]}}],"collection":[{"href":"https:\/\/lynxnaturebooks.com\/es\/wp-json\/wp\/v2\/product"}],"about":[{"href":"https:\/\/lynxnaturebooks.com\/es\/wp-json\/wp\/v2\/types\/product"}],"replies":[{"embeddable":true,"href":"https:\/\/lynxnaturebooks.com\/es\/wp-json\/wp\/v2\/comments?post=2983"}],"wp:featuredmedia":[{"embeddable":true,"href":"https:\/\/lynxnaturebooks.com\/es\/wp-json\/wp\/v2\/media\/86642"}],"wp:attachment":[{"href":"https:\/\/lynxnaturebooks.com\/es\/wp-json\/wp\/v2\/media?parent=2983"}],"wp:term":[{"taxonomy":"collection","embeddable":true,"href":"https:\/\/lynxnaturebooks.com\/es\/wp-json\/wp\/v2\/collection?post=2983"},{"taxonomy":"product_brand","embeddable":true,"href":"https:\/\/lynxnaturebooks.com\/es\/wp-json\/wp\/v2\/product_brand?post=2983"},{"taxonomy":"product_cat","embeddable":true,"href":"https:\/\/lynxnaturebooks.com\/es\/wp-json\/wp\/v2\/product_cat?post=2983"},{"taxonomy":"product_tag","embeddable":true,"href":"https:\/\/lynxnaturebooks.com\/es\/wp-json\/wp\/v2\/product_tag?post=2983"}],"curies":[{"name":"wp","href":"https:\/\/api.w.org\/{rel}","templated":true}]}}