{"id":2924,"date":"2002-04-01T10:00:00","date_gmt":"2002-04-01T08:00:00","guid":{"rendered":"https:\/\/www.lynxeds.com\/product\/guia-de-las-mariposas-de-espana-y-europa\/"},"modified":"2024-07-16T15:54:16","modified_gmt":"2024-07-16T13:54:16","slug":"guia-de-las-mariposas-de-espana-y-europa","status":"publish","type":"product","link":"https:\/\/lynxnaturebooks.com\/es\/producto\/guia-de-las-mariposas-de-espana-y-europa\/","title":{"rendered":"Gu\u00eda de las Mariposas de Espa\u00f1a y Europa"},"content":{"rendered":"<p>La gu\u00eda m\u00e1s completa para la identificaci\u00f3n de mariposas diurnas europeas. M\u00e1s de 400 mapas de distribuci\u00f3n y m\u00e1s de 2000 ilustraciones a todo color retratan al macho, la hembra y cada una de las diferentes formas de cada especie. Se tratan las 440 especies observadas y se ofrece un resumen de la informaci\u00f3n disponible actualmente sobre taxonom\u00eda, distribuci\u00f3n, identificaci\u00f3n y variabilidad, tiempo de vuelo, h\u00e1bitat, biolog\u00eda, comportamiento y estado de conservaci\u00f3n. Los textos proporcionan abundante informaci\u00f3n sobre las plantas de las que se alimentan , lo que facilita la localizaci\u00f3n de las mariposas adultas. Revisado y actualizado para Espa\u00f1a por especialistas, incluyendo nueva informaci\u00f3n sobre distribuci\u00f3n y alimentaci\u00f3n. Bibliograf\u00eda modificada para incluir referencias esenciales sobre las mariposas diurnas espa\u00f1olas.<\/p>\n<ul>\n<li>M\u00e1s de 400 mapas y 2.000 ilustraciones.<\/li>\n<\/ul>\n","protected":false},"excerpt":{"rendered":"<p>La gu\u00eda m\u00e1s completa para la identificaci\u00f3n de mariposas diurnas europeas.<\/p>\n","protected":false},"featured_media":5294,"comment_status":"open","ping_status":"closed","template":"","meta":[],"collection":[],"product_brand":[],"product_cat":[254,186,174],"product_tag":[292],"class_list":{"0":"post-2924","1":"product","2":"type-product","3":"status-publish","4":"has-post-thumbnail","6":"product_cat-guias-de-campo","7":"product_cat-invertebrados","8":"product_cat-paleartica","9":"product_tag-mariposas","11":"first","12":"discontinued","13":"shipping-taxable","14":"product-type-simple"},"_links":{"self":[{"href":"https:\/\/lynxnaturebooks.com\/es\/wp-json\/wp\/v2\/product\/2924","targetHints":{"allow":["GET"]}}],"collection":[{"href":"https:\/\/lynxnaturebooks.com\/es\/wp-json\/wp\/v2\/product"}],"about":[{"href":"https:\/\/lynxnaturebooks.com\/es\/wp-json\/wp\/v2\/types\/product"}],"replies":[{"embeddable":true,"href":"https:\/\/lynxnaturebooks.com\/es\/wp-json\/wp\/v2\/comments?post=2924"}],"wp:featuredmedia":[{"embeddable":true,"href":"https:\/\/lynxnaturebooks.com\/es\/wp-json\/wp\/v2\/media\/5294"}],"wp:attachment":[{"href":"https:\/\/lynxnaturebooks.com\/es\/wp-json\/wp\/v2\/media?parent=2924"}],"wp:term":[{"taxonomy":"collection","embeddable":true,"href":"https:\/\/lynxnaturebooks.com\/es\/wp-json\/wp\/v2\/collection?post=2924"},{"taxonomy":"product_brand","embeddable":true,"href":"https:\/\/lynxnaturebooks.com\/es\/wp-json\/wp\/v2\/product_brand?post=2924"},{"taxonomy":"product_cat","embeddable":true,"href":"https:\/\/lynxnaturebooks.com\/es\/wp-json\/wp\/v2\/product_cat?post=2924"},{"taxonomy":"product_tag","embeddable":true,"href":"https:\/\/lynxnaturebooks.com\/es\/wp-json\/wp\/v2\/product_tag?post=2924"}],"curies":[{"name":"wp","href":"https:\/\/api.w.org\/{rel}","templated":true}]}}