{"id":2916,"date":"2005-01-01T10:00:00","date_gmt":"2018-08-29T11:28:36","guid":{"rendered":"https:\/\/www.lynxeds.com\/product\/birds-of-south-asia-volume-1-field-guide\/"},"modified":"2024-07-09T09:28:10","modified_gmt":"2024-07-09T07:28:10","slug":"birds-of-south-asia-volume-1-field-guide","status":"publish","type":"product","link":"https:\/\/lynxnaturebooks.com\/es\/producto\/birds-of-south-asia-volume-1-field-guide\/","title":{"rendered":"Birds of South Asia &#8211; Volume 1 Field Guide"},"content":{"rendered":"<p class=\"resum\">\n<p>\n\tLa gu&iacute;a m&aacute;s completa y actualizada de las aves de la regi&oacute;n (incluye por primera vez Afganist&aacute;n y el archipi&eacute;lago de Chagos). Vol. 1 Gu&iacute;a de identificaci&oacute;n Trata todas las especies observadas en 180 l&aacute;minas donde se ilustran unas 1.430 especies. Incluye tambi&eacute;n completas descripciones y detallados mapas a color.<\/p><\/p>\n","protected":false},"excerpt":{"rendered":"<p>La gu\u00eda m\u00e1s completa y actualizada de las aves de la regi\u00f3n (incluye por primera vez Afganist\u00e1n y el archipi\u00e9lago de Chagos). Vol. 1 Gu\u00eda de identificaci\u00f3n Trata todas las especies observadas en 180 l\u00e1minas donde se ilustran unas 1.430 especies. Incluye tambi\u00e9n completas descripciones y detallados mapas a color.<\/p>\n","protected":false},"featured_media":1402,"comment_status":"open","ping_status":"closed","template":"","meta":[],"collection":[],"product_brand":[],"product_cat":[172],"product_tag":[],"class_list":{"0":"post-2916","1":"product","2":"type-product","3":"status-publish","4":"has-post-thumbnail","6":"product_cat-otras-guias-de-campo","8":"first","9":"discontinued","10":"shipping-taxable","11":"product-type-simple"},"_links":{"self":[{"href":"https:\/\/lynxnaturebooks.com\/es\/wp-json\/wp\/v2\/product\/2916","targetHints":{"allow":["GET"]}}],"collection":[{"href":"https:\/\/lynxnaturebooks.com\/es\/wp-json\/wp\/v2\/product"}],"about":[{"href":"https:\/\/lynxnaturebooks.com\/es\/wp-json\/wp\/v2\/types\/product"}],"replies":[{"embeddable":true,"href":"https:\/\/lynxnaturebooks.com\/es\/wp-json\/wp\/v2\/comments?post=2916"}],"wp:featuredmedia":[{"embeddable":true,"href":"https:\/\/lynxnaturebooks.com\/es\/wp-json\/wp\/v2\/media\/1402"}],"wp:attachment":[{"href":"https:\/\/lynxnaturebooks.com\/es\/wp-json\/wp\/v2\/media?parent=2916"}],"wp:term":[{"taxonomy":"collection","embeddable":true,"href":"https:\/\/lynxnaturebooks.com\/es\/wp-json\/wp\/v2\/collection?post=2916"},{"taxonomy":"product_brand","embeddable":true,"href":"https:\/\/lynxnaturebooks.com\/es\/wp-json\/wp\/v2\/product_brand?post=2916"},{"taxonomy":"product_cat","embeddable":true,"href":"https:\/\/lynxnaturebooks.com\/es\/wp-json\/wp\/v2\/product_cat?post=2916"},{"taxonomy":"product_tag","embeddable":true,"href":"https:\/\/lynxnaturebooks.com\/es\/wp-json\/wp\/v2\/product_tag?post=2916"}],"curies":[{"name":"wp","href":"https:\/\/api.w.org\/{rel}","templated":true}]}}