{"id":2899,"date":"2017-05-01T10:00:00","date_gmt":"2017-05-01T08:00:00","guid":{"rendered":"https:\/\/www.lynxeds.com\/product\/birds-of-new-guinea\/"},"modified":"2026-04-08T11:25:50","modified_gmt":"2026-04-08T09:25:50","slug":"birds-of-new-guinea","status":"publish","type":"product","link":"https:\/\/lynxnaturebooks.com\/es\/producto\/birds-of-new-guinea\/","title":{"rendered":"<span class=\"title\">Birds of New Guinea<\/span><span class=\"subtitle\">Including Bismarck Archipelago and Bougainville<\/span>"},"content":{"rendered":"<div class=\"wp-block-columns attributes-columns\"><div class=\"wp-block-column\"><svg width=\"28px\" height=\"35px\" viewBox=\"0 0 28 35\" version=\"1.1\" xmlns=\"http:\/\/www.w3.org\/2000\/svg\" xmlns:xlink=\"http:\/\/www.w3.org\/1999\/xlink\">\n                            <g id=\"Page-1\" stroke=\"none\" stroke-width=\"1\" fill=\"none\" fill-rule=\"evenodd\" opacity=\"0.147770473\">\n                                <g id=\"24\" transform=\"translate(-287.000000, -1522.000000)\" fill=\"#000000\" fill-rule=\"nonzero\" stroke=\"#000000\" stroke-width=\"0.799586777\">\n                                    <g id=\"Group-3\" transform=\"translate(233.000000, 1504.000000)\">\n                                        <g id=\"Shape-3\" transform=\"translate(55.000000, 19.000000)\">\n                                            <path d=\"M13,0 C9.82319737,0 7.22466566,2.63962325 7.22466566,5.86666055 C7.22466566,8.71794192 9.25407358,11.1008511 11.9171246,11.6187379 L11.9171246,13.9333188 L6.8637075,13.9333188 C6.8261332,13.9313284 6.78848231,13.9313284 6.75090801,13.9333188 C6.331882,13.9764915 5.97550223,14.2625282 5.83723204,14.6666514 L0.0618978813,31.5333078 C-0.0555594524,31.8709186 -0.00391373208,32.2454751 0.200335189,32.5373134 C0.40458411,32.8291517 0.7358774,33.0017525 1.08837297,32.9999866 L13,32.9999866 L24.9116267,32.9999866 C25.2641223,33.0017526 25.5954157,32.8291519 25.7996647,32.5373136 C26.0039137,32.2454752 26.0555595,31.8709186 25.9381021,31.5333078 L20.162768,14.6666514 C20.0091004,14.2252213 19.5972147,13.9309628 19.1362925,13.9333188 L14.082875,13.9333188 L14.082875,11.6187379 C16.7459261,11.1008511 18.775334,8.71794192 18.775334,5.86666055 C18.775334,2.63962325 16.1768026,0 13,0 L13,0 Z M12.9999998,2.19999771 C15.0063443,2.19999771 16.6095839,3.82859001 16.6095839,5.86666055 C16.6095839,7.52644516 15.5508938,8.91385538 14.071595,9.3729069 C13.99526,8.77759028 13.4631728,8.35436769 12.8759203,8.42186622 C12.3828087,8.48076346 11.9922861,8.87273886 11.9284046,9.3729069 C10.4491059,8.91385538 9.39041606,7.52644516 9.39041606,5.86666055 C9.39041606,3.82859001 10.9936557,2.19999771 12.9999998,2.19999771 L12.9999998,2.19999771 Z M7.6307439,16.1333239 L12.9999998,16.1333239 L18.3692561,16.1333239 L23.3888335,30.7999752 L12.9999998,30.7999752 L2.61116648,30.7999752 L7.6307439,16.1333239 L7.6307439,16.1333239 Z\" id=\"Shape\"><\/path>\n                                        <\/g>\n                                    <\/g>\n                                <\/g>\n                            <\/g>\n                        <\/svg><p class=\"has-small-font-size\">Peso<\/p><p class=\"attribute\">1.2 kg<\/p><\/div><div class=\"wp-block-column\"><svg width=\"34px\" height=\"35px\" viewBox=\"0 0 34 35\" version=\"1.1\" xmlns=\"http:\/\/www.w3.org\/2000\/svg\" xmlns:xlink=\"http:\/\/www.w3.org\/1999\/xlink\">\n                            <g id=\"Page-1\" stroke=\"none\" stroke-width=\"1\" fill=\"none\" fill-rule=\"evenodd\" opacity=\"0.147770473\">\n                                <g id=\"24\" transform=\"translate(-471.000000, -1523.000000)\" fill=\"#000000\" fill-rule=\"nonzero\">\n                                    <g id=\"Group-3\" transform=\"translate(233.000000, 1504.000000)\">\n                                        <g id=\"Group-10\" transform=\"translate(238.000000, 19.000000)\">\n                                            <polygon id=\"Path\" points=\"0 9.72222222 2 9.72222222 2 33.0555556 0 33.0555556 0 35 6 35 6 33.0555556 4 33.0555556 4 9.72222222 6 9.72222222 6 7.77777778 0 7.77777778\"><\/polygon>\n                                            <polygon id=\"Path\" points=\"32 1.94444444 10 1.94444444 10 0 8 0 8 5.83333333 10 5.83333333 10 3.88888889 32 3.88888889 32 5.83333333 34 5.83333333 34 0 32 0\"><\/polygon>\n                                            <path d=\"M8,7.77777778 L8,30.1388889 L13,35 L33,35 L33,12.6388889 L28,7.77777778 L8,7.77777778 Z M11,10.6944444 L26,10.6944444 L26,28.1944444 L11,28.1944444 L11,10.6944444 Z M30,32.0833333 L14.24,32.0833333 L12.24,30.1388889 L28,30.1388889 L28,11.9 L30,13.8444444 L30,32.0833333 Z\" id=\"Shape\"><\/path>\n                                            <rect id=\"Rectangle\" x=\"13\" y=\"15.5555556\" width=\"11\" height=\"1.94444444\"><\/rect>\n                                            <rect id=\"Rectangle\" x=\"15\" y=\"19.4444444\" width=\"7\" height=\"1.94444444\"><\/rect>\n                                        <\/g>\n                                    <\/g>\n                                <\/g>\n                            <\/g>\n                        <\/svg><p class=\"has-small-font-size\">Dimensiones<\/p><p class=\"attribute\">16 &times; 23 cm<\/p><\/div><div class=\"wp-block-column\"><svg width=\"26px\" height=\"30px\" viewBox=\"0 0 26 30\" version=\"1.1\" xmlns=\"http:\/\/www.w3.org\/2000\/svg\" xmlns:xlink=\"http:\/\/www.w3.org\/1999\/xlink\">\n                            <g id=\"Page-1\" stroke=\"none\" stroke-width=\"1\" fill=\"none\" fill-rule=\"evenodd\" opacity=\"0.147770473\">\n                                <g id=\"24\" transform=\"translate(-661.000000, -1528.000000)\" fill=\"#000000\" fill-rule=\"nonzero\">\n                                    <g id=\"Group-3\" transform=\"translate(233.000000, 1504.000000)\">\n                                        <g id=\"Group-12\" transform=\"translate(428.000000, 24.000000)\">\n                                            <path d=\"M0,0 L0,25.8333333 L4.19354839,30 L26,30 L26,4.16666667 L21.8064516,0 M2.01290323,2.5 L20.1290323,2.5 L20.1290323,24.1666667 L2.01290323,24.1666667 L2.01290323,2.5 Z M23.483871,27.5 L5.23354839,27.5 L3.55612903,25.8333333 L21.8064516,25.8333333 L21.8064516,3.53333333 L23.483871,5.2 L23.483871,27.5 Z\" id=\"Shape\"><\/path>\n                                            <rect id=\"Rectangle\" x=\"7.5483871\" y=\"8.33333333\" width=\"10.9032258\" height=\"1.66666667\"><\/rect>\n                                            <rect id=\"Rectangle\" x=\"7.5483871\" y=\"11.6666667\" width=\"10.9032258\" height=\"1.66666667\"><\/rect>\n                                            <rect id=\"Rectangle\" x=\"7.5483871\" y=\"15\" width=\"10.9032258\" height=\"1.66666667\"><\/rect>\n                                            <rect id=\"Rectangle\" x=\"7.5483871\" y=\"18.3333333\" width=\"5.87096774\" height=\"1.66666667\"><\/rect>\n                                        <\/g>\n                                    <\/g>\n                                <\/g>\n                            <\/g>\n                        <\/svg><p class=\"has-small-font-size\">P\u00e1ginas<\/p><p class=\"attribute\">464<\/p><\/div><div class=\"wp-block-column\"><svg width=\"26px\" height=\"30px\" viewBox=\"0 0 26 30\" version=\"1.1\" xmlns=\"http:\/\/www.w3.org\/2000\/svg\" xmlns:xlink=\"http:\/\/www.w3.org\/1999\/xlink\">\n                            <g id=\"Page-1\" stroke=\"none\" stroke-width=\"1\" fill=\"none\" fill-rule=\"evenodd\" opacity=\"0.147770473\">\n                                <g id=\"24\" transform=\"translate(-849.000000, -1528.000000)\" fill=\"#000000\" fill-rule=\"nonzero\">\n                                    <g id=\"Group-3\" transform=\"translate(233.000000, 1504.000000)\">\n                                        <g id=\"Group-11\" transform=\"translate(616.000000, 24.000000)\">\n                                            <path d=\"M0,0 L0,25.8333333 L4.19354839,30 L26,30 L26,4.16666667 L21.8064516,0 L0,0 Z M2.51612903,2.5 L20.1290323,2.5 L20.1290323,24.1666667 L2.51612903,24.1666667 L2.51612903,2.5 Z M23.483871,27.5 L5.23354839,27.5 L3.55612903,25.8333333 L21.8064516,25.8333333 L21.8064516,3.53333333 L23.483871,5.2 L23.483871,27.5 Z\" id=\"Shape\"><\/path>\n                                            <path d=\"M5.03225806,13.3333333 L17.6129032,13.3333333 L17.6129032,5 L5.03225806,5 L5.03225806,13.3333333 Z M6.70967742,6.66666667 L15.9354839,6.66666667 L15.9354839,11.6666667 L6.70967742,11.6666667 L6.70967742,6.66666667 Z\" id=\"Shape\"><\/path>\n                                        <\/g>\n                                    <\/g>\n                                <\/g>\n                            <\/g>\n                        <\/svg><p class=\"has-small-font-size\">Fecha de publicaci\u00f3n<\/p><p class=\"attribute\">mayo 2017<\/p><\/div><div class=\"wp-block-column\"><svg width=\"26px\" height=\"30px\" viewBox=\"0 0 26 30\" version=\"1.1\" xmlns=\"http:\/\/www.w3.org\/2000\/svg\" xmlns:xlink=\"http:\/\/www.w3.org\/1999\/xlink\">\n                            <g id=\"Page-1\" stroke=\"none\" stroke-width=\"1\" fill=\"none\" fill-rule=\"evenodd\" opacity=\"0.147770473\">\n                                <g id=\"24\" transform=\"translate(-1222.000000, -1528.000000)\" fill=\"#000000\" fill-rule=\"nonzero\">\n                                    <g id=\"Group-3\" transform=\"translate(233.000000, 1504.000000)\">\n                                        <g id=\"Shape-2\" transform=\"translate(989.000000, 24.000000)\">\n                                            <path d=\"M0,0 L0,25.8333333 L4.19354839,30 L26,30 L26,4.16666667 L21.8064516,0 L0,0 Z M6.70967742,2.5 L10.0645161,2.5 L10.0645161,10.1 L8.38709677,9 L6.70967742,10.1 L6.70967742,2.5 Z M2.51612903,2.5 L5.03225806,2.5 L5.03225806,13.2333333 L8.38709677,11 L11.7419355,13.2333333 L11.7419355,2.5 L20.1290323,2.5 L20.1290323,24.1666667 L2.51612903,24.1666667 L2.51612903,2.5 Z M23.483871,27.5 L5.23354839,27.5 L3.55612903,25.8333333 L21.8064516,25.8333333 L21.8064516,3.53333333 L23.483871,5.2 L23.483871,27.5 Z\" id=\"Shape\"><\/path>\n                                        <\/g>\n                                    <\/g>\n                                <\/g>\n                            <\/g>\n                        <\/svg><p class=\"has-small-font-size\">Publicado por<\/p><p class=\"attribute\">Lynx Edicions<\/p><\/div><\/div><div id=\"professionals\" class=\"max-width padding-sides\"><h2>Autor\/a<\/h2><div class=\"professionals-wrapper\"><p class=\"professional\"><a href=\"https:\/\/lynxnaturebooks.com\/es\/professional\/phil-gregory\/\">Phil Gregory<\/a><\/p><\/div><\/div>        <!-- <h2 id=\"autors\" class=\"has-text-align-center\"><\/h2>\n        <div class=\"product-autors max-width-narrow\">\n                    <\/div> -->\n    \n\n<div style=\"height:32px\" aria-hidden=\"true\" class=\"wp-block-spacer\"><\/div>\n\n<div class=\"wp-block-columns are-vertically-aligned-center is-layout-flex wp-container-core-columns-is-layout-9d6595d7 wp-block-columns-is-layout-flex\">\n<div class=\"wp-block-column is-vertically-aligned-center is-layout-flow wp-block-column-is-layout-flow\" style=\"flex-basis:33.33%\"><div class=\"wp-block-image\">\n<figure class=\"aligncenter size-full\"><img loading=\"lazy\" decoding=\"async\" width=\"91\" height=\"92\" src=\"https:\/\/lynxnaturebooks.com\/wp-content\/uploads\/2024\/06\/WHITLEY-AWARD_GOLD_2017.webp\" alt=\"\" class=\"wp-image-83920\"\/><\/figure>\n<\/div><\/div>\n\n\n\n<div class=\"wp-block-column is-vertically-aligned-center is-layout-flow wp-block-column-is-layout-flow\" style=\"flex-basis:66.66%\">\n<h3 class=\"wp-block-heading\">Ganador del Premio Whitley 2017:<br\/>CERTIFICADO DE ENCOMIO al MEJOR LIBRO en la categor\u00eda de GU\u00cdA DE CAMPO.<\/h3>\n\n\n\n<p>Cada a\u00f1o, la <a href=\"http:\/\/www.rzsnsw.org.au\/\" target=\"_blank\" rel=\"noopener\">Real Sociedad Zool\u00f3gica de Nueva Gales del Sur<\/a>(Australia) organiza los <a href=\"http:\/\/www.rzsnsw.org.au\/single-post\/2016\/09\/16\/Whitley-Awards-2016\" target=\"_blank\" rel=\"noopener\">Premios Whitley<\/a>. Estos premios son un homenaje a Gilbert Whitley, eminente icti\u00f3logo australiano. Los Premios Whitley buscan y aclaman las mejores publicaciones publicadas en los 12 meses anteriores relacionadas con la zoolog\u00eda de Australasia y la fauna \u00fanica de la regi\u00f3n. La Medalla Whitley y la Menci\u00f3n Especial son los premios m\u00e1s codiciados de las publicaciones zool\u00f3gicas australianas.<\/p>\n<\/div>\n<\/div>\n\n<div style=\"height:32px\" aria-hidden=\"true\" class=\"wp-block-spacer\"><\/div>\n\n<div class=\"wp-block-group max-width-narrow max-height\"><div class=\"wp-block-group__inner-container is-layout-constrained wp-block-group-is-layout-constrained\">\n<h2 class=\"wp-block-heading has-text-align-center\">Descripci\u00f3n<\/h2>\n\n\n\n<p>\u00c9sta es la primera gu\u00eda de campo que cubre toda la regi\u00f3n de Nueva Guinea, que comprende Pap\u00faa Occidental indonesia (incluidas las islas Pap\u00faa Occidental, las islas de la bah\u00eda de Geelvink y las islas Aru) y Pap\u00faa Nueva Guinea y sus islas asociadas, las Bismarck y Bougainville.<\/p>\n\n\n\n<p>Se cubren las 943 especies de las que se tiene constancia, incluido el extraordinariamente elevado total de 456 end\u00e9micas, as\u00ed como 5 especies introducidas, 2 especies a\u00fan por describir formalmente y un ap\u00e9ndice aparte con 75 errantes. Tambi\u00e9n se enumeran las subespecies para ofrecer una visi\u00f3n completa de la notable avifauna regional.<\/p>\n\n\n\n<p>Nueva Guinea es la segunda isla m\u00e1s grande del mundo y muchos de sus ecosistemas est\u00e1n a\u00fan relativamente intactos. Hay 7 familias end\u00e9micas, y la regi\u00f3n es el mayor centro de diversidad de palomas y t\u00f3rtolas, martines pescadores, loros, meleros y aves del para\u00edso, con una asombrosa diversidad y variaci\u00f3n morfol\u00f3gica e incluyendo algunas de las especies m\u00e1s buscadas del mundo.<\/p>\n\n\n\n<p>El autor tiene m\u00e1s de 25 a\u00f1os de experiencia en la regi\u00f3n, en la que ha vivido unos 7 a\u00f1os y viajado mucho en viajes de observaci\u00f3n e investigaci\u00f3n de aves, lo que le ha proporcionado una valiosa experiencia y conocimientos sobre la avifauna que ha compartido con cientos de personas a lo largo de los a\u00f1os. Los artistas de Lynx Edicions han trabajado en numerosas l\u00e1minas nuevas y revisadas, que ofrecen una excelente cobertura visual de la avifauna, con m\u00e1s de 1780 ilustraciones. La taxonom\u00eda est\u00e1 actualizada y los mapas de distribuci\u00f3n se han preparado y revisado cuidadosamente, mientras que la identificaci\u00f3n sobre el terreno y las vocalizaciones son de gran inter\u00e9s y deber\u00edan hacer de este libro un compa\u00f1ero de referencia esencial y compacto para cualquiera que observe aves en la regi\u00f3n.<\/p>\n\n\n\n<ul class=\"wp-block-list\">\n<li>943 especies, 456 end\u00e9micas, 5 introducidas, 75 errantes, 2 no descritas.<\/li>\n\n\n\n<li>m\u00e1s de 1.780 ilustraciones, 867 mapas de distribuci\u00f3n.<\/li>\n<\/ul>\n\n\n\n<p><strong>Checklist gratuito de las Aves de Nueva Guinea:<\/strong><\/p>\n\n\n\n<p>Descarga el checklist de Aves de Nueva Guinea y sus islas costeras en formato PDF, elaborada por Phil Gregory, el autor de la gu\u00eda. Encontrar\u00e1s:<\/p>\n\n\n\n<ul class=\"wp-block-list\">\n<li>Familias, especies y subespecies significativas con nombres comunes y cient\u00edficos.<\/li>\n\n\n\n<li>Estado actual de conservaci\u00f3n de las especies amenazadas.<\/li>\n\n\n\n<li>Casillas de lista de control que permiten registrar siete ubicaciones diferentes.<\/li>\n\n\n\n<li>Mapas de la zona cubierta y de los principales lugares de observaci\u00f3n de aves de Nueva Guinea.<\/li>\n<\/ul>\n\n\n\n<p class=\"has-text-align-center button-link button-view-all\"><a href=\"#viewall\">Ver todo<\/a><\/p>\n<\/div><\/div>\n\n<div style=\"height:20px\" aria-hidden=\"true\" class=\"wp-block-spacer\"><\/div>\n\n<div class=\"wp-block-group max-width-narrow max-height\"><div class=\"wp-block-group__inner-container is-layout-constrained wp-block-group-is-layout-constrained\"><div class=\"wp-block-group max-width-narrow\"><\/div>\n\n\n\n<p class=\"has-text-align-center button-link button-view-all\"><a href=\"#viewall\">Ver todo<\/a><\/p>\n<\/div><\/div>\n","protected":false},"excerpt":{"rendered":"<p>\u00c9sta es la primera gu\u00eda de campo que cubre toda la regi\u00f3n de Nueva Guinea, que comprende Pap\u00faa Occidental indonesia (incluidas las islas Pap\u00faa Occidental, las islas de la bah\u00eda de Geelvink y las islas Aru) y Pap\u00faa Nueva Guinea y sus islas asociadas, las Bismarck y Bougainville.<\/p>\n<p><span data-text-color=\"alert\">Nueva edici\u00f3n disponible <a href=\"https:\/\/lynxnaturebooks.com\/es\/producto\/birds-of-new-guinea-2\/\"><strong>aqu\u00ed<\/strong><\/a>.<\/span><\/p>\n","protected":false},"featured_media":83584,"comment_status":"open","ping_status":"closed","template":"","meta":[],"collection":[],"product_brand":[],"product_cat":[242,228,254],"product_tag":[299,301],"class_list":{"0":"post-2899","1":"product","2":"type-product","3":"status-publish","4":"has-post-thumbnail","6":"product_cat-australasian-es","7":"product_cat-aves","8":"product_cat-guias-de-campo","9":"product_tag-aves-del-paraiso","10":"product_tag-nueva-guinea","12":"first","13":"discontinued","14":"shipping-taxable","15":"product-type-simple"},"_links":{"self":[{"href":"https:\/\/lynxnaturebooks.com\/es\/wp-json\/wp\/v2\/product\/2899","targetHints":{"allow":["GET"]}}],"collection":[{"href":"https:\/\/lynxnaturebooks.com\/es\/wp-json\/wp\/v2\/product"}],"about":[{"href":"https:\/\/lynxnaturebooks.com\/es\/wp-json\/wp\/v2\/types\/product"}],"replies":[{"embeddable":true,"href":"https:\/\/lynxnaturebooks.com\/es\/wp-json\/wp\/v2\/comments?post=2899"}],"wp:featuredmedia":[{"embeddable":true,"href":"https:\/\/lynxnaturebooks.com\/es\/wp-json\/wp\/v2\/media\/83584"}],"wp:attachment":[{"href":"https:\/\/lynxnaturebooks.com\/es\/wp-json\/wp\/v2\/media?parent=2899"}],"wp:term":[{"taxonomy":"collection","embeddable":true,"href":"https:\/\/lynxnaturebooks.com\/es\/wp-json\/wp\/v2\/collection?post=2899"},{"taxonomy":"product_brand","embeddable":true,"href":"https:\/\/lynxnaturebooks.com\/es\/wp-json\/wp\/v2\/product_brand?post=2899"},{"taxonomy":"product_cat","embeddable":true,"href":"https:\/\/lynxnaturebooks.com\/es\/wp-json\/wp\/v2\/product_cat?post=2899"},{"taxonomy":"product_tag","embeddable":true,"href":"https:\/\/lynxnaturebooks.com\/es\/wp-json\/wp\/v2\/product_tag?post=2899"}],"curies":[{"name":"wp","href":"https:\/\/api.w.org\/{rel}","templated":true}]}}