{"id":2884,"date":"2004-01-01T10:00:00","date_gmt":"2004-01-01T09:00:00","guid":{"rendered":"https:\/\/www.lynxeds.com\/product\/aves-de-espana-una-celebracion\/"},"modified":"2024-07-16T15:54:15","modified_gmt":"2024-07-16T13:54:15","slug":"aves-de-espana-una-celebracion","status":"publish","type":"product","link":"https:\/\/lynxnaturebooks.com\/es\/producto\/aves-de-espana-una-celebracion\/","title":{"rendered":"Aves de Espa\u00f1a. Una Celebraci\u00f3n"},"content":{"rendered":"<p>Los mejores fot\u00f3grafos espa\u00f1oles de fauna salvaje conmemoran los 50 a\u00f1os de SEO\/BirdLife, el socio de BirdLife en Espa\u00f1a, con una maravillosa selecci\u00f3n de espectaculares fotograf\u00edas de aves ib\u00e9ricas. 43 fot\u00f3grafos, 263 fotos, 171 especies destacadas.<\/p>\n","protected":false},"excerpt":{"rendered":"<p>Los mejores fot\u00f3grafos espa\u00f1oles de fauna salvaje conmemoran los 50 a\u00f1os de SEO\/BirdLife, el socio de BirdLife en Espa\u00f1a, con una maravillosa selecci\u00f3n de espectaculares fotograf\u00edas de aves ib\u00e9ricas. 43 fot\u00f3grafos, 263 fotos, 171 especies destacadas.<\/p>\n","protected":false},"featured_media":1518,"comment_status":"open","ping_status":"closed","template":"","meta":[],"collection":[],"product_brand":[],"product_cat":[183,228,174],"product_tag":[284],"class_list":{"0":"post-2884","1":"product","2":"type-product","3":"status-publish","4":"has-post-thumbnail","6":"product_cat-arte-y-prosa","7":"product_cat-aves","8":"product_cat-paleartica","9":"product_tag-espana","11":"first","12":"discontinued","13":"shipping-taxable","14":"product-type-simple"},"_links":{"self":[{"href":"https:\/\/lynxnaturebooks.com\/es\/wp-json\/wp\/v2\/product\/2884","targetHints":{"allow":["GET"]}}],"collection":[{"href":"https:\/\/lynxnaturebooks.com\/es\/wp-json\/wp\/v2\/product"}],"about":[{"href":"https:\/\/lynxnaturebooks.com\/es\/wp-json\/wp\/v2\/types\/product"}],"replies":[{"embeddable":true,"href":"https:\/\/lynxnaturebooks.com\/es\/wp-json\/wp\/v2\/comments?post=2884"}],"wp:featuredmedia":[{"embeddable":true,"href":"https:\/\/lynxnaturebooks.com\/es\/wp-json\/wp\/v2\/media\/1518"}],"wp:attachment":[{"href":"https:\/\/lynxnaturebooks.com\/es\/wp-json\/wp\/v2\/media?parent=2884"}],"wp:term":[{"taxonomy":"collection","embeddable":true,"href":"https:\/\/lynxnaturebooks.com\/es\/wp-json\/wp\/v2\/collection?post=2884"},{"taxonomy":"product_brand","embeddable":true,"href":"https:\/\/lynxnaturebooks.com\/es\/wp-json\/wp\/v2\/product_brand?post=2884"},{"taxonomy":"product_cat","embeddable":true,"href":"https:\/\/lynxnaturebooks.com\/es\/wp-json\/wp\/v2\/product_cat?post=2884"},{"taxonomy":"product_tag","embeddable":true,"href":"https:\/\/lynxnaturebooks.com\/es\/wp-json\/wp\/v2\/product_tag?post=2884"}],"curies":[{"name":"wp","href":"https:\/\/api.w.org\/{rel}","templated":true}]}}