{"id":15795,"date":"2020-06-23T11:19:51","date_gmt":"2020-06-23T11:19:51","guid":{"rendered":"https:\/\/www.lynxeds.com\/?post_type=product&#038;p=15795"},"modified":"2026-04-08T09:22:44","modified_gmt":"2026-04-08T07:22:44","slug":"european-breeding-bird-atlas-2-distribution-abundance-and-change","status":"publish","type":"product","link":"https:\/\/lynxnaturebooks.com\/es\/producto\/european-breeding-bird-atlas-2-distribution-abundance-and-change\/","title":{"rendered":"<span class=\"title\">European Breeding Bird Atlas 2<\/span><span class=\"subtitle\">Distribution, Abundance and Change<\/span>"},"content":{"rendered":"\n<div class=\"wp-block-group frases-slide\"><div class=\"wp-block-group__inner-container is-layout-constrained wp-block-group-is-layout-constrained\">\n<div class=\"wp-block-group quote-group slide\"><div class=\"wp-block-group__inner-container is-layout-constrained wp-block-group-is-layout-constrained\">\n<h2 class=\"wp-block-heading\"><strong>Mejor Libro de Aves del A\u00f1o 2021 BB\/BTO <\/strong><strong>GANADOR<\/strong><\/h2>\n\n\n\n<p class=\"has-text-align-center has-medium-font-size\">&#8220;Considerado por los jueces como el t\u00edtulo m\u00e1s significativo, influyente y de mayor alcance de los \u00faltimos 12 meses, los seis otorgaron su m\u00e1xima puntuaci\u00f3n al EBBA2. Se elogi\u00f3 el gran atractivo del libro, su amplia aplicaci\u00f3n y su importante contribuci\u00f3n a la ciencia. Los jueces elogiaron tanto el alto valor del contenido de la publicaci\u00f3n como la forma accesible en que se presenta la informaci\u00f3n, desde los textos legibles hasta los distintos mapas, que ofrecen los datos de forma clara y f\u00e1cil de interpretar. Con un n\u00famero creciente de especies que muestran cambios en su poblaci\u00f3n y distribuci\u00f3n, este t\u00edtulo no s\u00f3lo ofrece una visi\u00f3n actualizada de la situaci\u00f3n actual de cada especie, sino que tambi\u00e9n actuar\u00e1 como un punto de control vital al que echar la vista atr\u00e1s y con el que comparar en las pr\u00f3ximas d\u00e9cadas.&#8221;<\/p>\n\n\n\n<p class=\"has-text-align-center\">British Birds, 115, p 100, febrero de 2022<\/p>\n<\/div><\/div>\n\n\n\n<div class=\"wp-block-group quote-group slide\"><div class=\"wp-block-group__inner-container is-layout-constrained wp-block-group-is-layout-constrained\">\n<p class=\"has-text-align-center has-medium-font-size\">&#8221; El Atlas Europeo de las Aves Reproductoras 2 se ha dise\u00f1ado para que cualquiera pueda utilizarlo, desde cient\u00edficos y conservacionistas hasta naturalistas y observadores de aves aficionados.<br\/>Contiene mapas grandes y claros, ilustraciones atractivas y texto legible. Por tanto, se trata de un gran libro de referencia para cualquier persona interesada en la distribuci\u00f3n, el estado cambiante y las necesidades de conservaci\u00f3n de las aves reproductoras de Europa. Es una obra incre\u00edble&#8221;.<\/p>\n\n\n\n<p class=\"has-text-align-center\">Frank Lambert, <a href=\"https:\/\/www.franklambertbirding.com\/review-european-breeding-bird-atlas2\" target=\"_blank\" rel=\"noopener\">La biblioteca del observador de<\/a> aves, febrero de 2022<\/p>\n<\/div><\/div>\n\n\n\n<div class=\"wp-block-group quote-group slide\"><div class=\"wp-block-group__inner-container is-layout-constrained wp-block-group-is-layout-constrained\">\n<p class=\"has-text-align-center has-medium-font-size\">&#8220;La puesta en marcha de una cobertura a escala continental, tres d\u00e9cadas despu\u00e9s de los pioneros Hagemeijer &amp; Blair (1997), no pod\u00eda sino enfrentarse a un pleno fracaso. La panoplia de autores y de relaciones nacionales implicadas tra\u00eda consigo la amplitud de la tarea, para hacer coexistir una diversidad de recursos humanos y financieros muy variables seg\u00fan los pa\u00edses. Sin embargo, la igualdad es real. \/Adem\u00e1s, el conjunto nos permite, para cada especie, situar las tendencias recientes documentadas en el seno de nuestro yacimiento helv\u00e9tico en un contexto contempor\u00e1neo mucho m\u00e1s amplio, sobre todo en relaci\u00f3n con el cambio clim\u00e1tico&#8221;.<\/p>\n\n\n\n<p class=\"has-text-align-center\">Bertrand Posse, Nos Oiseaux 68\/1, Marte 2021, N\u00ba 543, p.12<\/p>\n<\/div><\/div>\n\n\n\n<div class=\"wp-block-group quote-group slide\"><div class=\"wp-block-group__inner-container is-layout-constrained wp-block-group-is-layout-constrained\">\n<p class=\"has-text-align-center has-medium-font-size\">&#8220;Cuando se piensa en la cantidad y calidad del trabajo que hay detr\u00e1s de EBBA2, el precio del libro (90,00 \u20ac) est\u00e1 totalmente justificado. EBBA2 es un &#8220;must have&#8221; para ornit\u00f3logos de cualquier nivel, es la descripci\u00f3n m\u00e1s completa de la avifauna europea actual y ofrece una perspectiva din\u00e1mica de los datos presentados. De hecho, con mapas de cambios y modelos, EBBA2 invita a los lectores a considerar las vastas alteraciones ocurridas en las \u00faltimas d\u00e9cadas y, al mismo tiempo, les informa sobre la urgencia de actuar en el futuro. &#8220;<\/p>\n\n\n\n<p class=\"has-text-align-center\">Benedetta Catitti, <a href=\"https:\/\/www.avocetta.org\/read\/?exu\/\" target=\"_blank\" rel=\"noreferrer noopener\">Avocetta<\/a>, Volumen 44 &#8211; N.2, Diciembre 2020<\/p>\n<\/div><\/div>\n<\/div><\/div>\n\n<div style=\"height:22px\" aria-hidden=\"true\" class=\"wp-block-spacer\"><\/div>\n<div class=\"wp-block-columns attributes-columns\"><div class=\"wp-block-column\"><svg width=\"28px\" height=\"35px\" viewBox=\"0 0 28 35\" version=\"1.1\" xmlns=\"http:\/\/www.w3.org\/2000\/svg\" xmlns:xlink=\"http:\/\/www.w3.org\/1999\/xlink\">\n                            <g id=\"Page-1\" stroke=\"none\" stroke-width=\"1\" fill=\"none\" fill-rule=\"evenodd\" opacity=\"0.147770473\">\n                                <g id=\"24\" transform=\"translate(-287.000000, -1522.000000)\" fill=\"#000000\" fill-rule=\"nonzero\" stroke=\"#000000\" stroke-width=\"0.799586777\">\n                                    <g id=\"Group-3\" transform=\"translate(233.000000, 1504.000000)\">\n                                        <g id=\"Shape-3\" transform=\"translate(55.000000, 19.000000)\">\n                                            <path d=\"M13,0 C9.82319737,0 7.22466566,2.63962325 7.22466566,5.86666055 C7.22466566,8.71794192 9.25407358,11.1008511 11.9171246,11.6187379 L11.9171246,13.9333188 L6.8637075,13.9333188 C6.8261332,13.9313284 6.78848231,13.9313284 6.75090801,13.9333188 C6.331882,13.9764915 5.97550223,14.2625282 5.83723204,14.6666514 L0.0618978813,31.5333078 C-0.0555594524,31.8709186 -0.00391373208,32.2454751 0.200335189,32.5373134 C0.40458411,32.8291517 0.7358774,33.0017525 1.08837297,32.9999866 L13,32.9999866 L24.9116267,32.9999866 C25.2641223,33.0017526 25.5954157,32.8291519 25.7996647,32.5373136 C26.0039137,32.2454752 26.0555595,31.8709186 25.9381021,31.5333078 L20.162768,14.6666514 C20.0091004,14.2252213 19.5972147,13.9309628 19.1362925,13.9333188 L14.082875,13.9333188 L14.082875,11.6187379 C16.7459261,11.1008511 18.775334,8.71794192 18.775334,5.86666055 C18.775334,2.63962325 16.1768026,0 13,0 L13,0 Z M12.9999998,2.19999771 C15.0063443,2.19999771 16.6095839,3.82859001 16.6095839,5.86666055 C16.6095839,7.52644516 15.5508938,8.91385538 14.071595,9.3729069 C13.99526,8.77759028 13.4631728,8.35436769 12.8759203,8.42186622 C12.3828087,8.48076346 11.9922861,8.87273886 11.9284046,9.3729069 C10.4491059,8.91385538 9.39041606,7.52644516 9.39041606,5.86666055 C9.39041606,3.82859001 10.9936557,2.19999771 12.9999998,2.19999771 L12.9999998,2.19999771 Z M7.6307439,16.1333239 L12.9999998,16.1333239 L18.3692561,16.1333239 L23.3888335,30.7999752 L12.9999998,30.7999752 L2.61116648,30.7999752 L7.6307439,16.1333239 L7.6307439,16.1333239 Z\" id=\"Shape\"><\/path>\n                                        <\/g>\n                                    <\/g>\n                                <\/g>\n                            <\/g>\n                        <\/svg><p class=\"has-small-font-size\">Peso<\/p><p class=\"attribute\">5 kg<\/p><\/div><div class=\"wp-block-column\"><svg width=\"34px\" height=\"35px\" viewBox=\"0 0 34 35\" version=\"1.1\" xmlns=\"http:\/\/www.w3.org\/2000\/svg\" xmlns:xlink=\"http:\/\/www.w3.org\/1999\/xlink\">\n                            <g id=\"Page-1\" stroke=\"none\" stroke-width=\"1\" fill=\"none\" fill-rule=\"evenodd\" opacity=\"0.147770473\">\n                                <g id=\"24\" transform=\"translate(-471.000000, -1523.000000)\" fill=\"#000000\" fill-rule=\"nonzero\">\n                                    <g id=\"Group-3\" transform=\"translate(233.000000, 1504.000000)\">\n                                        <g id=\"Group-10\" transform=\"translate(238.000000, 19.000000)\">\n                                            <polygon id=\"Path\" points=\"0 9.72222222 2 9.72222222 2 33.0555556 0 33.0555556 0 35 6 35 6 33.0555556 4 33.0555556 4 9.72222222 6 9.72222222 6 7.77777778 0 7.77777778\"><\/polygon>\n                                            <polygon id=\"Path\" points=\"32 1.94444444 10 1.94444444 10 0 8 0 8 5.83333333 10 5.83333333 10 3.88888889 32 3.88888889 32 5.83333333 34 5.83333333 34 0 32 0\"><\/polygon>\n                                            <path d=\"M8,7.77777778 L8,30.1388889 L13,35 L33,35 L33,12.6388889 L28,7.77777778 L8,7.77777778 Z M11,10.6944444 L26,10.6944444 L26,28.1944444 L11,28.1944444 L11,10.6944444 Z M30,32.0833333 L14.24,32.0833333 L12.24,30.1388889 L28,30.1388889 L28,11.9 L30,13.8444444 L30,32.0833333 Z\" id=\"Shape\"><\/path>\n                                            <rect id=\"Rectangle\" x=\"13\" y=\"15.5555556\" width=\"11\" height=\"1.94444444\"><\/rect>\n                                            <rect id=\"Rectangle\" x=\"15\" y=\"19.4444444\" width=\"7\" height=\"1.94444444\"><\/rect>\n                                        <\/g>\n                                    <\/g>\n                                <\/g>\n                            <\/g>\n                        <\/svg><p class=\"has-small-font-size\">Dimensiones<\/p><p class=\"attribute\">24 &times; 31 cm<\/p><\/div><div class=\"wp-block-column\"><svg width=\"26px\" height=\"30px\" viewBox=\"0 0 26 30\" version=\"1.1\" xmlns=\"http:\/\/www.w3.org\/2000\/svg\" xmlns:xlink=\"http:\/\/www.w3.org\/1999\/xlink\">\n                            <g id=\"Page-1\" stroke=\"none\" stroke-width=\"1\" fill=\"none\" fill-rule=\"evenodd\" opacity=\"0.147770473\">\n                                <g id=\"24\" transform=\"translate(-661.000000, -1528.000000)\" fill=\"#000000\" fill-rule=\"nonzero\">\n                                    <g id=\"Group-3\" transform=\"translate(233.000000, 1504.000000)\">\n                                        <g id=\"Group-12\" transform=\"translate(428.000000, 24.000000)\">\n                                            <path d=\"M0,0 L0,25.8333333 L4.19354839,30 L26,30 L26,4.16666667 L21.8064516,0 M2.01290323,2.5 L20.1290323,2.5 L20.1290323,24.1666667 L2.01290323,24.1666667 L2.01290323,2.5 Z M23.483871,27.5 L5.23354839,27.5 L3.55612903,25.8333333 L21.8064516,25.8333333 L21.8064516,3.53333333 L23.483871,5.2 L23.483871,27.5 Z\" id=\"Shape\"><\/path>\n                                            <rect id=\"Rectangle\" x=\"7.5483871\" y=\"8.33333333\" width=\"10.9032258\" height=\"1.66666667\"><\/rect>\n                                            <rect id=\"Rectangle\" x=\"7.5483871\" y=\"11.6666667\" width=\"10.9032258\" height=\"1.66666667\"><\/rect>\n                                            <rect id=\"Rectangle\" x=\"7.5483871\" y=\"15\" width=\"10.9032258\" height=\"1.66666667\"><\/rect>\n                                            <rect id=\"Rectangle\" x=\"7.5483871\" y=\"18.3333333\" width=\"5.87096774\" height=\"1.66666667\"><\/rect>\n                                        <\/g>\n                                    <\/g>\n                                <\/g>\n                            <\/g>\n                        <\/svg><p class=\"has-small-font-size\">Idioma<\/p><p class=\"attribute\">Ingl\u00e9s<\/p><\/div><div class=\"wp-block-column\"><svg width=\"26px\" height=\"30px\" viewBox=\"0 0 26 30\" version=\"1.1\" xmlns=\"http:\/\/www.w3.org\/2000\/svg\" xmlns:xlink=\"http:\/\/www.w3.org\/1999\/xlink\">\n                            <g id=\"Page-1\" stroke=\"none\" stroke-width=\"1\" fill=\"none\" fill-rule=\"evenodd\" opacity=\"0.147770473\">\n                                <g id=\"24\" transform=\"translate(-849.000000, -1528.000000)\" fill=\"#000000\" fill-rule=\"nonzero\">\n                                    <g id=\"Group-3\" transform=\"translate(233.000000, 1504.000000)\">\n                                        <g id=\"Group-11\" transform=\"translate(616.000000, 24.000000)\">\n                                            <path d=\"M0,0 L0,25.8333333 L4.19354839,30 L26,30 L26,4.16666667 L21.8064516,0 L0,0 Z M2.51612903,2.5 L20.1290323,2.5 L20.1290323,24.1666667 L2.51612903,24.1666667 L2.51612903,2.5 Z M23.483871,27.5 L5.23354839,27.5 L3.55612903,25.8333333 L21.8064516,25.8333333 L21.8064516,3.53333333 L23.483871,5.2 L23.483871,27.5 Z\" id=\"Shape\"><\/path>\n                                            <path d=\"M5.03225806,13.3333333 L17.6129032,13.3333333 L17.6129032,5 L5.03225806,5 L5.03225806,13.3333333 Z M6.70967742,6.66666667 L15.9354839,6.66666667 L15.9354839,11.6666667 L6.70967742,11.6666667 L6.70967742,6.66666667 Z\" id=\"Shape\"><\/path>\n                                        <\/g>\n                                    <\/g>\n                                <\/g>\n                            <\/g>\n                        <\/svg><p class=\"has-small-font-size\">Formato<\/p><p class=\"attribute\">Tapa dura<\/p><\/div><div class=\"wp-block-column\"><svg width=\"26px\" height=\"30px\" viewBox=\"0 0 26 30\" version=\"1.1\" xmlns=\"http:\/\/www.w3.org\/2000\/svg\" xmlns:xlink=\"http:\/\/www.w3.org\/1999\/xlink\">\n                            <g id=\"Page-1\" stroke=\"none\" stroke-width=\"1\" fill=\"none\" fill-rule=\"evenodd\" opacity=\"0.147770473\">\n                                <g id=\"24\" transform=\"translate(-661.000000, -1528.000000)\" fill=\"#000000\" fill-rule=\"nonzero\">\n                                    <g id=\"Group-3\" transform=\"translate(233.000000, 1504.000000)\">\n                                        <g id=\"Group-12\" transform=\"translate(428.000000, 24.000000)\">\n                                            <path d=\"M0,0 L0,25.8333333 L4.19354839,30 L26,30 L26,4.16666667 L21.8064516,0 M2.01290323,2.5 L20.1290323,2.5 L20.1290323,24.1666667 L2.01290323,24.1666667 L2.01290323,2.5 Z M23.483871,27.5 L5.23354839,27.5 L3.55612903,25.8333333 L21.8064516,25.8333333 L21.8064516,3.53333333 L23.483871,5.2 L23.483871,27.5 Z\" id=\"Shape\"><\/path>\n                                            <rect id=\"Rectangle\" x=\"7.5483871\" y=\"8.33333333\" width=\"10.9032258\" height=\"1.66666667\"><\/rect>\n                                            <rect id=\"Rectangle\" x=\"7.5483871\" y=\"11.6666667\" width=\"10.9032258\" height=\"1.66666667\"><\/rect>\n                                            <rect id=\"Rectangle\" x=\"7.5483871\" y=\"15\" width=\"10.9032258\" height=\"1.66666667\"><\/rect>\n                                            <rect id=\"Rectangle\" x=\"7.5483871\" y=\"18.3333333\" width=\"5.87096774\" height=\"1.66666667\"><\/rect>\n                                        <\/g>\n                                    <\/g>\n                                <\/g>\n                            <\/g>\n                        <\/svg><p class=\"has-small-font-size\">P\u00e1ginas<\/p><p class=\"attribute\">967<\/p><\/div><div class=\"wp-block-column\"><svg width=\"26px\" height=\"30px\" viewBox=\"0 0 26 30\" version=\"1.1\" xmlns=\"http:\/\/www.w3.org\/2000\/svg\" xmlns:xlink=\"http:\/\/www.w3.org\/1999\/xlink\">\n                            <g id=\"Page-1\" stroke=\"none\" stroke-width=\"1\" fill=\"none\" fill-rule=\"evenodd\" opacity=\"0.147770473\">\n                                <g id=\"24\" transform=\"translate(-849.000000, -1528.000000)\" fill=\"#000000\" fill-rule=\"nonzero\">\n                                    <g id=\"Group-3\" transform=\"translate(233.000000, 1504.000000)\">\n                                        <g id=\"Group-11\" transform=\"translate(616.000000, 24.000000)\">\n                                            <path d=\"M0,0 L0,25.8333333 L4.19354839,30 L26,30 L26,4.16666667 L21.8064516,0 L0,0 Z M2.51612903,2.5 L20.1290323,2.5 L20.1290323,24.1666667 L2.51612903,24.1666667 L2.51612903,2.5 Z M23.483871,27.5 L5.23354839,27.5 L3.55612903,25.8333333 L21.8064516,25.8333333 L21.8064516,3.53333333 L23.483871,5.2 L23.483871,27.5 Z\" id=\"Shape\"><\/path>\n                                            <path d=\"M5.03225806,13.3333333 L17.6129032,13.3333333 L17.6129032,5 L5.03225806,5 L5.03225806,13.3333333 Z M6.70967742,6.66666667 L15.9354839,6.66666667 L15.9354839,11.6666667 L6.70967742,11.6666667 L6.70967742,6.66666667 Z\" id=\"Shape\"><\/path>\n                                        <\/g>\n                                    <\/g>\n                                <\/g>\n                            <\/g>\n                        <\/svg><p class=\"has-small-font-size\">Fecha de publicaci\u00f3n<\/p><p class=\"attribute\">December 2020<\/p><\/div><div class=\"wp-block-column\"><svg width=\"26px\" height=\"30px\" viewBox=\"0 0 26 30\" version=\"1.1\" xmlns=\"http:\/\/www.w3.org\/2000\/svg\" xmlns:xlink=\"http:\/\/www.w3.org\/1999\/xlink\">\n                            <g id=\"Page-1\" stroke=\"none\" stroke-width=\"1\" fill=\"none\" fill-rule=\"evenodd\" opacity=\"0.147770473\">\n                                <g id=\"24\" transform=\"translate(-1222.000000, -1528.000000)\" fill=\"#000000\" fill-rule=\"nonzero\">\n                                    <g id=\"Group-3\" transform=\"translate(233.000000, 1504.000000)\">\n                                        <g id=\"Shape-2\" transform=\"translate(989.000000, 24.000000)\">\n                                            <path d=\"M0,0 L0,25.8333333 L4.19354839,30 L26,30 L26,4.16666667 L21.8064516,0 L0,0 Z M6.70967742,2.5 L10.0645161,2.5 L10.0645161,10.1 L8.38709677,9 L6.70967742,10.1 L6.70967742,2.5 Z M2.51612903,2.5 L5.03225806,2.5 L5.03225806,13.2333333 L8.38709677,11 L11.7419355,13.2333333 L11.7419355,2.5 L20.1290323,2.5 L20.1290323,24.1666667 L2.51612903,24.1666667 L2.51612903,2.5 Z M23.483871,27.5 L5.23354839,27.5 L3.55612903,25.8333333 L21.8064516,25.8333333 L21.8064516,3.53333333 L23.483871,5.2 L23.483871,27.5 Z\" id=\"Shape\"><\/path>\n                                        <\/g>\n                                    <\/g>\n                                <\/g>\n                            <\/g>\n                        <\/svg><p class=\"has-small-font-size\">Publicado por<\/p><p class=\"attribute\">Lynx Edicions<\/p><\/div><\/div><div id=\"professionals\" class=\"max-width padding-sides\"><h2>Autores<\/h2><div class=\"professionals-wrapper\"><p class=\"professional\"><a href=\"https:\/\/lynxnaturebooks.com\/professional\/verena-keller\/\">Verena Keller<\/a><\/p><p class=\"professional\"><a href=\"https:\/\/lynxnaturebooks.com\/professional\/sergi-herrando\/\">Sergi Herrando<\/a><\/p><p class=\"professional\"><a href=\"https:\/\/lynxnaturebooks.com\/es\/professional\/petr-vorisek\/\">Petr Vo\u0159\u00ed\u0161ek<\/a><\/p><p class=\"professional\"><a href=\"https:\/\/lynxnaturebooks.com\/professional\/marti-franch\/\">Mart\u00ed Franch<\/a><\/p><p class=\"professional\"><a href=\"https:\/\/lynxnaturebooks.com\/es\/professional\/marina-kipson\/\">Marina Kipson<\/a><\/p><p class=\"professional\"><a href=\"https:\/\/lynxnaturebooks.com\/es\/professional\/pietro-milanesi\/\">Pietro Milanesi<\/a><\/p><p class=\"professional\"><a href=\"https:\/\/lynxnaturebooks.com\/es\/professional\/david-marti\/\">David Mart\u00ed<\/a><\/p><p class=\"professional\"><a href=\"https:\/\/lynxnaturebooks.com\/es\/professional\/marc-anton\/\">Marc Anton<\/a><\/p><p class=\"professional\"><a href=\"https:\/\/lynxnaturebooks.com\/es\/professional\/alena-klvanova\/\">Alena Klva\u0148ov\u00e1<\/a><\/p><p class=\"professional\"><a href=\"https:\/\/lynxnaturebooks.com\/es\/professional\/mikhail-v-kalyakin\/\">Mikhail V. Kalyakin<\/a><\/p><p class=\"professional\"><a href=\"https:\/\/lynxnaturebooks.com\/es\/professional\/hans-gunther-bauer\/\">Hans-G\u00fcnther Bauer<\/a><\/p><p class=\"professional\"><a href=\"https:\/\/lynxnaturebooks.com\/es\/professional\/ruud-p-b-foppen\/\">Ruud P. B. Foppen<\/a><\/p><\/div><\/div>        <!-- <h2 id=\"autors\" class=\"has-text-align-center\"><\/h2>\n        <div class=\"product-autors max-width-narrow\">\n                    <\/div> -->\n    \n\n<div class=\"wp-block-group max-width-narrow max-height\"><div class=\"wp-block-group__inner-container is-layout-constrained wp-block-group-is-layout-constrained\">\n<h2 class=\"wp-block-heading has-text-align-center\">Descripci\u00f3n<\/h2>\n\n\n\n<p>Determinar correctamente d\u00f3nde se encuentran las aves en este mundo cambiante es de vital importancia para su conservaci\u00f3n, y hacerlo a escala continental es algo que s\u00f3lo puede lograrse con una firme voluntad de cooperaci\u00f3n internacional. Para ello, el Consejo Europeo del Censo de Aves (EBCC) se organiza como una red de ornit\u00f3logos expertos que impulsan el trabajo de los atlas de aves en toda Europa.<\/p>\n\n\n\n<p>El primer <em>Atlas Europeo de Aves Reproductoras<\/em> (EBBA1) publicado por el EBCC en 1997 fue un hito en la ornitolog\u00eda europea. El proyecto del segundo Atlas Europeo de Aves Reproductoras (EBBA2) fue llevado a cabo por la red EBCC de organizaciones asociadas de 48 pa\u00edses. En total, unos 120.000 trabajadores de campo aportaron datos al atlas, la gran mayor\u00eda de ellos de forma voluntaria. Como tal, este proyecto constituye uno de los mayores proyectos de ciencia ciudadana sobre biodiversidad jam\u00e1s realizados. La recogida y el an\u00e1lisis de datos siguieron un riguroso protocolo cient\u00edfico, dirigido por un equipo de investigadores de institutos ornitol\u00f3gicos con muchos a\u00f1os de experiencia en la elaboraci\u00f3n de atlas.<\/p>\n\n\n\n<p>El enorme esfuerzo de trabajo de campo dio como resultado una cobertura geogr\u00e1fica sin precedentes para un atlas de biodiversidad en Europa, incluidas todas las zonas hasta los Montes Urales y el Mar Caspio que no estaban bien cubiertas para el EBBA1. Estos datos se recogieron principalmente para el periodo comprendido entre 2013 y 2017.<\/p>\n\n\n\n<p>El libro presenta informaci\u00f3n sobre todas las especies de las que se tiene constancia que se reprodujeron en el periodo de estudio y algunas con un estatus reproductor m\u00e1s incierto. Se trata un total de 556 especies, con una descripci\u00f3n completa que incluye mapas, texto y una ilustraci\u00f3n; en un Ap\u00e9ndice se presenta informaci\u00f3n sobre 69 especies muy raras o de reproducci\u00f3n irregular. Las descripciones completas de las especies incluyen mapas de distribuci\u00f3n con una resoluci\u00f3n de 50\u00d750 km (que suelen mostrar datos de abundancia), mapas de distribuci\u00f3n modelizados con una resoluci\u00f3n de 10\u00d710 km (para 222 aves reproductoras) y mapas de cambio que documentan los cambios en la distribuci\u00f3n desde el primer atlas.<\/p>\n\n\n\n<p>Obras de arte originales ilustran todas las especies con una descripci\u00f3n completa. Las ilustraciones corrieron a cargo de 46 artistas de 18 pa\u00edses, con estilos y t\u00e9cnicas diferentes, reflejo de la diversidad europea.<\/p>\n\n\n\n<p>Este libro representa la fuente de informaci\u00f3n m\u00e1s actualizada sobre la distribuci\u00f3n y el cambio de las aves en Europa, y una gran contribuci\u00f3n al objetivo global de comprender la biodiversidad para garantizar su conservaci\u00f3n.<\/p>\n\n\n\n<p class=\"has-text-align-center button-link button-view-all\"><a href=\"#viewall\">Ver todo<\/a><\/p>\n<\/div><\/div>\n\n<div style=\"height:20px\" aria-hidden=\"true\" class=\"wp-block-spacer\"><\/div>\n\n<div class=\"wp-block-group max-width-narrow max-height\"><div class=\"wp-block-group__inner-container is-layout-constrained wp-block-group-is-layout-constrained\"><div class=\"wp-block-group max-width-narrow\"><\/div>\n\n\n\n<p class=\"has-text-align-center button-link button-view-all\"><a href=\"#viewall\">Ver todo<\/a><\/p>\n<\/div><\/div>\n","protected":false},"excerpt":{"rendered":"<p>Este libro presenta informaci\u00f3n sobre todas las especies de las que se tiene constancia que se reprodujeron en el periodo estudiado. Se trata un total de 556 especies con una descripci\u00f3n completa que incluye mapas, texto y una ilustraci\u00f3n.<\/p>\n<p><strong>Publicado en colaboraci\u00f3n entre el Consejo Europeo del Censo de Aves (EBCC) y Lynx Edicions<\/strong><\/p>\n","protected":false},"featured_media":86720,"comment_status":"open","ping_status":"closed","template":"","meta":[],"collection":[],"product_brand":[],"product_cat":[228,260,174],"product_tag":[316],"class_list":{"0":"post-15795","1":"product","2":"type-product","3":"status-publish","4":"has-post-thumbnail","6":"product_cat-aves","7":"product_cat-referencia","8":"product_cat-paleartica","9":"product_tag-mas-vendidos","11":"first","12":"instock","13":"shipping-taxable","14":"purchasable","15":"product-type-simple"},"_links":{"self":[{"href":"https:\/\/lynxnaturebooks.com\/es\/wp-json\/wp\/v2\/product\/15795","targetHints":{"allow":["GET"]}}],"collection":[{"href":"https:\/\/lynxnaturebooks.com\/es\/wp-json\/wp\/v2\/product"}],"about":[{"href":"https:\/\/lynxnaturebooks.com\/es\/wp-json\/wp\/v2\/types\/product"}],"replies":[{"embeddable":true,"href":"https:\/\/lynxnaturebooks.com\/es\/wp-json\/wp\/v2\/comments?post=15795"}],"wp:featuredmedia":[{"embeddable":true,"href":"https:\/\/lynxnaturebooks.com\/es\/wp-json\/wp\/v2\/media\/86720"}],"wp:attachment":[{"href":"https:\/\/lynxnaturebooks.com\/es\/wp-json\/wp\/v2\/media?parent=15795"}],"wp:term":[{"taxonomy":"collection","embeddable":true,"href":"https:\/\/lynxnaturebooks.com\/es\/wp-json\/wp\/v2\/collection?post=15795"},{"taxonomy":"product_brand","embeddable":true,"href":"https:\/\/lynxnaturebooks.com\/es\/wp-json\/wp\/v2\/product_brand?post=15795"},{"taxonomy":"product_cat","embeddable":true,"href":"https:\/\/lynxnaturebooks.com\/es\/wp-json\/wp\/v2\/product_cat?post=15795"},{"taxonomy":"product_tag","embeddable":true,"href":"https:\/\/lynxnaturebooks.com\/es\/wp-json\/wp\/v2\/product_tag?post=15795"}],"curies":[{"name":"wp","href":"https:\/\/api.w.org\/{rel}","templated":true}]}}