{"id":13290,"date":"2020-04-07T10:18:39","date_gmt":"2020-04-07T10:18:39","guid":{"rendered":"https:\/\/www.lynxeds.com\/?post_type=product&#038;p=13290"},"modified":"2026-01-02T00:09:20","modified_gmt":"2026-01-01T23:09:20","slug":"the-largest-avian-radiation-2","status":"publish","type":"product","link":"https:\/\/lynxnaturebooks.com\/es\/producto\/the-largest-avian-radiation-2\/","title":{"rendered":"<span class=\"title\">The Largest Avian Radiation<\/span><span class=\"subtitle\">The Evolution of Perching Birds, or the Order Passeriformes<\/span>"},"content":{"rendered":"\n<div class=\"wp-block-group frases-slide\"><div class=\"wp-block-group__inner-container is-layout-constrained wp-block-group-is-layout-constrained\">\n<div class=\"wp-block-group quote-group slide\"><div class=\"wp-block-group__inner-container is-layout-constrained wp-block-group-is-layout-constrained\">\n<p class=\"has-text-align-center has-medium-font-size\">&#8220;Este libro ser\u00e1 sin duda un best-seller y un cl\u00e1sico en el campo de la taxonom\u00eda&#8221;.<\/p>\n\n\n\n<p class=\"has-text-align-center\">Walter Belis, <strong><em>Alauda<\/em><\/strong>, Volumen 89 (4), 2021<\/p>\n<\/div><\/div>\n\n\n\n<div class=\"wp-block-group quote-group slide\"><div class=\"wp-block-group__inner-container is-layout-constrained wp-block-group-is-layout-constrained\">\n<p class=\"has-text-align-center has-medium-font-size\">&#8220;Aquellas y aquellos a los que la diversidad del mundo de los oc\u00e9anos haya sorprendido, y que deseen a\u00f1adir comprensi\u00f3n al encanto, se dejar\u00e1n cautivar sin duda por la riqueza de esta obra imponente, publicado por un equipo de 22 autores (entre ellos Alice Cibois, del Museo de Historia Natural de Ginebra), que sintetiza 15 a\u00f1os de investigaciones sobre la filogen\u00e9tica de los Passereaux (\u00a1m\u00e1s de 6.200 especies, es decir, el 60% de la diversidad aviar!).&#8221;<\/p>\n\n\n\n<p class=\"has-text-align-center\">Bertrand Posse, <strong><em>Nos Oiseaux<\/em><\/strong>, n\u00ba 545, Volumen 68\/3, septiembre de 2021<\/p>\n<\/div><\/div>\n\n\n\n<div class=\"wp-block-group quote-group slide\"><div class=\"wp-block-group__inner-container is-layout-constrained wp-block-group-is-layout-constrained\">\n<p class=\"has-text-align-center has-medium-font-size\">&#8220;A pesar de su autoridad, la redacci\u00f3n es ligera y el dise\u00f1o es muy agradable a la vista. Los ep\u00edgrafes en color y negrita y los p\u00e1rrafos cortos hacen que se parezca muy poco a los densos art\u00edculos cient\u00edficos que pueden intimidar a muchos lectores. Puede que este libro sea una investigaci\u00f3n puntera y una inmersi\u00f3n realmente profunda en la sistem\u00e1tica de los paseriformes, pero tambi\u00e9n es un ejemplo sobresaliente de c\u00f3mo hacer accesible la ciencia&#8221;.<\/p>\n\n\n\n<p class=\"has-text-align-center\">Mike Hoit, <em><strong>Neotropical Birding<\/strong><\/em> 29, agosto de 2021<\/p>\n<\/div><\/div>\n\n\n\n<div class=\"wp-block-group quote-group slide\"><div class=\"wp-block-group__inner-container is-layout-constrained wp-block-group-is-layout-constrained\">\n<p class=\"has-text-align-center has-medium-font-size\">&#8220;El libro es una oportuna y excelente revisi\u00f3n de las \u00faltimas ideas sobre la evoluci\u00f3n de los paseriformes, producida con el alto nivel que ahora esperamos de Lynx. Es un libro serio y en ocasiones puede resultar dif\u00edcil de leer, sobre todo por el tama\u00f1o de letra m\u00e1s bien peque\u00f1o en algunos puntos, pero hay que felicitar a los autores por su magistral trabajo acad\u00e9mico. Una \u00faltima reflexi\u00f3n: \u00a1la reorganizaci\u00f3n de las gu\u00edas de campo para adaptarlas a esta nueva comprensi\u00f3n har\u00e1 que los observadores de aves se rasquen mucho la cabeza para encontrar la p\u00e1gina correcta!&#8221;<\/p>\n\n\n\n<p class=\"has-text-align-center\">David T. Parkin , <em><strong>British Birds<\/strong><\/em> 114, julio de 2021<\/p>\n<\/div><\/div>\n\n\n\n<div class=\"wp-block-group quote-group slide\"><div class=\"wp-block-group__inner-container is-layout-constrained wp-block-group-is-layout-constrained\">\n<p class=\"has-text-align-center has-medium-font-size\">&#8220;La mayor radiaci\u00f3n aviar&#8221; relata una cl\u00e1sica historia de origen, de partida, aventura y llegada en t\u00e9rminos evolutivos; ayudar\u00e1 a cualquier lector a comprender las relaciones entre nuestras aves vivas con experto detalle. El verdadero registro f\u00f3sil de paseriformes es relativamente escaso y gran parte de lo que sabemos de los or\u00edgenes del grupo se extrapola a partir de pruebas gen\u00e9ticas y biogeogr\u00e1ficas m\u00e1s indirectas. Aun as\u00ed, estas extrapolaciones son alucinantes y alucinantes cuando se ven en los contextos del tiempo y el espacio y se exponen con una delicadeza tan absorbente en estas p\u00e1ginas.&#8221;<\/p>\n\n\n\n<p class=\"has-text-align-center\">David Callahan, <strong><em>Birdwatch<\/em><\/strong> 346, abril de 2021<\/p>\n<\/div><\/div>\n\n\n\n<div class=\"wp-block-group quote-group slide\"><div class=\"wp-block-group__inner-container is-layout-constrained wp-block-group-is-layout-constrained\">\n<p class=\"has-text-align-center has-medium-font-size\">&#8220;No obstante, se trata de una visi\u00f3n meticulosa y bellamente ilustrada de la maravillosa diversidad de las aves paseriformes, y no s\u00f3lo es una excelente fuente de referencia, sino tambi\u00e9n el tipo de libro en el que uno puede profundizar en cualquier momento para descubrir m\u00e1s sobre cualquier grupo de paseriformes en particular que le interese. Teniendo en cuenta la enorme cantidad de trabajo que sin duda se ha invertido en su elaboraci\u00f3n, este fascinante libro tiene una excelente relaci\u00f3n calidad-precio, y es un pr\u00e1ctico compa\u00f1ero de muchos otros libros sobre aves que probablemente ya tengas en tus estanter\u00edas.&#8221;<\/p>\n\n\n\n<p class=\"has-text-align-center\">Frank Lambert, <a href=\"http:\/\/www.birderslibrary.com\/reviews\/books\/biology_behavior\/largest_avian_radiation.htm\" target=\"_blank\" rel=\"noopener\"><em><strong>La Biblioteca del Observador de Aves<\/strong><\/em><\/a>, 31 de enero de 2021<\/p>\n<\/div><\/div>\n<\/div><\/div>\n\n\n\n<div style=\"height:39px\" aria-hidden=\"true\" class=\"wp-block-spacer\"><\/div>\n\n\n<div class=\"wp-block-columns attributes-columns\"><div class=\"wp-block-column\"><svg width=\"28px\" height=\"35px\" viewBox=\"0 0 28 35\" version=\"1.1\" xmlns=\"http:\/\/www.w3.org\/2000\/svg\" xmlns:xlink=\"http:\/\/www.w3.org\/1999\/xlink\">\n                            <g id=\"Page-1\" stroke=\"none\" stroke-width=\"1\" fill=\"none\" fill-rule=\"evenodd\" opacity=\"0.147770473\">\n                                <g id=\"24\" transform=\"translate(-287.000000, -1522.000000)\" fill=\"#000000\" fill-rule=\"nonzero\" stroke=\"#000000\" stroke-width=\"0.799586777\">\n                                    <g id=\"Group-3\" transform=\"translate(233.000000, 1504.000000)\">\n                                        <g id=\"Shape-3\" transform=\"translate(55.000000, 19.000000)\">\n                                            <path d=\"M13,0 C9.82319737,0 7.22466566,2.63962325 7.22466566,5.86666055 C7.22466566,8.71794192 9.25407358,11.1008511 11.9171246,11.6187379 L11.9171246,13.9333188 L6.8637075,13.9333188 C6.8261332,13.9313284 6.78848231,13.9313284 6.75090801,13.9333188 C6.331882,13.9764915 5.97550223,14.2625282 5.83723204,14.6666514 L0.0618978813,31.5333078 C-0.0555594524,31.8709186 -0.00391373208,32.2454751 0.200335189,32.5373134 C0.40458411,32.8291517 0.7358774,33.0017525 1.08837297,32.9999866 L13,32.9999866 L24.9116267,32.9999866 C25.2641223,33.0017526 25.5954157,32.8291519 25.7996647,32.5373136 C26.0039137,32.2454752 26.0555595,31.8709186 25.9381021,31.5333078 L20.162768,14.6666514 C20.0091004,14.2252213 19.5972147,13.9309628 19.1362925,13.9333188 L14.082875,13.9333188 L14.082875,11.6187379 C16.7459261,11.1008511 18.775334,8.71794192 18.775334,5.86666055 C18.775334,2.63962325 16.1768026,0 13,0 L13,0 Z M12.9999998,2.19999771 C15.0063443,2.19999771 16.6095839,3.82859001 16.6095839,5.86666055 C16.6095839,7.52644516 15.5508938,8.91385538 14.071595,9.3729069 C13.99526,8.77759028 13.4631728,8.35436769 12.8759203,8.42186622 C12.3828087,8.48076346 11.9922861,8.87273886 11.9284046,9.3729069 C10.4491059,8.91385538 9.39041606,7.52644516 9.39041606,5.86666055 C9.39041606,3.82859001 10.9936557,2.19999771 12.9999998,2.19999771 L12.9999998,2.19999771 Z M7.6307439,16.1333239 L12.9999998,16.1333239 L18.3692561,16.1333239 L23.3888335,30.7999752 L12.9999998,30.7999752 L2.61116648,30.7999752 L7.6307439,16.1333239 L7.6307439,16.1333239 Z\" id=\"Shape\"><\/path>\n                                        <\/g>\n                                    <\/g>\n                                <\/g>\n                            <\/g>\n                        <\/svg><p class=\"has-small-font-size\">Peso<\/p><p class=\"attribute\">2.6 kg<\/p><\/div><div class=\"wp-block-column\"><svg width=\"34px\" height=\"35px\" viewBox=\"0 0 34 35\" version=\"1.1\" xmlns=\"http:\/\/www.w3.org\/2000\/svg\" xmlns:xlink=\"http:\/\/www.w3.org\/1999\/xlink\">\n                            <g id=\"Page-1\" stroke=\"none\" stroke-width=\"1\" fill=\"none\" fill-rule=\"evenodd\" opacity=\"0.147770473\">\n                                <g id=\"24\" transform=\"translate(-471.000000, -1523.000000)\" fill=\"#000000\" fill-rule=\"nonzero\">\n                                    <g id=\"Group-3\" transform=\"translate(233.000000, 1504.000000)\">\n                                        <g id=\"Group-10\" transform=\"translate(238.000000, 19.000000)\">\n                                            <polygon id=\"Path\" points=\"0 9.72222222 2 9.72222222 2 33.0555556 0 33.0555556 0 35 6 35 6 33.0555556 4 33.0555556 4 9.72222222 6 9.72222222 6 7.77777778 0 7.77777778\"><\/polygon>\n                                            <polygon id=\"Path\" points=\"32 1.94444444 10 1.94444444 10 0 8 0 8 5.83333333 10 5.83333333 10 3.88888889 32 3.88888889 32 5.83333333 34 5.83333333 34 0 32 0\"><\/polygon>\n                                            <path d=\"M8,7.77777778 L8,30.1388889 L13,35 L33,35 L33,12.6388889 L28,7.77777778 L8,7.77777778 Z M11,10.6944444 L26,10.6944444 L26,28.1944444 L11,28.1944444 L11,10.6944444 Z M30,32.0833333 L14.24,32.0833333 L12.24,30.1388889 L28,30.1388889 L28,11.9 L30,13.8444444 L30,32.0833333 Z\" id=\"Shape\"><\/path>\n                                            <rect id=\"Rectangle\" x=\"13\" y=\"15.5555556\" width=\"11\" height=\"1.94444444\"><\/rect>\n                                            <rect id=\"Rectangle\" x=\"15\" y=\"19.4444444\" width=\"7\" height=\"1.94444444\"><\/rect>\n                                        <\/g>\n                                    <\/g>\n                                <\/g>\n                            <\/g>\n                        <\/svg><p class=\"has-small-font-size\">Dimensiones<\/p><p class=\"attribute\">24 &times; 31 cm<\/p><\/div><div class=\"wp-block-column\"><svg width=\"26px\" height=\"30px\" viewBox=\"0 0 26 30\" version=\"1.1\" xmlns=\"http:\/\/www.w3.org\/2000\/svg\" xmlns:xlink=\"http:\/\/www.w3.org\/1999\/xlink\">\n                            <g id=\"Page-1\" stroke=\"none\" stroke-width=\"1\" fill=\"none\" fill-rule=\"evenodd\" opacity=\"0.147770473\">\n                                <g id=\"24\" transform=\"translate(-661.000000, -1528.000000)\" fill=\"#000000\" fill-rule=\"nonzero\">\n                                    <g id=\"Group-3\" transform=\"translate(233.000000, 1504.000000)\">\n                                        <g id=\"Group-12\" transform=\"translate(428.000000, 24.000000)\">\n                                            <path d=\"M0,0 L0,25.8333333 L4.19354839,30 L26,30 L26,4.16666667 L21.8064516,0 M2.01290323,2.5 L20.1290323,2.5 L20.1290323,24.1666667 L2.01290323,24.1666667 L2.01290323,2.5 Z M23.483871,27.5 L5.23354839,27.5 L3.55612903,25.8333333 L21.8064516,25.8333333 L21.8064516,3.53333333 L23.483871,5.2 L23.483871,27.5 Z\" id=\"Shape\"><\/path>\n                                            <rect id=\"Rectangle\" x=\"7.5483871\" y=\"8.33333333\" width=\"10.9032258\" height=\"1.66666667\"><\/rect>\n                                            <rect id=\"Rectangle\" x=\"7.5483871\" y=\"11.6666667\" width=\"10.9032258\" height=\"1.66666667\"><\/rect>\n                                            <rect id=\"Rectangle\" x=\"7.5483871\" y=\"15\" width=\"10.9032258\" height=\"1.66666667\"><\/rect>\n                                            <rect id=\"Rectangle\" x=\"7.5483871\" y=\"18.3333333\" width=\"5.87096774\" height=\"1.66666667\"><\/rect>\n                                        <\/g>\n                                    <\/g>\n                                <\/g>\n                            <\/g>\n                        <\/svg><p class=\"has-small-font-size\">Idioma<\/p><p class=\"attribute\">Ingl\u00e9s<\/p><\/div><div class=\"wp-block-column\"><svg width=\"26px\" height=\"30px\" viewBox=\"0 0 26 30\" version=\"1.1\" xmlns=\"http:\/\/www.w3.org\/2000\/svg\" xmlns:xlink=\"http:\/\/www.w3.org\/1999\/xlink\">\n                            <g id=\"Page-1\" stroke=\"none\" stroke-width=\"1\" fill=\"none\" fill-rule=\"evenodd\" opacity=\"0.147770473\">\n                                <g id=\"24\" transform=\"translate(-849.000000, -1528.000000)\" fill=\"#000000\" fill-rule=\"nonzero\">\n                                    <g id=\"Group-3\" transform=\"translate(233.000000, 1504.000000)\">\n                                        <g id=\"Group-11\" transform=\"translate(616.000000, 24.000000)\">\n                                            <path d=\"M0,0 L0,25.8333333 L4.19354839,30 L26,30 L26,4.16666667 L21.8064516,0 L0,0 Z M2.51612903,2.5 L20.1290323,2.5 L20.1290323,24.1666667 L2.51612903,24.1666667 L2.51612903,2.5 Z M23.483871,27.5 L5.23354839,27.5 L3.55612903,25.8333333 L21.8064516,25.8333333 L21.8064516,3.53333333 L23.483871,5.2 L23.483871,27.5 Z\" id=\"Shape\"><\/path>\n                                            <path d=\"M5.03225806,13.3333333 L17.6129032,13.3333333 L17.6129032,5 L5.03225806,5 L5.03225806,13.3333333 Z M6.70967742,6.66666667 L15.9354839,6.66666667 L15.9354839,11.6666667 L6.70967742,11.6666667 L6.70967742,6.66666667 Z\" id=\"Shape\"><\/path>\n                                        <\/g>\n                                    <\/g>\n                                <\/g>\n                            <\/g>\n                        <\/svg><p class=\"has-small-font-size\">Formato<\/p><p class=\"attribute\">Tapa dura<\/p><\/div><div class=\"wp-block-column\"><svg width=\"26px\" height=\"30px\" viewBox=\"0 0 26 30\" version=\"1.1\" xmlns=\"http:\/\/www.w3.org\/2000\/svg\" xmlns:xlink=\"http:\/\/www.w3.org\/1999\/xlink\">\n                            <g id=\"Page-1\" stroke=\"none\" stroke-width=\"1\" fill=\"none\" fill-rule=\"evenodd\" opacity=\"0.147770473\">\n                                <g id=\"24\" transform=\"translate(-661.000000, -1528.000000)\" fill=\"#000000\" fill-rule=\"nonzero\">\n                                    <g id=\"Group-3\" transform=\"translate(233.000000, 1504.000000)\">\n                                        <g id=\"Group-12\" transform=\"translate(428.000000, 24.000000)\">\n                                            <path d=\"M0,0 L0,25.8333333 L4.19354839,30 L26,30 L26,4.16666667 L21.8064516,0 M2.01290323,2.5 L20.1290323,2.5 L20.1290323,24.1666667 L2.01290323,24.1666667 L2.01290323,2.5 Z M23.483871,27.5 L5.23354839,27.5 L3.55612903,25.8333333 L21.8064516,25.8333333 L21.8064516,3.53333333 L23.483871,5.2 L23.483871,27.5 Z\" id=\"Shape\"><\/path>\n                                            <rect id=\"Rectangle\" x=\"7.5483871\" y=\"8.33333333\" width=\"10.9032258\" height=\"1.66666667\"><\/rect>\n                                            <rect id=\"Rectangle\" x=\"7.5483871\" y=\"11.6666667\" width=\"10.9032258\" height=\"1.66666667\"><\/rect>\n                                            <rect id=\"Rectangle\" x=\"7.5483871\" y=\"15\" width=\"10.9032258\" height=\"1.66666667\"><\/rect>\n                                            <rect id=\"Rectangle\" x=\"7.5483871\" y=\"18.3333333\" width=\"5.87096774\" height=\"1.66666667\"><\/rect>\n                                        <\/g>\n                                    <\/g>\n                                <\/g>\n                            <\/g>\n                        <\/svg><p class=\"has-small-font-size\">P\u00e1ginas<\/p><p class=\"attribute\">445<\/p><\/div><div class=\"wp-block-column\"><svg width=\"26px\" height=\"30px\" viewBox=\"0 0 26 30\" version=\"1.1\" xmlns=\"http:\/\/www.w3.org\/2000\/svg\" xmlns:xlink=\"http:\/\/www.w3.org\/1999\/xlink\">\n                            <g id=\"Page-1\" stroke=\"none\" stroke-width=\"1\" fill=\"none\" fill-rule=\"evenodd\" opacity=\"0.147770473\">\n                                <g id=\"24\" transform=\"translate(-849.000000, -1528.000000)\" fill=\"#000000\" fill-rule=\"nonzero\">\n                                    <g id=\"Group-3\" transform=\"translate(233.000000, 1504.000000)\">\n                                        <g id=\"Group-11\" transform=\"translate(616.000000, 24.000000)\">\n                                            <path d=\"M0,0 L0,25.8333333 L4.19354839,30 L26,30 L26,4.16666667 L21.8064516,0 L0,0 Z M2.51612903,2.5 L20.1290323,2.5 L20.1290323,24.1666667 L2.51612903,24.1666667 L2.51612903,2.5 Z M23.483871,27.5 L5.23354839,27.5 L3.55612903,25.8333333 L21.8064516,25.8333333 L21.8064516,3.53333333 L23.483871,5.2 L23.483871,27.5 Z\" id=\"Shape\"><\/path>\n                                            <path d=\"M5.03225806,13.3333333 L17.6129032,13.3333333 L17.6129032,5 L5.03225806,5 L5.03225806,13.3333333 Z M6.70967742,6.66666667 L15.9354839,6.66666667 L15.9354839,11.6666667 L6.70967742,11.6666667 L6.70967742,6.66666667 Z\" id=\"Shape\"><\/path>\n                                        <\/g>\n                                    <\/g>\n                                <\/g>\n                            <\/g>\n                        <\/svg><p class=\"has-small-font-size\">Fecha de publicaci\u00f3n<\/p><p class=\"attribute\">November 2020<\/p><\/div><div class=\"wp-block-column\"><svg width=\"26px\" height=\"30px\" viewBox=\"0 0 26 30\" version=\"1.1\" xmlns=\"http:\/\/www.w3.org\/2000\/svg\" xmlns:xlink=\"http:\/\/www.w3.org\/1999\/xlink\">\n                            <g id=\"Page-1\" stroke=\"none\" stroke-width=\"1\" fill=\"none\" fill-rule=\"evenodd\" opacity=\"0.147770473\">\n                                <g id=\"24\" transform=\"translate(-1222.000000, -1528.000000)\" fill=\"#000000\" fill-rule=\"nonzero\">\n                                    <g id=\"Group-3\" transform=\"translate(233.000000, 1504.000000)\">\n                                        <g id=\"Shape-2\" transform=\"translate(989.000000, 24.000000)\">\n                                            <path d=\"M0,0 L0,25.8333333 L4.19354839,30 L26,30 L26,4.16666667 L21.8064516,0 L0,0 Z M6.70967742,2.5 L10.0645161,2.5 L10.0645161,10.1 L8.38709677,9 L6.70967742,10.1 L6.70967742,2.5 Z M2.51612903,2.5 L5.03225806,2.5 L5.03225806,13.2333333 L8.38709677,11 L11.7419355,13.2333333 L11.7419355,2.5 L20.1290323,2.5 L20.1290323,24.1666667 L2.51612903,24.1666667 L2.51612903,2.5 Z M23.483871,27.5 L5.23354839,27.5 L3.55612903,25.8333333 L21.8064516,25.8333333 L21.8064516,3.53333333 L23.483871,5.2 L23.483871,27.5 Z\" id=\"Shape\"><\/path>\n                                        <\/g>\n                                    <\/g>\n                                <\/g>\n                            <\/g>\n                        <\/svg><p class=\"has-small-font-size\">Publicado por<\/p><p class=\"attribute\">Lynx Edicions<\/p><\/div><\/div><div id=\"professionals\" class=\"max-width padding-sides\"><h2>Editors<\/h2><div class=\"professionals-wrapper\"><p class=\"professional\"><a href=\"https:\/\/lynxnaturebooks.com\/es\/professional\/jon-fjeldsa\/\">Jon Fjelds\u00e5<\/a><\/p><p class=\"professional\"><a href=\"https:\/\/lynxnaturebooks.com\/es\/professional\/les-christidis\/\">Les Christidis<\/a><\/p><p class=\"professional\"><a href=\"https:\/\/lynxnaturebooks.com\/es\/professional\/per-g-p-ericson\/\">Per G. P. Ericson<\/a><\/p><\/div><\/div>        <!-- <h2 id=\"autors\" class=\"has-text-align-center\"><\/h2>\n        <div class=\"product-autors max-width-narrow\">\n                    <\/div> -->\n    \n\n\n\n<div class=\"wp-block-group max-width-narrow max-height\"><div class=\"wp-block-group__inner-container is-layout-constrained wp-block-group-is-layout-constrained\">\n<h2 class=\"wp-block-heading has-text-align-center\">Descripci\u00f3n<\/h2>\n\n\n\n<p>Con m\u00e1s de 6.200 especies, las aves periqueras o paseriformes representan una de las proliferaciones de especies m\u00e1s extraordinariamente r\u00e1pidas. La clasificaci\u00f3n tradicional de las aves, basada principalmente en estudios anat\u00f3micos comparativos realizados hace m\u00e1s de 100 a\u00f1os, apenas pod\u00eda resolver las relaciones entre los paseriformes porque, en general, eran demasiado uniformes desde el punto de vista anat\u00f3mico. Por lo tanto, la clasificaci\u00f3n que se utiliz\u00f3 durante la mayor parte del siglo XX era una disposici\u00f3n pr\u00e1ctica, en la que los miles de especies se acomodaban en unos pocos grupos amplios basados principalmente en adaptaciones ecol\u00f3gicas.<\/p>\n\n\n\n<p>Los recientes estudios de ADN han cambiado radicalmente la comprensi\u00f3n de las relaciones evolutivas de los paseriformes. Al parecer, los paseriformes se originaron durante la temprana radiaci\u00f3n de las aves modernas, en los continentes australes (Sudam\u00e9rica, Ant\u00e1rtida y Australia), despu\u00e9s de que una cat\u00e1strofe global hubiera acabado con la mayor parte de la antigua vida terrestre, incluidos los grandes dinosaurios y las aves primitivas.<\/p>\n\n\n\n<p>Este libro revela la nueva y sorprendente historia de c\u00f3mo los paseriformes se diversificaron y dispersaron por todo el mundo. Tambi\u00e9n presenta y explica la nueva clasificaci\u00f3n, que refleja la historia filogen\u00e9tica. Los nuevos conocimientos revelan que muchos de los antiguos linajes evolutivos comprenden s\u00f3lo unas pocas especies que permanecieron en su zona de origen o sufrieron una dispersi\u00f3n limitada. S\u00f3lo un peque\u00f1o n\u00famero de grupos experiment\u00f3 una proliferaci\u00f3n significativa de nuevas especies y s\u00f3lo cinco (de 145) familias de paseriformes est\u00e1n representadas en todos los continentes excepto en la Ant\u00e1rtida. Aun as\u00ed, la variaci\u00f3n global de la riqueza de especies suele estar bien correlacionada con la variaci\u00f3n de la productividad en los distintos entornos. Vemos c\u00f3mo un ritmo global aparentemente constante de evoluci\u00f3n de nuevas especies es posible gracias a la r\u00e1pida proliferaci\u00f3n en nuevos nichos ecol\u00f3gicos, incluidos los archipi\u00e9lagos, y a una extraordinaria acumulaci\u00f3n de especies end\u00e9micas en ciertas cordilleras tropicales.<\/p>\n\n\n\n<p>Adem\u00e1s de describir la historia evolutiva revisada de las aves paseriformes, los autores intentan identificar los cambios adaptativos, incluidos los cambios en las estrategias vitales, que subyacen a las grandes expansiones evolutivas. Su objetivo es avanzar en el desarrollo de una teor\u00eda unificada que explique c\u00f3mo se genera la prodigiosa variaci\u00f3n de la biodiversidad de la Tierra.<\/p>\n\n\n\n<p class=\"has-text-align-center button-link button-view-all\"><a href=\"#viewall\">Ver todo<\/a><\/p>\n<\/div><\/div>\n\n\n\n<div style=\"height:20px\" aria-hidden=\"true\" class=\"wp-block-spacer\"><\/div>\n\n\n\n<div class=\"wp-block-group max-width-narrow max-height\"><div class=\"wp-block-group__inner-container is-layout-constrained wp-block-group-is-layout-constrained\"><div class=\"wp-block-group max-width-narrow\"><\/div>\n\n\n\n<p class=\"has-text-align-center button-link button-view-all\"><a href=\"#viewall\">Ver todo<\/a><\/p>\n<\/div><\/div>\n","protected":false},"excerpt":{"rendered":"<p>Este libro revela la nueva y sorprendente historia de c\u00f3mo los paseriformes se diversificaron y dispersaron por todo el mundo. Tambi\u00e9n presenta y explica la nueva clasificaci\u00f3n, que refleja la historia filogen\u00e9tica. Los nuevos conocimientos revelan que muchos de los antiguos linajes evolutivos comprenden s\u00f3lo unas pocas especies que permanecieron en su zona de origen o sufrieron una dispersi\u00f3n limitada.<\/p>\n","protected":false},"featured_media":83787,"comment_status":"open","ping_status":"closed","template":"","meta":[],"collection":[],"product_brand":[],"product_cat":[222,228,260],"product_tag":[],"class_list":{"0":"post-13290","1":"product","2":"type-product","3":"status-publish","4":"has-post-thumbnail","6":"product_cat-ofertas","7":"product_cat-aves","8":"product_cat-referencia","10":"first","11":"instock","12":"sale","13":"shipping-taxable","14":"purchasable","15":"product-type-simple"},"_links":{"self":[{"href":"https:\/\/lynxnaturebooks.com\/es\/wp-json\/wp\/v2\/product\/13290","targetHints":{"allow":["GET"]}}],"collection":[{"href":"https:\/\/lynxnaturebooks.com\/es\/wp-json\/wp\/v2\/product"}],"about":[{"href":"https:\/\/lynxnaturebooks.com\/es\/wp-json\/wp\/v2\/types\/product"}],"replies":[{"embeddable":true,"href":"https:\/\/lynxnaturebooks.com\/es\/wp-json\/wp\/v2\/comments?post=13290"}],"wp:featuredmedia":[{"embeddable":true,"href":"https:\/\/lynxnaturebooks.com\/es\/wp-json\/wp\/v2\/media\/83787"}],"wp:attachment":[{"href":"https:\/\/lynxnaturebooks.com\/es\/wp-json\/wp\/v2\/media?parent=13290"}],"wp:term":[{"taxonomy":"collection","embeddable":true,"href":"https:\/\/lynxnaturebooks.com\/es\/wp-json\/wp\/v2\/collection?post=13290"},{"taxonomy":"product_brand","embeddable":true,"href":"https:\/\/lynxnaturebooks.com\/es\/wp-json\/wp\/v2\/product_brand?post=13290"},{"taxonomy":"product_cat","embeddable":true,"href":"https:\/\/lynxnaturebooks.com\/es\/wp-json\/wp\/v2\/product_cat?post=13290"},{"taxonomy":"product_tag","embeddable":true,"href":"https:\/\/lynxnaturebooks.com\/es\/wp-json\/wp\/v2\/product_tag?post=13290"}],"curies":[{"name":"wp","href":"https:\/\/api.w.org\/{rel}","templated":true}]}}