{"id":12494,"date":"2020-01-28T11:56:37","date_gmt":"2020-01-28T11:56:37","guid":{"rendered":"https:\/\/www.lynxeds.com\/?post_type=product&#038;p=12494"},"modified":"2025-10-29T12:45:40","modified_gmt":"2025-10-29T11:45:40","slug":"rewilding-iberia","status":"publish","type":"product","link":"https:\/\/lynxnaturebooks.com\/es\/producto\/rewilding-iberia\/","title":{"rendered":"<span class=\"title\">Rewilding Iberia<\/span><span class=\"subtitle\">Explorando el potencial de la renaturalizaci\u00f3n en Espa\u00f1a<\/span>"},"content":{"rendered":"\n<div class=\"wp-block-group quote-group\"><div class=\"wp-block-group__inner-container is-layout-constrained wp-block-group-is-layout-constrained\">\n<p class=\"has-text-align-center has-medium-font-size\">\u201cSe trata de un libro que tiene un halo de iluminador y que, mediante una redacci\u00f3n muy pedag\u00f3gica, nos aclara la confusi\u00f3n que hay entre ciertos conceptos (renaturalizaci\u00f3n versus restauraci\u00f3n ecol\u00f3gica), y hasta qu\u00e9 punto se puede o debe iniciar un cambio de paradigma en la gesti\u00f3n del territorio. Escrito casi al mismo tiempo que hemos vivido la crisis del covid-19 y lo que ello est\u00e1 derivando a d\u00eda de hoy, muchas de las reflexiones que van salpicando la obra son de especial relevancia para la conservaci\u00f3n de las aves. <mark class=\"rank-math-highlight\" style=\"background-color: #fee894\">Este libro tambi\u00e9n aborda el tema del <em>rewilding<\/em> en Espa\u00f1a, lo que lo hace a\u00fan m\u00e1s interesante<\/mark>. Absolutamente recomendable para cualquier interesado en los aspectos aplicados de la conservaci\u00f3n de espacios naturales\u201d.<\/p>\n\n\n\n<p class=\"has-text-align-center\">Jos\u00e9 Luis Copete, <a href=\"https:\/\/www.ardeola.org\/uploads\/articles\/docs\/book-reviews-ardeola-681_1609838785.pdf\" target=\"_blank\" rel=\"noreferrer noopener\"><em><strong>Ardeola<\/strong><\/em><\/a> 68(1), 2021, 262-264<\/p>\n<\/div><\/div>\n\n\n\n<div style=\"height:32px\" aria-hidden=\"true\" class=\"wp-block-spacer\"><\/div>\n\n\n<div class=\"wp-block-columns attributes-columns\"><div class=\"wp-block-column\"><svg width=\"28px\" height=\"35px\" viewBox=\"0 0 28 35\" version=\"1.1\" xmlns=\"http:\/\/www.w3.org\/2000\/svg\" xmlns:xlink=\"http:\/\/www.w3.org\/1999\/xlink\">\n                            <g id=\"Page-1\" stroke=\"none\" stroke-width=\"1\" fill=\"none\" fill-rule=\"evenodd\" opacity=\"0.147770473\">\n                                <g id=\"24\" transform=\"translate(-287.000000, -1522.000000)\" fill=\"#000000\" fill-rule=\"nonzero\" stroke=\"#000000\" stroke-width=\"0.799586777\">\n                                    <g id=\"Group-3\" transform=\"translate(233.000000, 1504.000000)\">\n                                        <g id=\"Shape-3\" transform=\"translate(55.000000, 19.000000)\">\n                                            <path d=\"M13,0 C9.82319737,0 7.22466566,2.63962325 7.22466566,5.86666055 C7.22466566,8.71794192 9.25407358,11.1008511 11.9171246,11.6187379 L11.9171246,13.9333188 L6.8637075,13.9333188 C6.8261332,13.9313284 6.78848231,13.9313284 6.75090801,13.9333188 C6.331882,13.9764915 5.97550223,14.2625282 5.83723204,14.6666514 L0.0618978813,31.5333078 C-0.0555594524,31.8709186 -0.00391373208,32.2454751 0.200335189,32.5373134 C0.40458411,32.8291517 0.7358774,33.0017525 1.08837297,32.9999866 L13,32.9999866 L24.9116267,32.9999866 C25.2641223,33.0017526 25.5954157,32.8291519 25.7996647,32.5373136 C26.0039137,32.2454752 26.0555595,31.8709186 25.9381021,31.5333078 L20.162768,14.6666514 C20.0091004,14.2252213 19.5972147,13.9309628 19.1362925,13.9333188 L14.082875,13.9333188 L14.082875,11.6187379 C16.7459261,11.1008511 18.775334,8.71794192 18.775334,5.86666055 C18.775334,2.63962325 16.1768026,0 13,0 L13,0 Z M12.9999998,2.19999771 C15.0063443,2.19999771 16.6095839,3.82859001 16.6095839,5.86666055 C16.6095839,7.52644516 15.5508938,8.91385538 14.071595,9.3729069 C13.99526,8.77759028 13.4631728,8.35436769 12.8759203,8.42186622 C12.3828087,8.48076346 11.9922861,8.87273886 11.9284046,9.3729069 C10.4491059,8.91385538 9.39041606,7.52644516 9.39041606,5.86666055 C9.39041606,3.82859001 10.9936557,2.19999771 12.9999998,2.19999771 L12.9999998,2.19999771 Z M7.6307439,16.1333239 L12.9999998,16.1333239 L18.3692561,16.1333239 L23.3888335,30.7999752 L12.9999998,30.7999752 L2.61116648,30.7999752 L7.6307439,16.1333239 L7.6307439,16.1333239 Z\" id=\"Shape\"><\/path>\n                                        <\/g>\n                                    <\/g>\n                                <\/g>\n                            <\/g>\n                        <\/svg><p class=\"has-small-font-size\">Peso<\/p><p class=\"attribute\">1 kg<\/p><\/div><div class=\"wp-block-column\"><svg width=\"34px\" height=\"35px\" viewBox=\"0 0 34 35\" version=\"1.1\" xmlns=\"http:\/\/www.w3.org\/2000\/svg\" xmlns:xlink=\"http:\/\/www.w3.org\/1999\/xlink\">\n                            <g id=\"Page-1\" stroke=\"none\" stroke-width=\"1\" fill=\"none\" fill-rule=\"evenodd\" opacity=\"0.147770473\">\n                                <g id=\"24\" transform=\"translate(-471.000000, -1523.000000)\" fill=\"#000000\" fill-rule=\"nonzero\">\n                                    <g id=\"Group-3\" transform=\"translate(233.000000, 1504.000000)\">\n                                        <g id=\"Group-10\" transform=\"translate(238.000000, 19.000000)\">\n                                            <polygon id=\"Path\" points=\"0 9.72222222 2 9.72222222 2 33.0555556 0 33.0555556 0 35 6 35 6 33.0555556 4 33.0555556 4 9.72222222 6 9.72222222 6 7.77777778 0 7.77777778\"><\/polygon>\n                                            <polygon id=\"Path\" points=\"32 1.94444444 10 1.94444444 10 0 8 0 8 5.83333333 10 5.83333333 10 3.88888889 32 3.88888889 32 5.83333333 34 5.83333333 34 0 32 0\"><\/polygon>\n                                            <path d=\"M8,7.77777778 L8,30.1388889 L13,35 L33,35 L33,12.6388889 L28,7.77777778 L8,7.77777778 Z M11,10.6944444 L26,10.6944444 L26,28.1944444 L11,28.1944444 L11,10.6944444 Z M30,32.0833333 L14.24,32.0833333 L12.24,30.1388889 L28,30.1388889 L28,11.9 L30,13.8444444 L30,32.0833333 Z\" id=\"Shape\"><\/path>\n                                            <rect id=\"Rectangle\" x=\"13\" y=\"15.5555556\" width=\"11\" height=\"1.94444444\"><\/rect>\n                                            <rect id=\"Rectangle\" x=\"15\" y=\"19.4444444\" width=\"7\" height=\"1.94444444\"><\/rect>\n                                        <\/g>\n                                    <\/g>\n                                <\/g>\n                            <\/g>\n                        <\/svg><p class=\"has-small-font-size\">Dimensiones<\/p><p class=\"attribute\">16 &times; 23 cm<\/p><\/div><div class=\"wp-block-column\"><svg width=\"26px\" height=\"30px\" viewBox=\"0 0 26 30\" version=\"1.1\" xmlns=\"http:\/\/www.w3.org\/2000\/svg\" xmlns:xlink=\"http:\/\/www.w3.org\/1999\/xlink\">\n                            <g id=\"Page-1\" stroke=\"none\" stroke-width=\"1\" fill=\"none\" fill-rule=\"evenodd\" opacity=\"0.147770473\">\n                                <g id=\"24\" transform=\"translate(-661.000000, -1528.000000)\" fill=\"#000000\" fill-rule=\"nonzero\">\n                                    <g id=\"Group-3\" transform=\"translate(233.000000, 1504.000000)\">\n                                        <g id=\"Group-12\" transform=\"translate(428.000000, 24.000000)\">\n                                            <path d=\"M0,0 L0,25.8333333 L4.19354839,30 L26,30 L26,4.16666667 L21.8064516,0 M2.01290323,2.5 L20.1290323,2.5 L20.1290323,24.1666667 L2.01290323,24.1666667 L2.01290323,2.5 Z M23.483871,27.5 L5.23354839,27.5 L3.55612903,25.8333333 L21.8064516,25.8333333 L21.8064516,3.53333333 L23.483871,5.2 L23.483871,27.5 Z\" id=\"Shape\"><\/path>\n                                            <rect id=\"Rectangle\" x=\"7.5483871\" y=\"8.33333333\" width=\"10.9032258\" height=\"1.66666667\"><\/rect>\n                                            <rect id=\"Rectangle\" x=\"7.5483871\" y=\"11.6666667\" width=\"10.9032258\" height=\"1.66666667\"><\/rect>\n                                            <rect id=\"Rectangle\" x=\"7.5483871\" y=\"15\" width=\"10.9032258\" height=\"1.66666667\"><\/rect>\n                                            <rect id=\"Rectangle\" x=\"7.5483871\" y=\"18.3333333\" width=\"5.87096774\" height=\"1.66666667\"><\/rect>\n                                        <\/g>\n                                    <\/g>\n                                <\/g>\n                            <\/g>\n                        <\/svg><p class=\"has-small-font-size\">Idioma<\/p><p class=\"attribute\">Espa\u00f1ol<\/p><\/div><div class=\"wp-block-column\"><svg width=\"26px\" height=\"30px\" viewBox=\"0 0 26 30\" version=\"1.1\" xmlns=\"http:\/\/www.w3.org\/2000\/svg\" xmlns:xlink=\"http:\/\/www.w3.org\/1999\/xlink\">\n                            <g id=\"Page-1\" stroke=\"none\" stroke-width=\"1\" fill=\"none\" fill-rule=\"evenodd\" opacity=\"0.147770473\">\n                                <g id=\"24\" transform=\"translate(-849.000000, -1528.000000)\" fill=\"#000000\" fill-rule=\"nonzero\">\n                                    <g id=\"Group-3\" transform=\"translate(233.000000, 1504.000000)\">\n                                        <g id=\"Group-11\" transform=\"translate(616.000000, 24.000000)\">\n                                            <path d=\"M0,0 L0,25.8333333 L4.19354839,30 L26,30 L26,4.16666667 L21.8064516,0 L0,0 Z M2.51612903,2.5 L20.1290323,2.5 L20.1290323,24.1666667 L2.51612903,24.1666667 L2.51612903,2.5 Z M23.483871,27.5 L5.23354839,27.5 L3.55612903,25.8333333 L21.8064516,25.8333333 L21.8064516,3.53333333 L23.483871,5.2 L23.483871,27.5 Z\" id=\"Shape\"><\/path>\n                                            <path d=\"M5.03225806,13.3333333 L17.6129032,13.3333333 L17.6129032,5 L5.03225806,5 L5.03225806,13.3333333 Z M6.70967742,6.66666667 L15.9354839,6.66666667 L15.9354839,11.6666667 L6.70967742,11.6666667 L6.70967742,6.66666667 Z\" id=\"Shape\"><\/path>\n                                        <\/g>\n                                    <\/g>\n                                <\/g>\n                            <\/g>\n                        <\/svg><p class=\"has-small-font-size\">Formato<\/p><p class=\"attribute\">R\u00fastica<\/p><\/div><div class=\"wp-block-column\"><svg width=\"26px\" height=\"30px\" viewBox=\"0 0 26 30\" version=\"1.1\" xmlns=\"http:\/\/www.w3.org\/2000\/svg\" xmlns:xlink=\"http:\/\/www.w3.org\/1999\/xlink\">\n                            <g id=\"Page-1\" stroke=\"none\" stroke-width=\"1\" fill=\"none\" fill-rule=\"evenodd\" opacity=\"0.147770473\">\n                                <g id=\"24\" transform=\"translate(-661.000000, -1528.000000)\" fill=\"#000000\" fill-rule=\"nonzero\">\n                                    <g id=\"Group-3\" transform=\"translate(233.000000, 1504.000000)\">\n                                        <g id=\"Group-12\" transform=\"translate(428.000000, 24.000000)\">\n                                            <path d=\"M0,0 L0,25.8333333 L4.19354839,30 L26,30 L26,4.16666667 L21.8064516,0 M2.01290323,2.5 L20.1290323,2.5 L20.1290323,24.1666667 L2.01290323,24.1666667 L2.01290323,2.5 Z M23.483871,27.5 L5.23354839,27.5 L3.55612903,25.8333333 L21.8064516,25.8333333 L21.8064516,3.53333333 L23.483871,5.2 L23.483871,27.5 Z\" id=\"Shape\"><\/path>\n                                            <rect id=\"Rectangle\" x=\"7.5483871\" y=\"8.33333333\" width=\"10.9032258\" height=\"1.66666667\"><\/rect>\n                                            <rect id=\"Rectangle\" x=\"7.5483871\" y=\"11.6666667\" width=\"10.9032258\" height=\"1.66666667\"><\/rect>\n                                            <rect id=\"Rectangle\" x=\"7.5483871\" y=\"15\" width=\"10.9032258\" height=\"1.66666667\"><\/rect>\n                                            <rect id=\"Rectangle\" x=\"7.5483871\" y=\"18.3333333\" width=\"5.87096774\" height=\"1.66666667\"><\/rect>\n                                        <\/g>\n                                    <\/g>\n                                <\/g>\n                            <\/g>\n                        <\/svg><p class=\"has-small-font-size\">P\u00e1ginas<\/p><p class=\"attribute\">388<\/p><\/div><div class=\"wp-block-column\"><svg width=\"26px\" height=\"30px\" viewBox=\"0 0 26 30\" version=\"1.1\" xmlns=\"http:\/\/www.w3.org\/2000\/svg\" xmlns:xlink=\"http:\/\/www.w3.org\/1999\/xlink\">\n                            <g id=\"Page-1\" stroke=\"none\" stroke-width=\"1\" fill=\"none\" fill-rule=\"evenodd\" opacity=\"0.147770473\">\n                                <g id=\"24\" transform=\"translate(-849.000000, -1528.000000)\" fill=\"#000000\" fill-rule=\"nonzero\">\n                                    <g id=\"Group-3\" transform=\"translate(233.000000, 1504.000000)\">\n                                        <g id=\"Group-11\" transform=\"translate(616.000000, 24.000000)\">\n                                            <path d=\"M0,0 L0,25.8333333 L4.19354839,30 L26,30 L26,4.16666667 L21.8064516,0 L0,0 Z M2.51612903,2.5 L20.1290323,2.5 L20.1290323,24.1666667 L2.51612903,24.1666667 L2.51612903,2.5 Z M23.483871,27.5 L5.23354839,27.5 L3.55612903,25.8333333 L21.8064516,25.8333333 L21.8064516,3.53333333 L23.483871,5.2 L23.483871,27.5 Z\" id=\"Shape\"><\/path>\n                                            <path d=\"M5.03225806,13.3333333 L17.6129032,13.3333333 L17.6129032,5 L5.03225806,5 L5.03225806,13.3333333 Z M6.70967742,6.66666667 L15.9354839,6.66666667 L15.9354839,11.6666667 L6.70967742,11.6666667 L6.70967742,6.66666667 Z\" id=\"Shape\"><\/path>\n                                        <\/g>\n                                    <\/g>\n                                <\/g>\n                            <\/g>\n                        <\/svg><p class=\"has-small-font-size\">Fecha de publicaci\u00f3n<\/p><p class=\"attribute\">June 2020<\/p><\/div><div class=\"wp-block-column\"><svg width=\"26px\" height=\"30px\" viewBox=\"0 0 26 30\" version=\"1.1\" xmlns=\"http:\/\/www.w3.org\/2000\/svg\" xmlns:xlink=\"http:\/\/www.w3.org\/1999\/xlink\">\n                            <g id=\"Page-1\" stroke=\"none\" stroke-width=\"1\" fill=\"none\" fill-rule=\"evenodd\" opacity=\"0.147770473\">\n                                <g id=\"24\" transform=\"translate(-1222.000000, -1528.000000)\" fill=\"#000000\" fill-rule=\"nonzero\">\n                                    <g id=\"Group-3\" transform=\"translate(233.000000, 1504.000000)\">\n                                        <g id=\"Shape-2\" transform=\"translate(989.000000, 24.000000)\">\n                                            <path d=\"M0,0 L0,25.8333333 L4.19354839,30 L26,30 L26,4.16666667 L21.8064516,0 L0,0 Z M6.70967742,2.5 L10.0645161,2.5 L10.0645161,10.1 L8.38709677,9 L6.70967742,10.1 L6.70967742,2.5 Z M2.51612903,2.5 L5.03225806,2.5 L5.03225806,13.2333333 L8.38709677,11 L11.7419355,13.2333333 L11.7419355,2.5 L20.1290323,2.5 L20.1290323,24.1666667 L2.51612903,24.1666667 L2.51612903,2.5 Z M23.483871,27.5 L5.23354839,27.5 L3.55612903,25.8333333 L21.8064516,25.8333333 L21.8064516,3.53333333 L23.483871,5.2 L23.483871,27.5 Z\" id=\"Shape\"><\/path>\n                                        <\/g>\n                                    <\/g>\n                                <\/g>\n                            <\/g>\n                        <\/svg><p class=\"has-small-font-size\">Publicado por<\/p><p class=\"attribute\">Lynx Edicions<\/p><\/div><\/div><div id=\"professionals\" class=\"max-width padding-sides\"><h2>Autor\/a<\/h2><div class=\"professionals-wrapper\"><p class=\"professional\"><a href=\"https:\/\/lynxnaturebooks.com\/es\/professional\/jordi-palau\/\">Jordi Palau<\/a><\/p><\/div><\/div>        <!-- <h2 id=\"autors\" class=\"has-text-align-center\"><\/h2>\n        <div class=\"product-autors max-width-narrow\">\n                    <\/div> -->\n    \n\n\n\n<div class=\"wp-block-group max-width-narrow max-height\"><div class=\"wp-block-group__inner-container is-layout-constrained wp-block-group-is-layout-constrained\">\n<h2 class=\"wp-block-heading has-text-align-center\">Descripci\u00f3n<\/h2>\n\n\n\n<h4 class=\"wp-block-heading\">Una obra pionera sobre el rewilding en Espa\u00f1a<\/h4>\n\n\n\n<p><em>Rewilding Iberia \u2013 Explorando el potencial de la renaturalizaci\u00f3n en Espa\u00f1a<\/em> es el primer libro publicado en castellano que analiza de forma integral el concepto de rewilding y su posible aplicaci\u00f3n en el contexto ecol\u00f3gico, geogr\u00e1fico y social de la pen\u00ednsula ib\u00e9rica. Su autor, <strong>Jordi Palau<\/strong>, ingeniero de montes con m\u00e1s de 20 a\u00f1os de experiencia en gesti\u00f3n de espacios naturales, desarrolla una propuesta clara, rigurosa y fundamentada sobre c\u00f3mo avanzar hacia una restauraci\u00f3n funcional de los ecosistemas ib\u00e9ricos.<\/p>\n\n\n\n<p>En un momento de crisis clim\u00e1tica, p\u00e9rdida de biodiversidad y despoblaci\u00f3n rural, el enfoque del <em>rewilding<\/em> (o renaturalizaci\u00f3n) ofrece una v\u00eda innovadora para recuperar procesos ecol\u00f3gicos, favorecer el retorno de especies clave y contribuir al desarrollo sostenible en zonas abandonadas o degradadas. Este libro es una herramienta valiosa para entender el concepto, sus posibilidades reales en Espa\u00f1a y c\u00f3mo llevarlo a la pr\u00e1ctica con criterios t\u00e9cnicos, sociales y cient\u00edficos.<\/p>\n\n\n\n<h4 class=\"wp-block-heading\">Fundamentos ecol\u00f3gicos, herramientas y propuestas estrat\u00e9gicas<\/h4>\n\n\n\n<p>A lo largo de m\u00e1s de 380 p\u00e1ginas, <em>Rewilding Iberia<\/em> explica con claridad los principios del rewilding, su evoluci\u00f3n en Europa y su encaje en la planificaci\u00f3n territorial de nuestro pa\u00eds. El autor analiza la viabilidad de aplicar esta estrategia en diferentes ecosistemas espa\u00f1oles, desde monta\u00f1as y valles fluviales hasta estepas, sierras mediterr\u00e1neas o zonas de transici\u00f3n abandonadas. A trav\u00e9s de mapas tem\u00e1ticos, esquemas conceptuales y una cuidada selecci\u00f3n de im\u00e1genes, el lector accede a una visi\u00f3n actualizada del potencial de renaturalizaci\u00f3n en Espa\u00f1a.<\/p>\n\n\n\n<p>Entre sus contenidos destacan:<\/p>\n\n\n\n<ul class=\"wp-block-list\">\n<li>La definici\u00f3n del concepto de rewilding y su diferencia respecto a otras formas de restauraci\u00f3n.<\/li>\n\n\n\n<li>Una revisi\u00f3n de experiencias internacionales, especialmente en Europa.<\/li>\n\n\n\n<li>El desarrollo de una metodolog\u00eda propia para identificar zonas prioritarias.<\/li>\n\n\n\n<li>Criterios ecol\u00f3gicos, sociales y econ\u00f3micos para planificar intervenciones de rewilding en Espa\u00f1a.<\/li>\n\n\n\n<li>Propuestas concretas para zonas piloto, con justificaci\u00f3n cient\u00edfica.<\/li>\n\n\n\n<li>An\u00e1lisis de barreras legales, culturales o de gobernanza, y c\u00f3mo superarlas.<\/li>\n<\/ul>\n\n\n\n<p>Todo ello se presenta de forma accesible, pero con el respaldo de una s\u00f3lida base t\u00e9cnica y bibliogr\u00e1fica. Se incluyen m\u00e1s de 100 fotograf\u00edas originales, mapas a todo color, referencias cient\u00edficas y testimonios de experiencias reales de renaturalizaci\u00f3n.<\/p>\n\n\n\n<h4 class=\"wp-block-heading\">Para profesionales, gestores, naturalistas y lectores comprometidos con el futuro<\/h4>\n\n\n\n<p>Esta obra se dirige tanto a profesionales del medio ambiente \u2014t\u00e9cnicos, gestores de espacios protegidos, investigadores, estudiantes\u2014 como a naturalistas, responsables de pol\u00edticas p\u00fablicas, colectivos vinculados al desarrollo rural o cualquier lector comprometido con la restauraci\u00f3n de la naturaleza en nuestro territorio. Su lenguaje claro y sus contenidos aplicables lo convierten en una referencia \u00fatil tanto en el trabajo t\u00e9cnico como en la reflexi\u00f3n estrat\u00e9gica.<\/p>\n\n\n\n<p><em>Rewilding Iberia<\/em> tambi\u00e9n destaca por su capacidad de conectar la conservaci\u00f3n con las din\u00e1micas sociales del medio rural, ofreciendo un enfoque integrador y pr\u00e1ctico. Plantea el rewilding no como una utop\u00eda, sino como una herramienta viable para afrontar desaf\u00edos actuales: abandono de tierras, incendios forestales, p\u00e9rdida de biodiversidad, fragmentaci\u00f3n del territorio o desarraigo rural.<\/p>\n\n\n\n<p>Publicado por Lynx Edicions en colaboraci\u00f3n con Zoo de Barcelona y Rewilding Europe, este libro supone una aportaci\u00f3n clave para el pensamiento ecol\u00f3gico en Espa\u00f1a. Con un enfoque positivo, riguroso y esperanzador, Jordi Palau invita a repensar la relaci\u00f3n entre sociedad y naturaleza, y a explorar nuevas formas de convivencia m\u00e1s resilientes, funcionales y sostenibles.<\/p>\n\n\n\n<p><strong>Caracter\u00edsticas:<\/strong><\/p>\n\n\n\n<ul class=\"wp-block-list\">\n<li>110 fotograf\u00edas<\/li>\n\n\n\n<li>18 tablas<\/li>\n\n\n\n<li>20 ilustraciones<\/li>\n\n\n\n<li>7 mapas<\/li>\n\n\n\n<li>380 referencias bibliogr\u00e1ficas<\/li>\n<\/ul>\n\n\n\n<p>\ud83d\udc49 <a href=\"https:\/\/rewildingeurope.com\/blog\/new-book-on-rewilding-in-spain-published\/\" target=\"_blank\" rel=\"noreferrer noopener\">Lee la entrevista a Jordi Palau en el blog de Rewilding Europe<\/a><br>\ud83d\udc49 <a href=\"https:\/\/truenaturefoundation.org\/news\/rewilding-iberia-a-new-perspective-for-conservation-in-the-spanish-geographic-context\/\" target=\"_blank\" rel=\"noreferrer noopener\">Lee la entrevista a Jordi Palau de la Fundaci\u00f3n Naturaleza Verdadera<\/a><br>\ud83d\udc49 <a href=\"https:\/\/www.rewilding-iberia.com\/\" target=\"_blank\" rel=\"noreferrer noopener\">M\u00e1s sobre <em>Rewilding Iberia<\/em> en el blog del autor<\/a><\/p>\n\n\n\n<p class=\"has-text-align-center button-link button-view-all\"><a href=\"#viewall\">Ver todo<\/a><\/p>\n\n\n\n<div style=\"height:20px\" aria-hidden=\"true\" class=\"wp-block-spacer\"><\/div>\n<\/div><\/div>\n\n\n\n<div class=\"wp-block-group max-width-narrow max-height\"><div class=\"wp-block-group__inner-container is-layout-constrained wp-block-group-is-layout-constrained\"><div class=\"wp-block-group max-width-narrow\"><\/div>\n\n\n\n<p class=\"has-text-align-center button-link button-view-all\"><a href=\"#viewall\">Ver todo<\/a><\/p>\n<\/div><\/div>\n","protected":false},"excerpt":{"rendered":"<p class=\"\" data-start=\"2022\" data-end=\"2172\">Una mirada rigurosa y pr\u00e1ctica al <em>rewilding<\/em> (renaturalizaci\u00f3n) en Espa\u00f1a. Con casos reales, propuestas y herramientas para restaurar la naturaleza y repensar su gesti\u00f3n.<\/p>\n","protected":false},"featured_media":84595,"comment_status":"open","ping_status":"closed","template":"","meta":[],"collection":[],"product_brand":[],"product_cat":[606,188,174],"product_tag":[284,457],"class_list":{"0":"post-12494","1":"product","2":"type-product","3":"status-publish","4":"has-post-thumbnail","6":"product_cat-conservacion-y-biodiversidad","7":"product_cat-mamiferos","8":"product_cat-paleartica","9":"product_tag-espana","10":"product_tag-rewilding-es","12":"first","13":"instock","14":"shipping-taxable","15":"purchasable","16":"product-type-simple"},"_links":{"self":[{"href":"https:\/\/lynxnaturebooks.com\/es\/wp-json\/wp\/v2\/product\/12494","targetHints":{"allow":["GET"]}}],"collection":[{"href":"https:\/\/lynxnaturebooks.com\/es\/wp-json\/wp\/v2\/product"}],"about":[{"href":"https:\/\/lynxnaturebooks.com\/es\/wp-json\/wp\/v2\/types\/product"}],"replies":[{"embeddable":true,"href":"https:\/\/lynxnaturebooks.com\/es\/wp-json\/wp\/v2\/comments?post=12494"}],"wp:featuredmedia":[{"embeddable":true,"href":"https:\/\/lynxnaturebooks.com\/es\/wp-json\/wp\/v2\/media\/84595"}],"wp:attachment":[{"href":"https:\/\/lynxnaturebooks.com\/es\/wp-json\/wp\/v2\/media?parent=12494"}],"wp:term":[{"taxonomy":"collection","embeddable":true,"href":"https:\/\/lynxnaturebooks.com\/es\/wp-json\/wp\/v2\/collection?post=12494"},{"taxonomy":"product_brand","embeddable":true,"href":"https:\/\/lynxnaturebooks.com\/es\/wp-json\/wp\/v2\/product_brand?post=12494"},{"taxonomy":"product_cat","embeddable":true,"href":"https:\/\/lynxnaturebooks.com\/es\/wp-json\/wp\/v2\/product_cat?post=12494"},{"taxonomy":"product_tag","embeddable":true,"href":"https:\/\/lynxnaturebooks.com\/es\/wp-json\/wp\/v2\/product_tag?post=12494"}],"curies":[{"name":"wp","href":"https:\/\/api.w.org\/{rel}","templated":true}]}}